{"id":98,"date":"2025-04-08T17:49:57","date_gmt":"2025-04-08T17:49:57","guid":{"rendered":"https:\/\/rta-semi.ddev.site\/?page_id=98"},"modified":"2026-02-20T12:39:50","modified_gmt":"2026-02-20T17:39:50","slug":"compliance","status":"publish","type":"page","link":"https:\/\/www.rtamichigan.org\/es\/about-rta\/compliance","title":{"rendered":"Cumplimiento"},"content":{"rendered":"<h2 class=\"wp-block-heading has-text-align-left default\">Igualdad de oportunidades de empleo<\/h2>\n\n\n\n<p class=\"has-text-align-left has-medium-font-size\">La RTA tiene un firme compromiso con nuestra regi\u00f3n, residentes y empleados. Como empleador que ofrece igualdad de oportunidades, nos esforzamos por lograr una fuerza laboral que refleje la comunidad a la que servimos. Ninguna persona es excluida ilegalmente de las oportunidades de empleo por motivos de raza, color, religi\u00f3n, origen nacional, ascendencia, sexo (incluyendo identidad de g\u00e9nero, orientaci\u00f3n sexual y embarazo), edad, informaci\u00f3n gen\u00e9tica, discapacidad, condici\u00f3n de veterano, represalias u otras categor\u00edas protegidas. La pol\u00edtica de igualdad de oportunidades de empleo (EEO) de la RTA se aplica a todas las acciones laborales, incluyendo, entre otras, el reclutamiento, la contrataci\u00f3n, la selecci\u00f3n para capacitaci\u00f3n, los ascensos, los traslados, los descensos de categor\u00eda, los despidos, la rescisi\u00f3n, las tasas salariales u otras formas de compensaci\u00f3n.<\/p>\n\n\n\n<p>Si un empleado o solicitante cree que ha sido objeto de discriminaci\u00f3n o acoso sobre la base de cualquiera de las clasificaciones protegidas enumeradas anteriormente y desea presentar una queja, puede hacerlo enviando un correo electr\u00f3nico con sus inquietudes a <a href=\"mailto:EEO@rtamichigan.org\">EEO@rtamichigan.org<\/a>, <a href=\"tel:248-809-0351\">248-809-0351<\/a> y 1001 Woodward Avenue, #1400, Detroit, Michigan, 48226. RTA iniciar\u00e1 de inmediato una investigaci\u00f3n exhaustiva e imparcial. Si se determina que se ha producido una infracci\u00f3n de esta Pol\u00edtica, RTA tomar\u00e1 medidas inmediatas para subsanar los problemas e implementar las medidas correctivas que se consideren necesarias o aplicables.<\/p>\n\n\n\n<div class=\"wp-block-columns is-layout-flex wp-container-core-columns-is-layout-9d6595d7 wp-block-columns-is-layout-flex\">\n<div class=\"wp-block-column is-layout-flow wp-block-column-is-layout-flow\">\n\n    \n\n    \n\n\n<a\n  href=\"https:\/\/www.rtamichigan.org\/es\/app\/uploads\/2026\/02\/RTA-EEO-Policy-Statement-Font-12_2024-10-22_remediated.pdf\/\"\n  target=\"_blank\"  class=\"button button--default\"\n  \n>\n        Pol\u00edtica de igualdad de oportunidades en el empleo (EEO)\n    <\/a>\n<\/div>\n\n\n\n<div class=\"wp-block-column is-layout-flow wp-block-column-is-layout-flow\">\n\n    \n\n    \n\n\n<a\n  href=\"\/es\/app\/uploads\/2025\/06\/RTA-EEO-Complaint-Procedures.pdf\/\"\n  target=\"_blank\"  class=\"button button--default\"\n  \n>\n        Procedimiento de quejas sobre la igualdad de oportunidades en el empleo (EEO)\n    <\/a>\n<\/div>\n\n\n\n<div class=\"wp-block-column is-layout-flow wp-block-column-is-layout-flow\">\n\n    \n\n    \n\n\n<a\n  href=\"\/es\/app\/uploads\/2025\/06\/RTA-EEO-Complaint-Form.pdf\/\"\n  target=\"_blank\"  class=\"button button--default\"\n  \n>\n        Formulario de queja de EEO\n    <\/a>\n<\/div>\n<\/div>\n\n\n\n<hr class=\"wp-block-separator has-alpha-channel-opacity\"\/>\n\n\n\n<h2 class=\"wp-block-heading\">Empresa comercial en desventaja<\/h2>\n\n\n\n<p>La RTA estableci\u00f3 un programa DBE de acuerdo con las regulaciones DBE del USDOT. La RTA busca crear igualdad de condiciones y eliminar las barreras para la participaci\u00f3n en sus contratos y subcontratos en todos los niveles.<\/p>\n\n\n\n<div class=\"wp-block-columns is-layout-flex wp-container-core-columns-is-layout-9d6595d7 wp-block-columns-is-layout-flex\">\n<div class=\"wp-block-column is-layout-flow wp-block-column-is-layout-flow\">\n\n    \n\n    \n\n\n<a\n  href=\"\/es\/app\/uploads\/2025\/07\/RTA-DBE-Program-Plan-2024-10-w-Attachments-2.pdf\/\"\n  target=\"_blank\"  class=\"button button--default\"\n  \n>\n        Programa DBE\n    <\/a>\n<\/div>\n\n\n\n<div class=\"wp-block-column is-layout-flow wp-block-column-is-layout-flow\">\n\n    \n\n    \n\n\n<a\n  href=\"\/es\/app\/uploads\/2025\/07\/RTA-DBE-Policy-Statement-2024-11-19-SIGNED.pdf\/\"\n  target=\"_blank\"  class=\"button button--default\"\n  \n>\n        Declaraci\u00f3n de pol\u00edtica de DBE\n    <\/a>\n<\/div>\n\n\n\n<div class=\"wp-block-column is-layout-flow wp-block-column-is-layout-flow\">\n\n    \n\n    \n\n\n<a\n  href=\"https:\/\/www.rtamichigan.org\/es\/app\/uploads\/2025\/09\/RTA-DBE-Goal-2026-2028_August-2025.pdf\/\"\n  target=\"_self\"  class=\"button button--default\"\n  \n>\n        Objetivo DBE para el a\u00f1o fiscal 2026-2028\n    <\/a>\n<\/div>\n<\/div>\n\n\n\n<hr class=\"wp-block-separator has-alpha-channel-opacity\"\/>\n\n\n\n<h2 class=\"wp-block-heading default\">Ley de Estadounidenses con Discapacidades<\/h2>\n\n\n\n<p>La RTA se compromete a proporcionar adaptaciones y modificaciones razonables, seg\u00fan lo definido en las leyes y regulaciones federales y estatales aplicables, para las personas con discapacidad. Este compromiso forma parte del esfuerzo continuo de la RTA por garantizar el acceso a programas, servicios y actividades, y por ayudar a cumplir con los criterios de elegibilidad y las pruebas del programa.<\/p>\n\n\n\n<p>El documento de Pol\u00edticas y procedimientos de la ADA ayuda a aclarar la aplicaci\u00f3n legal por parte de RTA de la Ley de Estadounidenses con Discapacidades (ADA) de 1990, la Secci\u00f3n 504 de la Ley de Rehabilitaci\u00f3n de 1973 y las Normas de la ADA de 2010 para el dise\u00f1o accesible.<\/p>\n\n\n\n\n    \n\n    \n\n\n<a\n  href=\"\/es\/app\/uploads\/2025\/06\/RTA-ADA-Plan-Oct-2024-New-Branding-10.01.2024-remediated.pdf\/\"\n  target=\"_blank\"  class=\"button button--default\"\n  \n>\n        POL\u00cdTICAS Y PROCEDIMIENTOS DE LA ADA\n    <\/a>\n\n\n\n<p>La informaci\u00f3n de este documento se puede proporcionar en un formato alternativo si se solicita. Comun\u00edquese con la Autoridad Regional de Tr\u00e1nsito (RTA) al <a href=\"tel:313-402-1020\">313-402-1020<\/a> Para hablar con un representante o enviar un correo electr\u00f3nico <a href=\"mailto:info@rtamichigan.org\">info@rtamichigan.org<\/a>La RTA har\u00e1 todo lo posible para proporcionar el formato alternativo solicitado dentro de un plazo razonable.<\/p>\n\n\n\n<hr class=\"wp-block-separator has-alpha-channel-opacity\"\/>\n\n\n\n<h2 class=\"wp-block-heading default\">T\u00edtulo VI<\/h2>\n\n\n\n<p>La Autoridad de Tr\u00e1nsito Regional del Sudeste de Michigan (RTA) se compromete a garantizar que ninguna persona sea excluida de la participaci\u00f3n ni se le nieguen los beneficios de sus programas y servicios por motivos de raza, color y origen nacional de conformidad con el T\u00edtulo VI de la Ley de Derechos Civiles de 1964 y de conformidad con la&nbsp;<a href=\"https:\/\/www.ada.gov\/\">Ley de Estadounidenses con Discapacidades (ADA)<\/a>.<\/p>\n\n\n\n<p>Para obtener informaci\u00f3n sobre las obligaciones de no discriminaci\u00f3n de la RTA, o para presentar una queja si cree que ha sido objeto de discriminaci\u00f3n ilegal, comun\u00edquese con la RTA por correo a la&nbsp;<strong>Autoridad Regional de Tr\u00e1nsito del Sureste de Michigan, 1001 Woodward, Suite 1400, Detroit, MI 48226<\/strong>; o por correo electr\u00f3nico a&nbsp;<a href=\"mailto:TitleVI@rtamichigan.org\">T\u00edtuloVI@rtamichigan.org<\/a>Para obtener ayuda con la traducci\u00f3n, ll\u00e1menos al&nbsp;<a href=\"tel:313-402-1020\">313-402-1020<\/a>.<\/p>\n\n\n\n\n    \n\n    \n\n\n<a\n  href=\"\/es\/title-vi\/\"\n  target=\"_self\"  class=\"button button--default\"\n  \n>\n        T\u00cdTULO VI AVISO Y PROCEDIMIENTOS\n    <\/a>\n\n\n\n<hr class=\"wp-block-separator has-alpha-channel-opacity\"\/>\n\n\n\n<h2 class=\"wp-block-heading default\">Pol\u00edticas adicionales<\/h2>\n\n\n\n<ul class=\"wp-block-list\">\n<li><a href=\"https:\/\/\/es\/about-rta\/compliance\/freedom-of-information-act\/\">Ley de Libertad de Informaci\u00f3n<\/a><\/li>\n\n\n\n<li><a href=\"\/es\/about-rta\/meetings\/\">Ley de reuniones abiertas<\/a><\/li>\n\n\n\n<li><a href=\"\/es\/uploads\/2025\/07\/RTA-Bylaws-Adopted-02.20.2020.secure.pdf\/\">Estatutos<\/a><\/li>\n<\/ul>","protected":false},"excerpt":{"rendered":"<p>Igualdad de Oportunidades de Empleo. La RTA tiene un fuerte compromiso con nuestra regi\u00f3n, residentes y empleados. Como empleador que ofrece igualdad de oportunidades, nos esforzamos por lograr una fuerza laboral que refleje la comunidad que [\u2026]<\/p>","protected":false},"author":1,"featured_media":1269,"parent":75,"menu_order":6,"comment_status":"closed","ping_status":"closed","template":"","meta":{"_acf_changed":false,"inline_featured_image":false,"footnotes":""},"class_list":["post-98","page","type-page","status-publish","has-post-thumbnail","hentry"],"acf":[],"yoast_head":"<!-- This site is optimized with the Yoast SEO plugin v24.9 - https:\/\/yoast.com\/wordpress\/plugins\/seo\/ -->\n<title>Compliance - RTA of Southeast Michigan<\/title>\n<meta name=\"robots\" content=\"index, follow, max-snippet:-1, max-image-preview:large, max-video-preview:-1\" \/>\n<link rel=\"canonical\" href=\"https:\/\/www.rtamichigan.org\/es\/about-rta\/compliance\/\" \/>\n<meta property=\"og:locale\" content=\"es_MX\" \/>\n<meta property=\"og:type\" content=\"article\" \/>\n<meta property=\"og:title\" content=\"Compliance - RTA of Southeast Michigan\" \/>\n<meta property=\"og:description\" content=\"Equal Employment Opportunity The RTA has a strong commitment to our region, residents, and employees. As an equal opportunity employer, we strive for a workforce that reflects the community we [&hellip;]\" \/>\n<meta property=\"og:url\" content=\"https:\/\/www.rtamichigan.org\/es\/about-rta\/compliance\/\" \/>\n<meta property=\"og:site_name\" content=\"RTA of Southeast Michigan\" \/>\n<meta property=\"article:publisher\" content=\"https:\/\/www.facebook.com\/rtamichigan\/\" \/>\n<meta property=\"article:modified_time\" content=\"2026-02-20T17:39:50+00:00\" \/>\n<meta property=\"og:image\" content=\"https:\/\/www.rtamichigan.org\/app\/uploads\/2025\/06\/pexels-photo-808846-2-e1752765852247.jpg\" \/>\n\t<meta property=\"og:image:width\" content=\"940\" \/>\n\t<meta property=\"og:image:height\" content=\"164\" \/>\n\t<meta property=\"og:image:type\" content=\"image\/jpeg\" \/>\n<meta name=\"twitter:card\" content=\"summary_large_image\" \/>\n<meta name=\"twitter:site\" content=\"@rtamichigan\" \/>\n<meta name=\"twitter:label1\" content=\"Est. reading time\" \/>\n\t<meta name=\"twitter:data1\" content=\"3 minutes\" \/>\n<script type=\"application\/ld+json\" class=\"yoast-schema-graph\">{\"@context\":\"https:\/\/schema.org\",\"@graph\":[{\"@type\":\"WebPage\",\"@id\":\"https:\/\/www.rtamichigan.org\/about-rta\/compliance\",\"url\":\"https:\/\/www.rtamichigan.org\/about-rta\/compliance\",\"name\":\"Compliance - RTA of Southeast Michigan\",\"isPartOf\":{\"@id\":\"https:\/\/www.rtamichigan.org\/#website\"},\"primaryImageOfPage\":{\"@id\":\"https:\/\/www.rtamichigan.org\/about-rta\/compliance#primaryimage\"},\"image\":{\"@id\":\"https:\/\/www.rtamichigan.org\/about-rta\/compliance#primaryimage\"},\"thumbnailUrl\":\"https:\/\/www.rtamichigan.org\/app\/uploads\/2025\/06\/pexels-photo-808846-2-e1752765852247.jpg\",\"datePublished\":\"2025-04-08T17:49:57+00:00\",\"dateModified\":\"2026-02-20T17:39:50+00:00\",\"breadcrumb\":{\"@id\":\"https:\/\/www.rtamichigan.org\/about-rta\/compliance#breadcrumb\"},\"inLanguage\":\"es-MX\",\"potentialAction\":[{\"@type\":\"ReadAction\",\"target\":[\"https:\/\/www.rtamichigan.org\/about-rta\/compliance\"]}]},{\"@type\":\"ImageObject\",\"inLanguage\":\"es-MX\",\"@id\":\"https:\/\/www.rtamichigan.org\/about-rta\/compliance#primaryimage\",\"url\":\"https:\/\/www.rtamichigan.org\/app\/uploads\/2025\/06\/pexels-photo-808846-2-e1752765852247.jpg\",\"contentUrl\":\"https:\/\/www.rtamichigan.org\/app\/uploads\/2025\/06\/pexels-photo-808846-2-e1752765852247.jpg\",\"width\":940,\"height\":164,\"caption\":\"The inside of a bus\"},{\"@type\":\"BreadcrumbList\",\"@id\":\"https:\/\/www.rtamichigan.org\/about-rta\/compliance#breadcrumb\",\"itemListElement\":[{\"@type\":\"ListItem\",\"position\":1,\"name\":\"Home\",\"item\":\"https:\/\/www.rtamichigan.org\/\"},{\"@type\":\"ListItem\",\"position\":2,\"name\":\"About RTA\",\"item\":\"https:\/\/www.rtamichigan.org\/about-rta\"},{\"@type\":\"ListItem\",\"position\":3,\"name\":\"Compliance\"}]},{\"@type\":\"WebSite\",\"@id\":\"https:\/\/www.rtamichigan.org\/#website\",\"url\":\"https:\/\/www.rtamichigan.org\/\",\"name\":\"RTA of Southeast Michigan\",\"description\":\"Get on Board!\",\"potentialAction\":[{\"@type\":\"SearchAction\",\"target\":{\"@type\":\"EntryPoint\",\"urlTemplate\":\"https:\/\/www.rtamichigan.org\/?s={search_term_string}\"},\"query-input\":{\"@type\":\"PropertyValueSpecification\",\"valueRequired\":true,\"valueName\":\"search_term_string\"}}],\"inLanguage\":\"es-MX\"}]}<\/script>\n<!-- \/ Yoast SEO plugin. -->","yoast_head_json":{"title":"Cumplimiento - RTA del sureste de Michigan","robots":{"index":"index","follow":"follow","max-snippet":"max-snippet:-1","max-image-preview":"max-image-preview:large","max-video-preview":"max-video-preview:-1"},"canonical":"https:\/\/www.rtamichigan.org\/es\/about-rta\/compliance\/","og_locale":"es_MX","og_type":"article","og_title":"Compliance - RTA of Southeast Michigan","og_description":"Equal Employment Opportunity The RTA has a strong commitment to our region, residents, and employees. As an equal opportunity employer, we strive for a workforce that reflects the community we [&hellip;]","og_url":"https:\/\/www.rtamichigan.org\/es\/about-rta\/compliance\/","og_site_name":"RTA of Southeast Michigan","article_publisher":"https:\/\/www.facebook.com\/rtamichigan\/","article_modified_time":"2026-02-20T17:39:50+00:00","og_image":[{"width":940,"height":164,"url":"https:\/\/www.rtamichigan.org\/app\/uploads\/2025\/06\/pexels-photo-808846-2-e1752765852247.jpg","type":"image\/jpeg"}],"twitter_card":"summary_large_image","twitter_site":"@rtamichigan","twitter_misc":{"Est. reading time":"3 minutes"},"schema":{"@context":"https:\/\/schema.org","@graph":[{"@type":"WebPage","@id":"https:\/\/www.rtamichigan.org\/about-rta\/compliance","url":"https:\/\/www.rtamichigan.org\/about-rta\/compliance","name":"Cumplimiento - RTA del sureste de Michigan","isPartOf":{"@id":"https:\/\/www.rtamichigan.org\/#website"},"primaryImageOfPage":{"@id":"https:\/\/www.rtamichigan.org\/about-rta\/compliance#primaryimage"},"image":{"@id":"https:\/\/www.rtamichigan.org\/about-rta\/compliance#primaryimage"},"thumbnailUrl":"https:\/\/www.rtamichigan.org\/app\/uploads\/2025\/06\/pexels-photo-808846-2-e1752765852247.jpg","datePublished":"2025-04-08T17:49:57+00:00","dateModified":"2026-02-20T17:39:50+00:00","breadcrumb":{"@id":"https:\/\/www.rtamichigan.org\/about-rta\/compliance#breadcrumb"},"inLanguage":"es-MX","potentialAction":[{"@type":"ReadAction","target":["https:\/\/www.rtamichigan.org\/about-rta\/compliance"]}]},{"@type":"ImageObject","inLanguage":"es-MX","@id":"https:\/\/www.rtamichigan.org\/about-rta\/compliance#primaryimage","url":"https:\/\/www.rtamichigan.org\/app\/uploads\/2025\/06\/pexels-photo-808846-2-e1752765852247.jpg","contentUrl":"https:\/\/www.rtamichigan.org\/app\/uploads\/2025\/06\/pexels-photo-808846-2-e1752765852247.jpg","width":940,"height":164,"caption":"The inside of a bus"},{"@type":"BreadcrumbList","@id":"https:\/\/www.rtamichigan.org\/about-rta\/compliance#breadcrumb","itemListElement":[{"@type":"ListItem","position":1,"name":"Home","item":"https:\/\/www.rtamichigan.org\/"},{"@type":"ListItem","position":2,"name":"About RTA","item":"https:\/\/www.rtamichigan.org\/about-rta"},{"@type":"ListItem","position":3,"name":"Compliance"}]},{"@type":"WebSite","@id":"https:\/\/www.rtamichigan.org\/#website","url":"https:\/\/www.rtamichigan.org\/","name":"RTA del sureste de Michigan","description":"\u00a1Sube a bordo!","potentialAction":[{"@type":"SearchAction","target":{"@type":"EntryPoint","urlTemplate":"https:\/\/www.rtamichigan.org\/?s={search_term_string}"},"query-input":{"@type":"PropertyValueSpecification","valueRequired":true,"valueName":"search_term_string"}}],"inLanguage":"es-MX"}]}},"publishpress_future_action":{"enabled":false,"date":"2026-04-28 11:35:55","action":"change-status","newStatus":"draft","terms":[],"taxonomy":"","extraData":[]},"publishpress_future_workflow_manual_trigger":{"enabledWorkflows":[]},"_links":{"self":[{"href":"https:\/\/www.rtamichigan.org\/es\/wp-json\/wp\/v2\/pages\/98","targetHints":{"allow":["GET"]}}],"collection":[{"href":"https:\/\/www.rtamichigan.org\/es\/wp-json\/wp\/v2\/pages"}],"about":[{"href":"https:\/\/www.rtamichigan.org\/es\/wp-json\/wp\/v2\/types\/page"}],"author":[{"embeddable":true,"href":"https:\/\/www.rtamichigan.org\/es\/wp-json\/wp\/v2\/users\/1"}],"replies":[{"embeddable":true,"href":"https:\/\/www.rtamichigan.org\/es\/wp-json\/wp\/v2\/comments?post=98"}],"version-history":[{"count":30,"href":"https:\/\/www.rtamichigan.org\/es\/wp-json\/wp\/v2\/pages\/98\/revisions"}],"predecessor-version":[{"id":3568,"href":"https:\/\/www.rtamichigan.org\/es\/wp-json\/wp\/v2\/pages\/98\/revisions\/3568"}],"up":[{"embeddable":true,"href":"https:\/\/www.rtamichigan.org\/es\/wp-json\/wp\/v2\/pages\/75"}],"wp:featuredmedia":[{"embeddable":true,"href":"https:\/\/www.rtamichigan.org\/es\/wp-json\/wp\/v2\/media\/1269"}],"wp:attachment":[{"href":"https:\/\/www.rtamichigan.org\/es\/wp-json\/wp\/v2\/media?parent=98"}],"curies":[{"name":"gracias","href":"https:\/\/api.w.org\/{rel}","templated":true}]}}