{"id":96,"date":"2025-04-08T17:49:36","date_gmt":"2025-04-08T17:49:36","guid":{"rendered":"https:\/\/rta-semi.ddev.site\/?page_id=96"},"modified":"2026-02-18T13:00:09","modified_gmt":"2026-02-18T18:00:09","slug":"meetings-events","status":"publish","type":"page","link":"https:\/\/www.rtamichigan.org\/es\/about-rta\/meetings-events","title":{"rendered":"Reuniones y eventos"},"content":{"rendered":"<p>La RTA convoca reuniones p\u00fablicas programadas regularmente para sus <a href=\"\/es\/about-rta\/board-of-directors\/\">Junta Directiva<\/a>, <a href=\"\/es\/about-rta\/committees\/citizens-advisory-committee\/\">Comit\u00e9 Asesor Ciudadano<\/a>, y <a href=\"\/es\/about-rta\/committees\/providers-advisory-council\/\">Comit\u00e9 Asesor de Proveedores de Transporte P\u00fablico<\/a>Las solicitudes de adaptaciones razonables en las reuniones de la RTA requieren reserva previa. Las personas con discapacidad que requieran asistencia deben comunicarse con <a href=\"mailto:info@rtamichigan.org\">info@rtamichigan.org<\/a> o llamar <a href=\"tel:313-402-1020\">313-402-1020<\/a> lo antes posible.<\/p>\n\n\n\n<div class=\"wp-block-columns is-layout-flex wp-container-core-columns-is-layout-9d6595d7 wp-block-columns-is-layout-flex\">\n<div class=\"wp-block-column is-layout-flow wp-block-column-is-layout-flow\">\n\n    \n\n    \n\n\n<a\n  href=\"\/es\/about-rta\/meetings\/\"\n  target=\"_self\"  class=\"button button--default\"\n  \n>\n        Reuniones abiertas\n    <\/a>\n<\/div>\n<\/div>","protected":false},"excerpt":{"rendered":"<p>La RTA convoca reuniones p\u00fablicas peri\u00f3dicas de su Junta Directiva, el Comit\u00e9 Asesor Ciudadano y el Comit\u00e9 Asesor de Proveedores de Transporte P\u00fablico. Las solicitudes de adaptaciones razonables en las reuniones de la RTA requieren presentaci\u00f3n anticipada [\u2026]<\/p>","protected":false},"author":1,"featured_media":1269,"parent":75,"menu_order":4,"comment_status":"closed","ping_status":"closed","template":"page-events-calendar.php","meta":{"_acf_changed":false,"inline_featured_image":false,"footnotes":""},"class_list":["post-96","page","type-page","status-publish","has-post-thumbnail","hentry"],"acf":[],"yoast_head":"<!-- This site is optimized with the Yoast SEO plugin v24.9 - https:\/\/yoast.com\/wordpress\/plugins\/seo\/ -->\n<title>Meetings &amp; Events - RTA of Southeast Michigan<\/title>\n<meta name=\"robots\" content=\"index, follow, max-snippet:-1, max-image-preview:large, max-video-preview:-1\" \/>\n<link rel=\"canonical\" href=\"https:\/\/www.rtamichigan.org\/es\/about-rta\/meetings-events\/\" \/>\n<meta property=\"og:locale\" content=\"es_MX\" \/>\n<meta property=\"og:type\" content=\"article\" \/>\n<meta property=\"og:title\" content=\"Meetings &amp; Events - RTA of Southeast Michigan\" \/>\n<meta property=\"og:description\" content=\"The RTA convenes regularly scheduled public meetings for its Board of Directors, Citizens Advisory Committee, and Public Transit Providers Advisory Committee. Requests for reasonable accommodations at RTA meetings require advance [&hellip;]\" \/>\n<meta property=\"og:url\" content=\"https:\/\/www.rtamichigan.org\/es\/about-rta\/meetings-events\/\" \/>\n<meta property=\"og:site_name\" content=\"RTA of Southeast Michigan\" \/>\n<meta property=\"article:publisher\" content=\"https:\/\/www.facebook.com\/rtamichigan\/\" \/>\n<meta property=\"article:modified_time\" content=\"2026-02-18T18:00:09+00:00\" \/>\n<meta property=\"og:image\" content=\"https:\/\/www.rtamichigan.org\/app\/uploads\/2025\/06\/pexels-photo-808846-2-e1752765852247.jpg\" \/>\n\t<meta property=\"og:image:width\" content=\"940\" \/>\n\t<meta property=\"og:image:height\" content=\"164\" \/>\n\t<meta property=\"og:image:type\" content=\"image\/jpeg\" \/>\n<meta name=\"twitter:card\" content=\"summary_large_image\" \/>\n<meta name=\"twitter:site\" content=\"@rtamichigan\" \/>\n<meta name=\"twitter:label1\" content=\"Est. reading time\" \/>\n\t<meta name=\"twitter:data1\" content=\"1 minute\" \/>\n<script type=\"application\/ld+json\" class=\"yoast-schema-graph\">{\"@context\":\"https:\/\/schema.org\",\"@graph\":[{\"@type\":\"WebPage\",\"@id\":\"https:\/\/www.rtamichigan.org\/about-rta\/meetings-events\",\"url\":\"https:\/\/www.rtamichigan.org\/about-rta\/meetings-events\",\"name\":\"Meetings & Events - RTA of Southeast Michigan\",\"isPartOf\":{\"@id\":\"https:\/\/www.rtamichigan.org\/#website\"},\"primaryImageOfPage\":{\"@id\":\"https:\/\/www.rtamichigan.org\/about-rta\/meetings-events#primaryimage\"},\"image\":{\"@id\":\"https:\/\/www.rtamichigan.org\/about-rta\/meetings-events#primaryimage\"},\"thumbnailUrl\":\"https:\/\/www.rtamichigan.org\/app\/uploads\/2025\/06\/pexels-photo-808846-2-e1752765852247.jpg\",\"datePublished\":\"2025-04-08T17:49:36+00:00\",\"dateModified\":\"2026-02-18T18:00:09+00:00\",\"breadcrumb\":{\"@id\":\"https:\/\/www.rtamichigan.org\/about-rta\/meetings-events#breadcrumb\"},\"inLanguage\":\"es-MX\",\"potentialAction\":[{\"@type\":\"ReadAction\",\"target\":[\"https:\/\/www.rtamichigan.org\/about-rta\/meetings-events\"]}]},{\"@type\":\"ImageObject\",\"inLanguage\":\"es-MX\",\"@id\":\"https:\/\/www.rtamichigan.org\/about-rta\/meetings-events#primaryimage\",\"url\":\"https:\/\/www.rtamichigan.org\/app\/uploads\/2025\/06\/pexels-photo-808846-2-e1752765852247.jpg\",\"contentUrl\":\"https:\/\/www.rtamichigan.org\/app\/uploads\/2025\/06\/pexels-photo-808846-2-e1752765852247.jpg\",\"width\":940,\"height\":164,\"caption\":\"The inside of a bus\"},{\"@type\":\"BreadcrumbList\",\"@id\":\"https:\/\/www.rtamichigan.org\/about-rta\/meetings-events#breadcrumb\",\"itemListElement\":[{\"@type\":\"ListItem\",\"position\":1,\"name\":\"Home\",\"item\":\"https:\/\/www.rtamichigan.org\/\"},{\"@type\":\"ListItem\",\"position\":2,\"name\":\"About RTA\",\"item\":\"https:\/\/www.rtamichigan.org\/about-rta\"},{\"@type\":\"ListItem\",\"position\":3,\"name\":\"Meetings &#038; Events\"}]},{\"@type\":\"WebSite\",\"@id\":\"https:\/\/www.rtamichigan.org\/#website\",\"url\":\"https:\/\/www.rtamichigan.org\/\",\"name\":\"RTA of Southeast Michigan\",\"description\":\"Get on Board!\",\"potentialAction\":[{\"@type\":\"SearchAction\",\"target\":{\"@type\":\"EntryPoint\",\"urlTemplate\":\"https:\/\/www.rtamichigan.org\/?s={search_term_string}\"},\"query-input\":{\"@type\":\"PropertyValueSpecification\",\"valueRequired\":true,\"valueName\":\"search_term_string\"}}],\"inLanguage\":\"es-MX\"}]}<\/script>\n<!-- \/ Yoast SEO plugin. -->","yoast_head_json":{"title":"Reuniones y eventos - RTA del sureste de Michigan","robots":{"index":"index","follow":"follow","max-snippet":"max-snippet:-1","max-image-preview":"max-image-preview:large","max-video-preview":"max-video-preview:-1"},"canonical":"https:\/\/www.rtamichigan.org\/es\/about-rta\/meetings-events\/","og_locale":"es_MX","og_type":"article","og_title":"Meetings & Events - RTA of Southeast Michigan","og_description":"The RTA convenes regularly scheduled public meetings for its Board of Directors, Citizens Advisory Committee, and Public Transit Providers Advisory Committee. Requests for reasonable accommodations at RTA meetings require advance [&hellip;]","og_url":"https:\/\/www.rtamichigan.org\/es\/about-rta\/meetings-events\/","og_site_name":"RTA of Southeast Michigan","article_publisher":"https:\/\/www.facebook.com\/rtamichigan\/","article_modified_time":"2026-02-18T18:00:09+00:00","og_image":[{"width":940,"height":164,"url":"https:\/\/www.rtamichigan.org\/app\/uploads\/2025\/06\/pexels-photo-808846-2-e1752765852247.jpg","type":"image\/jpeg"}],"twitter_card":"summary_large_image","twitter_site":"@rtamichigan","twitter_misc":{"Est. reading time":"1 minute"},"schema":{"@context":"https:\/\/schema.org","@graph":[{"@type":"WebPage","@id":"https:\/\/www.rtamichigan.org\/about-rta\/meetings-events","url":"https:\/\/www.rtamichigan.org\/about-rta\/meetings-events","name":"Reuniones y eventos - RTA del sureste de Michigan","isPartOf":{"@id":"https:\/\/www.rtamichigan.org\/#website"},"primaryImageOfPage":{"@id":"https:\/\/www.rtamichigan.org\/about-rta\/meetings-events#primaryimage"},"image":{"@id":"https:\/\/www.rtamichigan.org\/about-rta\/meetings-events#primaryimage"},"thumbnailUrl":"https:\/\/www.rtamichigan.org\/app\/uploads\/2025\/06\/pexels-photo-808846-2-e1752765852247.jpg","datePublished":"2025-04-08T17:49:36+00:00","dateModified":"2026-02-18T18:00:09+00:00","breadcrumb":{"@id":"https:\/\/www.rtamichigan.org\/about-rta\/meetings-events#breadcrumb"},"inLanguage":"es-MX","potentialAction":[{"@type":"ReadAction","target":["https:\/\/www.rtamichigan.org\/about-rta\/meetings-events"]}]},{"@type":"ImageObject","inLanguage":"es-MX","@id":"https:\/\/www.rtamichigan.org\/about-rta\/meetings-events#primaryimage","url":"https:\/\/www.rtamichigan.org\/app\/uploads\/2025\/06\/pexels-photo-808846-2-e1752765852247.jpg","contentUrl":"https:\/\/www.rtamichigan.org\/app\/uploads\/2025\/06\/pexels-photo-808846-2-e1752765852247.jpg","width":940,"height":164,"caption":"The inside of a bus"},{"@type":"BreadcrumbList","@id":"https:\/\/www.rtamichigan.org\/about-rta\/meetings-events#breadcrumb","itemListElement":[{"@type":"ListItem","position":1,"name":"Home","item":"https:\/\/www.rtamichigan.org\/"},{"@type":"ListItem","position":2,"name":"About RTA","item":"https:\/\/www.rtamichigan.org\/about-rta"},{"@type":"ListItem","position":3,"name":"Meetings &#038; Events"}]},{"@type":"WebSite","@id":"https:\/\/www.rtamichigan.org\/#website","url":"https:\/\/www.rtamichigan.org\/","name":"RTA del sureste de Michigan","description":"\u00a1Sube a bordo!","potentialAction":[{"@type":"SearchAction","target":{"@type":"EntryPoint","urlTemplate":"https:\/\/www.rtamichigan.org\/?s={search_term_string}"},"query-input":{"@type":"PropertyValueSpecification","valueRequired":true,"valueName":"search_term_string"}}],"inLanguage":"es-MX"}]}},"publishpress_future_action":{"enabled":false,"date":"2026-04-23 05:06:31","action":"change-status","newStatus":"draft","terms":[],"taxonomy":"","extraData":[]},"publishpress_future_workflow_manual_trigger":{"enabledWorkflows":[]},"_links":{"self":[{"href":"https:\/\/www.rtamichigan.org\/es\/wp-json\/wp\/v2\/pages\/96","targetHints":{"allow":["GET"]}}],"collection":[{"href":"https:\/\/www.rtamichigan.org\/es\/wp-json\/wp\/v2\/pages"}],"about":[{"href":"https:\/\/www.rtamichigan.org\/es\/wp-json\/wp\/v2\/types\/page"}],"author":[{"embeddable":true,"href":"https:\/\/www.rtamichigan.org\/es\/wp-json\/wp\/v2\/users\/1"}],"replies":[{"embeddable":true,"href":"https:\/\/www.rtamichigan.org\/es\/wp-json\/wp\/v2\/comments?post=96"}],"version-history":[{"count":10,"href":"https:\/\/www.rtamichigan.org\/es\/wp-json\/wp\/v2\/pages\/96\/revisions"}],"predecessor-version":[{"id":3441,"href":"https:\/\/www.rtamichigan.org\/es\/wp-json\/wp\/v2\/pages\/96\/revisions\/3441"}],"up":[{"embeddable":true,"href":"https:\/\/www.rtamichigan.org\/es\/wp-json\/wp\/v2\/pages\/75"}],"wp:featuredmedia":[{"embeddable":true,"href":"https:\/\/www.rtamichigan.org\/es\/wp-json\/wp\/v2\/media\/1269"}],"wp:attachment":[{"href":"https:\/\/www.rtamichigan.org\/es\/wp-json\/wp\/v2\/media?parent=96"}],"curies":[{"name":"gracias","href":"https:\/\/api.w.org\/{rel}","templated":true}]}}