{"id":95,"date":"2025-04-08T17:49:22","date_gmt":"2025-04-08T17:49:22","guid":{"rendered":"https:\/\/rta-semi.ddev.site\/?page_id=95"},"modified":"2025-07-17T10:26:41","modified_gmt":"2025-07-17T15:26:41","slug":"meetings","status":"publish","type":"page","link":"https:\/\/www.rtamichigan.org\/es\/about-rta\/meetings","title":{"rendered":"Ley de reuniones abiertas"},"content":{"rendered":"<div class=\"wp-block-columns is-layout-flex wp-container-core-columns-is-layout-9d6595d7 wp-block-columns-is-layout-flex\">\n<div class=\"wp-block-column is-layout-flow wp-block-column-is-layout-flow\">\n<h2 class=\"wp-block-heading\"><strong>Ley de reuniones abiertas y pol\u00edtica del sitio web<\/strong><\/h2>\n\n\n\n<p>Esta pol\u00edtica establece los requisitos para que la Autoridad de Tr\u00e1nsito Regional (la \u201cAutoridad\u201d) cumpla con la Ley de Reuniones Abiertas, Ley 267, Leyes P\u00fablicas de Michigan, 1976, y sus modificaciones ocasionales (la \u201cLey de Reuniones Abiertas\u201d), y para cumplir con los requisitos de publicaci\u00f3n en sitios web seg\u00fan la Ley de la Autoridad de Tr\u00e1nsito Regional, Ley 387, Leyes P\u00fablicas de Michigan, 2012 (la \u201cLey RTA\u201d).<\/p>\n\n\n\n<hr class=\"wp-block-separator has-alpha-channel-opacity\"\/>\n<\/div>\n<\/div>\n\n\n\n<h2 class=\"wp-block-heading\">Ley de reuniones abiertas<\/h2>\n\n\n\n<ol class=\"wp-block-list\">\n<li><strong>Significado de Reuni\u00f3n Abierta<\/strong>:Los asuntos de la Junta de la Autoridad (la \u201cJunta\u201d) se llevar\u00e1n a cabo en reuniones p\u00fablicas celebradas de conformidad con la Ley de Reuniones Abiertas.<br><br><strong>A menos que se haga expresamente una distinci\u00f3n, las referencias aqu\u00ed hechas al Directorio se aplicar\u00e1n a cualquier comit\u00e9 establecido por el Directorio y los requisitos aplicables a las reuniones del Directorio se aplicar\u00e1n a cualquier reuni\u00f3n de comit\u00e9 de subqu\u00f3rum.<\/strong><br>\n<ul class=\"wp-block-list\">\n<li>Todas las reuniones ser\u00e1n abiertas al p\u00fablico y se celebrar\u00e1n en un lugar disponible para el p\u00fablico en general.<\/li>\n\n\n\n<li>Todas las decisiones de la Junta se tomar\u00e1n en reuni\u00f3n abierta al p\u00fablico.<\/li>\n\n\n\n<li>Todas las deliberaciones de la Junta que constituyan qu\u00f3rum de sus miembros se llevar\u00e1n a cabo en una reuni\u00f3n abierta al p\u00fablico, excepto lo dispuesto en el p\u00e1rrafo 6 de esta pol\u00edtica.<\/li>\n\n\n\n<li>Toda persona podr\u00e1 asistir a cualquier reuni\u00f3n de la Junta. El derecho a asistir a una reuni\u00f3n de la Junta incluye el derecho a grabar, grabar en v\u00eddeo, transmitir en directo por radio y televisi\u00f3n las deliberaciones de la Junta.<br><br><\/li>\n<\/ul>\n<\/li>\n\n\n\n<li><strong>Comentarios p\u00fablicos<\/strong>Pol\u00edtica de la Autoridad respecto a los comentarios p\u00fablicos:<br>\n<ul class=\"wp-block-list\">\n<li>Los comentarios se limitar\u00e1n a la parte de \u201ccomentarios p\u00fablicos\u201d de la agenda en cualquier reuni\u00f3n de la Autoridad.<\/li>\n\n\n\n<li>Todos los comentarios deber\u00e1n dirigirse al presidente de la Autoridad.<\/li>\n\n\n\n<li>Se permitir\u00e1 que una persona se dirija a una reuni\u00f3n de la Junta siempre que dicha persona se registre y exprese por escrito su deseo de dirigirse a la reuni\u00f3n llenando una tarjeta de \u201ccomentarios\u201d antes de la parte de \u201ccomentarios p\u00fablicos\u201d de la reuni\u00f3n, para que la persona pueda ser reconocida por el presidente de la Autoridad.<\/li>\n\n\n\n<li>Cualquier persona que desee dirigirse a la reuni\u00f3n de conformidad con estos requisitos deber\u00e1 limitar sus comentarios al tiempo determinado por el presidente de la Autoridad antes de la parte de \u201ccomentarios p\u00fablicos\u201d de la reuni\u00f3n, pero en ning\u00fan caso m\u00e1s de tres (3) minutos en cualquier reuni\u00f3n.<\/li>\n\n\n\n<li>Para ahorrar tiempo y permitir la expresi\u00f3n de la mayor variedad posible de puntos de vista, el\/la presidente\/a podr\u00e1 solicitar la designaci\u00f3n de un orador para que hable en nombre de cualquier grupo presente. Si se designa a un orador para que hable en nombre de un grupo, el\/la presidente\/a podr\u00e1 permitir pr\u00f3rrogas del tiempo establecido en el apartado (d) anterior.<\/li>\n\n\n\n<li>Se podr\u00e1n presentar observaciones escritas al presidente en cualquier momento y se recibir\u00e1n en el acta de la reuni\u00f3n como si hubieran sido le\u00eddas.<\/li>\n\n\n\n<li>El presidente podr\u00e1 solicitar que todos los oradores observen la cortes\u00eda y el decoro adecuados.<br><br><\/li>\n<\/ul>\n<\/li>\n\n\n\n<li><strong>Aviso de reuniones<\/strong>Se publicar\u00e1 un aviso p\u00fablico con la fecha, hora y lugar de cada reuni\u00f3n ordinaria de la Autoridad en la oficina principal de la Autoridad y en otros lugares que se consideren apropiados para el organismo p\u00fablico en toda el \u00e1rea de los condados participantes. Se podr\u00e1 utilizar la televisi\u00f3n por cable para la publicaci\u00f3n de avisos p\u00fablicos.\n<ul class=\"wp-block-list\">\n<li>Los avisos p\u00fablicos de la Autoridad incluir\u00e1n el nombre de la Autoridad, una persona de contacto y un n\u00famero de tel\u00e9fono de la Autoridad, y la direcci\u00f3n de la Autoridad.<\/li>\n\n\n\n<li>Dentro de los diez (10) d\u00edas siguientes a la primera reuni\u00f3n de la Autoridad de cada a\u00f1o fiscal, se publicar\u00e1 un aviso p\u00fablico con las fechas, horas y lugares de las reuniones ordinarias de la Autoridad en su sede y en otros lugares que se consideren apropiados para la entidad p\u00fablica en toda el \u00e1rea de los condados participantes. Se podr\u00e1 utilizar la televisi\u00f3n por cable para la publicaci\u00f3n de este aviso p\u00fablico.<\/li>\n\n\n\n<li>Si hay un cambio en el calendario de reuniones regulares de la Autoridad, se publicar\u00e1 un aviso p\u00fablico indicando las nuevas fechas, horas y lugares dentro de los tres (3) d\u00edas siguientes a la reuni\u00f3n en la que se realice el cambio seg\u00fan lo dispuesto en el (b) de esta Secci\u00f3n 3.<\/li>\n\n\n\n<li>Para una reuni\u00f3n ordinaria o extraordinaria reprogramada, se deber\u00e1 publicar un aviso p\u00fablico que indique la fecha, hora y lugar de la reuni\u00f3n con al menos dieciocho (18) horas de anticipaci\u00f3n, en un lugar visible y visible tanto en la oficina principal de la Autoridad como en una secci\u00f3n de su sitio web que sea completamente accesible al p\u00fablico. Para cumplir con el requisito de publicaci\u00f3n de 18 horas, el aviso debe ser accesible al p\u00fablico durante las 18 horas completas.<\/li>\n\n\n\n<li>Adem\u00e1s, de conformidad con los Estatutos de la Autoridad, el secretario, o su designado, deber\u00e1 dar o hacer que se d\u00e9 aviso personalmente, por correo de primera clase, comunicaci\u00f3n por fax o comunicaci\u00f3n electr\u00f3nica a cada miembro de la Junta, a m\u00e1s tardar en el momento en que se d\u00e9 el aviso p\u00fablico, pero el no hacerlo no invalidar\u00e1 ning\u00fan procedimiento de la Autoridad.<\/li>\n\n\n\n<li>Todos los avisos p\u00fablicos de la Autoridad deber\u00e1n incluir la siguiente declaraci\u00f3n, con una persona de contacto accesible para cada reuni\u00f3n, que ser\u00e1 el secretario o la persona designada por este: \u201cSi necesita adaptaciones debido a una discapacidad, comun\u00edquese con _____________ al (___) ___-____ no menos de 48 horas antes de la fecha de la reuni\u00f3n\u201d.<br><br><\/li>\n<\/ul>\n<\/li>\n\n\n\n<li><strong>Reuniones de emergencia<\/strong>De conformidad con la Ley de Reuniones Abiertas, la Junta podr\u00e1 celebrar reuniones de emergencia en caso de una amenaza grave e inminente para la salud, la seguridad o el bienestar p\u00fablico, cuando la mayor\u00eda de sus miembros determine que una demora perjudicar\u00eda los esfuerzos para mitigar o responder a la amenaza. Si la Autoridad celebra una reuni\u00f3n de emergencia que no cumple con el requisito de notificaci\u00f3n con 18 horas de anticipaci\u00f3n, pondr\u00e1 a disposici\u00f3n del p\u00fablico copias impresas de la notificaci\u00f3n en dicha reuni\u00f3n. La notificaci\u00f3n incluir\u00e1 una explicaci\u00f3n de las razones por las que la Autoridad no puede cumplir con dicho requisito.<br><br><\/li>\n\n\n\n<li><strong>Actas de la reuni\u00f3n:<\/strong> La Junta Directiva llevar\u00e1 actas escritas o impresas de cada reuni\u00f3n, las cuales estar\u00e1n a disposici\u00f3n del p\u00fablico.<br>\n<ul class=\"wp-block-list\">\n<li>Las actas incluir\u00e1n la fecha, hora, lugar, miembros presentes, miembros ausentes, todas las decisiones tomadas en la reuni\u00f3n, todas las votaciones nominales efectuadas en la reuni\u00f3n y el prop\u00f3sito o los prop\u00f3sitos para los cuales se celebr\u00f3 cualquier sesi\u00f3n a puertas cerradas.<\/li>\n\n\n\n<li>La Autoridad realizar\u00e1 cualquier correcci\u00f3n a las actas en la siguiente reuni\u00f3n despu\u00e9s de la correcci\u00f3n, y las actas corregidas deber\u00e1n mostrar tanto la entrada original como la correcci\u00f3n.<\/li>\n\n\n\n<li>La Autoridad pondr\u00e1 a disposici\u00f3n del p\u00fablico las actas propuestas para inspecci\u00f3n dentro de los ocho (8) d\u00edas h\u00e1biles siguientes a la reuni\u00f3n a la que se refieren las actas, y pondr\u00e1 a disposici\u00f3n del p\u00fablico las actas aprobadas para inspecci\u00f3n dentro de los cinco (5) d\u00edas h\u00e1biles siguientes a la reuni\u00f3n en la que la Junta apruebe las actas.<\/li>\n\n\n\n<li>La Autoridad no incluir\u00e1 en sus actas ni junto con ellas ning\u00fan dato de identificaci\u00f3n personal.<br><br><\/li>\n<\/ul>\n<\/li>\n\n\n\n<li><strong>Sesiones cerradas<\/strong>:La Junta Directiva podr\u00e1 reunirse en sesi\u00f3n cerrada \u00fanicamente para los fines siguientes, seg\u00fan lo dispuesto en la Ley de Reuniones Abiertas:\n<ul class=\"wp-block-list\">\n<li>Considerar el despido, la suspensi\u00f3n o la disciplina de, o escuchar quejas o cargos presentados contra, o considerar una evaluaci\u00f3n peri\u00f3dica del personal de, un funcionario, empleado, miembro del personal o agente individual de la Autoridad, si la persona nombrada solicita una audiencia a puertas cerradas.<\/li>\n\n\n\n<li>En su caso, para las sesiones de estrategia y negociaci\u00f3n relacionadas con la negociaci\u00f3n de un convenio colectivo si cualquiera de las partes negociadoras solicita una audiencia a puertas cerradas.<\/li>\n\n\n\n<li>Considerar la compra o arrendamiento de un inmueble hasta el momento en que se obtenga una opci\u00f3n de compra o arrendamiento de dicho inmueble.<\/li>\n\n\n\n<li>Consultar con el asesor legal de la Autoridad sobre la estrategia de juicio o acuerdo en relaci\u00f3n con un litigio pendiente espec\u00edfico, pero solamente si una reuni\u00f3n abierta tuviera un efecto financiero perjudicial sobre la posici\u00f3n de litigio o acuerdo de la Autoridad.<\/li>\n\n\n\n<li>Revisar y considerar el contenido de una solicitud de empleo o nombramiento si el candidato solicita que se mantenga la confidencialidad de la misma. Sin embargo, todas las entrevistas que realice la Autoridad para empleo o nombramiento se celebrar\u00e1n en sesi\u00f3n p\u00fablica.<\/li>\n\n\n\n<li>Considerar material exento de discusi\u00f3n o divulgaci\u00f3n por estatuto estatal o federal.<\/li>\n\n\n\n<li>Cualquier otra exenci\u00f3n que pueda establecerse en la Ley de Reuniones Abiertas.<\/li>\n<\/ul>\n<\/li>\n<\/ol>\n\n\n\n<div class=\"wp-block-columns is-layout-flex wp-container-core-columns-is-layout-9d6595d7 wp-block-columns-is-layout-flex\">\n<div class=\"wp-block-column is-layout-flow wp-block-column-is-layout-flow\">\n<h2 class=\"wp-block-heading\">Sitio web de la autoridad<\/h2>\n\n\n\n<h3 class=\"wp-block-heading\">Publicaciones obligatorias en el sitio web<\/h3>\n\n\n\n<p>La Autoridad establecer\u00e1 un sitio web seg\u00fan lo dispuesto en la Ley RTA, y la Autoridad publicar\u00e1 en el sitio web lo siguiente:<\/p>\n\n\n\n<ol class=\"wp-block-list\">\n<li>El presupuesto de la Autoridad, actualizado al menos anualmente y despu\u00e9s de cualquier modificaci\u00f3n.<\/li>\n\n\n\n<li>Pol\u00edticas y procedimientos de la autoridad, actualizados a medida que est\u00e9n disponibles dichas actualizaciones.<\/li>\n\n\n\n<li>Actualizaciones sobre las actividades y transacciones de la Autoridad y el progreso de cualquier proyecto, incluido, entre otros, un sistema de tr\u00e1nsito r\u00e1pido propuesto, a medida que dichas actualizaciones est\u00e9n disponibles.<\/li>\n\n\n\n<li>Un plan de gesti\u00f3n de activos para todos los veh\u00edculos e instalaciones generadores de ingresos, los componentes principales de las instalaciones y los equipos principales que la Autoridad posee o alquila, seg\u00fan lo definido por el Departamento de Transporte del Estado. La Autoridad actualizar\u00e1 anualmente el plan de gesti\u00f3n de activos.<\/li>\n\n\n\n<li>El m\u00e9todo utilizado por la Autoridad para determinar el porcentaje de los costos operativos que se financiar\u00e1 con fondos locales y el porcentaje que se financiar\u00e1 con tarifas. La Autoridad actualizar\u00e1 esta informaci\u00f3n cada tres (3) a\u00f1os.<\/li>\n\n\n\n<li>Un plan y compromiso para realizar una encuesta de satisfacci\u00f3n de los usuarios y una encuesta de satisfacci\u00f3n del p\u00fablico en general con los servicios y el desempe\u00f1o de la Autoridad cada tres (3) a\u00f1os. La Autoridad proporcionar\u00e1 los resultados de las encuestas m\u00e1s recientes al Departamento de Transporte del Estado.<\/li>\n\n\n\n<li>Un panel de control del desempe\u00f1o de la Autoridad que incluya, como m\u00ednimo, la informaci\u00f3n requerida en los apartados (4) a (6) del presente documento. El panel tambi\u00e9n incluir\u00e1 los indicadores anuales de desempe\u00f1o de la Autoridad establecidos por la Junta. El panel estar\u00e1 disponible al p\u00fablico y se actualizar\u00e1 anualmente.<\/li>\n<\/ol>\n<\/div>\n<\/div>","protected":false},"excerpt":{"rendered":"<p>Ley de Reuniones Abiertas y Pol\u00edtica del Sitio Web Esta pol\u00edtica establece los requisitos para que la Autoridad de Tr\u00e1nsito Regional (la \u201cAutoridad\u201d) cumpla con la Ley de Reuniones Abiertas, Ley 267, Leyes P\u00fablicas [\u2026]<\/p>","protected":false},"author":1,"featured_media":1269,"parent":75,"menu_order":3,"comment_status":"closed","ping_status":"closed","template":"","meta":{"_acf_changed":false,"inline_featured_image":false,"footnotes":""},"class_list":["post-95","page","type-page","status-publish","has-post-thumbnail","hentry"],"acf":[],"yoast_head":"<!-- This site is optimized with the Yoast SEO plugin v24.9 - https:\/\/yoast.com\/wordpress\/plugins\/seo\/ -->\n<title>Open Meetings Act - RTA of Southeast Michigan<\/title>\n<meta name=\"robots\" content=\"index, follow, max-snippet:-1, max-image-preview:large, max-video-preview:-1\" \/>\n<link rel=\"canonical\" href=\"https:\/\/www.rtamichigan.org\/es\/about-rta\/meetings\/\" \/>\n<meta property=\"og:locale\" content=\"es_MX\" \/>\n<meta property=\"og:type\" content=\"article\" \/>\n<meta property=\"og:title\" content=\"Open Meetings Act - RTA of Southeast Michigan\" \/>\n<meta property=\"og:description\" content=\"Open Meetings Act and Website Policy This policy sets forth the requirements for the Regional Transit Authority (the \u201cAuthority\u201d) to comply with the Open Meetings Act, Act 267, Public Acts [&hellip;]\" \/>\n<meta property=\"og:url\" content=\"https:\/\/www.rtamichigan.org\/es\/about-rta\/meetings\/\" \/>\n<meta property=\"og:site_name\" content=\"RTA of Southeast Michigan\" \/>\n<meta property=\"article:publisher\" content=\"https:\/\/www.facebook.com\/rtamichigan\/\" \/>\n<meta property=\"article:modified_time\" content=\"2025-07-17T15:26:41+00:00\" \/>\n<meta property=\"og:image\" content=\"http:\/\/www.rtamichigan.org\/app\/uploads\/2025\/06\/pexels-photo-808846-2-e1752765852247.jpg\" \/>\n\t<meta property=\"og:image:width\" content=\"940\" \/>\n\t<meta property=\"og:image:height\" content=\"164\" \/>\n\t<meta property=\"og:image:type\" content=\"image\/jpeg\" \/>\n<meta name=\"twitter:card\" content=\"summary_large_image\" \/>\n<meta name=\"twitter:site\" content=\"@rtamichigan\" \/>\n<meta name=\"twitter:label1\" content=\"Est. reading time\" \/>\n\t<meta name=\"twitter:data1\" content=\"8 minutes\" \/>\n<script type=\"application\/ld+json\" class=\"yoast-schema-graph\">{\"@context\":\"https:\/\/schema.org\",\"@graph\":[{\"@type\":\"WebPage\",\"@id\":\"https:\/\/www.rtamichigan.org\/about-rta\/meetings\",\"url\":\"https:\/\/www.rtamichigan.org\/about-rta\/meetings\",\"name\":\"Open Meetings Act - RTA of Southeast Michigan\",\"isPartOf\":{\"@id\":\"https:\/\/www.rtamichigan.org\/#website\"},\"primaryImageOfPage\":{\"@id\":\"https:\/\/www.rtamichigan.org\/about-rta\/meetings#primaryimage\"},\"image\":{\"@id\":\"https:\/\/www.rtamichigan.org\/about-rta\/meetings#primaryimage\"},\"thumbnailUrl\":\"https:\/\/www.rtamichigan.org\/app\/uploads\/2025\/06\/pexels-photo-808846-2-e1752765852247.jpg\",\"datePublished\":\"2025-04-08T17:49:22+00:00\",\"dateModified\":\"2025-07-17T15:26:41+00:00\",\"breadcrumb\":{\"@id\":\"https:\/\/www.rtamichigan.org\/about-rta\/meetings#breadcrumb\"},\"inLanguage\":\"es-MX\",\"potentialAction\":[{\"@type\":\"ReadAction\",\"target\":[\"https:\/\/www.rtamichigan.org\/about-rta\/meetings\"]}]},{\"@type\":\"ImageObject\",\"inLanguage\":\"es-MX\",\"@id\":\"https:\/\/www.rtamichigan.org\/about-rta\/meetings#primaryimage\",\"url\":\"https:\/\/www.rtamichigan.org\/app\/uploads\/2025\/06\/pexels-photo-808846-2-e1752765852247.jpg\",\"contentUrl\":\"https:\/\/www.rtamichigan.org\/app\/uploads\/2025\/06\/pexels-photo-808846-2-e1752765852247.jpg\",\"width\":940,\"height\":164,\"caption\":\"The inside of a bus\"},{\"@type\":\"BreadcrumbList\",\"@id\":\"https:\/\/www.rtamichigan.org\/about-rta\/meetings#breadcrumb\",\"itemListElement\":[{\"@type\":\"ListItem\",\"position\":1,\"name\":\"Home\",\"item\":\"https:\/\/www.rtamichigan.org\/\"},{\"@type\":\"ListItem\",\"position\":2,\"name\":\"About RTA\",\"item\":\"https:\/\/www.rtamichigan.org\/about-rta\"},{\"@type\":\"ListItem\",\"position\":3,\"name\":\"Open Meetings Act\"}]},{\"@type\":\"WebSite\",\"@id\":\"https:\/\/www.rtamichigan.org\/#website\",\"url\":\"https:\/\/www.rtamichigan.org\/\",\"name\":\"RTA of Southeast Michigan\",\"description\":\"Get on Board!\",\"potentialAction\":[{\"@type\":\"SearchAction\",\"target\":{\"@type\":\"EntryPoint\",\"urlTemplate\":\"https:\/\/www.rtamichigan.org\/?s={search_term_string}\"},\"query-input\":{\"@type\":\"PropertyValueSpecification\",\"valueRequired\":true,\"valueName\":\"search_term_string\"}}],\"inLanguage\":\"es-MX\"}]}<\/script>\n<!-- \/ Yoast SEO plugin. -->","yoast_head_json":{"title":"Ley de Reuniones Abiertas - RTA del Sureste de Michigan","robots":{"index":"index","follow":"follow","max-snippet":"max-snippet:-1","max-image-preview":"max-image-preview:large","max-video-preview":"max-video-preview:-1"},"canonical":"https:\/\/www.rtamichigan.org\/es\/about-rta\/meetings\/","og_locale":"es_MX","og_type":"article","og_title":"Open Meetings Act - RTA of Southeast Michigan","og_description":"Open Meetings Act and Website Policy This policy sets forth the requirements for the Regional Transit Authority (the \u201cAuthority\u201d) to comply with the Open Meetings Act, Act 267, Public Acts [&hellip;]","og_url":"https:\/\/www.rtamichigan.org\/es\/about-rta\/meetings\/","og_site_name":"RTA of Southeast Michigan","article_publisher":"https:\/\/www.facebook.com\/rtamichigan\/","article_modified_time":"2025-07-17T15:26:41+00:00","og_image":[{"width":940,"height":164,"url":"http:\/\/www.rtamichigan.org\/app\/uploads\/2025\/06\/pexels-photo-808846-2-e1752765852247.jpg","type":"image\/jpeg"}],"twitter_card":"summary_large_image","twitter_site":"@rtamichigan","twitter_misc":{"Est. reading time":"8 minutes"},"schema":{"@context":"https:\/\/schema.org","@graph":[{"@type":"WebPage","@id":"https:\/\/www.rtamichigan.org\/about-rta\/meetings","url":"https:\/\/www.rtamichigan.org\/about-rta\/meetings","name":"Ley de Reuniones Abiertas - RTA del Sureste de Michigan","isPartOf":{"@id":"https:\/\/www.rtamichigan.org\/#website"},"primaryImageOfPage":{"@id":"https:\/\/www.rtamichigan.org\/about-rta\/meetings#primaryimage"},"image":{"@id":"https:\/\/www.rtamichigan.org\/about-rta\/meetings#primaryimage"},"thumbnailUrl":"https:\/\/www.rtamichigan.org\/app\/uploads\/2025\/06\/pexels-photo-808846-2-e1752765852247.jpg","datePublished":"2025-04-08T17:49:22+00:00","dateModified":"2025-07-17T15:26:41+00:00","breadcrumb":{"@id":"https:\/\/www.rtamichigan.org\/about-rta\/meetings#breadcrumb"},"inLanguage":"es-MX","potentialAction":[{"@type":"ReadAction","target":["https:\/\/www.rtamichigan.org\/about-rta\/meetings"]}]},{"@type":"ImageObject","inLanguage":"es-MX","@id":"https:\/\/www.rtamichigan.org\/about-rta\/meetings#primaryimage","url":"https:\/\/www.rtamichigan.org\/app\/uploads\/2025\/06\/pexels-photo-808846-2-e1752765852247.jpg","contentUrl":"https:\/\/www.rtamichigan.org\/app\/uploads\/2025\/06\/pexels-photo-808846-2-e1752765852247.jpg","width":940,"height":164,"caption":"The inside of a bus"},{"@type":"BreadcrumbList","@id":"https:\/\/www.rtamichigan.org\/about-rta\/meetings#breadcrumb","itemListElement":[{"@type":"ListItem","position":1,"name":"Home","item":"https:\/\/www.rtamichigan.org\/"},{"@type":"ListItem","position":2,"name":"About RTA","item":"https:\/\/www.rtamichigan.org\/about-rta"},{"@type":"ListItem","position":3,"name":"Open Meetings Act"}]},{"@type":"WebSite","@id":"https:\/\/www.rtamichigan.org\/#website","url":"https:\/\/www.rtamichigan.org\/","name":"RTA del sureste de Michigan","description":"\u00a1Sube a bordo!","potentialAction":[{"@type":"SearchAction","target":{"@type":"EntryPoint","urlTemplate":"https:\/\/www.rtamichigan.org\/?s={search_term_string}"},"query-input":{"@type":"PropertyValueSpecification","valueRequired":true,"valueName":"search_term_string"}}],"inLanguage":"es-MX"}]}},"publishpress_future_action":{"enabled":false,"date":"2026-04-28 06:49:20","action":"change-status","newStatus":"draft","terms":[],"taxonomy":"","extraData":[]},"publishpress_future_workflow_manual_trigger":{"enabledWorkflows":[]},"_links":{"self":[{"href":"https:\/\/www.rtamichigan.org\/es\/wp-json\/wp\/v2\/pages\/95","targetHints":{"allow":["GET"]}}],"collection":[{"href":"https:\/\/www.rtamichigan.org\/es\/wp-json\/wp\/v2\/pages"}],"about":[{"href":"https:\/\/www.rtamichigan.org\/es\/wp-json\/wp\/v2\/types\/page"}],"author":[{"embeddable":true,"href":"https:\/\/www.rtamichigan.org\/es\/wp-json\/wp\/v2\/users\/1"}],"replies":[{"embeddable":true,"href":"https:\/\/www.rtamichigan.org\/es\/wp-json\/wp\/v2\/comments?post=95"}],"version-history":[{"count":19,"href":"https:\/\/www.rtamichigan.org\/es\/wp-json\/wp\/v2\/pages\/95\/revisions"}],"predecessor-version":[{"id":1817,"href":"https:\/\/www.rtamichigan.org\/es\/wp-json\/wp\/v2\/pages\/95\/revisions\/1817"}],"up":[{"embeddable":true,"href":"https:\/\/www.rtamichigan.org\/es\/wp-json\/wp\/v2\/pages\/75"}],"wp:featuredmedia":[{"embeddable":true,"href":"https:\/\/www.rtamichigan.org\/es\/wp-json\/wp\/v2\/media\/1269"}],"wp:attachment":[{"href":"https:\/\/www.rtamichigan.org\/es\/wp-json\/wp\/v2\/media?parent=95"}],"curies":[{"name":"gracias","href":"https:\/\/api.w.org\/{rel}","templated":true}]}}