{"id":93,"date":"2025-04-08T17:49:02","date_gmt":"2025-04-08T17:49:02","guid":{"rendered":"https:\/\/rta-semi.ddev.site\/?page_id=93"},"modified":"2025-07-17T10:27:17","modified_gmt":"2025-07-17T15:27:17","slug":"rta-staff","status":"publish","type":"page","link":"https:\/\/www.rtamichigan.org\/es\/about-rta\/rta-staff","title":{"rendered":"Personal de RTA"},"content":{"rendered":"<p>La RTA cuenta con un equipo dedicado de personal a tiempo completo, experto en transporte p\u00fablico. Profesionales con amplia experiencia en transporte p\u00fablico y en el gobierno del sureste de Michigan, gestionan las operaciones diarias de la RTA.<\/p>\n\n\n\n<div class=\"wp-block-columns is-layout-flex wp-container-core-columns-is-layout-9d6595d7 wp-block-columns-is-layout-flex\">\n<div class=\"wp-block-column is-layout-flow wp-block-column-is-layout-flow\">\n\n\n                                        \n<div class=\"person person--card\" id=\"person-773951479\">\n            <div class=\"person__image\">\n                            \n\n\n<img decoding=\"async\"\n  class=\"image\"\n      src=\"https:\/\/www.rtamichigan.org\/app\/uploads\/2025\/05\/Benn.jpeg\"\n      alt=\"Ben Stupka headshot\"\n    \/>\n\n\n\n\n\n\n                    <\/div>\n        <div class=\"person__content\">\n                                    <div class=\"person__name\">Ben Stupka<\/div>\n                            <div class=\"person__title\">Director ejecutivo<\/div>\n                                        <\/div>\n<\/div>\n                                        \n<div class=\"person person--card\" id=\"person-1462346559\">\n            <div class=\"person__image\">\n                            \n\n\n<img decoding=\"async\"\n  class=\"image\"\n      src=\"https:\/\/www.rtamichigan.org\/app\/uploads\/2025\/05\/cori1.jpg\"\n      alt=\"Corri Wofford headshot\"\n    \/>\n\n\n\n\n\n\n                    <\/div>\n        <div class=\"person__content\">\n                                    <div class=\"person__name\">Corri Wofford<\/div>\n                            <div class=\"person__title\">Director de Asuntos Externos<\/div>\n                                        <\/div>\n<\/div>\n                                        \n<div class=\"person person--card\" id=\"person-979037028\">\n            <div class=\"person__image\">\n                            \n\n\n<img decoding=\"async\"\n  class=\"image\"\n      src=\"https:\/\/www.rtamichigan.org\/app\/uploads\/2025\/05\/Mel-Headshot.jpg\"\n      alt=\"Melanie Piana headshot\"\n    \/>\n\n\n\n\n\n\n                    <\/div>\n        <div class=\"person__content\">\n                                    <div class=\"person__name\">Melanie Piana<\/div>\n                            <div class=\"person__title\">Director del programa<\/div>\n                                        <\/div>\n<\/div>\n                                        \n<div class=\"person person--card\" id=\"person-1172307616\">\n            <div class=\"person__image\">\n                            \n\n\n<img decoding=\"async\"\n  class=\"image\"\n      src=\"https:\/\/www.rtamichigan.org\/app\/uploads\/2025\/05\/Julia-Roberts-Headshot.png\"\n      alt=\"Julia Roberts headshot\"\n    \/>\n\n\n\n\n\n\n                    <\/div>\n        <div class=\"person__content\">\n                                    <div class=\"person__name\">Julia Roberts<\/div>\n                            <div class=\"person__title\">Director de Planificaci\u00f3n e Innovaci\u00f3n<\/div>\n                                        <\/div>\n<\/div>\n                                        \n<div class=\"person person--card\" id=\"person-540792534\">\n            <div class=\"person__image\">\n                            \n\n\n<img decoding=\"async\"\n  class=\"image\"\n      src=\"https:\/\/www.rtamichigan.org\/app\/uploads\/2025\/07\/Rachel-Schmuhl-General-Manager-700x467-1.jpg\"\n      alt=\"Rachel Schmuhl headshot\"\n    \/>\n\n\n\n\n\n\n                    <\/div>\n        <div class=\"person__content\">\n                                    <div class=\"person__name\">Raquel Schmuhl<\/div>\n                            <div class=\"person__title\">Gerente General de QLINE<\/div>\n                                        <\/div>\n<\/div>\n                                        \n<div class=\"person person--card\" id=\"person-765639856\">\n            <div class=\"person__image\">\n                            \n\n\n<img decoding=\"async\"\n  class=\"image\"\n      src=\"https:\/\/www.rtamichigan.org\/app\/uploads\/2025\/07\/Daisa-Mack-RTA-TECHNICAL-PROGRAM-MANAGER-700x467-1.jpg\"\n      alt=\"Dasia Mack headshot\"\n    \/>\n\n\n\n\n\n\n                    <\/div>\n        <div class=\"person__content\">\n                                    <div class=\"person__name\">Dasia Mack<\/div>\n                            <div class=\"person__title\">Gerente Administrativo<\/div>\n                                        <\/div>\n<\/div>\n                                        \n<div class=\"person person--card\" id=\"person-1137895357\">\n            <div class=\"person__image\">\n                            \n\n\n<img decoding=\"async\"\n  class=\"image\"\n      src=\"https:\/\/www.rtamichigan.org\/app\/uploads\/2025\/05\/Isaac-scaled.jpg\"\n      alt=\"Isaac Constans headshot\"\n    \/>\n\n\n\n\n\n\n                    <\/div>\n        <div class=\"person__content\">\n                                    <div class=\"person__name\">Isaac Constante<\/div>\n                            <div class=\"person__title\">Estratega de Comunicaciones<\/div>\n                                        <\/div>\n<\/div>\n                                        \n<div class=\"person person--card\" id=\"person-392384242\">\n            <div class=\"person__image\">\n                            \n\n\n<img decoding=\"async\"\n  class=\"image\"\n      src=\"https:\/\/www.rtamichigan.org\/app\/uploads\/2025\/06\/IMG_6387-scaled-e1750453881355.jpg\"\n      alt=\"Mshadoni Smith-Jackson headshot\"\n    \/>\n\n\n\n\n\n\n                    <\/div>\n        <div class=\"person__content\">\n                                    <div class=\"person__name\">Mshadoni Smith-Jackson<\/div>\n                            <div class=\"person__title\">Gerente de Planificaci\u00f3n de Tr\u00e1nsito<\/div>\n                                        <\/div>\n<\/div>\n                                        \n<div class=\"person person--card\" id=\"person-1179131391\">\n            <div class=\"person__image\">\n                            \n\n\n<img decoding=\"async\"\n  class=\"image\"\n      src=\"https:\/\/www.rtamichigan.org\/app\/uploads\/2025\/10\/Rebecca_Donnelly_Lasecki.jpg\"\n      alt=\"Becky Lasecki headshot\"\n    \/>\n\n\n\n\n\n\n                    <\/div>\n        <div class=\"person__content\">\n                                    <div class=\"person__name\">Becky Lasecki<\/div>\n                            <div class=\"person__title\">Gerente de Adquisiciones y Contratos<\/div>\n                                        <\/div>\n<\/div>\n                                        \n<div class=\"person person--card\" id=\"person-1493597313\">\n            <div class=\"person__image\">\n                            \n\n\n<img decoding=\"async\"\n  class=\"image\"\n      src=\"https:\/\/www.rtamichigan.org\/app\/uploads\/2025\/05\/Kam-Bloye-Headshot.jpg\"\n      alt=\"Kameron Bloye headshot\"\n    \/>\n\n\n\n\n\n\n                    <\/div>\n        <div class=\"person__content\">\n                                    <div class=\"person__name\">Kameron Bloye<\/div>\n                            <div class=\"person__title\">Asociado de Pol\u00edtica de Tr\u00e1nsito<\/div>\n                                        <\/div>\n<\/div>\n                                        \n<div class=\"person person--card\" id=\"person-263007285\">\n            <div class=\"person__image\">\n                            \n\n\n<img decoding=\"async\"\n  class=\"image\"\n      src=\"https:\/\/www.rtamichigan.org\/app\/uploads\/2025\/05\/kristin2.png\"\n      alt=\"Kristin Caffray headshot\"\n    \/>\n\n\n\n\n\n\n                    <\/div>\n        <div class=\"person__content\">\n                                    <div class=\"person__name\">Kristin Caffray<\/div>\n                            <div class=\"person__title\">Asociado de Planificaci\u00f3n e Innovaci\u00f3n<\/div>\n                                        <\/div>\n<\/div>\n                                        \n<div class=\"person person--card\" id=\"person-861963915\">\n            <div class=\"person__image\">\n                            \n\n\n<img decoding=\"async\"\n  class=\"image\"\n      src=\"https:\/\/www.rtamichigan.org\/app\/uploads\/2025\/10\/Jonathan-Shead-Headshot.webp\"\n      alt=\"Jonathan Shead headshot\"\n    \/>\n\n\n\n\n\n\n                    <\/div>\n        <div class=\"person__content\">\n                                    <div class=\"person__name\">Jonathan Shead<\/div>\n                            <div class=\"person__title\">Administrador de Experiencia Digital<\/div>\n                                        <\/div>\n<\/div>\n                                        \n<div class=\"person person--card\" id=\"person-1492209060\">\n            <div class=\"person__image\">\n                            \n\n\n<img decoding=\"async\"\n  class=\"image\"\n      src=\"https:\/\/www.rtamichigan.org\/app\/uploads\/2025\/08\/IMG_7037-1-scaled-e1754510528400.jpg\"\n      alt=\"Drue Bender headshot\"\n    \/>\n\n\n\n\n\n\n                    <\/div>\n        <div class=\"person__content\">\n                                    <div class=\"person__name\">Drue Bender<\/div>\n                            <div class=\"person__title\">Becario de Innovaci\u00f3n en Tr\u00e1nsito - Challenge Detroit<\/div>\n                                        <\/div>\n<\/div>\n    \n<\/div>\n<\/div>\n\n\n                            \n                        \n                        \n        \n    \n\n<div class=\"cta cta--default card__animated-link\">\n    <div class=\"cta__content-wrapper\">\n        <div class=\"cta__content\">\n              \n<h2 class=\"h2\">\n      \u00danete a nuestro equipo\n  <\/h2>\n                    <div class=\"cta__text\"><p style=\"text-align: center;\">\u00bfTe interesa una carrera en la RTA? Necesitamos personas apasionadas en diversas \u00e1reas de planificaci\u00f3n y operaciones del transporte p\u00fablico para ayudarnos a construir un sistema de transporte m\u00e1s s\u00f3lido en el sureste de Michigan.<\/p>\n<p style=\"text-align: center;\">La RTA tambi\u00e9n opera la QLINE. La QLINE publica ofertas de empleo en sus... <a href=\"https:\/\/www.qlinedetroit.com\/about\/\">sitio web<\/a>.<\/p>\n<p>&nbsp;<\/p>\n<\/div>\n                              <div class=\"button-group\">\n            \n\n\n<a\n  href=\"\/es\/careers\/\"\n    class=\"button button--ghost-dark\"\n  \n>\n        Ver ofertas de empleo\n    <\/a>\n          <\/div>\n                  <\/div>\n      <\/div>\n<\/div>","protected":false},"excerpt":{"rendered":"<p>La RTA cuenta con un equipo dedicado de personal a tiempo completo, experto en transporte p\u00fablico. Profesionales con amplia experiencia en transporte p\u00fablico y en el gobierno del sureste de Michigan, gestionan las operaciones diarias de la RTA.<\/p>","protected":false},"author":1,"featured_media":1269,"parent":75,"menu_order":2,"comment_status":"closed","ping_status":"closed","template":"","meta":{"_acf_changed":false,"inline_featured_image":false,"footnotes":""},"class_list":["post-93","page","type-page","status-publish","has-post-thumbnail","hentry"],"acf":[],"yoast_head":"<!-- This site is optimized with the Yoast SEO plugin v24.9 - https:\/\/yoast.com\/wordpress\/plugins\/seo\/ -->\n<title>RTA Staff - RTA of Southeast Michigan<\/title>\n<meta name=\"robots\" content=\"index, follow, max-snippet:-1, max-image-preview:large, max-video-preview:-1\" \/>\n<link rel=\"canonical\" href=\"https:\/\/www.rtamichigan.org\/es\/about-rta\/rta-staff\/\" \/>\n<meta property=\"og:locale\" content=\"es_MX\" \/>\n<meta property=\"og:type\" content=\"article\" \/>\n<meta property=\"og:title\" content=\"RTA Staff - RTA of Southeast Michigan\" \/>\n<meta property=\"og:description\" content=\"The RTA has a dedicated team of full-time staff who are transit subject matter experts. Experienced transit and Southeast Michigan government professionals, they administer the day-to-day operation of the RTA.\" \/>\n<meta property=\"og:url\" content=\"https:\/\/www.rtamichigan.org\/es\/about-rta\/rta-staff\/\" \/>\n<meta property=\"og:site_name\" content=\"RTA of Southeast Michigan\" \/>\n<meta property=\"article:publisher\" content=\"https:\/\/www.facebook.com\/rtamichigan\/\" \/>\n<meta property=\"article:modified_time\" content=\"2025-07-17T15:27:17+00:00\" \/>\n<meta property=\"og:image\" content=\"http:\/\/www.rtamichigan.org\/app\/uploads\/2025\/06\/pexels-photo-808846-2-e1752765852247.jpg\" \/>\n\t<meta property=\"og:image:width\" content=\"940\" \/>\n\t<meta property=\"og:image:height\" content=\"164\" \/>\n\t<meta property=\"og:image:type\" content=\"image\/jpeg\" \/>\n<meta name=\"twitter:card\" content=\"summary_large_image\" \/>\n<meta name=\"twitter:site\" content=\"@rtamichigan\" \/>\n<meta name=\"twitter:label1\" content=\"Est. reading time\" \/>\n\t<meta name=\"twitter:data1\" content=\"1 minute\" \/>\n<script type=\"application\/ld+json\" class=\"yoast-schema-graph\">{\"@context\":\"https:\/\/schema.org\",\"@graph\":[{\"@type\":\"WebPage\",\"@id\":\"https:\/\/www.rtamichigan.org\/about-rta\/rta-staff\",\"url\":\"https:\/\/www.rtamichigan.org\/about-rta\/rta-staff\",\"name\":\"RTA Staff - RTA of Southeast Michigan\",\"isPartOf\":{\"@id\":\"https:\/\/www.rtamichigan.org\/#website\"},\"primaryImageOfPage\":{\"@id\":\"https:\/\/www.rtamichigan.org\/about-rta\/rta-staff#primaryimage\"},\"image\":{\"@id\":\"https:\/\/www.rtamichigan.org\/about-rta\/rta-staff#primaryimage\"},\"thumbnailUrl\":\"https:\/\/www.rtamichigan.org\/app\/uploads\/2025\/06\/pexels-photo-808846-2-e1752765852247.jpg\",\"datePublished\":\"2025-04-08T17:49:02+00:00\",\"dateModified\":\"2025-07-17T15:27:17+00:00\",\"breadcrumb\":{\"@id\":\"https:\/\/www.rtamichigan.org\/about-rta\/rta-staff#breadcrumb\"},\"inLanguage\":\"es-MX\",\"potentialAction\":[{\"@type\":\"ReadAction\",\"target\":[\"https:\/\/www.rtamichigan.org\/about-rta\/rta-staff\"]}]},{\"@type\":\"ImageObject\",\"inLanguage\":\"es-MX\",\"@id\":\"https:\/\/www.rtamichigan.org\/about-rta\/rta-staff#primaryimage\",\"url\":\"https:\/\/www.rtamichigan.org\/app\/uploads\/2025\/06\/pexels-photo-808846-2-e1752765852247.jpg\",\"contentUrl\":\"https:\/\/www.rtamichigan.org\/app\/uploads\/2025\/06\/pexels-photo-808846-2-e1752765852247.jpg\",\"width\":940,\"height\":164,\"caption\":\"The inside of a bus\"},{\"@type\":\"BreadcrumbList\",\"@id\":\"https:\/\/www.rtamichigan.org\/about-rta\/rta-staff#breadcrumb\",\"itemListElement\":[{\"@type\":\"ListItem\",\"position\":1,\"name\":\"Home\",\"item\":\"https:\/\/www.rtamichigan.org\/\"},{\"@type\":\"ListItem\",\"position\":2,\"name\":\"About RTA\",\"item\":\"https:\/\/www.rtamichigan.org\/about-rta\"},{\"@type\":\"ListItem\",\"position\":3,\"name\":\"RTA Staff\"}]},{\"@type\":\"WebSite\",\"@id\":\"https:\/\/www.rtamichigan.org\/#website\",\"url\":\"https:\/\/www.rtamichigan.org\/\",\"name\":\"RTA of Southeast Michigan\",\"description\":\"Get on Board!\",\"potentialAction\":[{\"@type\":\"SearchAction\",\"target\":{\"@type\":\"EntryPoint\",\"urlTemplate\":\"https:\/\/www.rtamichigan.org\/?s={search_term_string}\"},\"query-input\":{\"@type\":\"PropertyValueSpecification\",\"valueRequired\":true,\"valueName\":\"search_term_string\"}}],\"inLanguage\":\"es-MX\"}]}<\/script>\n<!-- \/ Yoast SEO plugin. -->","yoast_head_json":{"title":"Personal de RTA - RTA del sureste de Michigan","robots":{"index":"index","follow":"follow","max-snippet":"max-snippet:-1","max-image-preview":"max-image-preview:large","max-video-preview":"max-video-preview:-1"},"canonical":"https:\/\/www.rtamichigan.org\/es\/about-rta\/rta-staff\/","og_locale":"es_MX","og_type":"article","og_title":"RTA Staff - RTA of Southeast Michigan","og_description":"The RTA has a dedicated team of full-time staff who are transit subject matter experts. Experienced transit and Southeast Michigan government professionals, they administer the day-to-day operation of the RTA.","og_url":"https:\/\/www.rtamichigan.org\/es\/about-rta\/rta-staff\/","og_site_name":"RTA of Southeast Michigan","article_publisher":"https:\/\/www.facebook.com\/rtamichigan\/","article_modified_time":"2025-07-17T15:27:17+00:00","og_image":[{"width":940,"height":164,"url":"http:\/\/www.rtamichigan.org\/app\/uploads\/2025\/06\/pexels-photo-808846-2-e1752765852247.jpg","type":"image\/jpeg"}],"twitter_card":"summary_large_image","twitter_site":"@rtamichigan","twitter_misc":{"Est. reading time":"1 minute"},"schema":{"@context":"https:\/\/schema.org","@graph":[{"@type":"WebPage","@id":"https:\/\/www.rtamichigan.org\/about-rta\/rta-staff","url":"https:\/\/www.rtamichigan.org\/about-rta\/rta-staff","name":"Personal de RTA - RTA del sureste de Michigan","isPartOf":{"@id":"https:\/\/www.rtamichigan.org\/#website"},"primaryImageOfPage":{"@id":"https:\/\/www.rtamichigan.org\/about-rta\/rta-staff#primaryimage"},"image":{"@id":"https:\/\/www.rtamichigan.org\/about-rta\/rta-staff#primaryimage"},"thumbnailUrl":"https:\/\/www.rtamichigan.org\/app\/uploads\/2025\/06\/pexels-photo-808846-2-e1752765852247.jpg","datePublished":"2025-04-08T17:49:02+00:00","dateModified":"2025-07-17T15:27:17+00:00","breadcrumb":{"@id":"https:\/\/www.rtamichigan.org\/about-rta\/rta-staff#breadcrumb"},"inLanguage":"es-MX","potentialAction":[{"@type":"ReadAction","target":["https:\/\/www.rtamichigan.org\/about-rta\/rta-staff"]}]},{"@type":"ImageObject","inLanguage":"es-MX","@id":"https:\/\/www.rtamichigan.org\/about-rta\/rta-staff#primaryimage","url":"https:\/\/www.rtamichigan.org\/app\/uploads\/2025\/06\/pexels-photo-808846-2-e1752765852247.jpg","contentUrl":"https:\/\/www.rtamichigan.org\/app\/uploads\/2025\/06\/pexels-photo-808846-2-e1752765852247.jpg","width":940,"height":164,"caption":"The inside of a bus"},{"@type":"BreadcrumbList","@id":"https:\/\/www.rtamichigan.org\/about-rta\/rta-staff#breadcrumb","itemListElement":[{"@type":"ListItem","position":1,"name":"Home","item":"https:\/\/www.rtamichigan.org\/"},{"@type":"ListItem","position":2,"name":"About RTA","item":"https:\/\/www.rtamichigan.org\/about-rta"},{"@type":"ListItem","position":3,"name":"RTA Staff"}]},{"@type":"WebSite","@id":"https:\/\/www.rtamichigan.org\/#website","url":"https:\/\/www.rtamichigan.org\/","name":"RTA del sureste de Michigan","description":"\u00a1Sube a bordo!","potentialAction":[{"@type":"SearchAction","target":{"@type":"EntryPoint","urlTemplate":"https:\/\/www.rtamichigan.org\/?s={search_term_string}"},"query-input":{"@type":"PropertyValueSpecification","valueRequired":true,"valueName":"search_term_string"}}],"inLanguage":"es-MX"}]}},"publishpress_future_action":{"enabled":false,"date":"2026-04-28 10:11:11","action":"change-status","newStatus":"draft","terms":[],"taxonomy":"","extraData":[]},"publishpress_future_workflow_manual_trigger":{"enabledWorkflows":[]},"_links":{"self":[{"href":"https:\/\/www.rtamichigan.org\/es\/wp-json\/wp\/v2\/pages\/93","targetHints":{"allow":["GET"]}}],"collection":[{"href":"https:\/\/www.rtamichigan.org\/es\/wp-json\/wp\/v2\/pages"}],"about":[{"href":"https:\/\/www.rtamichigan.org\/es\/wp-json\/wp\/v2\/types\/page"}],"author":[{"embeddable":true,"href":"https:\/\/www.rtamichigan.org\/es\/wp-json\/wp\/v2\/users\/1"}],"replies":[{"embeddable":true,"href":"https:\/\/www.rtamichigan.org\/es\/wp-json\/wp\/v2\/comments?post=93"}],"version-history":[{"count":9,"href":"https:\/\/www.rtamichigan.org\/es\/wp-json\/wp\/v2\/pages\/93\/revisions"}],"predecessor-version":[{"id":1637,"href":"https:\/\/www.rtamichigan.org\/es\/wp-json\/wp\/v2\/pages\/93\/revisions\/1637"}],"up":[{"embeddable":true,"href":"https:\/\/www.rtamichigan.org\/es\/wp-json\/wp\/v2\/pages\/75"}],"wp:featuredmedia":[{"embeddable":true,"href":"https:\/\/www.rtamichigan.org\/es\/wp-json\/wp\/v2\/media\/1269"}],"wp:attachment":[{"href":"https:\/\/www.rtamichigan.org\/es\/wp-json\/wp\/v2\/media?parent=93"}],"curies":[{"name":"gracias","href":"https:\/\/api.w.org\/{rel}","templated":true}]}}