{"id":84,"date":"2025-04-08T17:46:45","date_gmt":"2025-04-08T17:46:45","guid":{"rendered":"https:\/\/rta-semi.ddev.site\/?page_id=84"},"modified":"2025-07-18T15:56:22","modified_gmt":"2025-07-18T20:56:22","slug":"rta-partners","status":"publish","type":"page","link":"https:\/\/www.rtamichigan.org\/es\/transit-services\/rta-partners","title":{"rendered":"Socios de RTA"},"content":{"rendered":"<div class=\"wp-block-media-text is-stacked-on-mobile\"><figure class=\"wp-block-media-text__media\"><img loading=\"lazy\" decoding=\"async\" width=\"381\" height=\"267\" src=\"https:\/\/www.rtamichigan.org\/app\/uploads\/2025\/05\/aata-the-ride.png\" alt=\"The Ride logo\" class=\"wp-image-437 size-full\" srcset=\"https:\/\/www.rtamichigan.org\/app\/uploads\/2025\/05\/aata-the-ride.png 381w, https:\/\/www.rtamichigan.org\/app\/uploads\/2025\/05\/aata-the-ride-300x210.png 300w, https:\/\/www.rtamichigan.org\/app\/uploads\/2025\/05\/aata-the-ride-18x12.png 18w\" sizes=\"auto, (max-width: 381px) 100vw, 381px\" \/><\/figure><div class=\"wp-block-media-text__content\">\n<h2 class=\"wp-block-heading\">Autoridad de Transporte del \u00c1rea de Ann Arbor (TheRide)<\/h2>\n\n\n\n<p>TheRide, que presta servicios en el \u00e1rea de Ann Arbor e Ypsilanti, ofrece servicio de autob\u00fas local, rutas de cercan\u00edas, paratr\u00e1nsito y servicios especializados para ayudar a todos a llegar a donde necesitan ir dentro del condado de Washtenaw.<\/p>\n\n\n\n\n    \n\n    \n\n\n<a\n  href=\"\/es\/rta-news\/transit-service\/ann-arbor-area-transportation-authority-theride\/\"\n  target=\"_self\"  class=\"button button--default\"\n  \n>\n        M\u00e1s informaci\u00f3n\n    <\/a>\n<\/div><\/div>\n\n\n\n<div class=\"wp-block-media-text is-stacked-on-mobile\"><figure class=\"wp-block-media-text__media\"><img loading=\"lazy\" decoding=\"async\" width=\"381\" height=\"267\" src=\"https:\/\/www.rtamichigan.org\/app\/uploads\/2025\/05\/DDOT.png\" alt=\"D Dot Logo\" class=\"wp-image-440 size-full\" srcset=\"https:\/\/www.rtamichigan.org\/app\/uploads\/2025\/05\/DDOT.png 381w, https:\/\/www.rtamichigan.org\/app\/uploads\/2025\/05\/DDOT-300x210.png 300w, https:\/\/www.rtamichigan.org\/app\/uploads\/2025\/05\/DDOT-18x12.png 18w\" sizes=\"auto, (max-width: 381px) 100vw, 381px\" \/><\/figure><div class=\"wp-block-media-text__content\">\n<h2 class=\"wp-block-heading\">Departamento de Transporte de Detroit (DDOT)<\/h2>\n\n\n\n<p>El DDOT opera una extensa red de autobuses en toda la ciudad de Detroit, conectando los barrios con empleos, escuelas, centros comerciales y proveedores de transporte regional. El DDOT es una parte esencial de la vida diaria de miles de habitantes de Detroit.<\/p>\n\n\n\n\n    \n\n    \n\n\n<a\n  href=\"\/es\/rta-news\/transit-service\/detroit-department-of-transportation-ddot\/\"\n  target=\"_self\"  class=\"button button--default\"\n  \n>\n        M\u00e1s informaci\u00f3n\n    <\/a>\n<\/div><\/div>\n\n\n\n<div class=\"wp-block-media-text is-stacked-on-mobile\"><figure class=\"wp-block-media-text__media\"><img loading=\"lazy\" decoding=\"async\" width=\"588\" height=\"411\" src=\"https:\/\/www.rtamichigan.org\/app\/uploads\/2025\/05\/people-mover.jpg\" alt=\"\" class=\"wp-image-486 size-full\" srcset=\"https:\/\/www.rtamichigan.org\/app\/uploads\/2025\/05\/people-mover.jpg 588w, https:\/\/www.rtamichigan.org\/app\/uploads\/2025\/05\/people-mover-300x210.jpg 300w, https:\/\/www.rtamichigan.org\/app\/uploads\/2025\/05\/people-mover-18x12.jpg 18w\" sizes=\"auto, (max-width: 588px) 100vw, 588px\" \/><\/figure><div class=\"wp-block-media-text__content\">\n<h2 class=\"wp-block-heading\">Transporte de personas de Detroit<\/h2>\n\n\n\n<p>El Detroit People Mover es un tren elevado totalmente automatizado que recorre los principales destinos del centro de Detroit. Es una forma r\u00e1pida y gratuita de viajar entre oficinas, salas de eventos, restaurantes y otras atracciones del centro, especialmente durante eventos de gran envergadura.<\/p>\n\n\n\n\n    \n\n    \n\n\n<a\n  href=\"\/es\/rta-news\/transit-service\/detroit-people-mover\/\"\n  target=\"_self\"  class=\"button button--default\"\n  \n>\n        M\u00e1s informaci\u00f3n\n    <\/a>\n<\/div><\/div>\n\n\n\n<div class=\"wp-block-media-text is-stacked-on-mobile\"><figure class=\"wp-block-media-text__media\"><img loading=\"lazy\" decoding=\"async\" width=\"381\" height=\"267\" src=\"https:\/\/www.rtamichigan.org\/app\/uploads\/2025\/05\/MOGO.png\" alt=\"MOGO logo\" class=\"wp-image-441 size-full\" srcset=\"https:\/\/www.rtamichigan.org\/app\/uploads\/2025\/05\/MOGO.png 381w, https:\/\/www.rtamichigan.org\/app\/uploads\/2025\/05\/MOGO-300x210.png 300w, https:\/\/www.rtamichigan.org\/app\/uploads\/2025\/05\/MOGO-18x12.png 18w\" sizes=\"auto, (max-width: 381px) 100vw, 381px\" \/><\/figure><div class=\"wp-block-media-text__content\">\n<h2 class=\"wp-block-heading\">MoGo<\/h2>\n\n\n\n<p>MoGo es el sistema de bicicletas compartidas de Detroit, que ofrece una forma c\u00f3moda de desplazarse por la ciudad. Con estaciones en Detroit, Ferndale, Royal Oak, Oak Park y m\u00e1s all\u00e1, los usuarios pueden elegir entre bicicletas cl\u00e1sicas o bicicletas el\u00e9ctricas con pedaleo asistido para trayectos cortos o desplazamientos diarios.<\/p>\n\n\n\n\n    \n\n    \n\n\n<a\n  href=\"\/es\/rta-news\/transit-service\/mogo\/\"\n  target=\"_self\"  class=\"button button--default\"\n  \n>\n        M\u00e1s informaci\u00f3n\n    <\/a>\n<\/div><\/div>\n\n\n\n<div class=\"wp-block-media-text is-stacked-on-mobile\"><figure class=\"wp-block-media-text__media\"><img loading=\"lazy\" decoding=\"async\" width=\"381\" height=\"267\" src=\"https:\/\/www.rtamichigan.org\/app\/uploads\/2025\/05\/SMART.png\" alt=\"SMART logo\" class=\"wp-image-436 size-full\" srcset=\"https:\/\/www.rtamichigan.org\/app\/uploads\/2025\/05\/SMART.png 381w, https:\/\/www.rtamichigan.org\/app\/uploads\/2025\/05\/SMART-300x210.png 300w, https:\/\/www.rtamichigan.org\/app\/uploads\/2025\/05\/SMART-18x12.png 18w\" sizes=\"auto, (max-width: 381px) 100vw, 381px\" \/><\/figure><div class=\"wp-block-media-text__content\">\n<h2 class=\"wp-block-heading\">Autoridad de Movilidad Suburbana para el Transporte Regional (SMART)<\/h2>\n\n\n\n<p>SMART conecta a personas de los condados de Macomb, Oakland y Wayne con una red de autobuses de ruta fija, servicios de acera a acera y opciones de paratr\u00e1nsito ADA.<\/p>\n\n\n\n\n    \n\n    \n\n\n<a\n  href=\"\/es\/rta-news\/transit-service\/suburban-mobility-authority-for-regional-transportation-smart\/\"\n  target=\"_self\"  class=\"button button--default\"\n  \n>\n        M\u00e1s informaci\u00f3n\n    <\/a>\n<\/div><\/div>","protected":false},"excerpt":{"rendered":"","protected":false},"author":1,"featured_media":979,"parent":76,"menu_order":6,"comment_status":"closed","ping_status":"closed","template":"","meta":{"_acf_changed":false,"inline_featured_image":false,"footnotes":""},"class_list":["post-84","page","type-page","status-publish","has-post-thumbnail","hentry"],"acf":[],"yoast_head":"<!-- This site is optimized with the Yoast SEO plugin v24.9 - https:\/\/yoast.com\/wordpress\/plugins\/seo\/ -->\n<title>RTA Partners - RTA of Southeast Michigan<\/title>\n<meta name=\"robots\" content=\"index, follow, max-snippet:-1, max-image-preview:large, max-video-preview:-1\" \/>\n<link rel=\"canonical\" href=\"https:\/\/www.rtamichigan.org\/es\/transit-services\/rta-partners\/\" \/>\n<meta property=\"og:locale\" content=\"es_MX\" \/>\n<meta property=\"og:type\" content=\"article\" \/>\n<meta property=\"og:title\" content=\"RTA Partners - RTA of Southeast Michigan\" \/>\n<meta property=\"og:url\" content=\"https:\/\/www.rtamichigan.org\/es\/transit-services\/rta-partners\/\" \/>\n<meta property=\"og:site_name\" content=\"RTA of Southeast Michigan\" \/>\n<meta property=\"article:publisher\" content=\"https:\/\/www.facebook.com\/rtamichigan\/\" \/>\n<meta property=\"article:modified_time\" content=\"2025-07-18T20:56:22+00:00\" \/>\n<meta property=\"og:image\" content=\"http:\/\/www.rtamichigan.org\/app\/uploads\/2025\/05\/RTA-Web-Banner-Images-scaled.png\" \/>\n\t<meta property=\"og:image:width\" content=\"2560\" \/>\n\t<meta property=\"og:image:height\" content=\"512\" \/>\n\t<meta property=\"og:image:type\" content=\"image\/png\" \/>\n<meta name=\"twitter:card\" content=\"summary_large_image\" \/>\n<meta name=\"twitter:site\" content=\"@rtamichigan\" \/>\n<meta name=\"twitter:label1\" content=\"Est. reading time\" \/>\n\t<meta name=\"twitter:data1\" content=\"3 minutes\" \/>\n<script type=\"application\/ld+json\" class=\"yoast-schema-graph\">{\"@context\":\"https:\/\/schema.org\",\"@graph\":[{\"@type\":\"WebPage\",\"@id\":\"https:\/\/www.rtamichigan.org\/transit-services\/rta-partners\",\"url\":\"https:\/\/www.rtamichigan.org\/transit-services\/rta-partners\",\"name\":\"RTA Partners - RTA of Southeast Michigan\",\"isPartOf\":{\"@id\":\"https:\/\/www.rtamichigan.org\/#website\"},\"primaryImageOfPage\":{\"@id\":\"https:\/\/www.rtamichigan.org\/transit-services\/rta-partners#primaryimage\"},\"image\":{\"@id\":\"https:\/\/www.rtamichigan.org\/transit-services\/rta-partners#primaryimage\"},\"thumbnailUrl\":\"https:\/\/www.rtamichigan.org\/app\/uploads\/2025\/05\/RTA-Web-Banner-Images-scaled.png\",\"datePublished\":\"2025-04-08T17:46:45+00:00\",\"dateModified\":\"2025-07-18T20:56:22+00:00\",\"breadcrumb\":{\"@id\":\"https:\/\/www.rtamichigan.org\/transit-services\/rta-partners#breadcrumb\"},\"inLanguage\":\"es-MX\",\"potentialAction\":[{\"@type\":\"ReadAction\",\"target\":[\"https:\/\/www.rtamichigan.org\/transit-services\/rta-partners\"]}]},{\"@type\":\"ImageObject\",\"inLanguage\":\"es-MX\",\"@id\":\"https:\/\/www.rtamichigan.org\/transit-services\/rta-partners#primaryimage\",\"url\":\"https:\/\/www.rtamichigan.org\/app\/uploads\/2025\/05\/RTA-Web-Banner-Images-scaled.png\",\"contentUrl\":\"https:\/\/www.rtamichigan.org\/app\/uploads\/2025\/05\/RTA-Web-Banner-Images-scaled.png\",\"width\":2560,\"height\":512,\"caption\":\"A collage of images showing different means of transportation\"},{\"@type\":\"BreadcrumbList\",\"@id\":\"https:\/\/www.rtamichigan.org\/transit-services\/rta-partners#breadcrumb\",\"itemListElement\":[{\"@type\":\"ListItem\",\"position\":1,\"name\":\"Home\",\"item\":\"https:\/\/www.rtamichigan.org\/\"},{\"@type\":\"ListItem\",\"position\":2,\"name\":\"Transit Services\",\"item\":\"https:\/\/www.rtamichigan.org\/transit-services\"},{\"@type\":\"ListItem\",\"position\":3,\"name\":\"RTA Partners\"}]},{\"@type\":\"WebSite\",\"@id\":\"https:\/\/www.rtamichigan.org\/#website\",\"url\":\"https:\/\/www.rtamichigan.org\/\",\"name\":\"RTA of Southeast Michigan\",\"description\":\"Get on Board!\",\"potentialAction\":[{\"@type\":\"SearchAction\",\"target\":{\"@type\":\"EntryPoint\",\"urlTemplate\":\"https:\/\/www.rtamichigan.org\/?s={search_term_string}\"},\"query-input\":{\"@type\":\"PropertyValueSpecification\",\"valueRequired\":true,\"valueName\":\"search_term_string\"}}],\"inLanguage\":\"es-MX\"}]}<\/script>\n<!-- \/ Yoast SEO plugin. -->","yoast_head_json":{"title":"RTA Partners - RTA of Southeast Michigan","robots":{"index":"index","follow":"follow","max-snippet":"max-snippet:-1","max-image-preview":"max-image-preview:large","max-video-preview":"max-video-preview:-1"},"canonical":"https:\/\/www.rtamichigan.org\/es\/transit-services\/rta-partners\/","og_locale":"es_MX","og_type":"article","og_title":"RTA Partners - RTA of Southeast Michigan","og_url":"https:\/\/www.rtamichigan.org\/es\/transit-services\/rta-partners\/","og_site_name":"RTA of Southeast Michigan","article_publisher":"https:\/\/www.facebook.com\/rtamichigan\/","article_modified_time":"2025-07-18T20:56:22+00:00","og_image":[{"width":2560,"height":512,"url":"http:\/\/www.rtamichigan.org\/app\/uploads\/2025\/05\/RTA-Web-Banner-Images-scaled.png","type":"image\/png"}],"twitter_card":"summary_large_image","twitter_site":"@rtamichigan","twitter_misc":{"Est. reading time":"3 minutes"},"schema":{"@context":"https:\/\/schema.org","@graph":[{"@type":"WebPage","@id":"https:\/\/www.rtamichigan.org\/transit-services\/rta-partners","url":"https:\/\/www.rtamichigan.org\/transit-services\/rta-partners","name":"RTA Partners - RTA of Southeast Michigan","isPartOf":{"@id":"https:\/\/www.rtamichigan.org\/#website"},"primaryImageOfPage":{"@id":"https:\/\/www.rtamichigan.org\/transit-services\/rta-partners#primaryimage"},"image":{"@id":"https:\/\/www.rtamichigan.org\/transit-services\/rta-partners#primaryimage"},"thumbnailUrl":"https:\/\/www.rtamichigan.org\/app\/uploads\/2025\/05\/RTA-Web-Banner-Images-scaled.png","datePublished":"2025-04-08T17:46:45+00:00","dateModified":"2025-07-18T20:56:22+00:00","breadcrumb":{"@id":"https:\/\/www.rtamichigan.org\/transit-services\/rta-partners#breadcrumb"},"inLanguage":"es-MX","potentialAction":[{"@type":"ReadAction","target":["https:\/\/www.rtamichigan.org\/transit-services\/rta-partners"]}]},{"@type":"ImageObject","inLanguage":"es-MX","@id":"https:\/\/www.rtamichigan.org\/transit-services\/rta-partners#primaryimage","url":"https:\/\/www.rtamichigan.org\/app\/uploads\/2025\/05\/RTA-Web-Banner-Images-scaled.png","contentUrl":"https:\/\/www.rtamichigan.org\/app\/uploads\/2025\/05\/RTA-Web-Banner-Images-scaled.png","width":2560,"height":512,"caption":"A collage of images showing different means of transportation"},{"@type":"BreadcrumbList","@id":"https:\/\/www.rtamichigan.org\/transit-services\/rta-partners#breadcrumb","itemListElement":[{"@type":"ListItem","position":1,"name":"Home","item":"https:\/\/www.rtamichigan.org\/"},{"@type":"ListItem","position":2,"name":"Transit Services","item":"https:\/\/www.rtamichigan.org\/transit-services"},{"@type":"ListItem","position":3,"name":"RTA Partners"}]},{"@type":"WebSite","@id":"https:\/\/www.rtamichigan.org\/#website","url":"https:\/\/www.rtamichigan.org\/","name":"RTA del sureste de Michigan","description":"\u00a1Sube a bordo!","potentialAction":[{"@type":"SearchAction","target":{"@type":"EntryPoint","urlTemplate":"https:\/\/www.rtamichigan.org\/?s={search_term_string}"},"query-input":{"@type":"PropertyValueSpecification","valueRequired":true,"valueName":"search_term_string"}}],"inLanguage":"es-MX"}]}},"publishpress_future_action":{"enabled":false,"date":"2026-04-16 00:08:24","action":"change-status","newStatus":"draft","terms":[],"taxonomy":"","extraData":[]},"publishpress_future_workflow_manual_trigger":{"enabledWorkflows":[]},"_links":{"self":[{"href":"https:\/\/www.rtamichigan.org\/es\/wp-json\/wp\/v2\/pages\/84","targetHints":{"allow":["GET"]}}],"collection":[{"href":"https:\/\/www.rtamichigan.org\/es\/wp-json\/wp\/v2\/pages"}],"about":[{"href":"https:\/\/www.rtamichigan.org\/es\/wp-json\/wp\/v2\/types\/page"}],"author":[{"embeddable":true,"href":"https:\/\/www.rtamichigan.org\/es\/wp-json\/wp\/v2\/users\/1"}],"replies":[{"embeddable":true,"href":"https:\/\/www.rtamichigan.org\/es\/wp-json\/wp\/v2\/comments?post=84"}],"version-history":[{"count":16,"href":"https:\/\/www.rtamichigan.org\/es\/wp-json\/wp\/v2\/pages\/84\/revisions"}],"predecessor-version":[{"id":2254,"href":"https:\/\/www.rtamichigan.org\/es\/wp-json\/wp\/v2\/pages\/84\/revisions\/2254"}],"up":[{"embeddable":true,"href":"https:\/\/www.rtamichigan.org\/es\/wp-json\/wp\/v2\/pages\/76"}],"wp:featuredmedia":[{"embeddable":true,"href":"https:\/\/www.rtamichigan.org\/es\/wp-json\/wp\/v2\/media\/979"}],"wp:attachment":[{"href":"https:\/\/www.rtamichigan.org\/es\/wp-json\/wp\/v2\/media?parent=84"}],"curies":[{"name":"gracias","href":"https:\/\/api.w.org\/{rel}","templated":true}]}}