{"id":78,"date":"2025-04-08T17:46:32","date_gmt":"2025-04-08T17:46:32","guid":{"rendered":"https:\/\/rta-semi.ddev.site\/?page_id=78"},"modified":"2025-07-21T17:41:12","modified_gmt":"2025-07-21T22:41:12","slug":"planning-policy-programs","status":"publish","type":"page","link":"https:\/\/www.rtamichigan.org\/es\/planning-policy-programs","title":{"rendered":"Planificaci\u00f3n, pol\u00edticas y programas"},"content":{"rendered":"<div class=\"cta cta--two-column card__animated-link\">\n    <div class=\"cta__content-wrapper\">\n          <div class=\"cta__image\">\n                  \n\n\n<img decoding=\"async\"\n  class=\"image\"\n      src=\"https:\/\/www.rtamichigan.org\/app\/uploads\/2025\/05\/map.png\"\n      alt=\"Map of Michigan showing transportation routes\"\n    \/>\n\n\n\n\n\n\n              <\/div>\n        <div class=\"cta__content\">\n              \n<h2 class=\"h2\">\n      Plan maestro\n  <\/h2>\n                    <div class=\"cta__text\"><p>El Plan Maestro de Tr\u00e1nsito Regional (RTMP) es una gu\u00eda esencial para la agencia, ya que proporciona una hoja de ruta realista y una visi\u00f3n unificada para el progreso del transporte p\u00fablico en el sureste de Michigan. Consulte las actualizaciones anuales junto con los aspectos destacados del plan:<\/p>\n<\/div>\n                              <div class=\"button-group\">\n            \n\n\n<a\n  href=\"\/es\/planning-policy-programs\/master-plan\/\"\n    class=\"button button--default\"\n  \n>\n        Plan Maestro de la RTA\n    <\/a>\n          <\/div>\n                  <\/div>\n      <\/div>\n<\/div>\n\n\n<p>El RTMP es la base de todos los programas piloto de la agencia. Obtenga m\u00e1s informaci\u00f3n sobre ellos a continuaci\u00f3n. <\/p>\n\n\n\n<hr class=\"wp-block-separator has-alpha-channel-opacity\"\/>\n\n\n\n<div class=\"wp-block-columns is-layout-flex wp-container-core-columns-is-layout-9d6595d7 wp-block-columns-is-layout-flex\">\n<div class=\"wp-block-column is-layout-flow wp-block-column-is-layout-flow\">                            \n                        \n                        \n        \n    \n\n<div class=\"cta cta--default card__animated-link\">\n    <div class=\"cta__content-wrapper\">\n        <div class=\"cta__content\">\n              \n<h2 class=\"h2\">\n      Movilidad para todos\n  <\/h2>\n                    <div class=\"cta__text\"><p>El transporte es una puerta de entrada a las oportunidades. El programa Movilidad para Todos (M4A) es una iniciativa regional para mejorar el transporte p\u00fablico, centr\u00e1ndose en personas con discapacidad, adultos mayores y personas con ingresos limitados. Este programa busca garantizar que todas las personas tengan acceso a servicios de transporte seguros, confiables y asequibles para llegar a sus destinos en la regi\u00f3n de los cuatro condados.<\/p>\n<\/div>\n                              <div class=\"button-group\">\n            \n\n\n<a\n  href=\"\/es\/planning-policy-programs\/mobility-4-all-m4a\/\"\n    class=\"button button--ghost-dark\"\n  \n>\n        Movilidad para todos\n    <\/a>\n          <\/div>\n                  <\/div>\n      <\/div>\n<\/div><\/div>\n\n\n\n<div class=\"wp-block-column is-layout-flow wp-block-column-is-layout-flow\">                            \n                        \n                        \n        \n    \n\n<div class=\"cta cta--default card__animated-link\">\n    <div class=\"cta__content-wrapper\">\n        <div class=\"cta__content\">\n              \n<h2 class=\"h2\">\n      Subvenciones M4A\n  <\/h2>\n                    <div class=\"cta__text\"><p>Las subvenciones M4A apoyan iniciativas enfocadas en mejorar o ampliar los servicios de transporte y el acceso para personas mayores y personas con discapacidad. Proveedores de transporte p\u00fablico, entidades gubernamentales y organizaciones sin fines de lucro solicitan financiaci\u00f3n a la RTA. Los proyectos deben cumplir con los requisitos de la solicitud. La financiaci\u00f3n se distribuye mediante un proceso competitivo de subvenciones.<\/p>\n<\/div>\n                              <div class=\"button-group\">\n            \n\n\n<a\n  href=\"\/es\/planning-policy-programs\/m4a-grants\/\"\n    class=\"button button--ghost-dark\"\n  \n>\n        Subvenciones M4A\n    <\/a>\n          <\/div>\n                  <\/div>\n      <\/div>\n<\/div><\/div>\n<\/div>\n\n\n                            \n                        \n                        \n        \n    \n\n<div class=\"cta cta--two-column card__animated-link\">\n    <div class=\"cta__content-wrapper\">\n          <div class=\"cta__image\">\n                  \n\n\n<img decoding=\"async\"\n  class=\"image\"\n      src=\"https:\/\/www.rtamichigan.org\/app\/uploads\/2025\/06\/481055692_1040933668069682_6105771788956017558_n.jpg\"\n    \/>\n\n\n\n\n\n\n              <\/div>\n        <div class=\"cta__content\">\n              \n<h2 class=\"h2\">\n      Pasillos\n  <\/h2>\n                    <div class=\"cta__text\"><p>El sureste de Michigan se define por las l\u00edneas definidas y los nombres reconocibles de nuestros principales corredores: Woodward, Michigan, Gratiot, Grand River, Washtenaw y muchos otros. Conozca los corredores y la visi\u00f3n de la RTA para el futuro de nuestras calles:<\/p>\n<\/div>\n                              <div class=\"button-group\">\n            \n\n\n<a\n  href=\"\/es\/planning-policy-programs\/corridors\/\"\n    class=\"button button--default\"\n  \n>\n        Corredores RTA\n    <\/a>\n          <\/div>\n                  <\/div>\n      <\/div>\n<\/div>\n\n                            \n                        \n                        \n        \n    \n\n<div class=\"cta cta--two-column card__animated-link\">\n    <div class=\"cta__content-wrapper\">\n          <div class=\"cta__image\">\n                  \n\n\n<img decoding=\"async\"\n  class=\"image\"\n      src=\"https:\/\/www.rtamichigan.org\/app\/uploads\/2025\/05\/planningprograms.png\"\n      alt=\"people planning pointing at paperwork with charts\"\n    \/>\n\n\n\n\n\n\n              <\/div>\n        <div class=\"cta__content\">\n              \n<h2 class=\"h2\">\n      Pol\u00edtica e investigaci\u00f3n\n  <\/h2>\n                    <div class=\"cta__text\"><p>La visi\u00f3n pol\u00edtica de la RTA es el resultado de una investigaci\u00f3n dirigida y gestionada por la RTA a lo largo de una d\u00e9cada. Informes como el Informe de Movilidad Laboral de Detroit y el Estudio de Desarrollo Orientado a la Movilidad est\u00e1n disponibles en esta p\u00e1gina:<\/p>\n<\/div>\n                              <div class=\"button-group\">\n            \n\n\n<a\n  href=\"\/es\/planning-policy-programs\/policy-research\/\"\n    class=\"button button--default\"\n  \n>\n        Informes de investigaci\u00f3n y pol\u00edticas de RTA\n    <\/a>\n          <\/div>\n                  <\/div>\n      <\/div>\n<\/div>\n\n                            \n                        \n                        \n        \n    \n\n<div class=\"cta cta--two-column card__animated-link\">\n    <div class=\"cta__content-wrapper\">\n          <div class=\"cta__image\">\n                  \n\n\n<img decoding=\"async\"\n  class=\"image\"\n      src=\"https:\/\/www.rtamichigan.org\/app\/uploads\/2025\/06\/curb2.png\"\n      alt=\"curbside improvement\"\n    \/>\n\n\n\n\n\n\n              <\/div>\n        <div class=\"cta__content\">\n              \n<h2 class=\"h2\">\n      Acceso al tr\u00e1nsito\n  <\/h2>\n                    <div class=\"cta__text\"><p>Tu experiencia en transporte p\u00fablico no comienza al subirte. El programa de Acceso al Transporte P\u00fablico de la RTA mejora la infraestructura de las paradas y crea centros de movilidad para paradas de alto uso y zonas de necesidad.<\/p>\n<\/div>\n                              <div class=\"button-group\">\n            \n\n\n<a\n  href=\"\/es\/planning-policy-programs\/access-to-transit-program\/\"\n    class=\"button button--default\"\n  \n>\n        Acceso al tr\u00e1nsito\n    <\/a>\n          <\/div>\n                  <\/div>\n      <\/div>\n<\/div>\n\n                            \n                        \n                        \n        \n    \n\n<div class=\"cta cta--two-column card__animated-link\">\n    <div class=\"cta__content-wrapper\">\n          <div class=\"cta__image\">\n                  \n\n\n<img decoding=\"async\"\n  class=\"image\"\n      src=\"https:\/\/www.rtamichigan.org\/app\/uploads\/2025\/06\/Screenshot-2025-06-05-at-1.52.58\u202fPM-1.png\"\n    \/>\n\n\n\n\n\n\n              <\/div>\n        <div class=\"cta__content\">\n              \n<h2 class=\"h2\">\n      Monedero de movilidad\n  <\/h2>\n                    <div class=\"cta__text\"><p>El programa piloto de billetera m\u00f3vil RTA es un experimento en curso con tecnolog\u00eda de integraci\u00f3n de pagos para mejorar la movilidad y el acceso personal en nuestra comunidad.<\/p>\n<\/div>\n                              <div class=\"button-group\">\n            \n\n\n<a\n  href=\"\/es\/planning-policy-programs\/rta-mobility-wallet\/\"\n    class=\"button button--default\"\n  \n>\n        Monedero de movilidad\n    <\/a>\n          <\/div>\n                  <\/div>\n      <\/div>\n<\/div>","protected":false},"excerpt":{"rendered":"<p>El RTMP es la base de todos los programas piloto de la agencia. Obtenga m\u00e1s informaci\u00f3n sobre ellos a continuaci\u00f3n.<\/p>","protected":false},"author":1,"featured_media":1997,"parent":0,"menu_order":5,"comment_status":"closed","ping_status":"closed","template":"","meta":{"_acf_changed":false,"inline_featured_image":false,"footnotes":""},"class_list":["post-78","page","type-page","status-publish","has-post-thumbnail","hentry"],"acf":[],"yoast_head":"<!-- This site is optimized with the Yoast SEO plugin v24.9 - https:\/\/yoast.com\/wordpress\/plugins\/seo\/ -->\n<title>Planning, Policy &amp; Programs - RTA of Southeast Michigan<\/title>\n<meta name=\"robots\" content=\"index, follow, max-snippet:-1, max-image-preview:large, max-video-preview:-1\" \/>\n<link rel=\"canonical\" href=\"http:\/\/www.rtamichigan.org\/es\/planning-policy-programs\/\" \/>\n<meta property=\"og:locale\" content=\"es_MX\" \/>\n<meta property=\"og:type\" content=\"article\" \/>\n<meta property=\"og:title\" content=\"Planning, Policy &amp; Programs - RTA of Southeast Michigan\" \/>\n<meta property=\"og:description\" content=\"The RTMP is the foundation for all of the agency&#8217;s pilots and programs. Learn more about those below.\" \/>\n<meta property=\"og:url\" content=\"http:\/\/www.rtamichigan.org\/es\/planning-policy-programs\/\" \/>\n<meta property=\"og:site_name\" content=\"RTA of Southeast Michigan\" \/>\n<meta property=\"article:publisher\" content=\"https:\/\/www.facebook.com\/rtamichigan\/\" \/>\n<meta property=\"article:modified_time\" content=\"2025-07-21T22:41:12+00:00\" \/>\n<meta property=\"og:image\" content=\"http:\/\/www.rtamichigan.org\/app\/uploads\/2025\/06\/QLINEStreetcarDay2022-13-scaled-e1752764928417.jpg\" \/>\n\t<meta property=\"og:image:width\" content=\"2398\" \/>\n\t<meta property=\"og:image:height\" content=\"388\" \/>\n\t<meta property=\"og:image:type\" content=\"image\/jpeg\" \/>\n<meta name=\"twitter:card\" content=\"summary_large_image\" \/>\n<meta name=\"twitter:site\" content=\"@rtamichigan\" \/>\n<meta name=\"twitter:label1\" content=\"Est. reading time\" \/>\n\t<meta name=\"twitter:data1\" content=\"1 minute\" \/>\n<script type=\"application\/ld+json\" class=\"yoast-schema-graph\">{\"@context\":\"https:\/\/schema.org\",\"@graph\":[{\"@type\":\"WebPage\",\"@id\":\"http:\/\/www.rtamichigan.org\/planning-policy-programs\",\"url\":\"http:\/\/www.rtamichigan.org\/planning-policy-programs\",\"name\":\"Planning, Policy &amp; Programs - RTA of Southeast Michigan\",\"isPartOf\":{\"@id\":\"https:\/\/www.rtamichigan.org\/#website\"},\"primaryImageOfPage\":{\"@id\":\"http:\/\/www.rtamichigan.org\/planning-policy-programs#primaryimage\"},\"image\":{\"@id\":\"http:\/\/www.rtamichigan.org\/planning-policy-programs#primaryimage\"},\"thumbnailUrl\":\"https:\/\/www.rtamichigan.org\/app\/uploads\/2025\/06\/QLINEStreetcarDay2022-13-scaled-e1752764928417.jpg\",\"datePublished\":\"2025-04-08T17:46:32+00:00\",\"dateModified\":\"2025-07-21T22:41:12+00:00\",\"breadcrumb\":{\"@id\":\"http:\/\/www.rtamichigan.org\/planning-policy-programs#breadcrumb\"},\"inLanguage\":\"es-MX\",\"potentialAction\":[{\"@type\":\"ReadAction\",\"target\":[\"http:\/\/www.rtamichigan.org\/planning-policy-programs\"]}]},{\"@type\":\"ImageObject\",\"inLanguage\":\"es-MX\",\"@id\":\"http:\/\/www.rtamichigan.org\/planning-policy-programs#primaryimage\",\"url\":\"https:\/\/www.rtamichigan.org\/app\/uploads\/2025\/06\/QLINEStreetcarDay2022-13-scaled-e1752764928417.jpg\",\"contentUrl\":\"https:\/\/www.rtamichigan.org\/app\/uploads\/2025\/06\/QLINEStreetcarDay2022-13-scaled-e1752764928417.jpg\",\"width\":2398,\"height\":388,\"caption\":\"A bus full of people on a QLINE street car\"},{\"@type\":\"BreadcrumbList\",\"@id\":\"http:\/\/www.rtamichigan.org\/planning-policy-programs#breadcrumb\",\"itemListElement\":[{\"@type\":\"ListItem\",\"position\":1,\"name\":\"Home\",\"item\":\"https:\/\/www.rtamichigan.org\/\"},{\"@type\":\"ListItem\",\"position\":2,\"name\":\"Planning, Policy &amp; Programs\"}]},{\"@type\":\"WebSite\",\"@id\":\"https:\/\/www.rtamichigan.org\/#website\",\"url\":\"https:\/\/www.rtamichigan.org\/\",\"name\":\"RTA of Southeast Michigan\",\"description\":\"Get on Board!\",\"potentialAction\":[{\"@type\":\"SearchAction\",\"target\":{\"@type\":\"EntryPoint\",\"urlTemplate\":\"https:\/\/www.rtamichigan.org\/?s={search_term_string}\"},\"query-input\":{\"@type\":\"PropertyValueSpecification\",\"valueRequired\":true,\"valueName\":\"search_term_string\"}}],\"inLanguage\":\"es-MX\"}]}<\/script>\n<!-- \/ Yoast SEO plugin. -->","yoast_head_json":{"title":"Planificaci\u00f3n, pol\u00edticas y programas - RTA del sureste de Michigan","robots":{"index":"index","follow":"follow","max-snippet":"max-snippet:-1","max-image-preview":"max-image-preview:large","max-video-preview":"max-video-preview:-1"},"canonical":"http:\/\/www.rtamichigan.org\/es\/planning-policy-programs\/","og_locale":"es_MX","og_type":"article","og_title":"Planning, Policy &amp; Programs - RTA of Southeast Michigan","og_description":"The RTMP is the foundation for all of the agency&#8217;s pilots and programs. Learn more about those below.","og_url":"http:\/\/www.rtamichigan.org\/es\/planning-policy-programs\/","og_site_name":"RTA of Southeast Michigan","article_publisher":"https:\/\/www.facebook.com\/rtamichigan\/","article_modified_time":"2025-07-21T22:41:12+00:00","og_image":[{"width":2398,"height":388,"url":"http:\/\/www.rtamichigan.org\/app\/uploads\/2025\/06\/QLINEStreetcarDay2022-13-scaled-e1752764928417.jpg","type":"image\/jpeg"}],"twitter_card":"summary_large_image","twitter_site":"@rtamichigan","twitter_misc":{"Est. reading time":"1 minute"},"schema":{"@context":"https:\/\/schema.org","@graph":[{"@type":"WebPage","@id":"http:\/\/www.rtamichigan.org\/planning-policy-programs","url":"http:\/\/www.rtamichigan.org\/planning-policy-programs","name":"Planificaci\u00f3n, pol\u00edticas y programas - RTA del sureste de Michigan","isPartOf":{"@id":"https:\/\/www.rtamichigan.org\/#website"},"primaryImageOfPage":{"@id":"http:\/\/www.rtamichigan.org\/planning-policy-programs#primaryimage"},"image":{"@id":"http:\/\/www.rtamichigan.org\/planning-policy-programs#primaryimage"},"thumbnailUrl":"https:\/\/www.rtamichigan.org\/app\/uploads\/2025\/06\/QLINEStreetcarDay2022-13-scaled-e1752764928417.jpg","datePublished":"2025-04-08T17:46:32+00:00","dateModified":"2025-07-21T22:41:12+00:00","breadcrumb":{"@id":"http:\/\/www.rtamichigan.org\/planning-policy-programs#breadcrumb"},"inLanguage":"es-MX","potentialAction":[{"@type":"ReadAction","target":["http:\/\/www.rtamichigan.org\/planning-policy-programs"]}]},{"@type":"ImageObject","inLanguage":"es-MX","@id":"http:\/\/www.rtamichigan.org\/planning-policy-programs#primaryimage","url":"https:\/\/www.rtamichigan.org\/app\/uploads\/2025\/06\/QLINEStreetcarDay2022-13-scaled-e1752764928417.jpg","contentUrl":"https:\/\/www.rtamichigan.org\/app\/uploads\/2025\/06\/QLINEStreetcarDay2022-13-scaled-e1752764928417.jpg","width":2398,"height":388,"caption":"A bus full of people on a QLINE street car"},{"@type":"BreadcrumbList","@id":"http:\/\/www.rtamichigan.org\/planning-policy-programs#breadcrumb","itemListElement":[{"@type":"ListItem","position":1,"name":"Home","item":"https:\/\/www.rtamichigan.org\/"},{"@type":"ListItem","position":2,"name":"Planning, Policy &amp; Programs"}]},{"@type":"WebSite","@id":"https:\/\/www.rtamichigan.org\/#website","url":"https:\/\/www.rtamichigan.org\/","name":"RTA del sureste de Michigan","description":"\u00a1Sube a bordo!","potentialAction":[{"@type":"SearchAction","target":{"@type":"EntryPoint","urlTemplate":"https:\/\/www.rtamichigan.org\/?s={search_term_string}"},"query-input":{"@type":"PropertyValueSpecification","valueRequired":true,"valueName":"search_term_string"}}],"inLanguage":"es-MX"}]}},"publishpress_future_action":{"enabled":false,"date":"2026-05-15 05:19:31","action":"change-status","newStatus":"draft","terms":[],"taxonomy":"","extraData":[]},"publishpress_future_workflow_manual_trigger":{"enabledWorkflows":[]},"_links":{"self":[{"href":"https:\/\/www.rtamichigan.org\/es\/wp-json\/wp\/v2\/pages\/78","targetHints":{"allow":["GET"]}}],"collection":[{"href":"https:\/\/www.rtamichigan.org\/es\/wp-json\/wp\/v2\/pages"}],"about":[{"href":"https:\/\/www.rtamichigan.org\/es\/wp-json\/wp\/v2\/types\/page"}],"author":[{"embeddable":true,"href":"https:\/\/www.rtamichigan.org\/es\/wp-json\/wp\/v2\/users\/1"}],"replies":[{"embeddable":true,"href":"https:\/\/www.rtamichigan.org\/es\/wp-json\/wp\/v2\/comments?post=78"}],"version-history":[{"count":24,"href":"https:\/\/www.rtamichigan.org\/es\/wp-json\/wp\/v2\/pages\/78\/revisions"}],"predecessor-version":[{"id":2314,"href":"https:\/\/www.rtamichigan.org\/es\/wp-json\/wp\/v2\/pages\/78\/revisions\/2314"}],"wp:featuredmedia":[{"embeddable":true,"href":"https:\/\/www.rtamichigan.org\/es\/wp-json\/wp\/v2\/media\/1997"}],"wp:attachment":[{"href":"https:\/\/www.rtamichigan.org\/es\/wp-json\/wp\/v2\/media?parent=78"}],"curies":[{"name":"gracias","href":"https:\/\/api.w.org\/{rel}","templated":true}]}}