{"id":77,"date":"2025-04-08T17:46:22","date_gmt":"2025-04-08T17:46:22","guid":{"rendered":"https:\/\/rta-semi.ddev.site\/?page_id=77"},"modified":"2025-07-22T14:52:06","modified_gmt":"2025-07-22T19:52:06","slug":"how-to-ride","status":"publish","type":"page","link":"https:\/\/www.rtamichigan.org\/es\/how-to-ride","title":{"rendered":"C\u00f3mo montar"},"content":{"rendered":"<div class=\"wp-block-columns is-layout-flex wp-container-core-columns-is-layout-9d6595d7 wp-block-columns-is-layout-flex\">\n<div class=\"wp-block-column center is-layout-flow wp-block-column-is-layout-flow\">\n<h2 class=\"wp-block-heading has-text-align-center\">\u00a1Sube a bordo!<\/h2>\n\n\n\n<p class=\"has-text-align-center\">Prepar\u00e9moslo para usar el transporte p\u00fablico, ya sea que lo utilice por primera vez o que sea un viajero habitual.<\/p>\n<\/div>\n<\/div>\n\n\n\n<hr class=\"wp-block-separator has-alpha-channel-opacity\"\/>\n\n\n\n<div class=\"wp-block-columns is-layout-flex wp-container-core-columns-is-layout-9d6595d7 wp-block-columns-is-layout-flex\">\n<div class=\"wp-block-column is-layout-flow wp-block-column-is-layout-flow\">\n<h3 class=\"wp-block-heading\"><strong>Paso 1<\/strong>:Encuentra el servicio adecuado para ti<\/h3>\n\n\n\n<p><a href=\"\/es\/transit-services\/\">Cinco importantes proveedores de transporte p\u00fablico<\/a> Y muchos otros proveedores peque\u00f1os y comunitarios prestan servicios en la regi\u00f3n de cuatro condados de la RTA. Encuentre a los proveedores que prestan servicios en su comunidad y visite sus sitios web para obtener m\u00e1s informaci\u00f3n.<\/p>\n\n\n\n<div class=\"wp-block-columns is-layout-flex wp-container-core-columns-is-layout-9d6595d7 wp-block-columns-is-layout-flex\">\n<div class=\"wp-block-column is-layout-flow wp-block-column-is-layout-flow\">\n<ul class=\"wp-block-list\">\n<li class=\"has-medium-font-size\" style=\"letter-spacing:0px\"><a href=\"http:\/\/www.detroitmi.gov\/ddot\">Departamento de Transporte de los Estados Unidos<\/a>\n<ul class=\"wp-block-list\">\n<li style=\"font-size:16px\">Detroit y partes del condado de Wayne<\/li>\n<\/ul>\n<\/li>\n\n\n\n<li class=\"has-medium-font-size\" style=\"letter-spacing:0px\"><a href=\"http:\/\/dax-bus.com\/\">Detroit Air Xpress (DAX)<\/a> \n<ul class=\"wp-block-list\">\n<li style=\"font-size:16px\">Del centro de Detroit al aeropuerto DTW<\/li>\n<\/ul>\n<\/li>\n\n\n\n<li class=\"has-medium-font-size\" style=\"letter-spacing:0px\"><a href=\"https:\/\/d2a2.com\/\">Expreso de Detroit Ann Arbor (D2A2)<\/a>\n<ul class=\"wp-block-list\">\n<li style=\"font-size:16px\">Del centro de Detroit al centro de Ann Arbor<\/li>\n<\/ul>\n<\/li>\n\n\n\n<li class=\"has-medium-font-size\" style=\"letter-spacing:0px\"><a href=\"http:\/\/www.thepeoplemover.com\/\">El transporte p\u00fablico de Detroit<\/a>\n<ul class=\"wp-block-list\">\n<li style=\"font-size:16px\">Centro de Detroit<\/li>\n<\/ul>\n<\/li>\n\n\n\n<li class=\"has-medium-font-size\" style=\"letter-spacing:0px\"><a href=\"https:\/\/mogodetroit.org\/\">MoGo<\/a>\n<ul class=\"wp-block-list\">\n<li style=\"font-size:16px\">Detroit y el sur del condado de Oakland<\/li>\n<\/ul>\n<\/li>\n\n\n\n<li class=\"has-medium-font-size\" style=\"letter-spacing:0px\"><a href=\"https:\/\/qlinedetroit.com\/\">QLINE<\/a>\n<ul class=\"wp-block-list\">\n<li style=\"font-size:16px\">Detroit<\/li>\n<\/ul>\n<\/li>\n\n\n\n<li class=\"has-medium-font-size\" style=\"letter-spacing:0px\"><a href=\"https:\/\/www.theride.org\">El paseo<\/a>\n<ul class=\"wp-block-list\">\n<li style=\"font-size:16px\">\u00c1rea metropolitana de Ann Arbor y Ypsilanti<\/li>\n<\/ul>\n<\/li>\n\n\n\n<li class=\"has-medium-font-size\" style=\"letter-spacing:0px\"><a href=\"https:\/\/www.theride.org\">ELEGANTE<\/a>\n<ul class=\"wp-block-list\">\n<li style=\"font-size:16px\">Condados de Macomb, Oakland y Wayne<\/li>\n<\/ul>\n<\/li>\n<\/ul>\n\n\n\n<p><strong>Accesibilidad<\/strong>Estamos aqu\u00ed para ayudarte a viajar tal como eres. Varios proveedores de transporte atienden espec\u00edficamente a pasajeros mayores y discapacitados: Inf\u00f3rmate sobre los programas para <a href=\"\/es\/planning-policy-programs\/access-to-transit-program\/\">servicios de transporte accesibles<\/a> y mantente conectado con <a href=\"\/es\/how-to-ride\/trip-planning-assistance-myride2\/\">Mi viaje2 <\/a>Asistencia en viaje.<\/p>\n<\/div>\n\n\n\n<div class=\"wp-block-column is-layout-flow wp-block-column-is-layout-flow\">\n<figure class=\"wp-block-image size-large is-resized\"><img loading=\"lazy\" decoding=\"async\" width=\"892\" height=\"1024\" src=\"https:\/\/www.rtamichigan.org\/app\/uploads\/2025\/04\/WSP_SE1-892x1024.png\" alt=\"A map of Michigan's transportation routes\" class=\"wp-image-363\" style=\"width:502px;height:auto\" srcset=\"https:\/\/www.rtamichigan.org\/app\/uploads\/2025\/04\/WSP_SE1-892x1024.png 892w, https:\/\/www.rtamichigan.org\/app\/uploads\/2025\/04\/WSP_SE1-261x300.png 261w, https:\/\/www.rtamichigan.org\/app\/uploads\/2025\/04\/WSP_SE1-768x882.png 768w, https:\/\/www.rtamichigan.org\/app\/uploads\/2025\/04\/WSP_SE1-1337x1536.png 1337w, https:\/\/www.rtamichigan.org\/app\/uploads\/2025\/04\/WSP_SE1-1783x2048.png 1783w, https:\/\/www.rtamichigan.org\/app\/uploads\/2025\/04\/WSP_SE1-10x12.png 10w\" sizes=\"auto, (max-width: 892px) 100vw, 892px\" \/><\/figure>\n<\/div>\n<\/div>\n<\/div>\n<\/div>\n\n\n\n<hr class=\"wp-block-separator has-alpha-channel-opacity\"\/>\n\n\n\n<div class=\"wp-block-columns is-layout-flex wp-container-core-columns-is-layout-9d6595d7 wp-block-columns-is-layout-flex\">\n<div class=\"wp-block-column is-layout-flow wp-block-column-is-layout-flow\">\n<h3 class=\"wp-block-heading\"><strong>Paso 2<\/strong>:Consulta el horario&nbsp;<\/h3>\n\n\n\n<p>Consulta la ruta y las paradas de todos los tramos de tu viaje. Muchos proveedores publican informaci\u00f3n de horarios en tiempo real en sus sitios web.<\/p>\n\n\n\n<div class=\"wp-block-columns is-layout-flex wp-container-core-columns-is-layout-9d6595d7 wp-block-columns-is-layout-flex\">\n<div class=\"wp-block-column is-layout-flow wp-block-column-is-layout-flow\">\n<ul class=\"wp-block-list\">\n<li><a href=\"https:\/\/detroitmi.gov\/departments\/detroit-department-transportation\/bus-schedules\">Departamento de Transporte de los Estados Unidos<\/a><\/li>\n\n\n\n<li><a href=\"https:\/\/www.dax-bus.com\/ride?scrollto=schedule\">Detroit Air Xpress (DAX)<\/a><\/li>\n\n\n\n<li><a href=\"https:\/\/d2a2.com\/schedule\/\">Expreso de Detroit Ann Arbor (D2A2)<\/a><\/li>\n\n\n\n<li><a href=\"https:\/\/www.thepeoplemover.com\/schedule\">El transporte p\u00fablico de Detroit<\/a><\/li>\n<\/ul>\n<\/div>\n\n\n\n<div class=\"wp-block-column is-layout-flow wp-block-column-is-layout-flow\">\n<ul class=\"wp-block-list\">\n<li><a href=\"https:\/\/mogodetroit.org\/maps\/system-map\/\">MoGo<\/a><\/li>\n\n\n\n<li><a href=\"https:\/\/www.qlinedetroit.com\/how-to-ride\/\">QLINE<\/a><\/li>\n\n\n\n<li><a href=\"https:\/\/www.theride.org\/maps-schedules\/schedule-route\">El paseo<\/a><\/li>\n\n\n\n<li><a href=\"https:\/\/www.smartbus.org\/Schedules\/Start-Riding-SMART\">ELEGANTE<\/a><\/li>\n<\/ul>\n<\/div>\n<\/div>\n\n\n\n<div class=\"wp-block-columns is-layout-flex wp-container-core-columns-is-layout-9d6595d7 wp-block-columns-is-layout-flex\">\n<div class=\"wp-block-column is-layout-flow wp-block-column-is-layout-flow\">\n<h4 class=\"wp-block-heading\">\u00bfPreguntas?<\/h4>\n\n\n\n<p>Puede comunicarse con proveedores de transporte individuales, utilizar herramientas comunes de mapas y navegaci\u00f3n de Google, Transit App o Apple, o comunicarse con <a href=\"\/es\/how-to-ride\/trip-planning-assistance-myride2\/\">Mi viaje2<\/a>Podemos ayudarle a encontrar los recursos que le lleven adonde necesita ir.<\/p>\n<\/div>\n<\/div>\n<\/div>\n<\/div>\n\n\n\n<hr class=\"wp-block-separator has-alpha-channel-opacity\"\/>\n\n\n\n<div class=\"wp-block-columns is-layout-flex wp-container-core-columns-is-layout-9d6595d7 wp-block-columns-is-layout-flex\">\n<div class=\"wp-block-column is-layout-flow wp-block-column-is-layout-flow\">\n<h3 class=\"wp-block-heading\"><strong>Paso 3<\/strong>:Descubre cu\u00e1nto debes y c\u00f3mo lo est\u00e1s pagando<\/h3>\n\n\n\n<figure class=\"wp-block-table\"><table class=\"has-fixed-layout\"><tbody><tr><td><strong>Departamento de Transporte de los Estados Unidos<\/strong>:$2, programas de pases y tarifas reducidas, transferencias entre DDOT y SMART<\/td><td><strong>QLINE<\/strong>: Gratis<\/td><\/tr><tr><td><strong>D2A2<\/strong>:$6 por adelantado en el sitio web, $2 para viajeros frecuentes, sin transbordo<\/td><td><strong>El paseo<\/strong>:$1.50, programas de pases y tarifa reducida, transferencias a otros servicios de TheRide<\/td><\/tr><tr><td><strong>DAX<\/strong>:$6 por adelantado en el sitio web, $2 para viajeros frecuentes, sin transbordo<\/td><td><strong>ELEGANTE<\/strong>:$2, programas de pases y tarifas reducidas, transferencias entre DDOT y SMART<\/td><\/tr><tr><td><strong>El transporte p\u00fablico de Detroit<\/strong>: Gratis<\/td><td><strong>MoGo<\/strong>:$1 para desbloquear, $.25 por minuto, programas de pase y tarifa reducida<\/td><\/tr><\/tbody><\/table><\/figure>\n\n\n\n<p><\/p>\n\n\n\n<h4 class=\"wp-block-heading\">Tarifas reducidas y programas de pases<\/h4>\n\n\n\n<p>Algunos servicios y socios de RTA ofrecen descuentos a trav\u00e9s de libretas, y muchos tienen descuentos adicionales para estudiantes, personas mayores, personas con discapacidades y personas registradas en programas de beneficios estatales como Medicaid.<\/p>\n\n\n\n<div class=\"wp-block-columns is-layout-flex wp-container-core-columns-is-layout-9d6595d7 wp-block-columns-is-layout-flex\">\n<div class=\"wp-block-column is-layout-flow wp-block-column-is-layout-flow\">\n<ul class=\"wp-block-list\">\n<li><a href=\"https:\/\/detroitmi.gov\/departments\/detroit-department-transportation\/transportation-fares\">Departamento de Transporte de los Estados Unidos<\/a><\/li>\n\n\n\n<li><a href=\"https:\/\/www.theride.org\/fares-passes\/discounts\">El paseo<\/a><\/li>\n\n\n\n<li><a href=\"https:\/\/d2a2.com\/fares\/\">Expreso de Detroit Ann Arbor (D2A2)<\/a>  <\/li>\n<\/ul>\n<\/div>\n\n\n\n<div class=\"wp-block-column is-layout-flow wp-block-column-is-layout-flow\">\n<ul class=\"wp-block-list\">\n<li><a href=\"https:\/\/www.smartbus.org\/Fares\/Reduced-Fares\">ELEGANTE<\/a><\/li>\n\n\n\n<li><a href=\"https:\/\/mogodetroit.org\/pricing\/\">MoGo<\/a><\/li>\n\n\n\n<li><a href=\"https:\/\/d2a2.com\/fares\/\">Detroit Air Xpress (DAX)<\/a><\/li>\n<\/ul>\n<\/div>\n<\/div>\n<\/div>\n<\/div>\n\n\n\n<hr class=\"wp-block-separator has-alpha-channel-opacity\"\/>\n\n\n\n<div class=\"wp-block-columns is-layout-flex wp-container-core-columns-is-layout-9d6595d7 wp-block-columns-is-layout-flex\">\n<div class=\"wp-block-column is-layout-flow wp-block-column-is-layout-flow\">\n<h3 class=\"wp-block-heading\"><strong>Paso 4<\/strong>:Llegue al menos cinco minutos antes<\/h3>\n\n\n\n<p>Los proveedores de transporte p\u00fablico hacen todo lo posible por cumplir con los horarios y, por lo general, lo hacen a tiempo. Sin embargo, es mejor planificar con unos minutos de margen, por si el clima, el tr\u00e1fico u otros factores afectan tu viaje. Llega temprano y consulta las opciones de navegaci\u00f3n con seguimiento en tiempo real, como aplicaciones y opciones de mensajes de texto o llamadas.<\/p>\n<\/div>\n<\/div>\n\n\n\n<hr class=\"wp-block-separator has-alpha-channel-opacity\"\/>\n\n\n\n<div class=\"wp-block-columns is-layout-flex wp-container-core-columns-is-layout-9d6595d7 wp-block-columns-is-layout-flex\">\n<div class=\"wp-block-column is-layout-flow wp-block-column-is-layout-flow\">\n<h3 class=\"wp-block-heading\"><strong>Paso 5<\/strong>: Conozca las pol\u00edticas para su viaje<\/h3>\n\n\n\n<p>Procure ser cort\u00e9s y seguro al compartir el viaje en cualquier transporte p\u00fablico. Por ejemplo, reserve asientos prioritarios para quienes los necesiten, como personas mayores y personas con discapacidad. Cada opci\u00f3n de transporte puede tener peque\u00f1as diferencias en sus normas o procesos.&nbsp;<\/p>\n\n\n\n<div class=\"wp-block-columns is-layout-flex wp-container-core-columns-is-layout-9d6595d7 wp-block-columns-is-layout-flex\">\n<div class=\"wp-block-column is-layout-flow wp-block-column-is-layout-flow\">\n<ul class=\"wp-block-list\">\n<li><a href=\"https:\/\/detroitmi.gov\/sites\/detroitmi.localhost\/files\/2020-07\/DDOT%20Code%20of%20Conduct%20%28English%29.pdf\">Departamento de Transporte de los Estados Unidos<\/a><\/li>\n\n\n\n<li><a href=\"https:\/\/www.dax-bus.com\/prepare\">Detroit Air Xpress (DAX)<\/a> <\/li>\n\n\n\n<li><a href=\"https:\/\/d2a2.com\/\">Expreso de Detroit Ann Arbor (D2A2)<\/a><\/li>\n\n\n\n<li><a href=\"https:\/\/www.thepeoplemover.com\/safety-rules\">El transporte p\u00fablico de Detroit<\/a><\/li>\n<\/ul>\n<\/div>\n\n\n\n<div class=\"wp-block-column is-layout-flow wp-block-column-is-layout-flow\">\n<ul class=\"wp-block-list\">\n<li><a href=\"https:\/\/mogodetroit.org\/mogo-for-all-mogo-safety-tips\/\">MoGo<\/a><\/li>\n\n\n\n<li><a href=\"https:\/\/www.qlinedetroit.com\/how-to-ride\/\">QLINE<\/a><\/li>\n\n\n\n<li><a href=\"https:\/\/www.theride.org\/how-ride\/riding-rules-policies\">El viaje<\/a><\/li>\n\n\n\n<li><a href=\"https:\/\/www.smartbus.org\/Services\/SMART-Basics\/Rules-of-Riding\">ELEGANTE<\/a><\/li>\n<\/ul>\n<\/div>\n<\/div>\n<\/div>\n<\/div>\n\n\n\n<div class=\"wp-block-columns is-layout-flex wp-container-core-columns-is-layout-9d6595d7 wp-block-columns-is-layout-flex\">\n<div class=\"wp-block-column is-layout-flow wp-block-column-is-layout-flow\">\n<h4 class=\"wp-block-heading\">Pol\u00edtica de bicicletas<\/h4>\n\n\n\n<p>Muchos servicios, como los autobuses de ruta fija, cuentan con portabicicletas f\u00e1ciles de usar. No hay tarifa adicional para las bicicletas. M\u00e1s informaci\u00f3n sobre <a href=\"https:\/\/www.smartbus.org\/How-to-Ride\/How-to-Use-the-Bike-Rack\">C\u00f3mo usar un portabicicletas<\/a>.<\/p>\n\n\n\n<p>Si usa una bicicleta MoGo en su viaje, deber\u00e1 acoplar su bicicleta antes de abordar otro medio de transporte y retirar una nueva bicicleta MoGo en su pr\u00f3xima estaci\u00f3n.<\/p>\n<\/div>\n\n\n\n<div class=\"wp-block-column is-layout-flow wp-block-column-is-layout-flow\">\n<h4 class=\"wp-block-heading\">Seguridad<\/h4>\n\n\n\n<p>Los datos son claros: el transporte p\u00fablico es m\u00e1s seguro que conducir. Y los socios de transporte garantizan un viaje limpio y seguro para todos. Pero la seguridad es una responsabilidad compartida. Preste atenci\u00f3n a los veh\u00edculos en movimiento al subir. Al subir, si\u00e9ntese o ag\u00e1rrese de la barandilla si est\u00e1 de pie y salga de todos los veh\u00edculos por las puertas correctas. Si tiene alguna pregunta, hable con el conductor.<\/p>\n<\/div>\n<\/div>\n\n\n\n<hr class=\"wp-block-separator has-alpha-channel-opacity\"\/>\n\n\n\n<div class=\"wp-block-columns is-layout-flex wp-container-core-columns-is-layout-9d6595d7 wp-block-columns-is-layout-flex\">\n<div class=\"wp-block-column is-layout-flow wp-block-column-is-layout-flow\">\n<h3 class=\"wp-block-heading\"><strong>Paso 6<\/strong>\u00a1Rel\u00e1jate hasta la llegada!<\/h3>\n\n\n\n<p>Disfruta del viaje. En lugar de concentrarte en el volante, disfruta de amplias ventanas, asientos c\u00f3modos y wifi gratuito con algunos servicios. Forma parte de una comunidad habitable y saludable mientras reduces los gases de efecto invernadero e impulsas el crecimiento econ\u00f3mico. Obt\u00e9n m\u00e1s informaci\u00f3n sobre... <a href=\"\/es\/how-to-ride\/why-choose-public-transit\/\">valor del transporte p\u00fablico<\/a> para comunidades vibrantes y sostenibles.\u00a0<\/p>\n<\/div>\n\n\n\n<div class=\"wp-block-column is-layout-flow wp-block-column-is-layout-flow\">\n<figure class=\"wp-block-image size-full\"><img loading=\"lazy\" decoding=\"async\" width=\"792\" height=\"530\" src=\"https:\/\/www.rtamichigan.org\/app\/uploads\/2025\/04\/Nailpolish-Hand-Dart-Pass-1.jpg\" alt=\"pass scanning\" class=\"wp-image-291\" srcset=\"https:\/\/www.rtamichigan.org\/app\/uploads\/2025\/04\/Nailpolish-Hand-Dart-Pass-1.jpg 792w, https:\/\/www.rtamichigan.org\/app\/uploads\/2025\/04\/Nailpolish-Hand-Dart-Pass-1-300x201.jpg 300w, https:\/\/www.rtamichigan.org\/app\/uploads\/2025\/04\/Nailpolish-Hand-Dart-Pass-1-768x514.jpg 768w, https:\/\/www.rtamichigan.org\/app\/uploads\/2025\/04\/Nailpolish-Hand-Dart-Pass-1-18x12.jpg 18w\" sizes=\"auto, (max-width: 792px) 100vw, 792px\" \/><\/figure>\n<\/div>\n<\/div>","protected":false},"excerpt":{"rendered":"<p>\u00a1Sube a bordo! Te ayudamos a usar el transporte p\u00fablico, ya seas nuevo o viajero habitual. Paso 1: Encuentra el servicio ideal para ti. Cinco [\u2026]<\/p>","protected":false},"author":1,"featured_media":1615,"parent":0,"menu_order":4,"comment_status":"closed","ping_status":"closed","template":"","meta":{"_acf_changed":false,"inline_featured_image":false,"footnotes":""},"class_list":["post-77","page","type-page","status-publish","has-post-thumbnail","hentry"],"acf":[],"yoast_head":"<!-- This site is optimized with the Yoast SEO plugin v24.9 - https:\/\/yoast.com\/wordpress\/plugins\/seo\/ -->\n<title>How to Ride - RTA of Southeast Michigan<\/title>\n<meta name=\"robots\" content=\"index, follow, max-snippet:-1, max-image-preview:large, max-video-preview:-1\" \/>\n<link rel=\"canonical\" href=\"https:\/\/www.rtamichigan.org\/es\/how-to-ride\/\" \/>\n<meta property=\"og:locale\" content=\"es_MX\" \/>\n<meta property=\"og:type\" content=\"article\" \/>\n<meta property=\"og:title\" content=\"How to Ride - RTA of Southeast Michigan\" \/>\n<meta property=\"og:description\" content=\"Get on Board! Let\u2019s get you ready to take public transit, whether you&#8217;re a first-time rider or a regular commuter. Step 1: Find the service that&#8217;s right for you Five [&hellip;]\" \/>\n<meta property=\"og:url\" content=\"https:\/\/www.rtamichigan.org\/es\/how-to-ride\/\" \/>\n<meta property=\"og:site_name\" content=\"RTA of Southeast Michigan\" \/>\n<meta property=\"article:publisher\" content=\"https:\/\/www.facebook.com\/rtamichigan\/\" \/>\n<meta property=\"article:modified_time\" content=\"2025-07-22T19:52:06+00:00\" \/>\n<meta property=\"og:image\" content=\"https:\/\/www.rtamichigan.org\/app\/uploads\/2025\/06\/people_walking.png\" \/>\n\t<meta property=\"og:image:width\" content=\"1964\" \/>\n\t<meta property=\"og:image:height\" content=\"485\" \/>\n\t<meta property=\"og:image:type\" content=\"image\/png\" \/>\n<meta name=\"twitter:card\" content=\"summary_large_image\" \/>\n<meta name=\"twitter:site\" content=\"@rtamichigan\" \/>\n<meta name=\"twitter:label1\" content=\"Est. reading time\" \/>\n\t<meta name=\"twitter:data1\" content=\"4 minutes\" \/>\n<script type=\"application\/ld+json\" class=\"yoast-schema-graph\">{\"@context\":\"https:\/\/schema.org\",\"@graph\":[{\"@type\":\"WebPage\",\"@id\":\"https:\/\/www.rtamichigan.org\/how-to-ride\",\"url\":\"https:\/\/www.rtamichigan.org\/how-to-ride\",\"name\":\"How to Ride - RTA of Southeast Michigan\",\"isPartOf\":{\"@id\":\"https:\/\/www.rtamichigan.org\/#website\"},\"primaryImageOfPage\":{\"@id\":\"https:\/\/www.rtamichigan.org\/how-to-ride#primaryimage\"},\"image\":{\"@id\":\"https:\/\/www.rtamichigan.org\/how-to-ride#primaryimage\"},\"thumbnailUrl\":\"https:\/\/www.rtamichigan.org\/app\/uploads\/2025\/06\/people_walking.png\",\"datePublished\":\"2025-04-08T17:46:22+00:00\",\"dateModified\":\"2025-07-22T19:52:06+00:00\",\"breadcrumb\":{\"@id\":\"https:\/\/www.rtamichigan.org\/how-to-ride#breadcrumb\"},\"inLanguage\":\"es-MX\",\"potentialAction\":[{\"@type\":\"ReadAction\",\"target\":[\"https:\/\/www.rtamichigan.org\/how-to-ride\"]}]},{\"@type\":\"ImageObject\",\"inLanguage\":\"es-MX\",\"@id\":\"https:\/\/www.rtamichigan.org\/how-to-ride#primaryimage\",\"url\":\"https:\/\/www.rtamichigan.org\/app\/uploads\/2025\/06\/people_walking.png\",\"contentUrl\":\"https:\/\/www.rtamichigan.org\/app\/uploads\/2025\/06\/people_walking.png\",\"width\":1964,\"height\":485,\"caption\":\"people walking next to the bus at a bus station\"},{\"@type\":\"BreadcrumbList\",\"@id\":\"https:\/\/www.rtamichigan.org\/how-to-ride#breadcrumb\",\"itemListElement\":[{\"@type\":\"ListItem\",\"position\":1,\"name\":\"Home\",\"item\":\"https:\/\/www.rtamichigan.org\/\"},{\"@type\":\"ListItem\",\"position\":2,\"name\":\"How to Ride\"}]},{\"@type\":\"WebSite\",\"@id\":\"https:\/\/www.rtamichigan.org\/#website\",\"url\":\"https:\/\/www.rtamichigan.org\/\",\"name\":\"RTA of Southeast Michigan\",\"description\":\"Get on Board!\",\"potentialAction\":[{\"@type\":\"SearchAction\",\"target\":{\"@type\":\"EntryPoint\",\"urlTemplate\":\"https:\/\/www.rtamichigan.org\/?s={search_term_string}\"},\"query-input\":{\"@type\":\"PropertyValueSpecification\",\"valueRequired\":true,\"valueName\":\"search_term_string\"}}],\"inLanguage\":\"es-MX\"}]}<\/script>\n<!-- \/ Yoast SEO plugin. -->","yoast_head_json":{"title":"C\u00f3mo viajar - RTA del sureste de Michigan","robots":{"index":"index","follow":"follow","max-snippet":"max-snippet:-1","max-image-preview":"max-image-preview:large","max-video-preview":"max-video-preview:-1"},"canonical":"https:\/\/www.rtamichigan.org\/es\/how-to-ride\/","og_locale":"es_MX","og_type":"article","og_title":"How to Ride - RTA of Southeast Michigan","og_description":"Get on Board! Let\u2019s get you ready to take public transit, whether you&#8217;re a first-time rider or a regular commuter. Step 1: Find the service that&#8217;s right for you Five [&hellip;]","og_url":"https:\/\/www.rtamichigan.org\/es\/how-to-ride\/","og_site_name":"RTA of Southeast Michigan","article_publisher":"https:\/\/www.facebook.com\/rtamichigan\/","article_modified_time":"2025-07-22T19:52:06+00:00","og_image":[{"width":1964,"height":485,"url":"https:\/\/www.rtamichigan.org\/app\/uploads\/2025\/06\/people_walking.png","type":"image\/png"}],"twitter_card":"summary_large_image","twitter_site":"@rtamichigan","twitter_misc":{"Est. reading time":"4 minutes"},"schema":{"@context":"https:\/\/schema.org","@graph":[{"@type":"WebPage","@id":"https:\/\/www.rtamichigan.org\/how-to-ride","url":"https:\/\/www.rtamichigan.org\/how-to-ride","name":"C\u00f3mo viajar - RTA del sureste de Michigan","isPartOf":{"@id":"https:\/\/www.rtamichigan.org\/#website"},"primaryImageOfPage":{"@id":"https:\/\/www.rtamichigan.org\/how-to-ride#primaryimage"},"image":{"@id":"https:\/\/www.rtamichigan.org\/how-to-ride#primaryimage"},"thumbnailUrl":"https:\/\/www.rtamichigan.org\/app\/uploads\/2025\/06\/people_walking.png","datePublished":"2025-04-08T17:46:22+00:00","dateModified":"2025-07-22T19:52:06+00:00","breadcrumb":{"@id":"https:\/\/www.rtamichigan.org\/how-to-ride#breadcrumb"},"inLanguage":"es-MX","potentialAction":[{"@type":"ReadAction","target":["https:\/\/www.rtamichigan.org\/how-to-ride"]}]},{"@type":"ImageObject","inLanguage":"es-MX","@id":"https:\/\/www.rtamichigan.org\/how-to-ride#primaryimage","url":"https:\/\/www.rtamichigan.org\/app\/uploads\/2025\/06\/people_walking.png","contentUrl":"https:\/\/www.rtamichigan.org\/app\/uploads\/2025\/06\/people_walking.png","width":1964,"height":485,"caption":"people walking next to the bus at a bus station"},{"@type":"BreadcrumbList","@id":"https:\/\/www.rtamichigan.org\/how-to-ride#breadcrumb","itemListElement":[{"@type":"ListItem","position":1,"name":"Home","item":"https:\/\/www.rtamichigan.org\/"},{"@type":"ListItem","position":2,"name":"How to Ride"}]},{"@type":"WebSite","@id":"https:\/\/www.rtamichigan.org\/#website","url":"https:\/\/www.rtamichigan.org\/","name":"RTA del sureste de Michigan","description":"\u00a1Sube a bordo!","potentialAction":[{"@type":"SearchAction","target":{"@type":"EntryPoint","urlTemplate":"https:\/\/www.rtamichigan.org\/?s={search_term_string}"},"query-input":{"@type":"PropertyValueSpecification","valueRequired":true,"valueName":"search_term_string"}}],"inLanguage":"es-MX"}]}},"publishpress_future_action":{"enabled":false,"date":"2026-04-14 04:50:32","action":"change-status","newStatus":"draft","terms":[],"taxonomy":"","extraData":[]},"publishpress_future_workflow_manual_trigger":{"enabledWorkflows":[]},"_links":{"self":[{"href":"https:\/\/www.rtamichigan.org\/es\/wp-json\/wp\/v2\/pages\/77","targetHints":{"allow":["GET"]}}],"collection":[{"href":"https:\/\/www.rtamichigan.org\/es\/wp-json\/wp\/v2\/pages"}],"about":[{"href":"https:\/\/www.rtamichigan.org\/es\/wp-json\/wp\/v2\/types\/page"}],"author":[{"embeddable":true,"href":"https:\/\/www.rtamichigan.org\/es\/wp-json\/wp\/v2\/users\/1"}],"replies":[{"embeddable":true,"href":"https:\/\/www.rtamichigan.org\/es\/wp-json\/wp\/v2\/comments?post=77"}],"version-history":[{"count":58,"href":"https:\/\/www.rtamichigan.org\/es\/wp-json\/wp\/v2\/pages\/77\/revisions"}],"predecessor-version":[{"id":2346,"href":"https:\/\/www.rtamichigan.org\/es\/wp-json\/wp\/v2\/pages\/77\/revisions\/2346"}],"wp:featuredmedia":[{"embeddable":true,"href":"https:\/\/www.rtamichigan.org\/es\/wp-json\/wp\/v2\/media\/1615"}],"wp:attachment":[{"href":"https:\/\/www.rtamichigan.org\/es\/wp-json\/wp\/v2\/media?parent=77"}],"curies":[{"name":"gracias","href":"https:\/\/api.w.org\/{rel}","templated":true}]}}