{"id":76,"date":"2025-04-08T17:46:17","date_gmt":"2025-04-08T17:46:17","guid":{"rendered":"https:\/\/rta-semi.ddev.site\/?page_id=76"},"modified":"2025-07-22T14:49:09","modified_gmt":"2025-07-22T19:49:09","slug":"transit-services","status":"publish","type":"page","link":"https:\/\/www.rtamichigan.org\/es\/transit-services","title":{"rendered":"Servicios de tr\u00e1nsito"},"content":{"rendered":"<div class=\"wp-block-group\"><div class=\"wp-block-group__inner-container is-layout-constrained wp-block-group-is-layout-constrained\">\n<p class=\"wp-container-content-e29552f7\">La RTA y los proveedores de transporte p\u00fablico asociados de la regi\u00f3n coordinan servicios para conectar el sureste de Michigan. Los servicios de transporte p\u00fablico mencionados se dividen en dos categor\u00edas: servicios operados por la RTA y servicios de socios principales, que reciben el apoyo de la RTA. Junto con m\u00e1s de 100 proveedores m\u00e1s peque\u00f1os, los siguientes proveedores conforman un ecosistema de transporte p\u00fablico que responde a las necesidades diarias de los residentes del sureste de Michigan.<\/p>\n\n\n\n<p><\/p>\n<\/div><\/div>\n\n\n\n<h2 class=\"wp-block-heading\">Servicios de RTA<\/h2>\n\n\n\n<hr class=\"wp-block-separator has-alpha-channel-opacity\"\/>\n\n\n\n<div class=\"wp-block-media-text is-stacked-on-mobile\"><figure class=\"wp-block-media-text__media\"><a href=\"https:\/\/www.qlinedetroit.com\"><img loading=\"lazy\" decoding=\"async\" width=\"601\" height=\"325\" src=\"https:\/\/www.rtamichigan.org\/app\/uploads\/2025\/05\/Qline.png\" alt=\"QLINE Detroit logo\" class=\"wp-image-411 size-full\" srcset=\"https:\/\/www.rtamichigan.org\/app\/uploads\/2025\/05\/Qline.png 601w, https:\/\/www.rtamichigan.org\/app\/uploads\/2025\/05\/Qline-300x162.png 300w, https:\/\/www.rtamichigan.org\/app\/uploads\/2025\/05\/Qline-18x10.png 18w\" sizes=\"auto, (max-width: 601px) 100vw, 601px\" \/><\/a><\/figure><div class=\"wp-block-media-text__content\">\n<h2 class=\"wp-block-heading\"><a href=\"\/es\/rta-news\/transit-service\/qline\/\">QLINE Detroit<\/a><\/h2>\n\n\n\n<p>Tranv\u00eda gratuito a lo largo de un tramo de 3,3 millas del corredor Woodward del centro de Detroit.<\/p>\n\n\n\n\n    \n\n    \n\n\n<a\n  href=\"\/es\/rta-news\/transit-service\/qline\/\"\n  target=\"_self\"  class=\"button button--default\"\n  \n>\n        M\u00e1s informaci\u00f3n\n    <\/a>\n<\/div><\/div>\n\n\n\n<div class=\"wp-block-media-text is-stacked-on-mobile\"><figure class=\"wp-block-media-text__media\"><a href=\"https:\/\/www.d2a2.com\"><img loading=\"lazy\" decoding=\"async\" width=\"600\" height=\"325\" src=\"https:\/\/www.rtamichigan.org\/app\/uploads\/2025\/05\/D2a2.png\" alt=\"D2a2 logo\" class=\"wp-image-418 size-full\" srcset=\"https:\/\/www.rtamichigan.org\/app\/uploads\/2025\/05\/D2a2.png 600w, https:\/\/www.rtamichigan.org\/app\/uploads\/2025\/05\/D2a2-300x163.png 300w, https:\/\/www.rtamichigan.org\/app\/uploads\/2025\/05\/D2a2-18x10.png 18w\" sizes=\"auto, (max-width: 600px) 100vw, 600px\" \/><\/a><\/figure><div class=\"wp-block-media-text__content\">\n<h2 class=\"wp-block-heading\"><a href=\"\/es\/rta-news\/transit-service\/d2a2\/\">Expreso de Detroit a Ann Arbor (D2A2)<\/a><\/h2>\n\n\n\n<p>Servicio de autob\u00fas expr\u00e9s sin escalas que conecta Detroit y Ann Arbor.<\/p>\n\n\n\n\n    \n\n    \n\n\n<a\n  href=\"\/es\/rta-news\/transit-service\/d2a2\/\"\n  target=\"_self\"  class=\"button button--default\"\n  \n>\n        M\u00e1s informaci\u00f3n\n    <\/a>\n<\/div><\/div>\n\n\n\n<div class=\"wp-block-media-text is-stacked-on-mobile\"><figure class=\"wp-block-media-text__media\"><a href=\"https:\/\/www.dax-bus.com\"><img loading=\"lazy\" decoding=\"async\" width=\"600\" height=\"325\" src=\"https:\/\/www.rtamichigan.org\/app\/uploads\/2025\/05\/DAX.png\" alt=\"DAX logo\" class=\"wp-image-420 size-full\" srcset=\"https:\/\/www.rtamichigan.org\/app\/uploads\/2025\/05\/DAX.png 600w, https:\/\/www.rtamichigan.org\/app\/uploads\/2025\/05\/DAX-300x163.png 300w, https:\/\/www.rtamichigan.org\/app\/uploads\/2025\/05\/DAX-18x10.png 18w\" sizes=\"auto, (max-width: 600px) 100vw, 600px\" \/><\/a><\/figure><div class=\"wp-block-media-text__content\">\n<h2 class=\"wp-block-heading\"><a href=\"\/es\/rta-news\/transit-service\/detroit-air-xpress-dax\/\">Detroit Air Xpress (DAX)<\/a><\/h2>\n\n\n\n<p>Servicio expr\u00e9s sin escalas entre el centro de Detroit y el Aeropuerto Metropolitano de Detroit (DTW).<\/p>\n\n\n\n\n    \n\n    \n\n\n<a\n  href=\"\/es\/rta-news\/transit-service\/detroit-air-xpress-dax\/\"\n  target=\"_self\"  class=\"button button--default\"\n  \n>\n        M\u00e1s informaci\u00f3n\n    <\/a>\n<\/div><\/div>\n\n\n\n<h2 class=\"wp-block-heading\">Servicios para socios<\/h2>\n\n\n\n<hr class=\"wp-block-separator has-alpha-channel-opacity\"\/>\n\n\n\n<div class=\"wp-block-columns is-layout-flex wp-container-core-columns-is-layout-9d6595d7 wp-block-columns-is-layout-flex\">\n<div class=\"wp-block-column is-layout-flow wp-block-column-is-layout-flow\">\n    \n<a\n  class=\"card-basic card__animated-link\"\n    href=\"\/es\/rta-news\/transit-service\/ann-arbor-area-transportation-authority-theride\/\"\n>\n  <div class=\"card-basic__image\">\n                  \n\n\n<img decoding=\"async\"\n  class=\"image\"\n      src=\"https:\/\/www.rtamichigan.org\/app\/uploads\/2025\/05\/aata-the-ride.png\"\n      alt=\"Ann Arbor Area Transportation Authority (AAATA, TheRide)\"\n    \/>\n\n\n\n\n\n\n            <\/div>\n\n  <div class=\"card-basic__content\">\n    \n<h3 class=\"card-basic__title\">\n      Autoridad de Transporte del \u00c1rea de Ann Arbor (AAATA, TheRide)\n  <\/h3>\n\n    \n          <div class=\"card-basic__summary\">\n        Sistema de transporte p\u00fablico para el \u00e1rea metropolitana de Ann Arbor-Ypsilanti, que ofrece servicios de transporte confiables, seguros y asequibles que incluyen autobuses de ruta fija, servicio de cercan\u00edas expr\u00e9s, servicio de aeropuerto, microtr\u00e1nsito y paratr\u00e1nsito.\n      <\/div>\n      <\/div>\n<\/a> <\/div>\n\n\n\n<div class=\"wp-block-column is-layout-flow wp-block-column-is-layout-flow\">\n    \n<a\n  class=\"card-basic card__animated-link\"\n    href=\"\/es\/rta-news\/transit-service\/detroit-department-of-transportation-ddot\/\"\n>\n  <div class=\"card-basic__image\">\n                  \n\n\n<img decoding=\"async\"\n  class=\"image\"\n      src=\"https:\/\/www.rtamichigan.org\/app\/uploads\/2025\/05\/DDOT.png\"\n      alt=\"City of Detroit Department of Transportation (DDOT)\"\n    \/>\n\n\n\n\n\n\n            <\/div>\n\n  <div class=\"card-basic__content\">\n    \n<h3 class=\"card-basic__title\">\n      Departamento de Transporte de la Ciudad de Detroit (DDOT)\n  <\/h3>\n\n    \n          <div class=\"card-basic__summary\">\n        El sistema de transporte p\u00fablico m\u00e1s grande de Michigan, que presta servicio a la ciudad de Detroit y sus alrededores, incluidos Highland Park, Dearborn y Hamtramck, con servicio de ruta fija y paratr\u00e1nsito.\n      <\/div>\n      <\/div>\n<\/a> <\/div>\n\n\n\n<div class=\"wp-block-column is-layout-flow wp-block-column-is-layout-flow\">\n    \n<a\n  class=\"card-basic card__animated-link\"\n    href=\"\/es\/rta-news\/transit-service\/detroit-people-mover\/\"\n>\n  <div class=\"card-basic__image\">\n                  \n\n\n<img decoding=\"async\"\n  class=\"image\"\n      src=\"https:\/\/www.rtamichigan.org\/app\/uploads\/2025\/05\/people-mover.jpg\"\n      alt=\"Detroit People Mover\"\n    \/>\n\n\n\n\n\n\n            <\/div>\n\n  <div class=\"card-basic__content\">\n    \n<h3 class=\"card-basic__title\">\n      Transporte de personas de Detroit\n  <\/h3>\n\n    \n          <div class=\"card-basic__summary\">\n        Sistema de tren ligero totalmente automatizado que funciona en un circuito elevado de v\u00eda \u00fanica en el distrito comercial central de Detroit.\n      <\/div>\n      <\/div>\n<\/a> <\/div>\n<\/div>\n\n\n\n<div class=\"wp-block-columns is-layout-flex wp-container-core-columns-is-layout-9d6595d7 wp-block-columns-is-layout-flex\">\n<div class=\"wp-block-column is-layout-flow wp-block-column-is-layout-flow\">\n    \n<a\n  class=\"card-basic card__animated-link\"\n    href=\"\/es\/rta-news\/transit-service\/mogo\/\"\n>\n  <div class=\"card-basic__image\">\n                  \n\n\n<img decoding=\"async\"\n  class=\"image\"\n      src=\"https:\/\/www.rtamichigan.org\/app\/uploads\/2025\/05\/MOGO.png\"\n      alt=\"MoGo\"\n    \/>\n\n\n\n\n\n\n            <\/div>\n\n  <div class=\"card-basic__content\">\n    \n<h3 class=\"card-basic__title\">\n      MoGo\n  <\/h3>\n\n    \n          <div class=\"card-basic__summary\">\n        Servicio de bicicletas compartidas que opera en 75 ubicaciones en m\u00e1s de una docena de vecindarios del \u00e1rea metropolitana de Detroit.\n      <\/div>\n      <\/div>\n<\/a> <\/div>\n\n\n\n<div class=\"wp-block-column is-layout-flow wp-block-column-is-layout-flow\">\n    \n<a\n  class=\"card-basic card__animated-link\"\n    href=\"\/es\/rta-news\/transit-service\/suburban-mobility-authority-for-regional-transportation-smart\/\"\n>\n  <div class=\"card-basic__image\">\n                  \n\n\n<img decoding=\"async\"\n  class=\"image\"\n      src=\"https:\/\/www.rtamichigan.org\/app\/uploads\/2025\/05\/SMART.png\"\n      alt=\"Suburban Mobility Authority for Regional Transportation (SMART)\"\n    \/>\n\n\n\n\n\n\n            <\/div>\n\n  <div class=\"card-basic__content\">\n    \n<h3 class=\"card-basic__title\">\n      Autoridad de Movilidad Suburbana para el Transporte Regional (SMART)\n  <\/h3>\n\n    \n          <div class=\"card-basic__summary\">\n        Sistema de transporte p\u00fablico que ofrece autobuses de ruta fija y expr\u00e9s convenientes, confiables y seguros, servicio a pedido y microtr\u00e1nsito en los condados de Macomb, Oakland y Wayne.\n      <\/div>\n      <\/div>\n<\/a> <\/div>\n\n\n\n<div class=\"wp-block-column is-layout-flow wp-block-column-is-layout-flow\"><\/div>\n<\/div>\n\n\n                            \n                        \n                        \n        \n    \n\n<div class=\"cta cta--shaped-bg cta--image-left card__animated-link\">\n    <div class=\"cta__content-wrapper\">\n          <div class=\"cta__image\">\n                  \n\n\n<img decoding=\"async\"\n  class=\"image\"\n      src=\"https:\/\/www.rtamichigan.org\/app\/uploads\/2025\/04\/Person_Deboarding_Nova_1_web.jpg\"\n      alt=\"A woman in orange pants walking off of a bus\"\n    \/>\n\n\n\n\n\n\n              <\/div>\n        <div class=\"cta__content\">\n              \n<h2 class=\"h2\">\n      C\u00f3mo montar\n  <\/h2>\n                    <div class=\"cta__text\"><p>La red de transporte p\u00fablico del sureste de Michigan abarca cuatro condados, ofreciendo a millones de pasajeros una red de opciones de transporte accesibles y asequibles. Aprenda a planificar su viaje, pagar su pasaje y viajar en autob\u00fas.<\/p>\n<\/div>\n                              <div class=\"button-group\">\n            \n\n\n<a\n  href=\"\/es\/how-to-ride\/\"\n    class=\"button button--ghost-dark\"\n  \n>\n        C\u00f3mo montar\n    <\/a>\n          <\/div>\n                  <\/div>\n      <\/div>\n<\/div>","protected":false},"excerpt":{"rendered":"<p>La RTA y los proveedores de transporte p\u00fablico asociados de la regi\u00f3n coordinan servicios para conectar el sureste de Michigan. Los servicios de transporte p\u00fablico mencionados se dividen en dos categor\u00edas: servicios operados por la RTA y servicios de los principales socios, que [\u2026]<\/p>","protected":false},"author":1,"featured_media":979,"parent":0,"menu_order":3,"comment_status":"closed","ping_status":"closed","template":"","meta":{"_acf_changed":false,"inline_featured_image":false,"footnotes":""},"class_list":["post-76","page","type-page","status-publish","has-post-thumbnail","hentry"],"acf":[],"yoast_head":"<!-- This site is optimized with the Yoast SEO plugin v24.9 - https:\/\/yoast.com\/wordpress\/plugins\/seo\/ -->\n<title>Transit Services - RTA of Southeast Michigan<\/title>\n<meta name=\"robots\" content=\"index, follow, max-snippet:-1, max-image-preview:large, max-video-preview:-1\" \/>\n<link rel=\"canonical\" href=\"https:\/\/www.rtamichigan.org\/es\/transit-services\/\" \/>\n<meta property=\"og:locale\" content=\"es_MX\" \/>\n<meta property=\"og:type\" content=\"article\" \/>\n<meta property=\"og:title\" content=\"Transit Services - RTA of Southeast Michigan\" \/>\n<meta property=\"og:description\" content=\"RTA and the region&#8217;s partner transit providers coordinate services to connect Southeast Michigan. The public transportation services listed are divided into two categories: RTA-operated services and major partner services, which [&hellip;]\" \/>\n<meta property=\"og:url\" content=\"https:\/\/www.rtamichigan.org\/es\/transit-services\/\" \/>\n<meta property=\"og:site_name\" content=\"RTA of Southeast Michigan\" \/>\n<meta property=\"article:publisher\" content=\"https:\/\/www.facebook.com\/rtamichigan\/\" \/>\n<meta property=\"article:modified_time\" content=\"2025-07-22T19:49:09+00:00\" \/>\n<meta property=\"og:image\" content=\"https:\/\/www.rtamichigan.org\/app\/uploads\/2025\/05\/RTA-Web-Banner-Images-scaled.png\" \/>\n\t<meta property=\"og:image:width\" content=\"2560\" \/>\n\t<meta property=\"og:image:height\" content=\"512\" \/>\n\t<meta property=\"og:image:type\" content=\"image\/png\" \/>\n<meta name=\"twitter:card\" content=\"summary_large_image\" \/>\n<meta name=\"twitter:site\" content=\"@rtamichigan\" \/>\n<meta name=\"twitter:label1\" content=\"Est. reading time\" \/>\n\t<meta name=\"twitter:data1\" content=\"2 minutes\" \/>\n<script type=\"application\/ld+json\" class=\"yoast-schema-graph\">{\"@context\":\"https:\/\/schema.org\",\"@graph\":[{\"@type\":\"WebPage\",\"@id\":\"https:\/\/www.rtamichigan.org\/transit-services\",\"url\":\"https:\/\/www.rtamichigan.org\/transit-services\",\"name\":\"Transit Services - RTA of Southeast Michigan\",\"isPartOf\":{\"@id\":\"https:\/\/www.rtamichigan.org\/#website\"},\"primaryImageOfPage\":{\"@id\":\"https:\/\/www.rtamichigan.org\/transit-services#primaryimage\"},\"image\":{\"@id\":\"https:\/\/www.rtamichigan.org\/transit-services#primaryimage\"},\"thumbnailUrl\":\"https:\/\/www.rtamichigan.org\/app\/uploads\/2025\/05\/RTA-Web-Banner-Images-scaled.png\",\"datePublished\":\"2025-04-08T17:46:17+00:00\",\"dateModified\":\"2025-07-22T19:49:09+00:00\",\"breadcrumb\":{\"@id\":\"https:\/\/www.rtamichigan.org\/transit-services#breadcrumb\"},\"inLanguage\":\"es-MX\",\"potentialAction\":[{\"@type\":\"ReadAction\",\"target\":[\"https:\/\/www.rtamichigan.org\/transit-services\"]}]},{\"@type\":\"ImageObject\",\"inLanguage\":\"es-MX\",\"@id\":\"https:\/\/www.rtamichigan.org\/transit-services#primaryimage\",\"url\":\"https:\/\/www.rtamichigan.org\/app\/uploads\/2025\/05\/RTA-Web-Banner-Images-scaled.png\",\"contentUrl\":\"https:\/\/www.rtamichigan.org\/app\/uploads\/2025\/05\/RTA-Web-Banner-Images-scaled.png\",\"width\":2560,\"height\":512,\"caption\":\"A collage of images showing different means of transportation\"},{\"@type\":\"BreadcrumbList\",\"@id\":\"https:\/\/www.rtamichigan.org\/transit-services#breadcrumb\",\"itemListElement\":[{\"@type\":\"ListItem\",\"position\":1,\"name\":\"Home\",\"item\":\"https:\/\/www.rtamichigan.org\/\"},{\"@type\":\"ListItem\",\"position\":2,\"name\":\"Transit Services\"}]},{\"@type\":\"WebSite\",\"@id\":\"https:\/\/www.rtamichigan.org\/#website\",\"url\":\"https:\/\/www.rtamichigan.org\/\",\"name\":\"RTA of Southeast Michigan\",\"description\":\"Get on Board!\",\"potentialAction\":[{\"@type\":\"SearchAction\",\"target\":{\"@type\":\"EntryPoint\",\"urlTemplate\":\"https:\/\/www.rtamichigan.org\/?s={search_term_string}\"},\"query-input\":{\"@type\":\"PropertyValueSpecification\",\"valueRequired\":true,\"valueName\":\"search_term_string\"}}],\"inLanguage\":\"es-MX\"}]}<\/script>\n<!-- \/ Yoast SEO plugin. -->","yoast_head_json":{"title":"Servicios de tr\u00e1nsito - RTA del sureste de Michigan","robots":{"index":"index","follow":"follow","max-snippet":"max-snippet:-1","max-image-preview":"max-image-preview:large","max-video-preview":"max-video-preview:-1"},"canonical":"https:\/\/www.rtamichigan.org\/es\/transit-services\/","og_locale":"es_MX","og_type":"article","og_title":"Transit Services - RTA of Southeast Michigan","og_description":"RTA and the region&#8217;s partner transit providers coordinate services to connect Southeast Michigan. The public transportation services listed are divided into two categories: RTA-operated services and major partner services, which [&hellip;]","og_url":"https:\/\/www.rtamichigan.org\/es\/transit-services\/","og_site_name":"RTA of Southeast Michigan","article_publisher":"https:\/\/www.facebook.com\/rtamichigan\/","article_modified_time":"2025-07-22T19:49:09+00:00","og_image":[{"width":2560,"height":512,"url":"https:\/\/www.rtamichigan.org\/app\/uploads\/2025\/05\/RTA-Web-Banner-Images-scaled.png","type":"image\/png"}],"twitter_card":"summary_large_image","twitter_site":"@rtamichigan","twitter_misc":{"Est. reading time":"2 minutes"},"schema":{"@context":"https:\/\/schema.org","@graph":[{"@type":"WebPage","@id":"https:\/\/www.rtamichigan.org\/transit-services","url":"https:\/\/www.rtamichigan.org\/transit-services","name":"Servicios de tr\u00e1nsito - RTA del sureste de Michigan","isPartOf":{"@id":"https:\/\/www.rtamichigan.org\/#website"},"primaryImageOfPage":{"@id":"https:\/\/www.rtamichigan.org\/transit-services#primaryimage"},"image":{"@id":"https:\/\/www.rtamichigan.org\/transit-services#primaryimage"},"thumbnailUrl":"https:\/\/www.rtamichigan.org\/app\/uploads\/2025\/05\/RTA-Web-Banner-Images-scaled.png","datePublished":"2025-04-08T17:46:17+00:00","dateModified":"2025-07-22T19:49:09+00:00","breadcrumb":{"@id":"https:\/\/www.rtamichigan.org\/transit-services#breadcrumb"},"inLanguage":"es-MX","potentialAction":[{"@type":"ReadAction","target":["https:\/\/www.rtamichigan.org\/transit-services"]}]},{"@type":"ImageObject","inLanguage":"es-MX","@id":"https:\/\/www.rtamichigan.org\/transit-services#primaryimage","url":"https:\/\/www.rtamichigan.org\/app\/uploads\/2025\/05\/RTA-Web-Banner-Images-scaled.png","contentUrl":"https:\/\/www.rtamichigan.org\/app\/uploads\/2025\/05\/RTA-Web-Banner-Images-scaled.png","width":2560,"height":512,"caption":"A collage of images showing different means of transportation"},{"@type":"BreadcrumbList","@id":"https:\/\/www.rtamichigan.org\/transit-services#breadcrumb","itemListElement":[{"@type":"ListItem","position":1,"name":"Home","item":"https:\/\/www.rtamichigan.org\/"},{"@type":"ListItem","position":2,"name":"Transit Services"}]},{"@type":"WebSite","@id":"https:\/\/www.rtamichigan.org\/#website","url":"https:\/\/www.rtamichigan.org\/","name":"RTA del sureste de Michigan","description":"\u00a1Sube a bordo!","potentialAction":[{"@type":"SearchAction","target":{"@type":"EntryPoint","urlTemplate":"https:\/\/www.rtamichigan.org\/?s={search_term_string}"},"query-input":{"@type":"PropertyValueSpecification","valueRequired":true,"valueName":"search_term_string"}}],"inLanguage":"es-MX"}]}},"publishpress_future_action":{"enabled":false,"date":"2026-04-14 02:38:48","action":"change-status","newStatus":"draft","terms":[],"taxonomy":"","extraData":[]},"publishpress_future_workflow_manual_trigger":{"enabledWorkflows":[]},"_links":{"self":[{"href":"https:\/\/www.rtamichigan.org\/es\/wp-json\/wp\/v2\/pages\/76","targetHints":{"allow":["GET"]}}],"collection":[{"href":"https:\/\/www.rtamichigan.org\/es\/wp-json\/wp\/v2\/pages"}],"about":[{"href":"https:\/\/www.rtamichigan.org\/es\/wp-json\/wp\/v2\/types\/page"}],"author":[{"embeddable":true,"href":"https:\/\/www.rtamichigan.org\/es\/wp-json\/wp\/v2\/users\/1"}],"replies":[{"embeddable":true,"href":"https:\/\/www.rtamichigan.org\/es\/wp-json\/wp\/v2\/comments?post=76"}],"version-history":[{"count":36,"href":"https:\/\/www.rtamichigan.org\/es\/wp-json\/wp\/v2\/pages\/76\/revisions"}],"predecessor-version":[{"id":2344,"href":"https:\/\/www.rtamichigan.org\/es\/wp-json\/wp\/v2\/pages\/76\/revisions\/2344"}],"wp:featuredmedia":[{"embeddable":true,"href":"https:\/\/www.rtamichigan.org\/es\/wp-json\/wp\/v2\/media\/979"}],"wp:attachment":[{"href":"https:\/\/www.rtamichigan.org\/es\/wp-json\/wp\/v2\/media?parent=76"}],"curies":[{"name":"gracias","href":"https:\/\/api.w.org\/{rel}","templated":true}]}}