{"id":75,"date":"2025-04-08T17:46:10","date_gmt":"2025-04-08T17:46:10","guid":{"rendered":"https:\/\/rta-semi.ddev.site\/?page_id=75"},"modified":"2025-09-23T10:12:38","modified_gmt":"2025-09-23T15:12:38","slug":"about-rta","status":"publish","type":"page","link":"https:\/\/www.rtamichigan.org\/es\/about-rta","title":{"rendered":"Acerca de RTA"},"content":{"rendered":"<div class=\"wp-block-columns center is-layout-flex wp-container-core-columns-is-layout-9d6595d7 wp-block-columns-is-layout-flex\">\n<div class=\"wp-block-column is-layout-flow wp-block-column-is-layout-flow\">\n<h2 class=\"wp-block-heading has-text-align-center\">Somos la RTA. \u00a1\u00danete!<\/h2>\n\n\n\n<p class=\"has-text-align-center\">La Autoridad Regional de Tr\u00e1nsito del Sureste de Michigan (RTA) es una agencia p\u00fablica cuya misi\u00f3n es crear nuevas y mejores maneras de transportar y conectar a las personas. La RTA colabora con proveedores de transporte, comunidades, empresas y ciudadanos para crear una visi\u00f3n del transporte p\u00fablico: qu\u00e9 puede ser, qu\u00e9 puede hacer y qu\u00e9 podemos lograr con \u00e9l, y hacerla realidad. Al explorar nuevas estrategias para mejorar la cobertura y el servicio de transporte, obtener y supervisar la financiaci\u00f3n, y aumentar la accesibilidad a la oferta de transporte, la RTA desempe\u00f1a un papel crucial para liberar el potencial ilimitado de nuestra regi\u00f3n.<\/p>\n\n\n\n<p class=\"has-text-align-center\">Nuestra junta directiva, compuesta por 10 miembros, es nombrada por per\u00edodos de tres a\u00f1os por los ejecutivos de los condados de Wayne, Oakland y Macomb, el presidente de la Junta de Comisionados del Condado de Washtenaw, el alcalde de Detroit y el gobernador de Michigan. La persona designada por el gobernador ejerce como presidente sin derecho a voto. La RTA fue establecida por la Ley PA 387 en 2012.<\/p>\n\n\n\n<p class=\"has-text-align-center\">La RTA supervisa la operaci\u00f3n del sistema QLINE en Detroit.<\/p>\n\n\n\n<h3 class=\"wp-block-heading has-text-align-center\">Nuestra misi\u00f3n<\/h3>\n\n\n\n<p class=\"has-text-align-center\">Creando nuevas y mejores formas de mover y conectar a las personas.<\/p>\n\n\n\n<h3 class=\"wp-block-heading has-text-align-center\">Nuestra visi\u00f3n<\/h3>\n\n\n\n<p class=\"has-text-align-center\">Un sureste de Michigan donde los avances en el transporte generen mayor prosperidad para todos<\/p>\n\n\n\n<h3 class=\"wp-block-heading\">Nuestros valores<\/h3>\n\n\n\n<p>Creatividad: aportar pensamiento innovador para mejorar la experiencia del transporte.<\/p>\n\n\n\n<p>Empat\u00eda: comprender c\u00f3mo podemos ayudar a mejorar las vidas en toda la regi\u00f3n.<\/p>\n\n\n\n<p>Oportunidad: liderando el camino hacia el futuro del transporte p\u00fablico en el sureste de Michigan.<\/p>\n\n\n\n\n    \n\n    \n\n\n<a\n  href=\"\/es\/planning-policy-programs\/master-plan\/\"\n  target=\"_blank\"  class=\"button button--default center\"\n  \n>\n        Plan Maestro de Tr\u00e1nsito Regional\n    <\/a>\n<\/div>\n<\/div>\n\n\n\n<figure class=\"wp-block-image size-large is-resized center\"><img loading=\"lazy\" decoding=\"async\" width=\"1024\" height=\"576\" src=\"https:\/\/www.rtamichigan.org\/app\/uploads\/2025\/06\/IMG_0343-edited-1024x576.jpeg\" alt=\"\" class=\"wp-image-1886\" style=\"width:1000px\" srcset=\"https:\/\/www.rtamichigan.org\/app\/uploads\/2025\/06\/IMG_0343-edited-1024x576.jpeg 1024w, https:\/\/www.rtamichigan.org\/app\/uploads\/2025\/06\/IMG_0343-edited-300x169.jpeg 300w, https:\/\/www.rtamichigan.org\/app\/uploads\/2025\/06\/IMG_0343-edited-768x432.jpeg 768w, https:\/\/www.rtamichigan.org\/app\/uploads\/2025\/06\/IMG_0343-edited-1536x864.jpeg 1536w, https:\/\/www.rtamichigan.org\/app\/uploads\/2025\/06\/IMG_0343-edited-2048x1152.jpeg 2048w, https:\/\/www.rtamichigan.org\/app\/uploads\/2025\/06\/IMG_0343-edited-18x10.jpeg 18w\" sizes=\"auto, (max-width: 1024px) 100vw, 1024px\" \/><\/figure>\n\n\n\n<p><\/p>\n\n\n\n<hr class=\"wp-block-separator has-alpha-channel-opacity\"\/>\n\n\n\n<p><\/p>\n\n\n\n<h2 class=\"wp-block-heading has-text-align-center\">Qu\u00e9 hacemos<\/h2>\n\n\n\n<div class=\"wp-block-columns is-layout-flex wp-container-core-columns-is-layout-9d6595d7 wp-block-columns-is-layout-flex\">\n<div class=\"wp-block-column is-layout-flow wp-block-column-is-layout-flow\" style=\"flex-basis:33.33%\">\n<figure class=\"wp-block-image size-full\"><img loading=\"lazy\" decoding=\"async\" width=\"529\" height=\"336\" src=\"https:\/\/www.rtamichigan.org\/app\/uploads\/2025\/06\/Screenshot-2025-06-05-at-10.33.32\u202fAM.png\" alt=\"\" class=\"wp-image-1240\" srcset=\"https:\/\/www.rtamichigan.org\/app\/uploads\/2025\/06\/Screenshot-2025-06-05-at-10.33.32\u202fAM.png 529w, https:\/\/www.rtamichigan.org\/app\/uploads\/2025\/06\/Screenshot-2025-06-05-at-10.33.32\u202fAM-300x191.png 300w, https:\/\/www.rtamichigan.org\/app\/uploads\/2025\/06\/Screenshot-2025-06-05-at-10.33.32\u202fAM-18x12.png 18w\" sizes=\"auto, (max-width: 529px) 100vw, 529px\" \/><\/figure>\n<\/div>\n\n\n\n<div class=\"wp-block-column is-layout-flow wp-block-column-is-layout-flow\" style=\"flex-basis:66.66%\">\n<h3 class=\"wp-block-heading\"><strong>Somos expertos en temas de tr\u00e1nsito.<\/strong><\/h3>\n\n\n\n<p>Contamos con una amplia experiencia, nos basamos en datos, analizamos los aspectos pr\u00e1cticos y lideramos toda la planificaci\u00f3n regional.<\/p>\n\n\n\n<p><\/p>\n\n\n\n<h4 class=\"wp-block-heading\"><strong>Nuestro impacto<\/strong><\/h4>\n\n\n\n<ul class=\"wp-block-list\">\n<li>Mantener el <a href=\"\/es\/planning-policy-programs\/master-plan\/\">Plan Maestro de Tr\u00e1nsito Regional (RTMP)<\/a>, creando el modelo para el tr\u00e1nsito en el sureste de Michigan.<\/li>\n\n\n\n<li>Liderar y coordinar estudios sobre movilidad y corredores que impulsen mejoras.<\/li>\n\n\n\n<li>Administrar los fondos y subvenciones estatales y federales que llegan a nuestra regi\u00f3n.&nbsp;&nbsp;<\/li>\n<\/ul>\n<\/div>\n<\/div>\n\n\n\n<div class=\"wp-block-columns is-layout-flex wp-container-core-columns-is-layout-9d6595d7 wp-block-columns-is-layout-flex\">\n<div class=\"wp-block-column is-layout-flow wp-block-column-is-layout-flow\" style=\"flex-basis:66.66%\">\n<h3 class=\"wp-block-heading\"><strong>Somos conductores y hacedores<\/strong><\/h3>\n\n\n\n<p>Generamos nuevas ideas, las implementamos, las probamos y evaluamos los resultados.<\/p>\n\n\n\n<p><\/p>\n\n\n\n<h4 class=\"wp-block-heading\">Nuestro impacto<\/h4>\n\n\n\n<ul class=\"wp-block-list\">\n<li>Operar el <a href=\"\/es\/rta-news\/transit-service\/qline\/\">QLINE<\/a>, un tranv\u00eda de 3,3 millas en el Corredor Woodward con m\u00e1s de un mill\u00f3n de pasajeros al a\u00f1o.&nbsp;&nbsp;<\/li>\n\n\n\n<li>Supervisar programas que financian mejoras de movilidad f\u00edsica y digital para una mejor experiencia de tr\u00e1nsito.<a href=\"\/es\/planning-policy-programs\/access-to-transit-program\/\">Acceso al tr\u00e1nsito<\/a> y <a href=\"\/es\/planning-policy-programs\/mobility-4-all-m4a\/\">Movilidad para todos<\/a>.&nbsp;&nbsp;<\/li>\n\n\n\n<li>Evaluar y abordar las brechas en nuestro sistema regional, lanzando pilotos como <a href=\"\/es\/rta-news\/transit-service\/d2a2\/\">D2A2<\/a> y <a href=\"\/es\/rta-news\/transit-service\/detroit-air-xpress-dax\/\">DAX<\/a>.&nbsp;&nbsp;<\/li>\n<\/ul>\n<\/div>\n\n\n\n<div class=\"wp-block-column is-layout-flow wp-block-column-is-layout-flow\" style=\"flex-basis:33.33%\">\n<figure class=\"wp-block-image size-full\"><img loading=\"lazy\" decoding=\"async\" width=\"370\" height=\"329\" src=\"https:\/\/www.rtamichigan.org\/app\/uploads\/2025\/06\/Screenshot-2025-06-05-at-10.33.57\u202fAM.png\" alt=\"\" class=\"wp-image-1241\" srcset=\"https:\/\/www.rtamichigan.org\/app\/uploads\/2025\/06\/Screenshot-2025-06-05-at-10.33.57\u202fAM.png 370w, https:\/\/www.rtamichigan.org\/app\/uploads\/2025\/06\/Screenshot-2025-06-05-at-10.33.57\u202fAM-300x267.png 300w, https:\/\/www.rtamichigan.org\/app\/uploads\/2025\/06\/Screenshot-2025-06-05-at-10.33.57\u202fAM-13x12.png 13w\" sizes=\"auto, (max-width: 370px) 100vw, 370px\" \/><\/figure>\n<\/div>\n<\/div>\n\n\n\n<div class=\"wp-block-columns is-layout-flex wp-container-core-columns-is-layout-9d6595d7 wp-block-columns-is-layout-flex\">\n<div class=\"wp-block-column is-layout-flow wp-block-column-is-layout-flow\" style=\"flex-basis:33.33%\">\n<figure class=\"wp-block-image size-full\"><img loading=\"lazy\" decoding=\"async\" width=\"680\" height=\"459\" src=\"https:\/\/www.rtamichigan.org\/app\/uploads\/2025\/06\/Screenshot-2025-06-05-at-10.36.28\u202fAM.png\" alt=\"\" class=\"wp-image-1243\" srcset=\"https:\/\/www.rtamichigan.org\/app\/uploads\/2025\/06\/Screenshot-2025-06-05-at-10.36.28\u202fAM.png 680w, https:\/\/www.rtamichigan.org\/app\/uploads\/2025\/06\/Screenshot-2025-06-05-at-10.36.28\u202fAM-300x203.png 300w, https:\/\/www.rtamichigan.org\/app\/uploads\/2025\/06\/Screenshot-2025-06-05-at-10.36.28\u202fAM-18x12.png 18w\" sizes=\"auto, (max-width: 680px) 100vw, 680px\" \/><\/figure>\n<\/div>\n\n\n\n<div class=\"wp-block-column is-layout-flow wp-block-column-is-layout-flow\" style=\"flex-basis:66.66%\">\n<h3 class=\"wp-block-heading\">Somos conectores comunitarios<\/h3>\n\n\n\n<p>Reunimos ciudadanos, gobiernos y empresas para resolver problemas y crear oportunidades.<\/p>\n\n\n\n<p><\/p>\n\n\n\n<h4 class=\"wp-block-heading\">Nuestro impacto<\/h4>\n\n\n\n<ul class=\"wp-block-list\">\n<li>Convocar una <a href=\"\/es\/about-rta\/committees\/citizens-advisory-committee\/\">Comit\u00e9 Asesor Ciudadano<\/a> y <a href=\"\/es\/about-rta\/committees\/providers-advisory-council\/\">Comit\u00e9 Asesor de Proveedores<\/a> para recopilar informaci\u00f3n de la comunidad y de los l\u00edderes del transporte p\u00fablico.&nbsp;&nbsp;<\/li>\n\n\n\n<li>Crear pol\u00edticas que den voz a quienes se preocupan por el futuro del transporte p\u00fablico en el sudeste de Michigan.&nbsp;&nbsp;<\/li>\n\n\n\n<li>Transmitir y defender una legislaci\u00f3n que fomente las inversiones en transporte a largo plazo.&nbsp;&nbsp;<\/li>\n<\/ul>\n<\/div>\n<\/div>\n\n\n\n<hr class=\"wp-block-separator has-alpha-channel-opacity\"\/>\n\n\n\n<p><\/p>\n\n\n\n<h2 class=\"wp-block-heading has-text-align-center\">Quienes somos<\/h2>\n\n\n\n<div class=\"wp-block-columns is-layout-flex wp-container-core-columns-is-layout-9d6595d7 wp-block-columns-is-layout-flex\">\n<div class=\"wp-block-column is-layout-flow wp-block-column-is-layout-flow\">\n<h3 class=\"wp-block-heading\">Junta Directiva<\/h3>\n\n\n\n<p>El <a href=\"https:\/\/www.rtamichigan.org\/es\/about-rta\/board-of-directors\/\">Junta Directiva<\/a> es el \u00f3rgano de 10 miembros que toma las decisiones finales sobre las operaciones de la RTA.<\/p>\n\n\n\n\n    \n\n    \n\n\n<a\n  href=\"\/es\/about-rta\/board-of-directors\/\"\n  target=\"_self\"  class=\"button button--default\"\n  \n>\n        Ver Junta Directiva\n    <\/a>\n<\/div>\n\n\n\n<div class=\"wp-block-column is-layout-flow wp-block-column-is-layout-flow\">\n<h3 class=\"wp-block-heading\">Comit\u00e9s<\/h3>\n\n\n\n<p><a href=\"https:\/\/www.rtamichigan.org\/es\/about-rta\/committees\/providers-advisory-council\/\">El Comit\u00e9 Asesor de Proveedores<\/a> y <a href=\"https:\/\/www.rtamichigan.org\/es\/about-rta\/committees\/citizens-advisory-committee\/\">Comit\u00e9 Asesor Ciudadano<\/a> Son grupos asesores independientes, comprometidos con la visi\u00f3n de conectar nuestra comunidad con el transporte p\u00fablico.<\/p>\n\n\n\n\n    \n\n    \n\n\n<a\n  href=\"\/es\/about-rta\/committees\/\"\n  target=\"_self\"  class=\"button button--default\"\n  \n>\n        Ver comit\u00e9s\n    <\/a>\n<\/div>\n\n\n\n<div class=\"wp-block-column is-layout-flow wp-block-column-is-layout-flow\">\n<h3 class=\"wp-block-heading\">Personal<\/h3>\n\n\n\n<p><a href=\"https:\/\/www.rtamichigan.org\/es\/about-rta\/rta-staff\/\">Nuestro personal<\/a> Est\u00e1 conformado por expertos en tr\u00e1nsito con amplia experiencia y dedicaci\u00f3n. El personal se encarga de la gesti\u00f3n diaria de la administraci\u00f3n de la RTA.<\/p>\n\n\n\n\n    \n\n    \n\n\n<a\n  href=\"\/es\/about-rta\/rta-staff\/\"\n  target=\"_self\"  class=\"button button--default\"\n  \n>\n        Ver personal\n    <\/a>\n<\/div>\n<\/div>\n\n\n\n<hr class=\"wp-block-separator has-alpha-channel-opacity\"\/>\n\n\n\n<div class=\"wp-block-columns is-layout-flex wp-container-core-columns-is-layout-9d6595d7 wp-block-columns-is-layout-flex\">\n<div class=\"wp-block-column is-layout-flow wp-block-column-is-layout-flow\" style=\"flex-basis:33.33%\">\n<figure class=\"wp-block-image size-full\"><img loading=\"lazy\" decoding=\"async\" width=\"686\" height=\"502\" src=\"https:\/\/www.rtamichigan.org\/app\/uploads\/2025\/06\/Screenshot-2025-06-05-at-10.41.39\u202fAM.png\" alt=\"\" class=\"wp-image-1247\" srcset=\"https:\/\/www.rtamichigan.org\/app\/uploads\/2025\/06\/Screenshot-2025-06-05-at-10.41.39\u202fAM.png 686w, https:\/\/www.rtamichigan.org\/app\/uploads\/2025\/06\/Screenshot-2025-06-05-at-10.41.39\u202fAM-300x220.png 300w, https:\/\/www.rtamichigan.org\/app\/uploads\/2025\/06\/Screenshot-2025-06-05-at-10.41.39\u202fAM-16x12.png 16w\" sizes=\"auto, (max-width: 686px) 100vw, 686px\" \/><\/figure>\n<\/div>\n\n\n\n<div class=\"wp-block-column is-layout-flow wp-block-column-is-layout-flow\" style=\"flex-basis:66.66%\">\n<h2 class=\"wp-block-heading\">Mantente conectado<\/h2>\n\n\n\n<p>RTA est\u00e1 en la comunidad y en las redes sociales. Conoce a RTA y haz o\u00edr tu voz en\u00a0<a href=\"https:\/\/www.rtamichigan.org\/es\/about-rta\/community-events\/\">eventos comunitarios<\/a>Tambi\u00e9n puedes unirte a la conversaci\u00f3n en\u00a0<a href=\"https:\/\/www.rtamichigan.org\/es\/about-rta\/meetings\/\">Reuniones de la RTA<\/a>, o\u00a0<a href=\"http:\/\/www.rtamichigan.org\/es\/home\/partnering-with-rta\/\">asociarse con RTA<\/a>\u00a0como vendedor.<\/p>\n\n\n\n<p><\/p>\n<\/div>\n<\/div>\n\n\n\n<div class=\"wp-block-columns is-layout-flex wp-container-core-columns-is-layout-9d6595d7 wp-block-columns-is-layout-flex\">\n<div class=\"wp-block-column is-layout-flow wp-block-column-is-layout-flow\">                            \n                        \n                        \n        \n    \n\n<div class=\"cta cta--default card__animated-link\">\n    <div class=\"cta__content-wrapper\">\n        <div class=\"cta__content\">\n              \n<h2 class=\"h2\">\n      \u00danete a nuestro equipo\n  <\/h2>\n                    <div class=\"cta__text\"><p>\u00danase al equipo de RTA: explore carreras que ayuden a dar forma al futuro del tr\u00e1nsito en el sudeste de Michigan.<\/p>\n<\/div>\n                              <div class=\"button-group\">\n            \n\n\n<a\n  href=\"\/es\/careers\/\"\n    class=\"button button--ghost-dark\"\n  \n>\n        Ver oportunidades profesionales\n    <\/a>\n          <\/div>\n                  <\/div>\n      <\/div>\n<\/div><\/div>\n<\/div>","protected":false},"excerpt":{"rendered":"<p>Somos la RTA. \u00a1\u00danete! La Autoridad Regional de Tr\u00e1nsito del Sureste de Michigan (RTA) es una agencia p\u00fablica cuya misi\u00f3n es crear nuevas y mejores maneras de transportarse y [\u2026]<\/p>","protected":false},"author":1,"featured_media":1269,"parent":0,"menu_order":2,"comment_status":"closed","ping_status":"closed","template":"","meta":{"_acf_changed":false,"inline_featured_image":false,"footnotes":""},"class_list":["post-75","page","type-page","status-publish","has-post-thumbnail","hentry"],"acf":[],"yoast_head":"<!-- This site is optimized with the Yoast SEO plugin v24.9 - https:\/\/yoast.com\/wordpress\/plugins\/seo\/ -->\n<title>About RTA - RTA of Southeast Michigan<\/title>\n<meta name=\"robots\" content=\"index, follow, max-snippet:-1, max-image-preview:large, max-video-preview:-1\" \/>\n<link rel=\"canonical\" href=\"https:\/\/www.rtamichigan.org\/es\/about-rta\/\" \/>\n<meta property=\"og:locale\" content=\"es_MX\" \/>\n<meta property=\"og:type\" content=\"article\" \/>\n<meta property=\"og:title\" content=\"About RTA - RTA of Southeast Michigan\" \/>\n<meta property=\"og:description\" content=\"We\u2019re The RTA. Get On Board! The Regional Transit Authority of Southeast Michigan (RTA) is a public agency with the mission to create new and better ways to move and [&hellip;]\" \/>\n<meta property=\"og:url\" content=\"https:\/\/www.rtamichigan.org\/es\/about-rta\/\" \/>\n<meta property=\"og:site_name\" content=\"RTA of Southeast Michigan\" \/>\n<meta property=\"article:publisher\" content=\"https:\/\/www.facebook.com\/rtamichigan\/\" \/>\n<meta property=\"article:modified_time\" content=\"2025-09-23T15:12:38+00:00\" \/>\n<meta property=\"og:image\" content=\"https:\/\/www.rtamichigan.org\/app\/uploads\/2025\/06\/pexels-photo-808846-2-e1752765852247.jpg\" \/>\n\t<meta property=\"og:image:width\" content=\"940\" \/>\n\t<meta property=\"og:image:height\" content=\"164\" \/>\n\t<meta property=\"og:image:type\" content=\"image\/jpeg\" \/>\n<meta name=\"twitter:card\" content=\"summary_large_image\" \/>\n<meta name=\"twitter:site\" content=\"@rtamichigan\" \/>\n<meta name=\"twitter:label1\" content=\"Est. reading time\" \/>\n\t<meta name=\"twitter:data1\" content=\"4 minutes\" \/>\n<script type=\"application\/ld+json\" class=\"yoast-schema-graph\">{\"@context\":\"https:\/\/schema.org\",\"@graph\":[{\"@type\":\"WebPage\",\"@id\":\"https:\/\/www.rtamichigan.org\/about-rta\",\"url\":\"https:\/\/www.rtamichigan.org\/about-rta\",\"name\":\"About RTA - RTA of Southeast Michigan\",\"isPartOf\":{\"@id\":\"https:\/\/www.rtamichigan.org\/#website\"},\"primaryImageOfPage\":{\"@id\":\"https:\/\/www.rtamichigan.org\/about-rta#primaryimage\"},\"image\":{\"@id\":\"https:\/\/www.rtamichigan.org\/about-rta#primaryimage\"},\"thumbnailUrl\":\"https:\/\/www.rtamichigan.org\/app\/uploads\/2025\/06\/pexels-photo-808846-2-e1752765852247.jpg\",\"datePublished\":\"2025-04-08T17:46:10+00:00\",\"dateModified\":\"2025-09-23T15:12:38+00:00\",\"breadcrumb\":{\"@id\":\"https:\/\/www.rtamichigan.org\/about-rta#breadcrumb\"},\"inLanguage\":\"es-MX\",\"potentialAction\":[{\"@type\":\"ReadAction\",\"target\":[\"https:\/\/www.rtamichigan.org\/about-rta\"]}]},{\"@type\":\"ImageObject\",\"inLanguage\":\"es-MX\",\"@id\":\"https:\/\/www.rtamichigan.org\/about-rta#primaryimage\",\"url\":\"https:\/\/www.rtamichigan.org\/app\/uploads\/2025\/06\/pexels-photo-808846-2-e1752765852247.jpg\",\"contentUrl\":\"https:\/\/www.rtamichigan.org\/app\/uploads\/2025\/06\/pexels-photo-808846-2-e1752765852247.jpg\",\"width\":940,\"height\":164,\"caption\":\"The inside of a bus\"},{\"@type\":\"BreadcrumbList\",\"@id\":\"https:\/\/www.rtamichigan.org\/about-rta#breadcrumb\",\"itemListElement\":[{\"@type\":\"ListItem\",\"position\":1,\"name\":\"Home\",\"item\":\"https:\/\/www.rtamichigan.org\/\"},{\"@type\":\"ListItem\",\"position\":2,\"name\":\"About RTA\"}]},{\"@type\":\"WebSite\",\"@id\":\"https:\/\/www.rtamichigan.org\/#website\",\"url\":\"https:\/\/www.rtamichigan.org\/\",\"name\":\"RTA of Southeast Michigan\",\"description\":\"Get on Board!\",\"potentialAction\":[{\"@type\":\"SearchAction\",\"target\":{\"@type\":\"EntryPoint\",\"urlTemplate\":\"https:\/\/www.rtamichigan.org\/?s={search_term_string}\"},\"query-input\":{\"@type\":\"PropertyValueSpecification\",\"valueRequired\":true,\"valueName\":\"search_term_string\"}}],\"inLanguage\":\"es-MX\"}]}<\/script>\n<!-- \/ Yoast SEO plugin. -->","yoast_head_json":{"title":"Acerca de RTA - RTA del sureste de Michigan","robots":{"index":"index","follow":"follow","max-snippet":"max-snippet:-1","max-image-preview":"max-image-preview:large","max-video-preview":"max-video-preview:-1"},"canonical":"https:\/\/www.rtamichigan.org\/es\/about-rta\/","og_locale":"es_MX","og_type":"article","og_title":"About RTA - RTA of Southeast Michigan","og_description":"We\u2019re The RTA. Get On Board! The Regional Transit Authority of Southeast Michigan (RTA) is a public agency with the mission to create new and better ways to move and [&hellip;]","og_url":"https:\/\/www.rtamichigan.org\/es\/about-rta\/","og_site_name":"RTA of Southeast Michigan","article_publisher":"https:\/\/www.facebook.com\/rtamichigan\/","article_modified_time":"2025-09-23T15:12:38+00:00","og_image":[{"width":940,"height":164,"url":"https:\/\/www.rtamichigan.org\/app\/uploads\/2025\/06\/pexels-photo-808846-2-e1752765852247.jpg","type":"image\/jpeg"}],"twitter_card":"summary_large_image","twitter_site":"@rtamichigan","twitter_misc":{"Est. reading time":"4 minutes"},"schema":{"@context":"https:\/\/schema.org","@graph":[{"@type":"WebPage","@id":"https:\/\/www.rtamichigan.org\/about-rta","url":"https:\/\/www.rtamichigan.org\/about-rta","name":"Acerca de RTA - RTA del sureste de Michigan","isPartOf":{"@id":"https:\/\/www.rtamichigan.org\/#website"},"primaryImageOfPage":{"@id":"https:\/\/www.rtamichigan.org\/about-rta#primaryimage"},"image":{"@id":"https:\/\/www.rtamichigan.org\/about-rta#primaryimage"},"thumbnailUrl":"https:\/\/www.rtamichigan.org\/app\/uploads\/2025\/06\/pexels-photo-808846-2-e1752765852247.jpg","datePublished":"2025-04-08T17:46:10+00:00","dateModified":"2025-09-23T15:12:38+00:00","breadcrumb":{"@id":"https:\/\/www.rtamichigan.org\/about-rta#breadcrumb"},"inLanguage":"es-MX","potentialAction":[{"@type":"ReadAction","target":["https:\/\/www.rtamichigan.org\/about-rta"]}]},{"@type":"ImageObject","inLanguage":"es-MX","@id":"https:\/\/www.rtamichigan.org\/about-rta#primaryimage","url":"https:\/\/www.rtamichigan.org\/app\/uploads\/2025\/06\/pexels-photo-808846-2-e1752765852247.jpg","contentUrl":"https:\/\/www.rtamichigan.org\/app\/uploads\/2025\/06\/pexels-photo-808846-2-e1752765852247.jpg","width":940,"height":164,"caption":"The inside of a bus"},{"@type":"BreadcrumbList","@id":"https:\/\/www.rtamichigan.org\/about-rta#breadcrumb","itemListElement":[{"@type":"ListItem","position":1,"name":"Home","item":"https:\/\/www.rtamichigan.org\/"},{"@type":"ListItem","position":2,"name":"About RTA"}]},{"@type":"WebSite","@id":"https:\/\/www.rtamichigan.org\/#website","url":"https:\/\/www.rtamichigan.org\/","name":"RTA del sureste de Michigan","description":"\u00a1Sube a bordo!","potentialAction":[{"@type":"SearchAction","target":{"@type":"EntryPoint","urlTemplate":"https:\/\/www.rtamichigan.org\/?s={search_term_string}"},"query-input":{"@type":"PropertyValueSpecification","valueRequired":true,"valueName":"search_term_string"}}],"inLanguage":"es-MX"}]}},"publishpress_future_action":{"enabled":false,"date":"2026-04-28 09:44:39","action":"change-status","newStatus":"draft","terms":[],"taxonomy":"","extraData":[]},"publishpress_future_workflow_manual_trigger":{"enabledWorkflows":[]},"_links":{"self":[{"href":"https:\/\/www.rtamichigan.org\/es\/wp-json\/wp\/v2\/pages\/75","targetHints":{"allow":["GET"]}}],"collection":[{"href":"https:\/\/www.rtamichigan.org\/es\/wp-json\/wp\/v2\/pages"}],"about":[{"href":"https:\/\/www.rtamichigan.org\/es\/wp-json\/wp\/v2\/types\/page"}],"author":[{"embeddable":true,"href":"https:\/\/www.rtamichigan.org\/es\/wp-json\/wp\/v2\/users\/1"}],"replies":[{"embeddable":true,"href":"https:\/\/www.rtamichigan.org\/es\/wp-json\/wp\/v2\/comments?post=75"}],"version-history":[{"count":77,"href":"https:\/\/www.rtamichigan.org\/es\/wp-json\/wp\/v2\/pages\/75\/revisions"}],"predecessor-version":[{"id":2915,"href":"https:\/\/www.rtamichigan.org\/es\/wp-json\/wp\/v2\/pages\/75\/revisions\/2915"}],"wp:featuredmedia":[{"embeddable":true,"href":"https:\/\/www.rtamichigan.org\/es\/wp-json\/wp\/v2\/media\/1269"}],"wp:attachment":[{"href":"https:\/\/www.rtamichigan.org\/es\/wp-json\/wp\/v2\/media?parent=75"}],"curies":[{"name":"gracias","href":"https:\/\/api.w.org\/{rel}","templated":true}]}}