{"id":235,"date":"2025-04-22T16:22:15","date_gmt":"2025-04-22T21:22:15","guid":{"rendered":"https:\/\/www.rtamichigan.org\/?page_id=235"},"modified":"2025-05-02T16:36:49","modified_gmt":"2025-05-02T21:36:49","slug":"acf-test","status":"publish","type":"page","link":"https:\/\/www.rtamichigan.org\/es\/acf-test","title":{"rendered":"Prueba ACF"},"content":{"rendered":"<div class=\"callout\">\n  <div class=\"callout__content-wrapper\">\n    <!-- Content -->\n    <div class=\"callout__content\">\n      \n<h3 class=\"callout__heading\">\n      Gritar\n  <\/h3>\n              <div class=\"callout__text\"><p class=\"pb-4 text-gray-900 dark:text-gray-300\">Estoy de acuerdo contigo, el Consejo lo est\u00e1. Tu aprendiz, Skywalker, lo ser\u00e1. \u00bfQu\u00e9 ser\u00e1 de m\u00ed ahora? El Consejo me ha dado permiso para entrenarte. Ser\u00e1s un Jedi, te lo prometo. No hay duda.<\/p>\n<\/div>\n          <\/div>\n    <!-- Image -->\n      <\/div>\n<\/div>\n\n            \n<div class=\"callout\">\n  <div class=\"callout__content-wrapper\">\n    <!-- Content -->\n    <div class=\"callout__content\">\n      \n<h3 class=\"callout__heading\">\n      Gritar\n  <\/h3>\n              <div class=\"callout__text\"><p class=\"pb-4 text-gray-900 dark:text-gray-300\">Estoy de acuerdo contigo, el Consejo lo est\u00e1. Tu aprendiz, Skywalker, lo ser\u00e1. \u00bfQu\u00e9 ser\u00e1 de m\u00ed ahora? El Consejo me ha dado permiso para entrenarte. Ser\u00e1s un Jedi, te lo prometo. No hay duda.<\/p>\n<\/div>\n          <\/div>\n    <!-- Image -->\n      <\/div>\n<\/div>\n\n                            \n                        \n                        \n        \n    \n\n<div class=\"cta cta--default card__animated-link\">\n    <div class=\"cta__content-wrapper\">\n        <div class=\"cta__content\">\n              \n<h2 class=\"h2\">\n      Esta es una CTA\n  <\/h2>\n                    <div class=\"cta__text\"><p class=\"pb-4 text-gray-900 dark:text-gray-300\">\u00bfQu\u00e9 pasa? Nuestra posici\u00f3n es correcta, excepto... \u00a1no, Alderaan! \u00bfQu\u00e9 quieres decir? \u00bfD\u00f3nde est\u00e1? Eso es lo que intento decirte, chico. No est\u00e1 ah\u00ed. Ha sido completamente destruido. \u00bfQu\u00e9? \u00bfC\u00f3mo? \u00a1Destruido... por el Imperio! Ni la Flota Estelar entera podr\u00eda destruir todo el planeta. Se necesitar\u00edan mil naves con m\u00e1s potencia de fuego que la m\u00eda. Viene otra nave.<\/p>\n<\/div>\n                              <div class=\"button-group\">\n            \n\n\n<a\n  href=\"https:\/\/www.wikipedia.org\/\"\n    class=\"button button--ghost-dark\"\n  \n>\n        Texto del bot\u00f3n\n    <\/a>\n          <\/div>\n                  <\/div>\n      <\/div>\n<\/div>\n\n                            \n                        \n                        \n        \n    \n\n<div class=\"cta cta--shaped-bg card__animated-link\">\n    <div class=\"cta__content-wrapper\">\n        <div class=\"cta__content\">\n              \n<h2 class=\"h2\">\n      CTA en forma de derecha\n  <\/h2>\n                    <div class=\"cta__text\"><div class=\"cta__text\">\n<p class=\"pb-4 text-gray-900 dark:text-gray-300\">\u00bfQu\u00e9 pasa? Nuestra posici\u00f3n es correcta, excepto... \u00a1no, Alderaan! \u00bfQu\u00e9 quieres decir? \u00bfD\u00f3nde est\u00e1? Eso es lo que intento decirte, chico. No est\u00e1 ah\u00ed. Ha sido completamente destruido. \u00bfQu\u00e9? \u00bfC\u00f3mo? \u00a1Destruido... por el Imperio! Ni la Flota Estelar entera podr\u00eda destruir todo el planeta. Se necesitar\u00edan mil naves con m\u00e1s potencia de fuego que la m\u00eda. Viene otra nave.<\/p>\n<\/div>\n<\/div>\n                              <div class=\"button-group\">\n            \n\n\n<a\n  href=\"https:\/\/www.wikipedia.org\/\"\n    class=\"button button--ghost-dark\"\n  \n>\n        Texto del bot\u00f3n\n    <\/a>\n          <\/div>\n                  <\/div>\n          <div class=\"cta__image\">\n                  \n\n\n<img decoding=\"async\"\n  class=\"image\"\n      src=\"https:\/\/www.rtamichigan.org\/app\/uploads\/2025\/04\/woman-standing-on-bus-with-earbuds-in.png\"\n      alt=\"Woman standing on bus with earbuds in.\"\n    \/>\n\n\n\n\n\n\n              <\/div>\n      <\/div>\n<\/div>\n\n                            \n                        \n                        \n        \n    \n\n<div class=\"cta cta--shaped-bg cta--image-left card__animated-link\">\n    <div class=\"cta__content-wrapper\">\n          <div class=\"cta__image\">\n                  \n\n\n<img decoding=\"async\"\n  class=\"image\"\n      src=\"https:\/\/www.rtamichigan.org\/app\/uploads\/2025\/04\/woman-standing-on-bus-with-earbuds-in.png\"\n      alt=\"Woman standing on bus with earbuds in.\"\n    \/>\n\n\n\n\n\n\n              <\/div>\n        <div class=\"cta__content\">\n              \n<h2 class=\"h2\">\n      CTA en forma de izquierda\n  <\/h2>\n                    <div class=\"cta__text\"><p class=\"pb-4 text-gray-900 dark:text-gray-300\">Solo tu odio puede destruirme. \u00a1Los c\u00f3digos de seguridad han cambiado! Artoo, puedes decirle a la computadora que anule el sistema de seguridad. \u00a1Atenci\u00f3n! Soy Lando Calrissian. El Imperio ha tomado el control de la ciudad.<\/p>\n<\/div>\n                              <div class=\"button-group\">\n            \n\n\n<a\n  href=\"https:\/\/www.wikipedia.org\/\"\n    class=\"button button--ghost-dark\"\n  \n>\n        Wikipediaaaa\n    <\/a>\n          <\/div>\n                  <\/div>\n      <\/div>\n<\/div>\n\n                            \n                        \n                        \n        \n    \n\n<div class=\"cta cta--two-column card__animated-link\">\n    <div class=\"cta__content-wrapper\">\n          <div class=\"cta__image\">\n                  \n\n\n<img decoding=\"async\"\n  class=\"image\"\n      src=\"https:\/\/www.rtamichigan.org\/app\/uploads\/2025\/04\/woman-standing-on-bus-with-earbuds-in.png\"\n      alt=\"Woman standing on bus with earbuds in.\"\n    \/>\n\n\n\n\n\n\n              <\/div>\n        <div class=\"cta__content\">\n              \n<h2 class=\"h2\">\n      CTA de dos columnas\n  <\/h2>\n                    <div class=\"cta__text\"><p class=\"pb-4 text-gray-900 dark:text-gray-300\">Anakin era un buen amigo. Cuando lo conoc\u00ed, tu padre ya era un gran piloto. Pero me asombr\u00f3 la fuerza con la que la Fuerza lo acompa\u00f1aba. Me encargu\u00e9 de entrenarlo como Jedi.<\/p>\n<\/div>\n                              <div class=\"button-group\">\n            \n\n\n<a\n  href=\"https:\/\/starwars.fandom.com\/wiki\/Main_Page\"\n    class=\"button button--default\"\n  \n>\n        Wookiepedia\n    <\/a>\n          <\/div>\n                  <\/div>\n      <\/div>\n<\/div>\n\n\n\n    \n\n    \n\n\n<a\n  href=\"https:\/\/starwars.fandom.com\/wiki\/Main_Page\"\n  target=\"_self\"  class=\"button button--default\"\n  \n>\n        Bot\u00f3n predeterminado\n    <\/a>\n\n\n\n\n    \n\n    \n\n\n<a\n  href=\"https:\/\/starwars.fandom.com\/wiki\/Main_Page\"\n  target=\"_self\"  class=\"button button--ghost-light\"\n  \n>\n        Chico fantasmal\n    <\/a>\n\n\n                                                                                            \n    <div class=\"column-container\" role=\"tablist\" aria-label=\"Fases del proyecto\">\n      <div class=\"column\" data-column=\"1\">\n        <button class=\"column__tab\" \n              role=\"tab\" \n              aria-controls=\"tab-1-content\" \n              aria-expanded=\"false\"\n              id=\"tab-1-tab\">\n\n            <div class=\"column__tab-header\">\n                <div class=\"icon icon__custom\" aria-hidden=\"true\">\n                    \n    \n\n<svg class=\"icon\"\n\n  \n  \n  >\n      <use xlink:href=\"https:\/\/www.rtamichigan.org\/app\/themes\/rta-semi\/dist\/icons.svg#bus_passenger\"><\/use>\n<\/svg>\n                <\/div>\n            \n                <h2>Pesta\u00f1a 1<\/h2>\n            <\/div>\n            <div class=\"icon icon__arrow\" aria-hidden=\"true\">\n                \n    \n\n<svg class=\"icon\"\n\n  \n  \n  >\n      <use xlink:href=\"https:\/\/www.rtamichigan.org\/app\/themes\/rta-semi\/dist\/icons.svg#circle_arrow\"><\/use>\n<\/svg>\n            <\/div>\n        <\/button>\n\n      <div class=\"column__content\" \n           id=\"tab-1-content\"\n           role=\"tabpanel\"\n           aria-labelledby=\"tab-1-tab\"\n           tabindex=\"0\">\n        <div class=\"column__content-header\">\n          <div class=\"column__content-header-icon\">\n            \n    \n\n<svg class=\"icon\"\n\n  \n  \n  >\n      <use xlink:href=\"https:\/\/www.rtamichigan.org\/app\/themes\/rta-semi\/dist\/icons.svg#bus_passenger\"><\/use>\n<\/svg>\n            <h2>Pesta\u00f1a 1<\/h2>\n          <\/div>\n            <button class=\"column__close\" aria-label=\"Cerrar pesta\u00f1a\">\n            \n    \n\n<svg class=\"icon\"\n\n  \n  \n  >\n      <use xlink:href=\"https:\/\/www.rtamichigan.org\/app\/themes\/rta-semi\/dist\/icons.svg#small_close\"><\/use>\n<\/svg>\n            <\/button>\n        <\/div>\n        <div>\n<div class=\"\">\n<p class=\"pb-4 text-gray-900 dark:text-gray-300\">\u00bfY si no sobrevive? Es muy valioso para m\u00ed. El Imperio te compensar\u00e1 si muere. \u00a1M\u00e9telo! \u00a1Oh, no! \u00a1No, no, no! \u00a1Para, Chewbacca, para...! \u00a1Para, Chewie, para! \u00bfMe oyes? \u00a1Para! \u00a1S\u00ed, para, por favor! No estoy listo para morir. \u00a1Chewie! Chewie, esto no me ayudar\u00e1. \u00a1Oye! Guarda fuerzas. Ya habr\u00e1 otra oportunidad.<\/p>\n<\/div>\n<\/div>\n<div><\/div>\n\n      <\/div>\n    <\/div>\n      <div class=\"column\" data-column=\"2\">\n        <button class=\"column__tab\" \n              role=\"tab\" \n              aria-controls=\"tab-2-content\" \n              aria-expanded=\"false\"\n              id=\"tab-2-tab\">\n\n            <div class=\"column__tab-header\">\n                <div class=\"icon icon__custom\" aria-hidden=\"true\">\n                    \n    \n\n<svg class=\"icon\"\n\n  \n  \n  >\n      <use xlink:href=\"https:\/\/www.rtamichigan.org\/app\/themes\/rta-semi\/dist\/icons.svg#improve\"><\/use>\n<\/svg>\n                <\/div>\n            \n                <h2>Pesta\u00f1a 2<\/h2>\n            <\/div>\n            <div class=\"icon icon__arrow\" aria-hidden=\"true\">\n                \n    \n\n<svg class=\"icon\"\n\n  \n  \n  >\n      <use xlink:href=\"https:\/\/www.rtamichigan.org\/app\/themes\/rta-semi\/dist\/icons.svg#circle_arrow\"><\/use>\n<\/svg>\n            <\/div>\n        <\/button>\n\n      <div class=\"column__content\" \n           id=\"tab-2-content\"\n           role=\"tabpanel\"\n           aria-labelledby=\"tab-2-tab\"\n           tabindex=\"0\">\n        <div class=\"column__content-header\">\n          <div class=\"column__content-header-icon\">\n            \n    \n\n<svg class=\"icon\"\n\n  \n  \n  >\n      <use xlink:href=\"https:\/\/www.rtamichigan.org\/app\/themes\/rta-semi\/dist\/icons.svg#improve\"><\/use>\n<\/svg>\n            <h2>Pesta\u00f1a 2<\/h2>\n          <\/div>\n            <button class=\"column__close\" aria-label=\"Cerrar pesta\u00f1a\">\n            \n    \n\n<svg class=\"icon\"\n\n  \n  \n  >\n      <use xlink:href=\"https:\/\/www.rtamichigan.org\/app\/themes\/rta-semi\/dist\/icons.svg#small_close\"><\/use>\n<\/svg>\n            <\/button>\n        <\/div>\n        <p class=\"pb-4 text-gray-900 dark:text-gray-300\">Eco Tres a Eco Siete. Han, viejo amigo, \u00bfme oyes? Alto y claro, chico. \u00bfQu\u00e9 pasa? Bueno, termin\u00e9 mi c\u00edrculo. No capto ninguna lectura de vida. No hay suficiente vida en este cubo de hielo para llenar una nave espacial.<\/p>\n\n      <\/div>\n    <\/div>\n      <div class=\"column\" data-column=\"3\">\n        <button class=\"column__tab\" \n              role=\"tab\" \n              aria-controls=\"tab-3-content\" \n              aria-expanded=\"false\"\n              id=\"tab-3-tab\">\n\n            <div class=\"column__tab-header\">\n                <div class=\"icon icon__custom\" aria-hidden=\"true\">\n                    \n    \n\n<svg class=\"icon\"\n\n  \n  \n  >\n      <use xlink:href=\"https:\/\/www.rtamichigan.org\/app\/themes\/rta-semi\/dist\/icons.svg#bus_stop\"><\/use>\n<\/svg>\n                <\/div>\n            \n                <h2>Pesta\u00f1a 3<\/h2>\n            <\/div>\n            <div class=\"icon icon__arrow\" aria-hidden=\"true\">\n                \n    \n\n<svg class=\"icon\"\n\n  \n  \n  >\n      <use xlink:href=\"https:\/\/www.rtamichigan.org\/app\/themes\/rta-semi\/dist\/icons.svg#circle_arrow\"><\/use>\n<\/svg>\n            <\/div>\n        <\/button>\n\n      <div class=\"column__content\" \n           id=\"tab-3-content\"\n           role=\"tabpanel\"\n           aria-labelledby=\"tab-3-tab\"\n           tabindex=\"0\">\n        <div class=\"column__content-header\">\n          <div class=\"column__content-header-icon\">\n            \n    \n\n<svg class=\"icon\"\n\n  \n  \n  >\n      <use xlink:href=\"https:\/\/www.rtamichigan.org\/app\/themes\/rta-semi\/dist\/icons.svg#bus_stop\"><\/use>\n<\/svg>\n            <h2>Pesta\u00f1a 3<\/h2>\n          <\/div>\n            <button class=\"column__close\" aria-label=\"Cerrar pesta\u00f1a\">\n            \n    \n\n<svg class=\"icon\"\n\n  \n  \n  >\n      <use xlink:href=\"https:\/\/www.rtamichigan.org\/app\/themes\/rta-semi\/dist\/icons.svg#small_close\"><\/use>\n<\/svg>\n            <\/button>\n        <\/div>\n        <p>Pero... pero... pero... \u00bfad\u00f3nde vas? Eh... \u00a1regresa! \u00a1Espera! \u00a1Esp\u00e9rame! \u00a1Espera! \u00a1Para! Qu\u00e9 t\u00edpico. Vamos. \u00a1Date prisa, vara de oro, o te convertir\u00e1s en residente permanente! \u00a1Espera! \u00a1Espera! \u00bfQu\u00e9 te parece? \u00bfTe servir\u00eda si salgo y empujo? Puede que s\u00ed. Capit\u00e1n Solo, Capit\u00e1n Solo... se\u00f1or, \u00bfpuedo sugerirte que...?<\/p>\n\n      <\/div>\n    <\/div>\n      <div class=\"column\" data-column=\"4\">\n        <button class=\"column__tab\" \n              role=\"tab\" \n              aria-controls=\"tab-4-content\" \n              aria-expanded=\"false\"\n              id=\"tab-4-tab\">\n\n            <div class=\"column__tab-header\">\n                <div class=\"icon icon__custom\" aria-hidden=\"true\">\n                    \n    \n\n<svg class=\"icon\"\n\n  \n  \n  >\n      <use xlink:href=\"https:\/\/www.rtamichigan.org\/app\/themes\/rta-semi\/dist\/icons.svg#handshake\"><\/use>\n<\/svg>\n                <\/div>\n            \n                <h2>Pesta\u00f1a 4<\/h2>\n            <\/div>\n            <div class=\"icon icon__arrow\" aria-hidden=\"true\">\n                \n    \n\n<svg class=\"icon\"\n\n  \n  \n  >\n      <use xlink:href=\"https:\/\/www.rtamichigan.org\/app\/themes\/rta-semi\/dist\/icons.svg#circle_arrow\"><\/use>\n<\/svg>\n            <\/div>\n        <\/button>\n\n      <div class=\"column__content\" \n           id=\"tab-4-content\"\n           role=\"tabpanel\"\n           aria-labelledby=\"tab-4-tab\"\n           tabindex=\"0\">\n        <div class=\"column__content-header\">\n          <div class=\"column__content-header-icon\">\n            \n    \n\n<svg class=\"icon\"\n\n  \n  \n  >\n      <use xlink:href=\"https:\/\/www.rtamichigan.org\/app\/themes\/rta-semi\/dist\/icons.svg#handshake\"><\/use>\n<\/svg>\n            <h2>Pesta\u00f1a 4<\/h2>\n          <\/div>\n            <button class=\"column__close\" aria-label=\"Cerrar pesta\u00f1a\">\n            \n    \n\n<svg class=\"icon\"\n\n  \n  \n  >\n      <use xlink:href=\"https:\/\/www.rtamichigan.org\/app\/themes\/rta-semi\/dist\/icons.svg#small_close\"><\/use>\n<\/svg>\n            <\/button>\n        <\/div>\n        <p class=\"pb-4 text-gray-900 dark:text-gray-300\">No, no me callar\u00e9, Chewbacca. \u00bfPor qu\u00e9 nadie me escucha? La flota empieza a dispersarse. Regresa y qu\u00e9date junto al mecanismo de liberaci\u00f3n manual de la garra de aterrizaje. No veo c\u00f3mo eso va a ayudar.<\/p>\n\n      <\/div>\n    <\/div>\n  <\/div>","protected":false},"excerpt":{"rendered":"","protected":false},"author":1,"featured_media":0,"parent":0,"menu_order":0,"comment_status":"closed","ping_status":"closed","template":"","meta":{"_acf_changed":false,"inline_featured_image":false,"footnotes":""},"class_list":["post-235","page","type-page","status-publish","hentry"],"acf":[],"yoast_head":"<!-- This site is optimized with the Yoast SEO plugin v24.9 - https:\/\/yoast.com\/wordpress\/plugins\/seo\/ -->\n<title>ACF TEST - RTA of Southeast Michigan<\/title>\n<meta name=\"robots\" content=\"index, follow, max-snippet:-1, max-image-preview:large, max-video-preview:-1\" \/>\n<link rel=\"canonical\" href=\"http:\/\/www.rtamichigan.org\/es\/acf-test\/\" \/>\n<meta property=\"og:locale\" content=\"es_MX\" \/>\n<meta property=\"og:type\" content=\"article\" \/>\n<meta property=\"og:title\" content=\"ACF TEST - RTA of Southeast Michigan\" \/>\n<meta property=\"og:url\" content=\"http:\/\/www.rtamichigan.org\/es\/acf-test\/\" \/>\n<meta property=\"og:site_name\" content=\"RTA of Southeast Michigan\" \/>\n<meta property=\"article:publisher\" content=\"https:\/\/www.facebook.com\/rtamichigan\/\" \/>\n<meta property=\"article:modified_time\" content=\"2025-05-02T21:36:49+00:00\" \/>\n<meta name=\"twitter:card\" content=\"summary_large_image\" \/>\n<meta name=\"twitter:site\" content=\"@rtamichigan\" \/>\n<script type=\"application\/ld+json\" class=\"yoast-schema-graph\">{\"@context\":\"https:\/\/schema.org\",\"@graph\":[{\"@type\":\"WebPage\",\"@id\":\"http:\/\/www.rtamichigan.org\/acf-test\",\"url\":\"http:\/\/www.rtamichigan.org\/acf-test\",\"name\":\"ACF TEST - RTA of Southeast Michigan\",\"isPartOf\":{\"@id\":\"https:\/\/www.rtamichigan.org\/#website\"},\"datePublished\":\"2025-04-22T21:22:15+00:00\",\"dateModified\":\"2025-05-02T21:36:49+00:00\",\"breadcrumb\":{\"@id\":\"http:\/\/www.rtamichigan.org\/acf-test#breadcrumb\"},\"inLanguage\":\"es-MX\",\"potentialAction\":[{\"@type\":\"ReadAction\",\"target\":[\"http:\/\/www.rtamichigan.org\/acf-test\"]}]},{\"@type\":\"BreadcrumbList\",\"@id\":\"http:\/\/www.rtamichigan.org\/acf-test#breadcrumb\",\"itemListElement\":[{\"@type\":\"ListItem\",\"position\":1,\"name\":\"Home\",\"item\":\"https:\/\/www.rtamichigan.org\/\"},{\"@type\":\"ListItem\",\"position\":2,\"name\":\"ACF TEST\"}]},{\"@type\":\"WebSite\",\"@id\":\"https:\/\/www.rtamichigan.org\/#website\",\"url\":\"https:\/\/www.rtamichigan.org\/\",\"name\":\"RTA of Southeast Michigan\",\"description\":\"Get on Board!\",\"potentialAction\":[{\"@type\":\"SearchAction\",\"target\":{\"@type\":\"EntryPoint\",\"urlTemplate\":\"https:\/\/www.rtamichigan.org\/?s={search_term_string}\"},\"query-input\":{\"@type\":\"PropertyValueSpecification\",\"valueRequired\":true,\"valueName\":\"search_term_string\"}}],\"inLanguage\":\"es-MX\"}]}<\/script>\n<!-- \/ Yoast SEO plugin. -->","yoast_head_json":{"title":"ACF TEST - RTA of Southeast Michigan","robots":{"index":"index","follow":"follow","max-snippet":"max-snippet:-1","max-image-preview":"max-image-preview:large","max-video-preview":"max-video-preview:-1"},"canonical":"http:\/\/www.rtamichigan.org\/es\/acf-test\/","og_locale":"es_MX","og_type":"article","og_title":"ACF TEST - RTA of Southeast Michigan","og_url":"http:\/\/www.rtamichigan.org\/es\/acf-test\/","og_site_name":"RTA of Southeast Michigan","article_publisher":"https:\/\/www.facebook.com\/rtamichigan\/","article_modified_time":"2025-05-02T21:36:49+00:00","twitter_card":"summary_large_image","twitter_site":"@rtamichigan","schema":{"@context":"https:\/\/schema.org","@graph":[{"@type":"WebPage","@id":"http:\/\/www.rtamichigan.org\/acf-test","url":"http:\/\/www.rtamichigan.org\/acf-test","name":"ACF TEST - RTA of Southeast Michigan","isPartOf":{"@id":"https:\/\/www.rtamichigan.org\/#website"},"datePublished":"2025-04-22T21:22:15+00:00","dateModified":"2025-05-02T21:36:49+00:00","breadcrumb":{"@id":"http:\/\/www.rtamichigan.org\/acf-test#breadcrumb"},"inLanguage":"es-MX","potentialAction":[{"@type":"ReadAction","target":["http:\/\/www.rtamichigan.org\/acf-test"]}]},{"@type":"BreadcrumbList","@id":"http:\/\/www.rtamichigan.org\/acf-test#breadcrumb","itemListElement":[{"@type":"ListItem","position":1,"name":"Home","item":"https:\/\/www.rtamichigan.org\/"},{"@type":"ListItem","position":2,"name":"ACF TEST"}]},{"@type":"WebSite","@id":"https:\/\/www.rtamichigan.org\/#website","url":"https:\/\/www.rtamichigan.org\/","name":"RTA del sureste de Michigan","description":"\u00a1Sube a bordo!","potentialAction":[{"@type":"SearchAction","target":{"@type":"EntryPoint","urlTemplate":"https:\/\/www.rtamichigan.org\/?s={search_term_string}"},"query-input":{"@type":"PropertyValueSpecification","valueRequired":true,"valueName":"search_term_string"}}],"inLanguage":"es-MX"}]}},"publishpress_future_action":{"enabled":false,"date":"2026-05-09 02:06:50","action":"change-status","newStatus":"draft","terms":[],"taxonomy":"","extraData":[]},"publishpress_future_workflow_manual_trigger":{"enabledWorkflows":[]},"_links":{"self":[{"href":"https:\/\/www.rtamichigan.org\/es\/wp-json\/wp\/v2\/pages\/235","targetHints":{"allow":["GET"]}}],"collection":[{"href":"https:\/\/www.rtamichigan.org\/es\/wp-json\/wp\/v2\/pages"}],"about":[{"href":"https:\/\/www.rtamichigan.org\/es\/wp-json\/wp\/v2\/types\/page"}],"author":[{"embeddable":true,"href":"https:\/\/www.rtamichigan.org\/es\/wp-json\/wp\/v2\/users\/1"}],"replies":[{"embeddable":true,"href":"https:\/\/www.rtamichigan.org\/es\/wp-json\/wp\/v2\/comments?post=235"}],"version-history":[{"count":19,"href":"https:\/\/www.rtamichigan.org\/es\/wp-json\/wp\/v2\/pages\/235\/revisions"}],"predecessor-version":[{"id":2052,"href":"https:\/\/www.rtamichigan.org\/es\/wp-json\/wp\/v2\/pages\/235\/revisions\/2052"}],"wp:attachment":[{"href":"https:\/\/www.rtamichigan.org\/es\/wp-json\/wp\/v2\/media?parent=235"}],"curies":[{"name":"gracias","href":"https:\/\/api.w.org\/{rel}","templated":true}]}}