{"id":187,"date":"2025-04-17T15:21:41","date_gmt":"2025-04-17T20:21:41","guid":{"rendered":"https:\/\/www.rtamichigan.org\/?page_id=187"},"modified":"2026-04-01T11:13:50","modified_gmt":"2026-04-01T16:13:50","slug":"newsletter","status":"publish","type":"page","link":"https:\/\/www.rtamichigan.org\/es\/newsletter","title":{"rendered":"Hoja informativa"},"content":{"rendered":"<div class=\"cta cta--two-column card__animated-link\">\n    <div class=\"cta__content-wrapper\">\n          <div class=\"cta__image\">\n                  \n\n\n<img decoding=\"async\"\n  class=\"image\"\n      src=\"https:\/\/www.rtamichigan.org\/app\/uploads\/2025\/06\/TransitTalk_ProfessionalUX.png\"\n    \/>\n\n\n\n\n\n\n              <\/div>\n        <div class=\"cta__content\">\n              \n<h2 class=\"h2\">\n      Marzo de 2026 \u2013 \u00a1Gracias, empleados del transporte p\u00fablico!\n  <\/h2>\n                    <div class=\"cta__text\"><p><strong>\ud83e\udee1 D\u00eda de agradecimiento a los empleados del transporte p\u00fablico<\/strong><\/p>\n<p><strong>\u2728 Negocios de la Junta Directiva<\/strong><\/p>\n<p><strong>\ud83d\uddde\ufe0f Resumen de noticias<\/strong><\/p>\n<p class=\"last-child\"><strong>\u26be Ofertas de transporte para el d\u00eda de la inauguraci\u00f3n<\/strong><\/p>\n<\/div>\n                              <div class=\"button-group\">\n            \n\n\n<a\n  href=\"https:\/\/mailchi.mp\/rtamichigan\/rta-13855892?e=4731e1eb43\"\n    class=\"button button--default\"\n  \n>\n        Lea el bolet\u00edn informativo \n    <\/a>\n          <\/div>\n                  <\/div>\n      <\/div>\n<\/div>\n\n                            \n                        \n                        \n        \n    \n\n<div class=\"cta cta--two-column card__animated-link\">\n    <div class=\"cta__content-wrapper\">\n          <div class=\"cta__image\">\n                  \n\n\n<img decoding=\"async\"\n  class=\"image\"\n      src=\"https:\/\/www.rtamichigan.org\/app\/uploads\/2025\/06\/TransitTalk_ProfessionalUX.png\"\n    \/>\n\n\n\n\n\n\n              <\/div>\n        <div class=\"cta__content\">\n              \n<h2 class=\"h2\">\n      Febrero de 2026: Presentaci\u00f3n de nuestro informe legislativo a los legisladores de Lansing\n  <\/h2>\n                    <div class=\"cta__text\"><p><strong>Lecturas imprescindibles sobre tr\u00e1nsito<\/strong><\/p>\n<p><strong>\u2728 Informe Legislativo y Agenda<\/strong><\/p>\n<p><strong>Resultados de la encuesta DAX y D2A2<\/strong><\/p>\n<p class=\"last-child\"><strong>\ud83c\udfc6 Premios y momentos destacados<\/strong><\/p>\n<\/div>\n                              <div class=\"button-group\">\n            \n\n\n<a\n  href=\"https:\/\/mailchi.mp\/rtamichigan\/rta-13855092?e=4731e1eb43\"\n    class=\"button button--default\"\n  \n>\n        Lea el bolet\u00edn informativo \n    <\/a>\n          <\/div>\n                  <\/div>\n      <\/div>\n<\/div>\n\n                            \n                        \n                        \n        \n    \n\n<div class=\"cta cta--two-column card__animated-link\">\n    <div class=\"cta__content-wrapper\">\n          <div class=\"cta__image\">\n                  \n\n\n<img decoding=\"async\"\n  class=\"image\"\n      src=\"https:\/\/www.rtamichigan.org\/app\/uploads\/2025\/06\/TransitTalk_ProfessionalUX.png\"\n    \/>\n\n\n\n\n\n\n              <\/div>\n        <div class=\"cta__content\">\n              \n<h2 class=\"h2\">\n      Enero de 2026: Clima fr\u00edo, comienzo caluroso del nuevo a\u00f1o \ud83d\ude8d\n  <\/h2>\n                    <div class=\"cta__text\"><p><strong>\u00a1Vamos enero!<\/strong><\/p>\n<p><strong>\ud83d\udddd\ufe0f Tonalidades mayores<\/strong><\/p>\n<p><strong>\u26c4 Noticias de tr\u00e1nsito<\/strong><\/p>\n<p class=\"last-child\"><strong>\ud83d\uddde\ufe0f Actualizaciones de servicio en el \u00e1rea del Horno<\/strong><\/p>\n<\/div>\n                              <div class=\"button-group\">\n            \n\n\n<a\n  href=\"https:\/\/mailchi.mp\/rtamichigan\/rta-13854439?e=4731e1eb43\"\n    class=\"button button--default\"\n  \n>\n        Lea el bolet\u00edn informativo \n    <\/a>\n          <\/div>\n                  <\/div>\n      <\/div>\n<\/div>\n\n                            \n                        \n                        \n        \n    \n\n<div class=\"cta cta--two-column card__animated-link\">\n    <div class=\"cta__content-wrapper\">\n          <div class=\"cta__image\">\n                  \n\n\n<img decoding=\"async\"\n  class=\"image\"\n      src=\"https:\/\/www.rtamichigan.org\/app\/uploads\/2025\/06\/TransitTalk_ProfessionalUX.png\"\n    \/>\n\n\n\n\n\n\n              <\/div>\n        <div class=\"cta__content\">\n              \n<h2 class=\"h2\">\n      Diciembre de 2025 \u2013 \u00a1Felices fiestas de parte del equipo RTA!\n  <\/h2>\n                    <div class=\"cta__text\"><p><strong>\ud83c\udf85 Vacaciones en Tr\u00e1nsito<\/strong><\/p>\n<p><strong>Los 12 mejores momentos del transporte p\u00fablico de 2025<\/strong><\/p>\n<p class=\"last-child\"><strong>\u2744\ufe0f Qu\u00e9 saber para el invierno<\/strong><\/p>\n<\/div>\n                              <div class=\"button-group\">\n            \n\n\n<a\n  href=\"https:\/\/mailchi.mp\/rtamichigan\/rta-new-leadership-13853669\"\n    class=\"button button--default\"\n  \n>\n        Lea el bolet\u00edn informativo \n    <\/a>\n          <\/div>\n                  <\/div>\n      <\/div>\n<\/div>\n\n                            \n                        \n                        \n        \n    \n\n<div class=\"cta cta--two-column card__animated-link\">\n    <div class=\"cta__content-wrapper\">\n          <div class=\"cta__image\">\n                  \n\n\n<img decoding=\"async\"\n  class=\"image\"\n      src=\"https:\/\/www.rtamichigan.org\/app\/uploads\/2025\/06\/TransitTalk_ProfessionalUX.png\"\n    \/>\n\n\n\n\n\n\n              <\/div>\n        <div class=\"cta__content\">\n              \n<h2 class=\"h2\">\n      Noviembre de 2025: Una aplicaci\u00f3n para todo\n  <\/h2>\n                    <div class=\"cta__text\"><p><strong>\ud83e\udd33 Aplicaci\u00f3n de Tr\u00e1nsito Royale: \u00a1Gratis!<\/strong><\/p>\n<p><strong>\ud83c\udf84 Fiestas y eventos<\/strong><\/p>\n<p class=\"last-child\"><strong>\ud83d\uddde\ufe0f Resumen de noticias<\/strong><\/p>\n<\/div>\n                              <div class=\"button-group\">\n            \n\n\n<a\n  href=\"https:\/\/mailchi.mp\/rtamichigan\/rta-new-leadership-13852860\"\n    class=\"button button--default\"\n  \n>\n        Lea el bolet\u00edn informativo \n    <\/a>\n          <\/div>\n                  <\/div>\n      <\/div>\n<\/div>\n\n                            \n                        \n                        \n        \n    \n\n<div class=\"cta cta--two-column card__animated-link\">\n    <div class=\"cta__content-wrapper\">\n          <div class=\"cta__image\">\n                  \n\n\n<img decoding=\"async\"\n  class=\"image\"\n      src=\"https:\/\/www.rtamichigan.org\/app\/uploads\/2025\/06\/TransitTalk_ProfessionalUX.png\"\n    \/>\n\n\n\n\n\n\n              <\/div>\n        <div class=\"cta__content\">\n              \n<h2 class=\"h2\">\n      Octubre de 2025 \u2013 \u00a1S\u00fabete al autob\u00fas embrujado!\n  <\/h2>\n                    <div class=\"cta__text\"><p><strong>\ud83d\udc7b Tr\u00e1nsito y golosinas<\/strong><\/p>\n<p><strong>\ud83c\udf1c Viajes nocturnos en transporte p\u00fablico<\/strong><\/p>\n<p><strong>\ud83c\udfdb\ufe0f Financiaci\u00f3n del transporte p\u00fablico<\/strong><\/p>\n<p class=\"last-child\"><strong>\ud83d\ude8f Servicios para Personas Mayores<\/strong><\/p>\n<\/div>\n                              <div class=\"button-group\">\n            \n\n\n<a\n  href=\"https:\/\/mailchi.mp\/rtamichigan\/rta-new-leadership-13852256\"\n    class=\"button button--default\"\n  \n>\n        Lea el bolet\u00edn informativo \n    <\/a>\n          <\/div>\n                  <\/div>\n      <\/div>\n<\/div>\n\n                            \n                        \n                        \n        \n    \n\n<div class=\"cta cta--two-column card__animated-link\">\n    <div class=\"cta__content-wrapper\">\n          <div class=\"cta__image\">\n                  \n\n\n<img decoding=\"async\"\n  class=\"image\"\n      src=\"https:\/\/www.rtamichigan.org\/app\/uploads\/2025\/06\/TransitTalk_ProfessionalUX.png\"\n    \/>\n\n\n\n\n\n\n              <\/div>\n        <div class=\"cta__content\">\n              \n<h2 class=\"h2\">\n      Septiembre de 2025 \u2013 1er aniversario de QLINE y RTA\n  <\/h2>\n                    <div class=\"cta__text\"><p><strong>\ud83d\udc8d Celebrando un aniversario importante<\/strong><\/p>\n<p><strong>\ud83d\ude89 Tecnolog\u00eda + Tr\u00e1nsito<\/strong><\/p>\n<p><strong>\ud83d\udde3\ufe0f Lo m\u00e1s destacado del circuito de oradores<\/strong><\/p>\n<p class=\"last-child\"><strong>\ud83d\uddde\ufe0f Resumen de noticias<\/strong><\/p>\n<\/div>\n                              <div class=\"button-group\">\n            \n\n\n<a\n  href=\"https:\/\/mailchi.mp\/rtamichigan\/rta-new-leadership-13851423\"\n    class=\"button button--default\"\n  \n>\n        Lea el bolet\u00edn informativo \n    <\/a>\n          <\/div>\n                  <\/div>\n      <\/div>\n<\/div>\n\n                            \n                        \n                        \n        \n    \n\n<div class=\"cta cta--two-column card__animated-link\">\n    <div class=\"cta__content-wrapper\">\n          <div class=\"cta__image\">\n                  \n\n\n<img decoding=\"async\"\n  class=\"image\"\n      src=\"https:\/\/www.rtamichigan.org\/app\/uploads\/2025\/06\/TransitTalk_ProfessionalUX.png\"\n    \/>\n\n\n\n\n\n\n              <\/div>\n        <div class=\"cta__content\">\n              \n<h2 class=\"h2\">\n      Agosto de 2025 \u2013 Tome el tren &#039;Q&#039;\n  <\/h2>\n                    <div class=\"cta__text\"><p><strong>\ud83c\udfba Ranuras en la QLINE<\/strong><\/p>\n<p><strong>\ud83c\udf1c La carrera de verano de medianoche termina la temporada<\/strong><\/p>\n<p><strong>\ud83c\udfc6 Actualizaciones de premios<\/strong><\/p>\n<p class=\"last-child\"><strong>\ud83d\ude8f Servicios para Personas Mayores<\/strong><\/p>\n<\/div>\n                              <div class=\"button-group\">\n            \n\n\n<a\n  href=\"https:\/\/mailchi.mp\/rtamichigan\/rta-new-leadership-13850245?e=4731e1eb43\"\n    class=\"button button--default\"\n  \n>\n        Lea el bolet\u00edn informativo \n    <\/a>\n          <\/div>\n                  <\/div>\n      <\/div>\n<\/div>\n\n                            \n                        \n                        \n        \n    \n\n<div class=\"cta cta--two-column card__animated-link\">\n    <div class=\"cta__content-wrapper\">\n          <div class=\"cta__image\">\n                  \n\n\n<img decoding=\"async\"\n  class=\"image\"\n      src=\"https:\/\/www.rtamichigan.org\/app\/uploads\/2025\/06\/TransitTalk_ProfessionalUX.png\"\n    \/>\n\n\n\n\n\n\n              <\/div>\n        <div class=\"cta__content\">\n              \n<h2 class=\"h2\">\n      Julio de 2025: RTA anuncia subvenciones de transporte p\u00fablico para personas mayores y personas con discapacidades\n  <\/h2>\n                    <div class=\"cta__text\"><p><strong>Anuncio de financiaci\u00f3n de los Premios 5310<\/strong><\/p>\n<p><strong>\ud83d\udcf0 Reinicio del sitio web de RTA<\/strong><\/p>\n<p><strong>\ud83d\udd0a Se lanza la encuesta QLINE<\/strong><\/p>\n<p class=\"last-child\"><strong>\ud83e\udd73 Aniversarios<\/strong><\/p>\n<\/div>\n                              <div class=\"button-group\">\n            \n\n\n<a\n  href=\"https:\/\/mailchi.mp\/rtamichigan\/rta-new-leadership-13850190\"\n    class=\"button button--default\"\n  \n>\n        Lea el bolet\u00edn informativo \n    <\/a>\n          <\/div>\n                  <\/div>\n      <\/div>\n<\/div>\n\n                            \n                        \n                        \n        \n    \n\n<div class=\"cta cta--two-column card__animated-link\">\n    <div class=\"cta__content-wrapper\">\n          <div class=\"cta__image\">\n                  \n\n\n<img decoding=\"async\"\n  class=\"image\"\n      src=\"https:\/\/www.rtamichigan.org\/app\/uploads\/2025\/06\/TransitTalk_ProfessionalUX.png\"\n    \/>\n\n\n\n\n\n\n              <\/div>\n        <div class=\"cta__content\">\n              \n<h2 class=\"h2\">\n      Junio de 2025 \u2013 Atenci\u00f3n nacional sobre el transporte p\u00fablico de Detroit\n  <\/h2>\n                    <div class=\"cta__text\"><p><strong>\ud83d\udcfa TV desconectada de Transit<\/strong><\/p>\n<p><strong>Actualizaci\u00f3n de los servicios de RTA<\/strong><\/p>\n<p><strong>\ud83c\udff3\ufe0f\u200d\ud83c\udf08 Tr\u00e1nsito a las celebraciones del Orgullo<\/strong><\/p>\n<p><strong>Resumen de socios<\/strong><\/p>\n<p class=\"last-child\"><strong>\ud83d\udc4b Hola a las caras nuevas<\/strong><\/p>\n<\/div>\n                              <div class=\"button-group\">\n            \n\n\n<a\n  href=\"https:\/\/mailchi.mp\/rtamichigan\/rta-new-leadership-13849657?e=4731e1eb43\"\n    class=\"button button--default\"\n  \n>\n        Lea el bolet\u00edn informativo \n    <\/a>\n          <\/div>\n                  <\/div>\n      <\/div>\n<\/div>\n\n                            \n                        \n                        \n        \n    \n\n<div class=\"cta cta--two-column card__animated-link\">\n    <div class=\"cta__content-wrapper\">\n          <div class=\"cta__image\">\n                  \n\n\n<img decoding=\"async\"\n  class=\"image\"\n      src=\"https:\/\/www.rtamichigan.org\/app\/uploads\/2025\/06\/TransitTalk_ProfessionalUX.png\"\n    \/>\n\n\n\n\n\n\n              <\/div>\n        <div class=\"cta__content\">\n              \n<h2 class=\"h2\">\n      Mayo de 2025 \u2013 D2A2 rodando hasta la medianoche\n  <\/h2>\n                    <div class=\"cta__text\"><p><strong>\ud83d\udde3\ufe0f Estamos contratando<\/strong><\/p>\n<p><strong>\u231a D2A2 Midnight Run regresa<\/strong><\/p>\n<p><strong>Resultados de la encuesta DAX<\/strong><\/p>\n<p><strong>\u2712\ufe0f Cobertura medi\u00e1tica del tr\u00e1nsito<\/strong><\/p>\n<p class=\"last-child\"><strong>Temporada de conferencias<\/strong><\/p>\n<\/div>\n                              <div class=\"button-group\">\n            \n\n\n<a\n  href=\"https:\/\/mailchi.mp\/rtamichigan\/rta-new-leadership-13848900?e=4731e1eb43\"\n    class=\"button button--default\"\n  \n>\n        Lea el bolet\u00edn informativo \n    <\/a>\n          <\/div>\n                  <\/div>\n      <\/div>\n<\/div>\n\n\n<hr class=\"wp-block-separator has-alpha-channel-opacity\"\/>\n\n\n                            \n                        \n                        \n        \n    \n\n<div class=\"cta cta--two-column card__animated-link\">\n    <div class=\"cta__content-wrapper\">\n          <div class=\"cta__image\">\n                  \n\n\n<img decoding=\"async\"\n  class=\"image\"\n      src=\"https:\/\/www.rtamichigan.org\/app\/uploads\/2025\/06\/TransitTalk_ProfessionalUX.png\"\n    \/>\n\n\n\n\n\n\n              <\/div>\n        <div class=\"cta__content\">\n              \n<h2 class=\"h2\">\n      Abril de 2025: El transporte p\u00fablico llega a la primavera\n  <\/h2>\n                    <div class=\"cta__text\"><p><strong>Actualizaci\u00f3n del programa Movilidad para Todos<\/strong><\/p>\n<p><strong>\u2712\ufe0f Cierra la encuesta DAX<\/strong><\/p>\n<p><strong>Resumen de proveedores de tr\u00e1nsito<\/strong><\/p>\n<p><strong>\u23ea Grandes d\u00edas en abril<\/strong><\/p>\n<\/div>\n                              <div class=\"button-group\">\n            \n\n\n<a\n  href=\"https:\/\/mailchi.mp\/rtamichigan\/rta-new-leadership-13848203?e=4731e1eb43\"\n    class=\"button button--default\"\n  \n>\n        Lea EL BOLET\u00cdN INFORMATIVO\n    <\/a>\n          <\/div>\n                  <\/div>\n      <\/div>\n<\/div>\n\n\n<hr class=\"wp-block-separator has-alpha-channel-opacity\"\/>\n\n\n                            \n                        \n                        \n        \n    \n\n<div class=\"cta cta--two-column card__animated-link\">\n    <div class=\"cta__content-wrapper\">\n          <div class=\"cta__image\">\n                  \n\n\n<img decoding=\"async\"\n  class=\"image\"\n      src=\"https:\/\/www.rtamichigan.org\/app\/uploads\/2025\/06\/TransitTalk_ProfessionalUX.png\"\n    \/>\n\n\n\n\n\n\n              <\/div>\n        <div class=\"cta__content\">\n              \n<h2 class=\"h2\">\n      Marzo de 2025 \u2013 C\u00f3mo vuela el tiempo \n  <\/h2>\n                    <div class=\"cta__text\"><p><strong>Aqu\u00ed est\u00e1 el resumen de la edici\u00f3n de marzo de Transit Talk.<\/strong><\/p>\n<\/div>\n                              <div class=\"button-group\">\n            \n\n\n<a\n  href=\"https:\/\/mailchi.mp\/rtamichigan\/rta-new-leadership-13847326?e=4731e1eb43\"\n    class=\"button button--default\"\n  \n>\n        LEA EL BOLET\u00cdN INFORMATIVO\n    <\/a>\n          <\/div>\n                  <\/div>\n      <\/div>\n<\/div>\n\n\n<hr class=\"wp-block-separator has-alpha-channel-opacity\"\/>\n\n\n                            \n                        \n                        \n        \n    \n\n<div class=\"cta cta--two-column card__animated-link\">\n    <div class=\"cta__content-wrapper\">\n          <div class=\"cta__image\">\n                  \n\n\n<img decoding=\"async\"\n  class=\"image\"\n      src=\"https:\/\/www.rtamichigan.org\/app\/uploads\/2025\/06\/TransitTalk_ProfessionalUX.png\"\n    \/>\n\n\n\n\n\n\n              <\/div>\n        <div class=\"cta__content\">\n              \n<h2 class=\"h2\">\n      Edici\u00f3n de febrero\n  <\/h2>\n                    <div class=\"cta__text\"><p><strong>Aqu\u00ed est\u00e1 el resumen de la edici\u00f3n de febrero de Transit Talk.<\/strong><\/p>\n<\/div>\n                              <div class=\"button-group\">\n            \n\n\n<a\n  href=\"https:\/\/mailchi.mp\/rtamichigan\/rta-new-leadership-13846475?e=4731e1eb43\"\n    class=\"button button--default\"\n  \n>\n        LEA EL BOLET\u00cdN INFORMATIVO\n    <\/a>\n          <\/div>\n                  <\/div>\n      <\/div>\n<\/div>\n\n\n<hr class=\"wp-block-separator has-alpha-channel-opacity\"\/>\n\n\n                            \n                        \n                        \n        \n    \n\n<div class=\"cta cta--two-column card__animated-link\">\n    <div class=\"cta__content-wrapper\">\n          <div class=\"cta__image\">\n                  \n\n\n<img decoding=\"async\"\n  class=\"image\"\n      src=\"https:\/\/www.rtamichigan.org\/app\/uploads\/2025\/06\/TransitTalk_ProfessionalUX.png\"\n    \/>\n\n\n\n\n\n\n              <\/div>\n        <div class=\"cta__content\">\n              \n<h2 class=\"h2\">\n      Edici\u00f3n de enero\n  <\/h2>\n                    <div class=\"cta__text\"><p><strong>Aqu\u00ed est\u00e1 el resumen de la edici\u00f3n de enero de Transit Talk.<\/strong><\/p>\n<\/div>\n                              <div class=\"button-group\">\n            \n\n\n<a\n  href=\"https:\/\/mailchi.mp\/rtamichigan\/rta-new-leadership-13845770?e=e432d16189\"\n    class=\"button button--default\"\n  \n>\n        LEA EL BOLET\u00cdN INFORMATIVO\n    <\/a>\n          <\/div>\n                  <\/div>\n      <\/div>\n<\/div>","protected":false},"excerpt":{"rendered":"","protected":false},"author":1,"featured_media":0,"parent":0,"menu_order":0,"comment_status":"closed","ping_status":"closed","template":"","meta":{"_acf_changed":false,"inline_featured_image":false,"footnotes":""},"class_list":["post-187","page","type-page","status-publish","hentry"],"acf":[],"yoast_head":"<!-- This site is optimized with the Yoast SEO plugin v24.9 - https:\/\/yoast.com\/wordpress\/plugins\/seo\/ -->\n<title>Newsletter - RTA of Southeast Michigan<\/title>\n<meta name=\"robots\" content=\"index, follow, max-snippet:-1, max-image-preview:large, max-video-preview:-1\" \/>\n<link rel=\"canonical\" href=\"https:\/\/www.rtamichigan.org\/es\/newsletter\/\" \/>\n<meta property=\"og:locale\" content=\"es_MX\" \/>\n<meta property=\"og:type\" content=\"article\" \/>\n<meta property=\"og:title\" content=\"Newsletter - RTA of Southeast Michigan\" \/>\n<meta property=\"og:url\" content=\"https:\/\/www.rtamichigan.org\/es\/newsletter\/\" \/>\n<meta property=\"og:site_name\" content=\"RTA of Southeast Michigan\" \/>\n<meta property=\"article:publisher\" content=\"https:\/\/www.facebook.com\/rtamichigan\/\" \/>\n<meta property=\"article:modified_time\" content=\"2026-04-01T16:13:50+00:00\" \/>\n<meta name=\"twitter:card\" content=\"summary_large_image\" \/>\n<meta name=\"twitter:site\" content=\"@rtamichigan\" \/>\n<script type=\"application\/ld+json\" class=\"yoast-schema-graph\">{\"@context\":\"https:\/\/schema.org\",\"@graph\":[{\"@type\":\"WebPage\",\"@id\":\"https:\/\/www.rtamichigan.org\/newsletter\",\"url\":\"https:\/\/www.rtamichigan.org\/newsletter\",\"name\":\"Newsletter - RTA of Southeast Michigan\",\"isPartOf\":{\"@id\":\"https:\/\/www.rtamichigan.org\/#website\"},\"datePublished\":\"2025-04-17T20:21:41+00:00\",\"dateModified\":\"2026-04-01T16:13:50+00:00\",\"breadcrumb\":{\"@id\":\"https:\/\/www.rtamichigan.org\/newsletter#breadcrumb\"},\"inLanguage\":\"es-MX\",\"potentialAction\":[{\"@type\":\"ReadAction\",\"target\":[\"https:\/\/www.rtamichigan.org\/newsletter\"]}]},{\"@type\":\"BreadcrumbList\",\"@id\":\"https:\/\/www.rtamichigan.org\/newsletter#breadcrumb\",\"itemListElement\":[{\"@type\":\"ListItem\",\"position\":1,\"name\":\"Home\",\"item\":\"https:\/\/www.rtamichigan.org\/\"},{\"@type\":\"ListItem\",\"position\":2,\"name\":\"Newsletter\"}]},{\"@type\":\"WebSite\",\"@id\":\"https:\/\/www.rtamichigan.org\/#website\",\"url\":\"https:\/\/www.rtamichigan.org\/\",\"name\":\"RTA of Southeast Michigan\",\"description\":\"Get on Board!\",\"potentialAction\":[{\"@type\":\"SearchAction\",\"target\":{\"@type\":\"EntryPoint\",\"urlTemplate\":\"https:\/\/www.rtamichigan.org\/?s={search_term_string}\"},\"query-input\":{\"@type\":\"PropertyValueSpecification\",\"valueRequired\":true,\"valueName\":\"search_term_string\"}}],\"inLanguage\":\"es-MX\"}]}<\/script>\n<!-- \/ Yoast SEO plugin. -->","yoast_head_json":{"title":"Bolet\u00edn informativo - RTA del sureste de Michigan","robots":{"index":"index","follow":"follow","max-snippet":"max-snippet:-1","max-image-preview":"max-image-preview:large","max-video-preview":"max-video-preview:-1"},"canonical":"https:\/\/www.rtamichigan.org\/es\/newsletter\/","og_locale":"es_MX","og_type":"article","og_title":"Newsletter - RTA of Southeast Michigan","og_url":"https:\/\/www.rtamichigan.org\/es\/newsletter\/","og_site_name":"RTA of Southeast Michigan","article_publisher":"https:\/\/www.facebook.com\/rtamichigan\/","article_modified_time":"2026-04-01T16:13:50+00:00","twitter_card":"summary_large_image","twitter_site":"@rtamichigan","schema":{"@context":"https:\/\/schema.org","@graph":[{"@type":"WebPage","@id":"https:\/\/www.rtamichigan.org\/newsletter","url":"https:\/\/www.rtamichigan.org\/newsletter","name":"Bolet\u00edn informativo - RTA del sureste de Michigan","isPartOf":{"@id":"https:\/\/www.rtamichigan.org\/#website"},"datePublished":"2025-04-17T20:21:41+00:00","dateModified":"2026-04-01T16:13:50+00:00","breadcrumb":{"@id":"https:\/\/www.rtamichigan.org\/newsletter#breadcrumb"},"inLanguage":"es-MX","potentialAction":[{"@type":"ReadAction","target":["https:\/\/www.rtamichigan.org\/newsletter"]}]},{"@type":"BreadcrumbList","@id":"https:\/\/www.rtamichigan.org\/newsletter#breadcrumb","itemListElement":[{"@type":"ListItem","position":1,"name":"Home","item":"https:\/\/www.rtamichigan.org\/"},{"@type":"ListItem","position":2,"name":"Newsletter"}]},{"@type":"WebSite","@id":"https:\/\/www.rtamichigan.org\/#website","url":"https:\/\/www.rtamichigan.org\/","name":"RTA del sureste de Michigan","description":"\u00a1Sube a bordo!","potentialAction":[{"@type":"SearchAction","target":{"@type":"EntryPoint","urlTemplate":"https:\/\/www.rtamichigan.org\/?s={search_term_string}"},"query-input":{"@type":"PropertyValueSpecification","valueRequired":true,"valueName":"search_term_string"}}],"inLanguage":"es-MX"}]}},"publishpress_future_action":{"enabled":false,"date":"2026-04-28 06:49:51","action":"change-status","newStatus":"draft","terms":[],"taxonomy":"","extraData":[]},"publishpress_future_workflow_manual_trigger":{"enabledWorkflows":[]},"_links":{"self":[{"href":"https:\/\/www.rtamichigan.org\/es\/wp-json\/wp\/v2\/pages\/187","targetHints":{"allow":["GET"]}}],"collection":[{"href":"https:\/\/www.rtamichigan.org\/es\/wp-json\/wp\/v2\/pages"}],"about":[{"href":"https:\/\/www.rtamichigan.org\/es\/wp-json\/wp\/v2\/types\/page"}],"author":[{"embeddable":true,"href":"https:\/\/www.rtamichigan.org\/es\/wp-json\/wp\/v2\/users\/1"}],"replies":[{"embeddable":true,"href":"https:\/\/www.rtamichigan.org\/es\/wp-json\/wp\/v2\/comments?post=187"}],"version-history":[{"count":25,"href":"https:\/\/www.rtamichigan.org\/es\/wp-json\/wp\/v2\/pages\/187\/revisions"}],"predecessor-version":[{"id":3649,"href":"https:\/\/www.rtamichigan.org\/es\/wp-json\/wp\/v2\/pages\/187\/revisions\/3649"}],"wp:attachment":[{"href":"https:\/\/www.rtamichigan.org\/es\/wp-json\/wp\/v2\/media?parent=187"}],"curies":[{"name":"gracias","href":"https:\/\/api.w.org\/{rel}","templated":true}]}}