{"id":183,"date":"2025-04-17T15:21:25","date_gmt":"2025-04-17T20:21:25","guid":{"rendered":"https:\/\/www.rtamichigan.org\/?page_id=183"},"modified":"2026-02-02T15:54:45","modified_gmt":"2026-02-02T20:54:45","slug":"title-vi","status":"publish","type":"page","link":"https:\/\/www.rtamichigan.org\/es\/title-vi","title":{"rendered":"Procedimientos del T\u00edtulo VI y la ADA"},"content":{"rendered":"<p>La Autoridad de Tr\u00e1nsito Regional del Sudeste de Michigan (RTA) se compromete a garantizar que ninguna persona sea excluida de la participaci\u00f3n ni se le nieguen los beneficios de sus programas y servicios por motivos de raza, color y origen nacional de conformidad con el T\u00edtulo VI de la Ley de Derechos Civiles de 1964 y de conformidad con la <a href=\"https:\/\/www.ada.gov\/\">Ley de Estadounidenses con Discapacidades (ADA)<\/a>.<\/p>\n\n\n\n<p>Para obtener informaci\u00f3n sobre las obligaciones de no discriminaci\u00f3n de la RTA, o para presentar una queja si cree que ha sido objeto de discriminaci\u00f3n ilegal, comun\u00edquese con la RTA por correo a la <strong>Autoridad Regional de Tr\u00e1nsito del Sureste de Michigan, 1001 Woodward, Suite 1400, Detroit, MI 48226<\/strong>; o por correo electr\u00f3nico a <a href=\"mailto:TitleVI@rtamichigan.org\">T\u00edtuloVI@rtamichigan.org<\/a>Para obtener ayuda con la traducci\u00f3n, ll\u00e1menos al <a href=\"tel:313-402-1020\">313-402-1020<\/a>.<\/p>\n\n\n\n\n    \n\n    \n\n\n<a\n  href=\"https:\/\/www.rtamichigan.org\/es\/app\/uploads\/2026\/02\/da_TITLE-VI-Plan-Update-Final-Draft-11-24-2025.pdf\/\"\n  target=\"_blank\"  class=\"button button--default\"\n  \n>\n        Plan del T\u00edtulo VI 2026-2028\n    <\/a>\n\n\n\n<p>T\u00edtulo VI Aviso p\u00fablico y todas las traducciones<\/p>\n\n\n\n<ul class=\"wp-block-list\">\n<li><a href=\"\/es\/app\/uploads\/2025\/07\/RTA_ADA-Compliance_Flyer_v14.pdf\/\">Aviso p\u00fablico (ingl\u00e9s)<\/a><\/li>\n\n\n\n<li><a href=\"\/es\/app\/uploads\/2025\/07\/RTA_ADA-Compliance_Flyer_v14_ArabicTranslation-1.pdf\/\">Aviso p\u00fablico (\u00e1rabe)<\/a><\/li>\n\n\n\n<li><a href=\"\/es\/app\/uploads\/2025\/07\/RTA-DISCRIMINATION-COMPLAINT-FORM.9.13.18-Chinese.docx\/\">Aviso p\u00fablico (chino)<\/a><\/li>\n\n\n\n<li><a href=\"\/es\/app\/uploads\/2025\/07\/RTA_ADA-Compliance_Flyer_SpanishTranslation_v1-1.pdf\/\">Aviso P\u00fablico (Espa\u00f1ol)<\/a><\/li>\n<\/ul>\n\n\n\n<p><\/p>\n\n\n\n<h2 class=\"wp-block-heading\">Procedimiento de quejas del T\u00edtulo VI<\/h2>\n\n\n\n<p>La RTA cuenta con un Procedimiento de Quejas del T\u00edtulo VI que describe el proceso para la resoluci\u00f3n local de quejas del T\u00edtulo VI y se ajusta a las directrices del Cap\u00edtulo III de la FTA C 4702.1B. Si una persona considera que los programas financiados con fondos federales de la RTA han violado sus derechos civiles por motivos de raza, color u origen nacional, puede presentar una queja por escrito.<\/p>\n\n\n\n<p>Cualquier persona que considere que ha sido objeto de discriminaci\u00f3n o represalias prohibidas por las leyes de derechos civiles, por motivos de raza, color u origen nacional, incluyendo la discriminaci\u00f3n por idioma, puede presentar una queja por escrito ante el funcionario del T\u00edtulo VI de la RTA. La queja formal debe presentarse dentro de los 180 d\u00edas calendario siguientes al presunto incidente o cuando el denunciante tenga conocimiento de la presunta discriminaci\u00f3n.<\/p>\n\n\n\n<p>Tras recibir la queja, el funcionario del T\u00edtulo VI de la RTA, o su designado, designar\u00e1 a uno o m\u00e1s miembros del personal, seg\u00fan corresponda, para evaluarla e investigarla en consulta con el asesor legal de la RTA. De ser necesario, el denunciante se reunir\u00e1 con el personal para explicar con m\u00e1s detalle su queja. El personal completar\u00e1 su revisi\u00f3n a m\u00e1s tardar 60 d\u00edas calendario despu\u00e9s de recibir la queja. Si se requiere m\u00e1s tiempo, el funcionario del T\u00edtulo VI, o su designado, notificar\u00e1 al denunciante el plazo estimado para completar la revisi\u00f3n.<\/p>\n\n\n\n<p>Tras la revisi\u00f3n, el personal emitir\u00e1 una recomendaci\u00f3n sobre el fundamento de la queja y si existen medidas correctivas para obtener una reparaci\u00f3n. Si el funcionario del T\u00edtulo VI o su designado concuerdan, emitir\u00e1n una respuesta por escrito al denunciante. Si el denunciante no est\u00e1 satisfecho con la resoluci\u00f3n de la queja, podr\u00e1 presentar una apelaci\u00f3n ante el Director Ejecutivo para su consideraci\u00f3n. Tras la revisi\u00f3n de la queja, el Director Ejecutivo...<\/p>\n\n\n\n\n    \n\n    \n\n\n<a\n  href=\"\/es\/app\/uploads\/2025\/06\/RTA-Title-VI-Complaint-Procedures_remediated-1.pdf\/\"\n  target=\"_blank\"  class=\"button button--default\"\n  \n>\n        Procedimientos de quejas de la RTA\n    <\/a>\n\n\n\n<h2 class=\"wp-block-heading\">Presentar una queja<\/h2>\n\n\n\n<p>Para obtener informaci\u00f3n sobre las obligaciones de no discriminaci\u00f3n de la RTA, o para presentar una queja si cree que ha sido objeto de discriminaci\u00f3n ilegal, por favor <a href=\"\/es\/contact-us\/\">Contactar con RTA<\/a>.&nbsp;<\/p>\n\n\n\n<p><strong>Env\u00ede formularios de quejas en papel por correo a:<\/strong>&nbsp;<br>Oficial del T\u00edtulo VI&nbsp;<br>Autoridad de Tr\u00e1nsito Regional del Sureste de Michigan&nbsp;<br>1001 Woodward Avenue, Suite 1400&nbsp;<br>Detroit, MI 48226<\/p>\n\n\n\n<p><strong>Procedimiento de queja:<\/strong><\/p>\n\n\n\n<ul class=\"wp-block-list\">\n<li><a href=\"\/es\/app\/uploads\/2025\/07\/RTA-Title-VI-Complaint-Procedures_remediated-1.pdf\/\">Procedimiento de queja (Ingl\u00e9s)<\/a><\/li>\n\n\n\n<li><a href=\"\/es\/app\/uploads\/2025\/07\/RTA.TitleVI.ComplaintProcedures_11142024_Arabic_remediated-2.pdf\/\">Procedimiento de queja (\u00e1rabe)<\/a><\/li>\n\n\n\n<li><a href=\"\/es\/app\/uploads\/2025\/07\/RTA_TitleVI_ComplaintProcedures_Spanish_11122024_remediated-1.pdf\/\">Procedimiento de quejas (espa\u00f1ol)<\/a><\/li>\n\n\n\n<li><a href=\"\/es\/app\/uploads\/2025\/07\/RTA.TitleVI.ComplaintProcedures.9.13.18-1-Chinese.pdf\/\">Procedimiento de queja (chino)<\/a><\/li>\n\n\n\n<li><a href=\"\/es\/app\/uploads\/2025\/07\/RTA.TitleVI.ComplaintProcedures.9.13.18-1-Korean.pdf\/\">Procedimiento de quejas (coreano)<\/a><\/li>\n<\/ul>\n\n\n\n<p><strong>Formulario de queja<\/strong><\/p>\n\n\n\n<ul class=\"wp-block-list\">\n<li><a href=\"https:\/\/www.rtamichigan.org\/es\/app\/uploads\/2025\/07\/RTA-DISCRIMINATION-COMPLAINT-FORM-10.01.2024-remediated-v2-1.pdf\/\">Formulario de queja (ingl\u00e9s)<\/a><\/li>\n\n\n\n<li><a href=\"https:\/\/www.rtamichigan.org\/es\/app\/uploads\/2025\/07\/RTA-DISCRIMINATION-COMPLAINT-FORM-10.01.2024_arabic_remediated.pdf\/\">Formulario de queja (\u00e1rabe)<\/a><\/li>\n\n\n\n<li><a href=\"https:\/\/www.rtamichigan.org\/es\/app\/uploads\/2025\/07\/RTA-DISCRIMINATION-COMPLAINT-FORM_Spanish_remediated.pdf\/\">Formulario de queja (espa\u00f1ol)<\/a><\/li>\n\n\n\n<li><a href=\"\/es\/app\/uploads\/2025\/07\/RTA.TitleVI.ComplaintProcedures.9.13.18-1-Chinese.pdf\/\">Formulario de queja (chino)<\/a><\/li>\n\n\n\n<li><a href=\"https:\/\/www.rtamichigan.org\/es\/app\/uploads\/2025\/07\/RTA-DISCRIMINATION-COMPLAINT-FORM.9.13.18-Korean.docx\/\">Formulario de queja (coreano)<\/a><\/li>\n<\/ul>\n\n\n\n<div class=\"wp-block-columns is-layout-flex wp-container-core-columns-is-layout-9d6595d7 wp-block-columns-is-layout-flex\">\n<div class=\"wp-block-column is-layout-flow wp-block-column-is-layout-flow\">\n<h3 class=\"wp-block-heading\">Relacionado<\/h3>\n\n\n\n<p><a href=\"\/es\/about-rta\/compliance\/\">Cumplimiento<\/a><\/p>\n<\/div>\n<\/div>","protected":false},"excerpt":{"rendered":"<p>La Autoridad de Tr\u00e1nsito Regional del Sureste de Michigan (RTA) se compromete a garantizar que ninguna persona quede excluida de participar o se le nieguen los beneficios de sus programas y servicios en [\u2026]<\/p>","protected":false},"author":1,"featured_media":1269,"parent":0,"menu_order":0,"comment_status":"closed","ping_status":"closed","template":"","meta":{"_acf_changed":false,"inline_featured_image":false,"footnotes":""},"class_list":["post-183","page","type-page","status-publish","has-post-thumbnail","hentry"],"acf":[],"yoast_head":"<!-- This site is optimized with the Yoast SEO plugin v24.9 - https:\/\/yoast.com\/wordpress\/plugins\/seo\/ -->\n<title>Title VI and ADA Procedures - RTA of Southeast Michigan<\/title>\n<meta name=\"robots\" content=\"index, follow, max-snippet:-1, max-image-preview:large, max-video-preview:-1\" \/>\n<link rel=\"canonical\" href=\"https:\/\/www.rtamichigan.org\/es\/title-vi\/\" \/>\n<meta property=\"og:locale\" content=\"es_MX\" \/>\n<meta property=\"og:type\" content=\"article\" \/>\n<meta property=\"og:title\" content=\"Title VI and ADA Procedures - RTA of Southeast Michigan\" \/>\n<meta property=\"og:description\" content=\"The Regional Transit Authority of Southeast Michigan (RTA) is committed to ensuring that no person is excluded from participation in, or denied the benefits of its programs and services on [&hellip;]\" \/>\n<meta property=\"og:url\" content=\"https:\/\/www.rtamichigan.org\/es\/title-vi\/\" \/>\n<meta property=\"og:site_name\" content=\"RTA of Southeast Michigan\" \/>\n<meta property=\"article:publisher\" content=\"https:\/\/www.facebook.com\/rtamichigan\/\" \/>\n<meta property=\"article:modified_time\" content=\"2026-02-02T20:54:45+00:00\" \/>\n<meta property=\"og:image\" content=\"https:\/\/www.rtamichigan.org\/app\/uploads\/2025\/06\/pexels-photo-808846-2-e1752765852247.jpg\" \/>\n\t<meta property=\"og:image:width\" content=\"940\" \/>\n\t<meta property=\"og:image:height\" content=\"164\" \/>\n\t<meta property=\"og:image:type\" content=\"image\/jpeg\" \/>\n<meta name=\"twitter:card\" content=\"summary_large_image\" \/>\n<meta name=\"twitter:site\" content=\"@rtamichigan\" \/>\n<meta name=\"twitter:label1\" content=\"Est. reading time\" \/>\n\t<meta name=\"twitter:data1\" content=\"3 minutes\" \/>\n<script type=\"application\/ld+json\" class=\"yoast-schema-graph\">{\"@context\":\"https:\/\/schema.org\",\"@graph\":[{\"@type\":\"WebPage\",\"@id\":\"https:\/\/www.rtamichigan.org\/title-vi\",\"url\":\"https:\/\/www.rtamichigan.org\/title-vi\",\"name\":\"Title VI and ADA Procedures - RTA of Southeast Michigan\",\"isPartOf\":{\"@id\":\"https:\/\/www.rtamichigan.org\/#website\"},\"primaryImageOfPage\":{\"@id\":\"https:\/\/www.rtamichigan.org\/title-vi#primaryimage\"},\"image\":{\"@id\":\"https:\/\/www.rtamichigan.org\/title-vi#primaryimage\"},\"thumbnailUrl\":\"https:\/\/www.rtamichigan.org\/app\/uploads\/2025\/06\/pexels-photo-808846-2-e1752765852247.jpg\",\"datePublished\":\"2025-04-17T20:21:25+00:00\",\"dateModified\":\"2026-02-02T20:54:45+00:00\",\"breadcrumb\":{\"@id\":\"https:\/\/www.rtamichigan.org\/title-vi#breadcrumb\"},\"inLanguage\":\"es-MX\",\"potentialAction\":[{\"@type\":\"ReadAction\",\"target\":[\"https:\/\/www.rtamichigan.org\/title-vi\"]}]},{\"@type\":\"ImageObject\",\"inLanguage\":\"es-MX\",\"@id\":\"https:\/\/www.rtamichigan.org\/title-vi#primaryimage\",\"url\":\"https:\/\/www.rtamichigan.org\/app\/uploads\/2025\/06\/pexels-photo-808846-2-e1752765852247.jpg\",\"contentUrl\":\"https:\/\/www.rtamichigan.org\/app\/uploads\/2025\/06\/pexels-photo-808846-2-e1752765852247.jpg\",\"width\":940,\"height\":164,\"caption\":\"The inside of a bus\"},{\"@type\":\"BreadcrumbList\",\"@id\":\"https:\/\/www.rtamichigan.org\/title-vi#breadcrumb\",\"itemListElement\":[{\"@type\":\"ListItem\",\"position\":1,\"name\":\"Home\",\"item\":\"https:\/\/www.rtamichigan.org\/\"},{\"@type\":\"ListItem\",\"position\":2,\"name\":\"Title VI and ADA Procedures\"}]},{\"@type\":\"WebSite\",\"@id\":\"https:\/\/www.rtamichigan.org\/#website\",\"url\":\"https:\/\/www.rtamichigan.org\/\",\"name\":\"RTA of Southeast Michigan\",\"description\":\"Get on Board!\",\"potentialAction\":[{\"@type\":\"SearchAction\",\"target\":{\"@type\":\"EntryPoint\",\"urlTemplate\":\"https:\/\/www.rtamichigan.org\/?s={search_term_string}\"},\"query-input\":{\"@type\":\"PropertyValueSpecification\",\"valueRequired\":true,\"valueName\":\"search_term_string\"}}],\"inLanguage\":\"es-MX\"}]}<\/script>\n<!-- \/ Yoast SEO plugin. -->","yoast_head_json":{"title":"Procedimientos del T\u00edtulo VI y la ADA - RTA del sureste de Michigan","robots":{"index":"index","follow":"follow","max-snippet":"max-snippet:-1","max-image-preview":"max-image-preview:large","max-video-preview":"max-video-preview:-1"},"canonical":"https:\/\/www.rtamichigan.org\/es\/title-vi\/","og_locale":"es_MX","og_type":"article","og_title":"Title VI and ADA Procedures - RTA of Southeast Michigan","og_description":"The Regional Transit Authority of Southeast Michigan (RTA) is committed to ensuring that no person is excluded from participation in, or denied the benefits of its programs and services on [&hellip;]","og_url":"https:\/\/www.rtamichigan.org\/es\/title-vi\/","og_site_name":"RTA of Southeast Michigan","article_publisher":"https:\/\/www.facebook.com\/rtamichigan\/","article_modified_time":"2026-02-02T20:54:45+00:00","og_image":[{"width":940,"height":164,"url":"https:\/\/www.rtamichigan.org\/app\/uploads\/2025\/06\/pexels-photo-808846-2-e1752765852247.jpg","type":"image\/jpeg"}],"twitter_card":"summary_large_image","twitter_site":"@rtamichigan","twitter_misc":{"Est. reading time":"3 minutes"},"schema":{"@context":"https:\/\/schema.org","@graph":[{"@type":"WebPage","@id":"https:\/\/www.rtamichigan.org\/title-vi","url":"https:\/\/www.rtamichigan.org\/title-vi","name":"Procedimientos del T\u00edtulo VI y la ADA - RTA del sureste de Michigan","isPartOf":{"@id":"https:\/\/www.rtamichigan.org\/#website"},"primaryImageOfPage":{"@id":"https:\/\/www.rtamichigan.org\/title-vi#primaryimage"},"image":{"@id":"https:\/\/www.rtamichigan.org\/title-vi#primaryimage"},"thumbnailUrl":"https:\/\/www.rtamichigan.org\/app\/uploads\/2025\/06\/pexels-photo-808846-2-e1752765852247.jpg","datePublished":"2025-04-17T20:21:25+00:00","dateModified":"2026-02-02T20:54:45+00:00","breadcrumb":{"@id":"https:\/\/www.rtamichigan.org\/title-vi#breadcrumb"},"inLanguage":"es-MX","potentialAction":[{"@type":"ReadAction","target":["https:\/\/www.rtamichigan.org\/title-vi"]}]},{"@type":"ImageObject","inLanguage":"es-MX","@id":"https:\/\/www.rtamichigan.org\/title-vi#primaryimage","url":"https:\/\/www.rtamichigan.org\/app\/uploads\/2025\/06\/pexels-photo-808846-2-e1752765852247.jpg","contentUrl":"https:\/\/www.rtamichigan.org\/app\/uploads\/2025\/06\/pexels-photo-808846-2-e1752765852247.jpg","width":940,"height":164,"caption":"The inside of a bus"},{"@type":"BreadcrumbList","@id":"https:\/\/www.rtamichigan.org\/title-vi#breadcrumb","itemListElement":[{"@type":"ListItem","position":1,"name":"Home","item":"https:\/\/www.rtamichigan.org\/"},{"@type":"ListItem","position":2,"name":"Title VI and ADA Procedures"}]},{"@type":"WebSite","@id":"https:\/\/www.rtamichigan.org\/#website","url":"https:\/\/www.rtamichigan.org\/","name":"RTA del sureste de Michigan","description":"\u00a1Sube a bordo!","potentialAction":[{"@type":"SearchAction","target":{"@type":"EntryPoint","urlTemplate":"https:\/\/www.rtamichigan.org\/?s={search_term_string}"},"query-input":{"@type":"PropertyValueSpecification","valueRequired":true,"valueName":"search_term_string"}}],"inLanguage":"es-MX"}]}},"publishpress_future_action":{"enabled":false,"date":"2026-04-28 10:32:55","action":"change-status","newStatus":"draft","terms":[],"taxonomy":"","extraData":[]},"publishpress_future_workflow_manual_trigger":{"enabledWorkflows":[]},"_links":{"self":[{"href":"https:\/\/www.rtamichigan.org\/es\/wp-json\/wp\/v2\/pages\/183","targetHints":{"allow":["GET"]}}],"collection":[{"href":"https:\/\/www.rtamichigan.org\/es\/wp-json\/wp\/v2\/pages"}],"about":[{"href":"https:\/\/www.rtamichigan.org\/es\/wp-json\/wp\/v2\/types\/page"}],"author":[{"embeddable":true,"href":"https:\/\/www.rtamichigan.org\/es\/wp-json\/wp\/v2\/users\/1"}],"replies":[{"embeddable":true,"href":"https:\/\/www.rtamichigan.org\/es\/wp-json\/wp\/v2\/comments?post=183"}],"version-history":[{"count":20,"href":"https:\/\/www.rtamichigan.org\/es\/wp-json\/wp\/v2\/pages\/183\/revisions"}],"predecessor-version":[{"id":3378,"href":"https:\/\/www.rtamichigan.org\/es\/wp-json\/wp\/v2\/pages\/183\/revisions\/3378"}],"wp:featuredmedia":[{"embeddable":true,"href":"https:\/\/www.rtamichigan.org\/es\/wp-json\/wp\/v2\/media\/1269"}],"wp:attachment":[{"href":"https:\/\/www.rtamichigan.org\/es\/wp-json\/wp\/v2\/media?parent=183"}],"curies":[{"name":"gracias","href":"https:\/\/api.w.org\/{rel}","templated":true}]}}