{"id":181,"date":"2025-04-17T15:21:15","date_gmt":"2025-04-17T20:21:15","guid":{"rendered":"https:\/\/www.rtamichigan.org\/?page_id=181"},"modified":"2025-10-28T13:25:42","modified_gmt":"2025-10-28T18:25:42","slug":"careers","status":"publish","type":"page","link":"https:\/\/www.rtamichigan.org\/es\/careers","title":{"rendered":"Carreras"},"content":{"rendered":"<h2 class=\"wp-block-heading has-text-align-center\">\u00bfPor qu\u00e9 trabajar en la RTA?<\/h2>\n\n\n\n<p class=\"has-text-align-center\">\u00danase a una organizaci\u00f3n de transporte p\u00fablico en crecimiento con una estructura extraordinaria. Somos entusiastas del transporte p\u00fablico, conductores, emprendedores y conectamos con la comunidad. Nuestra experiencia laboral, siempre emocionante, estimulante y gratificante, impulsa el progreso del sureste de Michigan. RTA planifica el transporte p\u00fablico regional, implementa nuevos servicios, asigna fondos federales y estatales a los proveedores de servicios de transporte y consigue nuevas fuentes de financiaci\u00f3n regional. Tambi\u00e9n operamos un tranv\u00eda de 4.8 km en el centro de Detroit.<\/p>\n\n\n\n<p class=\"has-text-align-center\">Nuestro equipo trabaja con diligencia y se preocupa profundamente por crear oportunidades para mejorar la calidad de vida de nuestros residentes. Vivimos seg\u00fan nuestro ejemplo, viajando al trabajo en todos los medios de transporte. Los objetivos de la RTA, desde calles m\u00e1s seguras hasta una mejor movilidad, nos impulsan a hacer lo que mejor sabemos hacer: brindar transporte p\u00fablico en toda nuestra regi\u00f3n.<\/p>\n\n\n\n<p class=\"has-text-align-center\"><\/p>\n\n\n\n<!-- PrismHR Hiring Listing Widget --> <script type=\"text\/javascript\"> var ht_settings = ( ht_settings || new Object() ); ht_settings.site_url = \"rtamichigan\"; \/\/ set this to true if you want jobs to open in a new window ht_settings.open_jobs_in_new_tab = false; <\/script> <script src=\"https:\/\/assets.prismhr-hire.com\/javascripts\/embed.js\" type=\"text\/javascript\"><\/script> <div id=\"hiringthing-jobs\"><\/div> <!-- widget stylesheet can be overridden or replaced for customization --> <link rel=\"stylesheet\" type=\"text\/css\" media=\"all\" href=\"https:\/\/assets.prismhr-hire.com\/stylesheets\/embed.css\" \/> <noscript> <a href=\"https:\/\/rtamichigan.prismhr-hire.com\">Vea nuestras posiciones abiertas actualmente.<\/a> <br \/><br \/> <small>Ofertas de trabajo presentadas por <a href=\"https:\/\/www.prismhr-hire.com\">Contrataci\u00f3n de PrismHR<\/a>.<\/small> <\/noscript> <!-- end PrismHR Hiring Listing Widget -->\n\n\n\n<p>\u00bfBuscas otras carreras en transporte p\u00fablico? Puede que haya vacantes con nuestros socios, incluyendo <a href=\"https:\/\/www.qlinedetroit.com\/about\/\">Departamento de Transporte de los Estados Unidos<\/a>, <a href=\"https:\/\/workforcenow.adp.com\/mascsr\/default\/mdf\/recruitment\/recruitment.html?cid=4b698d9a-5faa-4fd2-a086-272381a12e04&amp;ccId=19000101_000001&amp;type=MP&amp;lang=en_US\">ELEGANTE<\/a>, <a href=\"https:\/\/www.thepeoplemover.com\/working-with-dtc\">Transporte de personas de Detroit<\/a>, y <a href=\"https:\/\/www.theride.org\/about\/careers\">El paseo<\/a>.\u00a0<\/p>\n\n\n\n<hr class=\"wp-block-separator has-alpha-channel-opacity\"\/>\n\n\n\n<figure class=\"wp-block-image size-large center\"><img loading=\"lazy\" decoding=\"async\" width=\"1024\" height=\"683\" src=\"https:\/\/www.rtamichigan.org\/app\/uploads\/2025\/07\/J__09315-1024x683.jpg\" alt=\"Bus service workers, pedestrians wearing Detroit gear, and a Detroit tiger mascot pose in front of a bus\" class=\"wp-image-2101\" srcset=\"https:\/\/www.rtamichigan.org\/app\/uploads\/2025\/07\/J__09315-1024x683.jpg 1024w, https:\/\/www.rtamichigan.org\/app\/uploads\/2025\/07\/J__09315-300x200.jpg 300w, https:\/\/www.rtamichigan.org\/app\/uploads\/2025\/07\/J__09315-768x512.jpg 768w, https:\/\/www.rtamichigan.org\/app\/uploads\/2025\/07\/J__09315-1536x1024.jpg 1536w, https:\/\/www.rtamichigan.org\/app\/uploads\/2025\/07\/J__09315-18x12.jpg 18w, https:\/\/www.rtamichigan.org\/app\/uploads\/2025\/07\/J__09315.jpg 2048w\" sizes=\"auto, (max-width: 1024px) 100vw, 1024px\" \/><\/figure>\n\n\n\n<h2 class=\"wp-block-heading has-text-align-center\">Beneficios&nbsp;<\/h2>\n\n\n\n<p class=\"has-text-align-center\">Nuestros beneficios incluyen tiempo libre remunerado y feriados, jubilaci\u00f3n, seguro m\u00e9dico, estacionamiento en la oficina principal y desarrollo profesional.<\/p>\n\n\n                            \n                        \n                        \n        \n    \n\n<div class=\"cta cta--default card__animated-link\">\n    <div class=\"cta__content-wrapper\">\n        <div class=\"cta__content\">\n              \n<h2 class=\"h2\">\n      Empleado destacado\n  <\/h2>\n                    <div class=\"cta__text\"><p style=\"text-align: left;\">Me un\u00ed a este equipo con una idea limitada de c\u00f3mo es el transporte p\u00fablico en el sureste de Michigan. Ahora me doy cuenta de que tambi\u00e9n ten\u00eda una idea limitada de lo que realmente significa el servicio p\u00fablico. No se trata simplemente de recopilar investigaciones o redactar planes, ni de realizar encuestas o prestar servicio de transporte. Trabajar en el servicio p\u00fablico significa trabajar por el bien de la comunidad\u2026 Y estoy entusiasmado por el importante papel que puedo desempe\u00f1ar para impulsar este progreso.<\/p>\n<p>\u2013Kameron Bloye, asociado de pol\u00edtica de tr\u00e1nsito de la RTA<\/p>\n<\/div>\n                              <div class=\"button-group\">\n            \n\n\n<a\n  href=\"https:\/\/www.linkedin.com\/feed\/update\/urn:li:activity:7273078983200579585\"\n    class=\"button button--ghost-dark\"\n  \n>\n        Leer el blog\n    <\/a>\n          <\/div>\n                  <\/div>\n      <\/div>\n<\/div>","protected":false},"excerpt":{"rendered":"<p>\u00bfPor qu\u00e9 trabajar en la RTA? \u00danete a una organizaci\u00f3n de transporte p\u00fablico en crecimiento con una estructura extraordinaria. Somos entusiastas del transporte, conductores, emprendedores y conectamos a la comunidad. Nuestro programa, siempre emocionante, estimulante y gratificante, [\u2026]<\/p>","protected":false},"author":1,"featured_media":0,"parent":0,"menu_order":0,"comment_status":"closed","ping_status":"closed","template":"","meta":{"_acf_changed":false,"inline_featured_image":false,"footnotes":""},"class_list":["post-181","page","type-page","status-publish","hentry"],"acf":[],"yoast_head":"<!-- This site is optimized with the Yoast SEO plugin v24.9 - https:\/\/yoast.com\/wordpress\/plugins\/seo\/ -->\n<title>Careers - RTA of Southeast Michigan<\/title>\n<meta name=\"robots\" content=\"index, follow, max-snippet:-1, max-image-preview:large, max-video-preview:-1\" \/>\n<link rel=\"canonical\" href=\"https:\/\/www.rtamichigan.org\/es\/careers\/\" \/>\n<meta property=\"og:locale\" content=\"es_MX\" \/>\n<meta property=\"og:type\" content=\"article\" \/>\n<meta property=\"og:title\" content=\"Careers - RTA of Southeast Michigan\" \/>\n<meta property=\"og:description\" content=\"Why Work at the RTA? Join a growing public transportation organization with an extraordinary structure. We&#8217;re transit enthusiasts, drivers and doers, and community connectors. Our constantly exciting, stimulating, and rewarding [&hellip;]\" \/>\n<meta property=\"og:url\" content=\"https:\/\/www.rtamichigan.org\/es\/careers\/\" \/>\n<meta property=\"og:site_name\" content=\"RTA of Southeast Michigan\" \/>\n<meta property=\"article:publisher\" content=\"https:\/\/www.facebook.com\/rtamichigan\/\" \/>\n<meta property=\"article:modified_time\" content=\"2025-10-28T18:25:42+00:00\" \/>\n<meta property=\"og:image\" content=\"https:\/\/www.rtamichigan.org\/app\/uploads\/2025\/07\/J__09315.jpg\" \/>\n\t<meta property=\"og:image:width\" content=\"2048\" \/>\n\t<meta property=\"og:image:height\" content=\"1365\" \/>\n\t<meta property=\"og:image:type\" content=\"image\/jpeg\" \/>\n<meta name=\"twitter:card\" content=\"summary_large_image\" \/>\n<meta name=\"twitter:site\" content=\"@rtamichigan\" \/>\n<meta name=\"twitter:label1\" content=\"Est. reading time\" \/>\n\t<meta name=\"twitter:data1\" content=\"1 minute\" \/>\n<script type=\"application\/ld+json\" class=\"yoast-schema-graph\">{\"@context\":\"https:\/\/schema.org\",\"@graph\":[{\"@type\":\"WebPage\",\"@id\":\"https:\/\/www.rtamichigan.org\/careers\",\"url\":\"https:\/\/www.rtamichigan.org\/careers\",\"name\":\"Careers - RTA of Southeast Michigan\",\"isPartOf\":{\"@id\":\"https:\/\/www.rtamichigan.org\/#website\"},\"primaryImageOfPage\":{\"@id\":\"https:\/\/www.rtamichigan.org\/careers#primaryimage\"},\"image\":{\"@id\":\"https:\/\/www.rtamichigan.org\/careers#primaryimage\"},\"thumbnailUrl\":\"https:\/\/www.rtamichigan.org\/app\/uploads\/2025\/07\/J__09315-1024x683.jpg\",\"datePublished\":\"2025-04-17T20:21:15+00:00\",\"dateModified\":\"2025-10-28T18:25:42+00:00\",\"breadcrumb\":{\"@id\":\"https:\/\/www.rtamichigan.org\/careers#breadcrumb\"},\"inLanguage\":\"es-MX\",\"potentialAction\":[{\"@type\":\"ReadAction\",\"target\":[\"https:\/\/www.rtamichigan.org\/careers\"]}]},{\"@type\":\"ImageObject\",\"inLanguage\":\"es-MX\",\"@id\":\"https:\/\/www.rtamichigan.org\/careers#primaryimage\",\"url\":\"https:\/\/www.rtamichigan.org\/app\/uploads\/2025\/07\/J__09315-1024x683.jpg\",\"contentUrl\":\"https:\/\/www.rtamichigan.org\/app\/uploads\/2025\/07\/J__09315-1024x683.jpg\"},{\"@type\":\"BreadcrumbList\",\"@id\":\"https:\/\/www.rtamichigan.org\/careers#breadcrumb\",\"itemListElement\":[{\"@type\":\"ListItem\",\"position\":1,\"name\":\"Home\",\"item\":\"https:\/\/www.rtamichigan.org\/\"},{\"@type\":\"ListItem\",\"position\":2,\"name\":\"Careers\"}]},{\"@type\":\"WebSite\",\"@id\":\"https:\/\/www.rtamichigan.org\/#website\",\"url\":\"https:\/\/www.rtamichigan.org\/\",\"name\":\"RTA of Southeast Michigan\",\"description\":\"Get on Board!\",\"potentialAction\":[{\"@type\":\"SearchAction\",\"target\":{\"@type\":\"EntryPoint\",\"urlTemplate\":\"https:\/\/www.rtamichigan.org\/?s={search_term_string}\"},\"query-input\":{\"@type\":\"PropertyValueSpecification\",\"valueRequired\":true,\"valueName\":\"search_term_string\"}}],\"inLanguage\":\"es-MX\"}]}<\/script>\n<!-- \/ Yoast SEO plugin. -->","yoast_head_json":{"title":"Carreras - RTA del sureste de Michigan","robots":{"index":"index","follow":"follow","max-snippet":"max-snippet:-1","max-image-preview":"max-image-preview:large","max-video-preview":"max-video-preview:-1"},"canonical":"https:\/\/www.rtamichigan.org\/es\/careers\/","og_locale":"es_MX","og_type":"article","og_title":"Careers - RTA of Southeast Michigan","og_description":"Why Work at the RTA? Join a growing public transportation organization with an extraordinary structure. We&#8217;re transit enthusiasts, drivers and doers, and community connectors. Our constantly exciting, stimulating, and rewarding [&hellip;]","og_url":"https:\/\/www.rtamichigan.org\/es\/careers\/","og_site_name":"RTA of Southeast Michigan","article_publisher":"https:\/\/www.facebook.com\/rtamichigan\/","article_modified_time":"2025-10-28T18:25:42+00:00","og_image":[{"width":2048,"height":1365,"url":"https:\/\/www.rtamichigan.org\/app\/uploads\/2025\/07\/J__09315.jpg","type":"image\/jpeg"}],"twitter_card":"summary_large_image","twitter_site":"@rtamichigan","twitter_misc":{"Est. reading time":"1 minute"},"schema":{"@context":"https:\/\/schema.org","@graph":[{"@type":"WebPage","@id":"https:\/\/www.rtamichigan.org\/careers","url":"https:\/\/www.rtamichigan.org\/careers","name":"Carreras - RTA del sureste de Michigan","isPartOf":{"@id":"https:\/\/www.rtamichigan.org\/#website"},"primaryImageOfPage":{"@id":"https:\/\/www.rtamichigan.org\/careers#primaryimage"},"image":{"@id":"https:\/\/www.rtamichigan.org\/careers#primaryimage"},"thumbnailUrl":"https:\/\/www.rtamichigan.org\/app\/uploads\/2025\/07\/J__09315-1024x683.jpg","datePublished":"2025-04-17T20:21:15+00:00","dateModified":"2025-10-28T18:25:42+00:00","breadcrumb":{"@id":"https:\/\/www.rtamichigan.org\/careers#breadcrumb"},"inLanguage":"es-MX","potentialAction":[{"@type":"ReadAction","target":["https:\/\/www.rtamichigan.org\/careers"]}]},{"@type":"ImageObject","inLanguage":"es-MX","@id":"https:\/\/www.rtamichigan.org\/careers#primaryimage","url":"https:\/\/www.rtamichigan.org\/app\/uploads\/2025\/07\/J__09315-1024x683.jpg","contentUrl":"https:\/\/www.rtamichigan.org\/app\/uploads\/2025\/07\/J__09315-1024x683.jpg"},{"@type":"BreadcrumbList","@id":"https:\/\/www.rtamichigan.org\/careers#breadcrumb","itemListElement":[{"@type":"ListItem","position":1,"name":"Home","item":"https:\/\/www.rtamichigan.org\/"},{"@type":"ListItem","position":2,"name":"Careers"}]},{"@type":"WebSite","@id":"https:\/\/www.rtamichigan.org\/#website","url":"https:\/\/www.rtamichigan.org\/","name":"RTA del sureste de Michigan","description":"\u00a1Sube a bordo!","potentialAction":[{"@type":"SearchAction","target":{"@type":"EntryPoint","urlTemplate":"https:\/\/www.rtamichigan.org\/?s={search_term_string}"},"query-input":{"@type":"PropertyValueSpecification","valueRequired":true,"valueName":"search_term_string"}}],"inLanguage":"es-MX"}]}},"publishpress_future_action":{"enabled":false,"date":"2026-04-28 06:43:39","action":"change-status","newStatus":"draft","terms":[],"taxonomy":"","extraData":[]},"publishpress_future_workflow_manual_trigger":{"enabledWorkflows":[]},"_links":{"self":[{"href":"https:\/\/www.rtamichigan.org\/es\/wp-json\/wp\/v2\/pages\/181","targetHints":{"allow":["GET"]}}],"collection":[{"href":"https:\/\/www.rtamichigan.org\/es\/wp-json\/wp\/v2\/pages"}],"about":[{"href":"https:\/\/www.rtamichigan.org\/es\/wp-json\/wp\/v2\/types\/page"}],"author":[{"embeddable":true,"href":"https:\/\/www.rtamichigan.org\/es\/wp-json\/wp\/v2\/users\/1"}],"replies":[{"embeddable":true,"href":"https:\/\/www.rtamichigan.org\/es\/wp-json\/wp\/v2\/comments?post=181"}],"version-history":[{"count":22,"href":"https:\/\/www.rtamichigan.org\/es\/wp-json\/wp\/v2\/pages\/181\/revisions"}],"predecessor-version":[{"id":3386,"href":"https:\/\/www.rtamichigan.org\/es\/wp-json\/wp\/v2\/pages\/181\/revisions\/3386"}],"wp:attachment":[{"href":"https:\/\/www.rtamichigan.org\/es\/wp-json\/wp\/v2\/media?parent=181"}],"curies":[{"name":"gracias","href":"https:\/\/api.w.org\/{rel}","templated":true}]}}