{"id":159,"date":"2025-04-17T14:59:28","date_gmt":"2025-04-17T19:59:28","guid":{"rendered":"https:\/\/www.rtamichigan.org\/?page_id=159"},"modified":"2026-03-25T07:58:23","modified_gmt":"2026-03-25T12:58:23","slug":"partnering-with-rta","status":"publish","type":"page","link":"https:\/\/www.rtamichigan.org\/es\/home\/partnering-with-rta","title":{"rendered":"Asociaci\u00f3n con RTA"},"content":{"rendered":"<div class=\"wp-block-columns is-layout-flex wp-container-core-columns-is-layout-9d6595d7 wp-block-columns-is-layout-flex\">\n<div class=\"wp-block-column is-layout-flow wp-block-column-is-layout-flow\">\n<h2 class=\"wp-block-heading\">Trabajando con RTA<\/h2>\n\n\n\n<p>La RTA colabora con socios del sector p\u00fablico y privado para brindar servicios de transporte, implementar mejoras cruciales y conectar con nuestras comunidades. Para encontrar socios, la RTA publica convocatorias de proyectos (CFP), solicitudes de presupuestos (RFQ), solicitudes de propuestas (RFP) y diversas convocatorias. La RTA publica principalmente convocatorias y se relaciona con la comunidad de proveedores a trav\u00e9s de... <a href=\"https:\/\/www.bidnetdirect.com\/mitn\/regionaltransitauthorityofsoutheastmichigan\">BidNet<\/a> Plataforma. Visite BidNet para obtener m\u00e1s informaci\u00f3n.<\/p>\n\n\n\n<h4 class=\"wp-block-heading\">Licitaciones abiertas<\/h4>\n\n\n\n<ul class=\"wp-block-list\">\n<li>La RTA ha emitido una solicitud de propuestas para un<a href=\"https:\/\/www.rtamichigan.org\/es\/app\/uploads\/2026\/03\/RTA-RFP-2026-004-Enterprise-Resource-Planning-System-FINAL.pdf\/\"> <\/a><a href=\"https:\/\/www.rtamichigan.org\/es\/app\/uploads\/2026\/01\/RTARFP_1.pdf\/\"><\/a><a href=\"https:\/\/www.rtamichigan.org\/es\/app\/uploads\/2026\/03\/RTA-RFP-2026-004-Enterprise-Resource-Planning-System-FINAL.pdf\/\">Sistema de planificaci\u00f3n de recursos empresariales<\/a>Las propuestas deben presentarse antes del 31 de marzo a las 17:00 (hora del este de EE. UU.) a trav\u00e9s de BidNet.\n<ul class=\"wp-block-list\">\n<li><a href=\"https:\/\/www.rtamichigan.org\/es\/app\/uploads\/2026\/03\/RTARFP_2add.pdf\/\">Anexo #1<\/a><\/li>\n<\/ul>\n<\/li>\n<\/ul>\n\n\n\n<div style=\"height:20px\" aria-hidden=\"true\" class=\"wp-block-spacer\"><\/div>\n\n\n\n\n    \n\n    \n\n\n<a\n  href=\"https:\/\/www.bidnetdirect.com\/mitn\/regionaltransitauthorityofsoutheastmichigan\"\n  target=\"_blank\"  class=\"button button--default\"\n  \n>\n        BidNet\n    <\/a>\n<\/div>\n<\/div>\n\n\n\n<hr class=\"wp-block-separator has-alpha-channel-opacity\"\/>\n\n\n\n<div class=\"wp-block-columns is-layout-flex wp-container-core-columns-is-layout-9d6595d7 wp-block-columns-is-layout-flex\">\n<div class=\"wp-block-column is-layout-flow wp-block-column-is-layout-flow\" style=\"flex-basis:33.33%\">\n<figure class=\"wp-block-image size-large rounded\"><img loading=\"lazy\" decoding=\"async\" width=\"1024\" height=\"761\" src=\"https:\/\/www.rtamichigan.org\/app\/uploads\/2025\/04\/Screenshot-2025-02-21-at-2.49.41\u202fPM-1024x761.png\" alt=\"People sit in rows facing a panel of speakers at the front of a conference room. A presentation slide is displayed on a screen, and attendees are taking notes or listening attentively.\" class=\"wp-image-281\" srcset=\"https:\/\/www.rtamichigan.org\/app\/uploads\/2025\/04\/Screenshot-2025-02-21-at-2.49.41\u202fPM-1024x761.png 1024w, https:\/\/www.rtamichigan.org\/app\/uploads\/2025\/04\/Screenshot-2025-02-21-at-2.49.41\u202fPM-300x223.png 300w, https:\/\/www.rtamichigan.org\/app\/uploads\/2025\/04\/Screenshot-2025-02-21-at-2.49.41\u202fPM-768x571.png 768w, https:\/\/www.rtamichigan.org\/app\/uploads\/2025\/04\/Screenshot-2025-02-21-at-2.49.41\u202fPM-16x12.png 16w, https:\/\/www.rtamichigan.org\/app\/uploads\/2025\/04\/Screenshot-2025-02-21-at-2.49.41\u202fPM.png 1458w\" sizes=\"auto, (max-width: 1024px) 100vw, 1024px\" \/><\/figure>\n<\/div>\n\n\n\n<div class=\"wp-block-column is-layout-flow wp-block-column-is-layout-flow\" style=\"flex-basis:66.66%\">\n<h2 class=\"wp-block-heading\">Pol\u00edtica de adquisiciones<\/h2>\n\n\n\n<p>La Pol\u00edtica de Adquisiciones de la RTA establece el marco general de adquisiciones de la RTA, as\u00ed como una gu\u00eda clara para las actividades diarias de adquisiciones y la conducta contractual. Esto garantiza el cumplimiento de las leyes, regulaciones, pol\u00edticas y pr\u00e1cticas comerciales s\u00f3lidas aplicables, y respalda la misi\u00f3n de la agencia de crear nuevas y mejores maneras de movilizar y conectar a las personas.<\/p>\n\n\n\n<div style=\"height:20px\" aria-hidden=\"true\" class=\"wp-block-spacer\"><\/div>\n\n\n\n<div class=\"wp-block-columns is-layout-flex wp-container-core-columns-is-layout-9d6595d7 wp-block-columns-is-layout-flex\">\n<div class=\"wp-block-column is-layout-flow wp-block-column-is-layout-flow\">\n\n    \n\n    \n\n\n<a\n  href=\"\/es\/app\/uploads\/2025\/05\/RTA-Procurement-Policy-Amended-2025-01-16.pdf\/\"\n  target=\"_blank\"  class=\"button button--default center\"\n  \n>\n        Pol\u00edtica de adquisiciones de la RTA\n    <\/a>\n<\/div>\n\n\n\n<div class=\"wp-block-column is-layout-flow wp-block-column-is-layout-flow\">\n\n    \n\n    \n\n\n<a\n  href=\"https:\/\/www.rtamichigan.org\/es\/app\/uploads\/2025\/10\/RTA-Master-Services-Agreement-Terms-and-Conditions-for-RFPs.pdf\/\"\n  target=\"_blank\"  class=\"button button--default center\"\n  \n>\n        T\u00e9rminos y condiciones del contrato RTA\n    <\/a>\n<\/div>\n<\/div>\n<\/div>\n<\/div>\n\n\n\n<div class=\"wp-block-columns is-layout-flex wp-container-core-columns-is-layout-9d6595d7 wp-block-columns-is-layout-flex\">\n<div class=\"wp-block-column is-layout-flow wp-block-column-is-layout-flow\">\n<h2 class=\"wp-block-heading\">Empresa comercial en desventaja<\/h2>\n\n\n\n<p>La RTA estableci\u00f3 un programa DBE de acuerdo con las regulaciones DBE del USDOT. La RTA busca crear igualdad de condiciones y eliminar las barreras para la participaci\u00f3n en sus contratos y subcontratos en todos los niveles.<\/p>\n\n\n\n<p>El 2 de octubre de 2025, el Departamento de Transporte de los Estados Unidos (USDOT) anunci\u00f3 cambios en el programa de Empresas Comerciales Desfavorecidas (DBE) del gobierno federal. La RTA est\u00e1 trabajando para actualizar su Programa DBE para cumplir con estos requisitos federales.<\/p>\n\n\n\n<div style=\"height:20px\" aria-hidden=\"true\" class=\"wp-block-spacer\"><\/div>\n\n\n\n\n    \n\n    \n\n\n<a\n  href=\"\/es\/app\/uploads\/2025\/07\/RTA-DBE-Policy-Statement-2024-11-19-SIGNED.pdf\/\"\n  target=\"_blank\"  class=\"button button--default\"\n  \n>\n        Declaraci\u00f3n de pol\u00edtica de DBE\n    <\/a>\n<\/div>\n<\/div>\n\n\n                            \n                        \n                        \n        \n    \n\n<div class=\"cta cta--default card__animated-link\">\n    <div class=\"cta__content-wrapper\">\n        <div class=\"cta__content\">\n              \n<h2 class=\"h2\">\n      Enviar idea a RTA\n  <\/h2>\n                    <div class=\"cta__text\"><p>Nos complace recibir sus ideas para mejorar el transporte p\u00fablico en el sureste de Michigan. Env\u00edenlas aqu\u00ed.<\/p>\n<\/div>\n                              <div class=\"button-group\">\n            \n\n\n<a\n  href=\"\/es\/contact-us\/\"\n    class=\"button button--ghost-dark\"\n  \n>\n        Cont\u00e1ctenos\n    <\/a>\n          <\/div>\n                  <\/div>\n      <\/div>\n<\/div>","protected":false},"excerpt":{"rendered":"<p>Colaboraci\u00f3n con la RTA: La RTA colabora con socios de los sectores p\u00fablico y privado para brindar servicio de transporte p\u00fablico, realizar mejoras cruciales y conectar con nuestras comunidades. Para encontrar socios, la RTA publica [\u2026]<\/p>","protected":false},"author":1,"featured_media":429,"parent":54,"menu_order":0,"comment_status":"closed","ping_status":"closed","template":"","meta":{"_acf_changed":false,"inline_featured_image":false,"footnotes":""},"class_list":["post-159","page","type-page","status-publish","has-post-thumbnail","hentry"],"acf":[],"yoast_head":"<!-- This site is optimized with the Yoast SEO plugin v24.9 - https:\/\/yoast.com\/wordpress\/plugins\/seo\/ -->\n<title>Partnering with RTA - RTA of Southeast Michigan<\/title>\n<meta name=\"robots\" content=\"index, follow, max-snippet:-1, max-image-preview:large, max-video-preview:-1\" \/>\n<link rel=\"canonical\" href=\"https:\/\/www.rtamichigan.org\/es\/home\/partnering-with-rta\/\" \/>\n<meta property=\"og:locale\" content=\"es_MX\" \/>\n<meta property=\"og:type\" content=\"article\" \/>\n<meta property=\"og:title\" content=\"Partnering with RTA - RTA of Southeast Michigan\" \/>\n<meta property=\"og:description\" content=\"Working with RTA The RTA works with private and public sector partners to deliver transit service, make crucial improvements, and connect with our communities. To find partners, the RTA issues [&hellip;]\" \/>\n<meta property=\"og:url\" content=\"https:\/\/www.rtamichigan.org\/es\/home\/partnering-with-rta\/\" \/>\n<meta property=\"og:site_name\" content=\"RTA of Southeast Michigan\" \/>\n<meta property=\"article:publisher\" content=\"https:\/\/www.facebook.com\/rtamichigan\/\" \/>\n<meta property=\"article:modified_time\" content=\"2026-03-25T12:58:23+00:00\" \/>\n<meta property=\"og:image\" content=\"https:\/\/www.rtamichigan.org\/app\/uploads\/2025\/05\/planningprograms.png\" \/>\n\t<meta property=\"og:image:width\" content=\"1441\" \/>\n\t<meta property=\"og:image:height\" content=\"345\" \/>\n\t<meta property=\"og:image:type\" content=\"image\/png\" \/>\n<meta name=\"twitter:card\" content=\"summary_large_image\" \/>\n<meta name=\"twitter:site\" content=\"@rtamichigan\" \/>\n<meta name=\"twitter:label1\" content=\"Est. reading time\" \/>\n\t<meta name=\"twitter:data1\" content=\"2 minutes\" \/>\n<script type=\"application\/ld+json\" class=\"yoast-schema-graph\">{\"@context\":\"https:\/\/schema.org\",\"@graph\":[{\"@type\":\"WebPage\",\"@id\":\"https:\/\/www.rtamichigan.org\/home\/partnering-with-rta\",\"url\":\"https:\/\/www.rtamichigan.org\/home\/partnering-with-rta\",\"name\":\"Partnering with RTA - RTA of Southeast Michigan\",\"isPartOf\":{\"@id\":\"https:\/\/www.rtamichigan.org\/#website\"},\"primaryImageOfPage\":{\"@id\":\"https:\/\/www.rtamichigan.org\/home\/partnering-with-rta#primaryimage\"},\"image\":{\"@id\":\"https:\/\/www.rtamichigan.org\/home\/partnering-with-rta#primaryimage\"},\"thumbnailUrl\":\"https:\/\/www.rtamichigan.org\/app\/uploads\/2025\/05\/planningprograms.png\",\"datePublished\":\"2025-04-17T19:59:28+00:00\",\"dateModified\":\"2026-03-25T12:58:23+00:00\",\"breadcrumb\":{\"@id\":\"https:\/\/www.rtamichigan.org\/home\/partnering-with-rta#breadcrumb\"},\"inLanguage\":\"es-MX\",\"potentialAction\":[{\"@type\":\"ReadAction\",\"target\":[\"https:\/\/www.rtamichigan.org\/home\/partnering-with-rta\"]}]},{\"@type\":\"ImageObject\",\"inLanguage\":\"es-MX\",\"@id\":\"https:\/\/www.rtamichigan.org\/home\/partnering-with-rta#primaryimage\",\"url\":\"https:\/\/www.rtamichigan.org\/app\/uploads\/2025\/05\/planningprograms.png\",\"contentUrl\":\"https:\/\/www.rtamichigan.org\/app\/uploads\/2025\/05\/planningprograms.png\",\"width\":1441,\"height\":345,\"caption\":\"people planning pointing at paperwork with charts\"},{\"@type\":\"BreadcrumbList\",\"@id\":\"https:\/\/www.rtamichigan.org\/home\/partnering-with-rta#breadcrumb\",\"itemListElement\":[{\"@type\":\"ListItem\",\"position\":1,\"name\":\"Home\",\"item\":\"https:\/\/www.rtamichigan.org\/\"},{\"@type\":\"ListItem\",\"position\":2,\"name\":\"Home\",\"item\":\"https:\/\/www.rtamichigan.org\/\"},{\"@type\":\"ListItem\",\"position\":3,\"name\":\"Partnering with RTA\"}]},{\"@type\":\"WebSite\",\"@id\":\"https:\/\/www.rtamichigan.org\/#website\",\"url\":\"https:\/\/www.rtamichigan.org\/\",\"name\":\"RTA of Southeast Michigan\",\"description\":\"Get on Board!\",\"potentialAction\":[{\"@type\":\"SearchAction\",\"target\":{\"@type\":\"EntryPoint\",\"urlTemplate\":\"https:\/\/www.rtamichigan.org\/?s={search_term_string}\"},\"query-input\":{\"@type\":\"PropertyValueSpecification\",\"valueRequired\":true,\"valueName\":\"search_term_string\"}}],\"inLanguage\":\"es-MX\"}]}<\/script>\n<!-- \/ Yoast SEO plugin. -->","yoast_head_json":{"title":"Asociaci\u00f3n con RTA - RTA del sureste de Michigan","robots":{"index":"index","follow":"follow","max-snippet":"max-snippet:-1","max-image-preview":"max-image-preview:large","max-video-preview":"max-video-preview:-1"},"canonical":"https:\/\/www.rtamichigan.org\/es\/home\/partnering-with-rta\/","og_locale":"es_MX","og_type":"article","og_title":"Partnering with RTA - RTA of Southeast Michigan","og_description":"Working with RTA The RTA works with private and public sector partners to deliver transit service, make crucial improvements, and connect with our communities. To find partners, the RTA issues [&hellip;]","og_url":"https:\/\/www.rtamichigan.org\/es\/home\/partnering-with-rta\/","og_site_name":"RTA of Southeast Michigan","article_publisher":"https:\/\/www.facebook.com\/rtamichigan\/","article_modified_time":"2026-03-25T12:58:23+00:00","og_image":[{"width":1441,"height":345,"url":"https:\/\/www.rtamichigan.org\/app\/uploads\/2025\/05\/planningprograms.png","type":"image\/png"}],"twitter_card":"summary_large_image","twitter_site":"@rtamichigan","twitter_misc":{"Est. reading time":"2 minutes"},"schema":{"@context":"https:\/\/schema.org","@graph":[{"@type":"WebPage","@id":"https:\/\/www.rtamichigan.org\/home\/partnering-with-rta","url":"https:\/\/www.rtamichigan.org\/home\/partnering-with-rta","name":"Asociaci\u00f3n con RTA - RTA del sureste de Michigan","isPartOf":{"@id":"https:\/\/www.rtamichigan.org\/#website"},"primaryImageOfPage":{"@id":"https:\/\/www.rtamichigan.org\/home\/partnering-with-rta#primaryimage"},"image":{"@id":"https:\/\/www.rtamichigan.org\/home\/partnering-with-rta#primaryimage"},"thumbnailUrl":"https:\/\/www.rtamichigan.org\/app\/uploads\/2025\/05\/planningprograms.png","datePublished":"2025-04-17T19:59:28+00:00","dateModified":"2026-03-25T12:58:23+00:00","breadcrumb":{"@id":"https:\/\/www.rtamichigan.org\/home\/partnering-with-rta#breadcrumb"},"inLanguage":"es-MX","potentialAction":[{"@type":"ReadAction","target":["https:\/\/www.rtamichigan.org\/home\/partnering-with-rta"]}]},{"@type":"ImageObject","inLanguage":"es-MX","@id":"https:\/\/www.rtamichigan.org\/home\/partnering-with-rta#primaryimage","url":"https:\/\/www.rtamichigan.org\/app\/uploads\/2025\/05\/planningprograms.png","contentUrl":"https:\/\/www.rtamichigan.org\/app\/uploads\/2025\/05\/planningprograms.png","width":1441,"height":345,"caption":"people planning pointing at paperwork with charts"},{"@type":"BreadcrumbList","@id":"https:\/\/www.rtamichigan.org\/home\/partnering-with-rta#breadcrumb","itemListElement":[{"@type":"ListItem","position":1,"name":"Home","item":"https:\/\/www.rtamichigan.org\/"},{"@type":"ListItem","position":2,"name":"Home","item":"https:\/\/www.rtamichigan.org\/"},{"@type":"ListItem","position":3,"name":"Partnering with RTA"}]},{"@type":"WebSite","@id":"https:\/\/www.rtamichigan.org\/#website","url":"https:\/\/www.rtamichigan.org\/","name":"RTA del sureste de Michigan","description":"\u00a1Sube a bordo!","potentialAction":[{"@type":"SearchAction","target":{"@type":"EntryPoint","urlTemplate":"https:\/\/www.rtamichigan.org\/?s={search_term_string}"},"query-input":{"@type":"PropertyValueSpecification","valueRequired":true,"valueName":"search_term_string"}}],"inLanguage":"es-MX"}]}},"publishpress_future_action":{"enabled":false,"date":"2026-04-28 06:50:22","action":"change-status","newStatus":"draft","terms":[],"taxonomy":"","extraData":[]},"publishpress_future_workflow_manual_trigger":{"enabledWorkflows":[]},"_links":{"self":[{"href":"https:\/\/www.rtamichigan.org\/es\/wp-json\/wp\/v2\/pages\/159","targetHints":{"allow":["GET"]}}],"collection":[{"href":"https:\/\/www.rtamichigan.org\/es\/wp-json\/wp\/v2\/pages"}],"about":[{"href":"https:\/\/www.rtamichigan.org\/es\/wp-json\/wp\/v2\/types\/page"}],"author":[{"embeddable":true,"href":"https:\/\/www.rtamichigan.org\/es\/wp-json\/wp\/v2\/users\/1"}],"replies":[{"embeddable":true,"href":"https:\/\/www.rtamichigan.org\/es\/wp-json\/wp\/v2\/comments?post=159"}],"version-history":[{"count":68,"href":"https:\/\/www.rtamichigan.org\/es\/wp-json\/wp\/v2\/pages\/159\/revisions"}],"predecessor-version":[{"id":3643,"href":"https:\/\/www.rtamichigan.org\/es\/wp-json\/wp\/v2\/pages\/159\/revisions\/3643"}],"up":[{"embeddable":true,"href":"https:\/\/www.rtamichigan.org\/es\/wp-json\/wp\/v2\/pages\/54"}],"wp:featuredmedia":[{"embeddable":true,"href":"https:\/\/www.rtamichigan.org\/es\/wp-json\/wp\/v2\/media\/429"}],"wp:attachment":[{"href":"https:\/\/www.rtamichigan.org\/es\/wp-json\/wp\/v2\/media?parent=159"}],"curies":[{"name":"gracias","href":"https:\/\/api.w.org\/{rel}","templated":true}]}}