{"id":157,"date":"2025-04-17T14:58:59","date_gmt":"2025-04-17T19:58:59","guid":{"rendered":"https:\/\/www.rtamichigan.org\/?page_id=157"},"modified":"2025-07-18T15:57:19","modified_gmt":"2025-07-18T20:57:19","slug":"rta-operated","status":"publish","type":"page","link":"https:\/\/www.rtamichigan.org\/es\/transit-services\/rta-operated","title":{"rendered":"Operado por RTA"},"content":{"rendered":"<div class=\"wp-block-media-text is-stacked-on-mobile\"><figure class=\"wp-block-media-text__media\"><a href=\"https:\/\/www.qlinedetroit.com\"><img loading=\"lazy\" decoding=\"async\" width=\"601\" height=\"325\" src=\"https:\/\/www.rtamichigan.org\/app\/uploads\/2025\/05\/Qline.png\" alt=\"\" class=\"wp-image-411 size-full\" srcset=\"https:\/\/www.rtamichigan.org\/app\/uploads\/2025\/05\/Qline.png 601w, https:\/\/www.rtamichigan.org\/app\/uploads\/2025\/05\/Qline-300x162.png 300w, https:\/\/www.rtamichigan.org\/app\/uploads\/2025\/05\/Qline-18x10.png 18w\" sizes=\"auto, (max-width: 601px) 100vw, 601px\" \/><\/a><\/figure><div class=\"wp-block-media-text__content\">\n<h2 class=\"wp-block-heading\">QLINE Detroit<\/h2>\n\n\n\n<p>S\u00fabete al QLINE para un c\u00f3modo viaje por el coraz\u00f3n de Detroit. Este moderno tranv\u00eda conecta los destinos del centro a lo largo de la Avenida Woodward, facilitando el acceso al trabajo, eventos y entretenimiento.<\/p>\n\n\n\n\n    \n\n    \n\n\n<a\n  href=\"\/es\/rta-news\/transit-service\/qline\/\"\n  target=\"_self\"  class=\"button button--default\"\n  \n>\n        M\u00e1s informaci\u00f3n\n    <\/a>\n<\/div><\/div>\n\n\n\n<div class=\"wp-block-media-text is-stacked-on-mobile\"><figure class=\"wp-block-media-text__media\"><a href=\"https:\/\/www.d2a2.com\"><img loading=\"lazy\" decoding=\"async\" width=\"600\" height=\"325\" src=\"https:\/\/www.rtamichigan.org\/app\/uploads\/2025\/05\/D2a2.png\" alt=\"\" class=\"wp-image-418 size-full\" srcset=\"https:\/\/www.rtamichigan.org\/app\/uploads\/2025\/05\/D2a2.png 600w, https:\/\/www.rtamichigan.org\/app\/uploads\/2025\/05\/D2a2-300x163.png 300w, https:\/\/www.rtamichigan.org\/app\/uploads\/2025\/05\/D2a2-18x10.png 18w\" sizes=\"auto, (max-width: 600px) 100vw, 600px\" \/><\/a><\/figure><div class=\"wp-block-media-text__content\">\n<h2 class=\"wp-block-heading\">Expreso de Detroit a Ann Arbor (D2A2)<\/h2>\n\n\n\n<p>El D2A2 facilita el viaje entre dos de las ciudades m\u00e1s din\u00e1micas de Michigan. Con c\u00f3modos asientos y servicio directo entre el centro de Detroit y el centro de Ann Arbor, es una forma m\u00e1s inteligente de viajar o explorar.<\/p>\n\n\n\n\n    \n\n    \n\n\n<a\n  href=\"\/es\/rta-news\/transit-service\/d2a2\/\"\n  target=\"_self\"  class=\"button button--default\"\n  \n>\n        M\u00e1s informaci\u00f3n\n    <\/a>\n<\/div><\/div>\n\n\n\n<div class=\"wp-block-media-text is-stacked-on-mobile\"><figure class=\"wp-block-media-text__media\"><a href=\"https:\/\/www.dax-bus.com\"><img loading=\"lazy\" decoding=\"async\" width=\"600\" height=\"325\" src=\"https:\/\/www.rtamichigan.org\/app\/uploads\/2025\/05\/DAX.png\" alt=\"\" class=\"wp-image-420 size-full\" srcset=\"https:\/\/www.rtamichigan.org\/app\/uploads\/2025\/05\/DAX.png 600w, https:\/\/www.rtamichigan.org\/app\/uploads\/2025\/05\/DAX-300x163.png 300w, https:\/\/www.rtamichigan.org\/app\/uploads\/2025\/05\/DAX-18x10.png 18w\" sizes=\"auto, (max-width: 600px) 100vw, 600px\" \/><\/a><\/figure><div class=\"wp-block-media-text__content\">\n<h2 class=\"wp-block-heading\">Expreso A\u00e9reo de Detroit (DAX)<\/h2>\n\n\n\n<p>\u00bfVas al aeropuerto? DAX ofrece un servicio de autob\u00fas r\u00e1pido, econ\u00f3mico y frecuente entre Detroit y DTW. Evita las molestias del estacionamiento y llega a tu terminal f\u00e1cilmente.<\/p>\n\n\n\n\n    \n\n    \n\n\n<a\n  href=\"\/es\/rta-news\/transit-service\/detroit-air-xpress-dax\/\"\n  target=\"_self\"  class=\"button button--default\"\n  \n>\n        M\u00e1s informaci\u00f3n\n    <\/a>\n<\/div><\/div>\n\n\n\n\n    \n\n    \n\n\n<a\n  href=\"\/es\/transit-services\/rta-partners\/\"\n  target=\"_self\"  class=\"button button--default center\"\n  \n>\n        Servicios para socios\n    <\/a>","protected":false},"excerpt":{"rendered":"","protected":false},"author":1,"featured_media":979,"parent":76,"menu_order":0,"comment_status":"closed","ping_status":"closed","template":"","meta":{"_acf_changed":false,"inline_featured_image":false,"footnotes":""},"class_list":["post-157","page","type-page","status-publish","has-post-thumbnail","hentry"],"acf":[],"yoast_head":"<!-- This site is optimized with the Yoast SEO plugin v24.9 - https:\/\/yoast.com\/wordpress\/plugins\/seo\/ -->\n<title>RTA Operated - RTA of Southeast Michigan<\/title>\n<meta name=\"robots\" content=\"index, follow, max-snippet:-1, max-image-preview:large, max-video-preview:-1\" \/>\n<link rel=\"canonical\" href=\"https:\/\/www.rtamichigan.org\/es\/transit-services\/rta-operated\/\" \/>\n<meta property=\"og:locale\" content=\"es_MX\" \/>\n<meta property=\"og:type\" content=\"article\" \/>\n<meta property=\"og:title\" content=\"RTA Operated - RTA of Southeast Michigan\" \/>\n<meta property=\"og:url\" content=\"https:\/\/www.rtamichigan.org\/es\/transit-services\/rta-operated\/\" \/>\n<meta property=\"og:site_name\" content=\"RTA of Southeast Michigan\" \/>\n<meta property=\"article:publisher\" content=\"https:\/\/www.facebook.com\/rtamichigan\/\" \/>\n<meta property=\"article:modified_time\" content=\"2025-07-18T20:57:19+00:00\" \/>\n<meta property=\"og:image\" content=\"http:\/\/www.rtamichigan.org\/app\/uploads\/2025\/05\/RTA-Web-Banner-Images-scaled.png\" \/>\n\t<meta property=\"og:image:width\" content=\"2560\" \/>\n\t<meta property=\"og:image:height\" content=\"512\" \/>\n\t<meta property=\"og:image:type\" content=\"image\/png\" \/>\n<meta name=\"twitter:card\" content=\"summary_large_image\" \/>\n<meta name=\"twitter:site\" content=\"@rtamichigan\" \/>\n<meta name=\"twitter:label1\" content=\"Est. reading time\" \/>\n\t<meta name=\"twitter:data1\" content=\"2 minutes\" \/>\n<script type=\"application\/ld+json\" class=\"yoast-schema-graph\">{\"@context\":\"https:\/\/schema.org\",\"@graph\":[{\"@type\":\"WebPage\",\"@id\":\"https:\/\/www.rtamichigan.org\/transit-services\/rta-operated\",\"url\":\"https:\/\/www.rtamichigan.org\/transit-services\/rta-operated\",\"name\":\"RTA Operated - RTA of Southeast Michigan\",\"isPartOf\":{\"@id\":\"https:\/\/www.rtamichigan.org\/#website\"},\"primaryImageOfPage\":{\"@id\":\"https:\/\/www.rtamichigan.org\/transit-services\/rta-operated#primaryimage\"},\"image\":{\"@id\":\"https:\/\/www.rtamichigan.org\/transit-services\/rta-operated#primaryimage\"},\"thumbnailUrl\":\"https:\/\/www.rtamichigan.org\/app\/uploads\/2025\/05\/RTA-Web-Banner-Images-scaled.png\",\"datePublished\":\"2025-04-17T19:58:59+00:00\",\"dateModified\":\"2025-07-18T20:57:19+00:00\",\"breadcrumb\":{\"@id\":\"https:\/\/www.rtamichigan.org\/transit-services\/rta-operated#breadcrumb\"},\"inLanguage\":\"es-MX\",\"potentialAction\":[{\"@type\":\"ReadAction\",\"target\":[\"https:\/\/www.rtamichigan.org\/transit-services\/rta-operated\"]}]},{\"@type\":\"ImageObject\",\"inLanguage\":\"es-MX\",\"@id\":\"https:\/\/www.rtamichigan.org\/transit-services\/rta-operated#primaryimage\",\"url\":\"https:\/\/www.rtamichigan.org\/app\/uploads\/2025\/05\/RTA-Web-Banner-Images-scaled.png\",\"contentUrl\":\"https:\/\/www.rtamichigan.org\/app\/uploads\/2025\/05\/RTA-Web-Banner-Images-scaled.png\",\"width\":2560,\"height\":512,\"caption\":\"A collage of images showing different means of transportation\"},{\"@type\":\"BreadcrumbList\",\"@id\":\"https:\/\/www.rtamichigan.org\/transit-services\/rta-operated#breadcrumb\",\"itemListElement\":[{\"@type\":\"ListItem\",\"position\":1,\"name\":\"Home\",\"item\":\"https:\/\/www.rtamichigan.org\/\"},{\"@type\":\"ListItem\",\"position\":2,\"name\":\"Transit Services\",\"item\":\"https:\/\/www.rtamichigan.org\/transit-services\"},{\"@type\":\"ListItem\",\"position\":3,\"name\":\"RTA Operated\"}]},{\"@type\":\"WebSite\",\"@id\":\"https:\/\/www.rtamichigan.org\/#website\",\"url\":\"https:\/\/www.rtamichigan.org\/\",\"name\":\"RTA of Southeast Michigan\",\"description\":\"Get on Board!\",\"potentialAction\":[{\"@type\":\"SearchAction\",\"target\":{\"@type\":\"EntryPoint\",\"urlTemplate\":\"https:\/\/www.rtamichigan.org\/?s={search_term_string}\"},\"query-input\":{\"@type\":\"PropertyValueSpecification\",\"valueRequired\":true,\"valueName\":\"search_term_string\"}}],\"inLanguage\":\"es-MX\"}]}<\/script>\n<!-- \/ Yoast SEO plugin. -->","yoast_head_json":{"title":"RTA Operated - RTA of Southeast Michigan","robots":{"index":"index","follow":"follow","max-snippet":"max-snippet:-1","max-image-preview":"max-image-preview:large","max-video-preview":"max-video-preview:-1"},"canonical":"https:\/\/www.rtamichigan.org\/es\/transit-services\/rta-operated\/","og_locale":"es_MX","og_type":"article","og_title":"RTA Operated - RTA of Southeast Michigan","og_url":"https:\/\/www.rtamichigan.org\/es\/transit-services\/rta-operated\/","og_site_name":"RTA of Southeast Michigan","article_publisher":"https:\/\/www.facebook.com\/rtamichigan\/","article_modified_time":"2025-07-18T20:57:19+00:00","og_image":[{"width":2560,"height":512,"url":"http:\/\/www.rtamichigan.org\/app\/uploads\/2025\/05\/RTA-Web-Banner-Images-scaled.png","type":"image\/png"}],"twitter_card":"summary_large_image","twitter_site":"@rtamichigan","twitter_misc":{"Est. reading time":"2 minutes"},"schema":{"@context":"https:\/\/schema.org","@graph":[{"@type":"WebPage","@id":"https:\/\/www.rtamichigan.org\/transit-services\/rta-operated","url":"https:\/\/www.rtamichigan.org\/transit-services\/rta-operated","name":"RTA Operated - RTA of Southeast Michigan","isPartOf":{"@id":"https:\/\/www.rtamichigan.org\/#website"},"primaryImageOfPage":{"@id":"https:\/\/www.rtamichigan.org\/transit-services\/rta-operated#primaryimage"},"image":{"@id":"https:\/\/www.rtamichigan.org\/transit-services\/rta-operated#primaryimage"},"thumbnailUrl":"https:\/\/www.rtamichigan.org\/app\/uploads\/2025\/05\/RTA-Web-Banner-Images-scaled.png","datePublished":"2025-04-17T19:58:59+00:00","dateModified":"2025-07-18T20:57:19+00:00","breadcrumb":{"@id":"https:\/\/www.rtamichigan.org\/transit-services\/rta-operated#breadcrumb"},"inLanguage":"es-MX","potentialAction":[{"@type":"ReadAction","target":["https:\/\/www.rtamichigan.org\/transit-services\/rta-operated"]}]},{"@type":"ImageObject","inLanguage":"es-MX","@id":"https:\/\/www.rtamichigan.org\/transit-services\/rta-operated#primaryimage","url":"https:\/\/www.rtamichigan.org\/app\/uploads\/2025\/05\/RTA-Web-Banner-Images-scaled.png","contentUrl":"https:\/\/www.rtamichigan.org\/app\/uploads\/2025\/05\/RTA-Web-Banner-Images-scaled.png","width":2560,"height":512,"caption":"A collage of images showing different means of transportation"},{"@type":"BreadcrumbList","@id":"https:\/\/www.rtamichigan.org\/transit-services\/rta-operated#breadcrumb","itemListElement":[{"@type":"ListItem","position":1,"name":"Home","item":"https:\/\/www.rtamichigan.org\/"},{"@type":"ListItem","position":2,"name":"Transit Services","item":"https:\/\/www.rtamichigan.org\/transit-services"},{"@type":"ListItem","position":3,"name":"RTA Operated"}]},{"@type":"WebSite","@id":"https:\/\/www.rtamichigan.org\/#website","url":"https:\/\/www.rtamichigan.org\/","name":"RTA del sureste de Michigan","description":"\u00a1Sube a bordo!","potentialAction":[{"@type":"SearchAction","target":{"@type":"EntryPoint","urlTemplate":"https:\/\/www.rtamichigan.org\/?s={search_term_string}"},"query-input":{"@type":"PropertyValueSpecification","valueRequired":true,"valueName":"search_term_string"}}],"inLanguage":"es-MX"}]}},"publishpress_future_action":{"enabled":false,"date":"2026-05-08 17:48:39","action":"change-status","newStatus":"draft","terms":[],"taxonomy":"","extraData":[]},"publishpress_future_workflow_manual_trigger":{"enabledWorkflows":[]},"_links":{"self":[{"href":"https:\/\/www.rtamichigan.org\/es\/wp-json\/wp\/v2\/pages\/157","targetHints":{"allow":["GET"]}}],"collection":[{"href":"https:\/\/www.rtamichigan.org\/es\/wp-json\/wp\/v2\/pages"}],"about":[{"href":"https:\/\/www.rtamichigan.org\/es\/wp-json\/wp\/v2\/types\/page"}],"author":[{"embeddable":true,"href":"https:\/\/www.rtamichigan.org\/es\/wp-json\/wp\/v2\/users\/1"}],"replies":[{"embeddable":true,"href":"https:\/\/www.rtamichigan.org\/es\/wp-json\/wp\/v2\/comments?post=157"}],"version-history":[{"count":7,"href":"https:\/\/www.rtamichigan.org\/es\/wp-json\/wp\/v2\/pages\/157\/revisions"}],"predecessor-version":[{"id":2256,"href":"https:\/\/www.rtamichigan.org\/es\/wp-json\/wp\/v2\/pages\/157\/revisions\/2256"}],"up":[{"embeddable":true,"href":"https:\/\/www.rtamichigan.org\/es\/wp-json\/wp\/v2\/pages\/76"}],"wp:featuredmedia":[{"embeddable":true,"href":"https:\/\/www.rtamichigan.org\/es\/wp-json\/wp\/v2\/media\/979"}],"wp:attachment":[{"href":"https:\/\/www.rtamichigan.org\/es\/wp-json\/wp\/v2\/media?parent=157"}],"curies":[{"name":"gracias","href":"https:\/\/api.w.org\/{rel}","templated":true}]}}