{"id":152,"date":"2025-04-17T14:49:35","date_gmt":"2025-04-17T19:49:35","guid":{"rendered":"https:\/\/www.rtamichigan.org\/?page_id=152"},"modified":"2025-10-21T14:54:22","modified_gmt":"2025-10-21T19:54:22","slug":"m4a-grants","status":"publish","type":"page","link":"https:\/\/www.rtamichigan.org\/es\/planning-policy-programs\/m4a-grants","title":{"rendered":"Subvenciones M4A"},"content":{"rendered":"<div class=\"wp-block-columns is-layout-flex wp-container-core-columns-is-layout-9d6595d7 wp-block-columns-is-layout-flex\">\n<div class=\"wp-block-column is-layout-flow wp-block-column-is-layout-flow\" style=\"flex-basis:66.66%\">\n<p>El <a href=\"https:\/\/www.rtamichigan.org\/es\/planning-policy-programs\/mobility-4-all-m4a\/\">Programa Movilidad para Todos (M4A)<\/a> Es una iniciativa de la RTA para mejorar la movilidad de las personas mayores, las personas con discapacidad y las personas con ingresos limitados. Con base en el Plan M4A, la RTA asigna y administra fondos que mejoran y mantienen servicios especializados y mejoran el acceso al transporte p\u00fablico. La financiaci\u00f3n de la M4A incluye fondos de la Administraci\u00f3n Federal de Tr\u00e1nsito (FTA) asignados a la regi\u00f3n bajo la Secci\u00f3n 5310, su programa para personas mayores y personas con discapacidad. La RTA es la \u00fanica fuente local de fondos de la Secci\u00f3n 5310.<\/p>\n\n\n\n<p><\/p>\n\n\n\n\n    \n\n    \n\n\n<a\n  href=\"#5310-success-spotlight\"\n  target=\"_self\"  class=\"button button--default\"\n  \n>\n        Detalles de la Secci\u00f3n 5310 del 2025\n    <\/a>\n<\/div>\n\n\n\n<div class=\"wp-block-column is-layout-flow wp-block-column-is-layout-flow\" style=\"flex-basis:33.33%\">\n<figure class=\"wp-block-image size-large\"><img loading=\"lazy\" decoding=\"async\" width=\"1024\" height=\"531\" src=\"https:\/\/www.rtamichigan.org\/app\/uploads\/2025\/04\/a47d1e0c-8cb5-bd99-8dc7-3ff057728573-1536x797-1-1024x531.jpeg\" alt=\"\" class=\"wp-image-357\" srcset=\"https:\/\/www.rtamichigan.org\/app\/uploads\/2025\/04\/a47d1e0c-8cb5-bd99-8dc7-3ff057728573-1536x797-1-1024x531.jpeg 1024w, https:\/\/www.rtamichigan.org\/app\/uploads\/2025\/04\/a47d1e0c-8cb5-bd99-8dc7-3ff057728573-1536x797-1-300x156.jpeg 300w, https:\/\/www.rtamichigan.org\/app\/uploads\/2025\/04\/a47d1e0c-8cb5-bd99-8dc7-3ff057728573-1536x797-1-768x399.jpeg 768w, https:\/\/www.rtamichigan.org\/app\/uploads\/2025\/04\/a47d1e0c-8cb5-bd99-8dc7-3ff057728573-1536x797-1-18x9.jpeg 18w, https:\/\/www.rtamichigan.org\/app\/uploads\/2025\/04\/a47d1e0c-8cb5-bd99-8dc7-3ff057728573-1536x797-1.jpeg 1536w\" sizes=\"auto, (max-width: 1024px) 100vw, 1024px\" \/><\/figure>\n\n\n\n<p><\/p>\n\n\n\n<p><\/p>\n<\/div>\n<\/div>\n\n\n\n<h3 class=\"wp-block-heading\">\u00bfQui\u00e9n se beneficia?<\/h3>\n\n\n\n<p>Todos en el sureste de Michigan se benefician de M4A, porque una comunidad accesible, sostenible y habitable mejora nuestras vidas. M4A ofrece oportunidades de financiamiento para agencias locales, organizaciones sin fines de lucro y proveedores de transporte que se alinean con los objetivos del programa y cumplen con todos los requisitos.<\/p>\n\n\n\n<p>Las subvenciones de M4A apoyan iniciativas enfocadas en mejorar o ampliar los servicios de transporte y el acceso para personas mayores y personas con discapacidad. Estos servicios benefician a estas poblaciones, as\u00ed como a nuestra comunidad en general. Los proyectos incluyen la compra de veh\u00edculos accesibles, la prestaci\u00f3n de servicios de gesti\u00f3n de la movilidad (o navegaci\u00f3n de transporte p\u00fablico) y la mejora de infraestructura como aceras, rampas de acera y paradas de autob\u00fas. Nuestra regi\u00f3n se fortalece cuando un profesor con necesidades de movilidad adicionales o una persona mayor que busca ser voluntaria o vivir de forma independiente puede participar.<\/p>\n\n\n\n<h3 class=\"wp-block-heading\" id=\"5310-success-spotlight\">\u00a1Enfoque en el \u00e9xito!<\/h3>\n\n\n\n<p>\u00a1Vea el programa en acci\u00f3n! En 2023, el <a href=\"https:\/\/www.detroitseniorsolution.org\/\">Agencia del \u00c1rea sobre el Envejecimiento 1-B<\/a> gan\u00f3 un premio por <a href=\"https:\/\/www.myride2.com\/\">Mi viaje2<\/a>, y <a href=\"https:\/\/livonia.gov\/213\/LivGo\">Tr\u00e1nsito comunitario de Livonia<\/a> Reemplaz\u00f3 cuatro autobuses y una camioneta.<\/p>\n\n\n                            \n                        \n                        \n        \n    \n\n<div class=\"cta cta--default card__animated-link\">\n    <div class=\"cta__content-wrapper\">\n        <div class=\"cta__content\">\n              \n<h2 class=\"h2\">\n      Se anuncian los premios 2025 para la Secci\u00f3n 5310\n  <\/h2>\n                    <div class=\"cta__text\"><p>La RTA otorg\u00f3 m\u00e1s de $11 millones en subvenciones para apoyar programas y servicios que mejoren la movilidad de los adultos mayores y las personas con discapacidades en el ciclo fiscal 25-26.<\/p>\n<\/div>\n                              <div class=\"button-group\">\n            \n\n\n<a\n  href=\"https:\/\/www.rtamichigan.org\/es\/rta-news\/5310-awards-announced-2025\/\"\n    class=\"button button--ghost-dark\"\n  \n>\n        Leer el comunicado de prensa\n    <\/a>\n          <\/div>\n                  <\/div>\n      <\/div>\n<\/div>\n\n\n<div class=\"wp-block-columns is-layout-flex wp-container-core-columns-is-layout-9d6595d7 wp-block-columns-is-layout-flex\">\n<div class=\"wp-block-column is-vertically-aligned-top center is-layout-flow wp-block-column-is-layout-flow\">\n\n    \n\n    \n\n\n<a\n  href=\"https:\/\/www.rtamichigan.org\/es\/app\/uploads\/2025\/09\/M4A_NOA_Revised_09262025.pdf\/\"\n  target=\"_self\"  class=\"button button--default right\"\n  \n>\n        Adjudicatarios de la Secci\u00f3n 5310\n    <\/a>\n<\/div>\n\n\n\n<div class=\"wp-block-column center is-layout-flow wp-block-column-is-layout-flow\">\n\n    \n\n    \n\n\n<a\n  href=\"https:\/\/www.rtamichigan.org\/es\/planning-policy-programs\/mobility-4-all-m4a\/#chstp\"\n  target=\"_self\"  class=\"button button--default right\"\n  \n>\n        Plan Coordinado 2020\n    <\/a>\n<\/div>\n\n\n\n<div class=\"wp-block-column center is-layout-flow wp-block-column-is-layout-flow\">\n\n    \n\n    \n\n\n<a\n  href=\"https:\/\/www.rtamichigan.org\/es\/planning-policy-programs\/mobility-4-all-m4a\/\"\n  target=\"_self\"  class=\"button button--default right\"\n  \n>\n        Acerca de Mobility 4 All\n    <\/a>\n<\/div>\n<\/div>\n\n\n\n<div class=\"wp-block-columns is-layout-flex wp-container-core-columns-is-layout-9d6595d7 wp-block-columns-is-layout-flex\">\n<div class=\"wp-block-column is-layout-flow wp-block-column-is-layout-flow\" style=\"flex-basis:33.33%\">\n<figure class=\"wp-block-image size-large\"><img loading=\"lazy\" decoding=\"async\" width=\"1024\" height=\"682\" src=\"https:\/\/www.rtamichigan.org\/app\/uploads\/2025\/04\/AAATA-Aride-Lift-1024x682.jpg\" alt=\"\" class=\"wp-image-307\" srcset=\"https:\/\/www.rtamichigan.org\/app\/uploads\/2025\/04\/AAATA-Aride-Lift-1024x682.jpg 1024w, https:\/\/www.rtamichigan.org\/app\/uploads\/2025\/04\/AAATA-Aride-Lift-300x200.jpg 300w, https:\/\/www.rtamichigan.org\/app\/uploads\/2025\/04\/AAATA-Aride-Lift-768x512.jpg 768w, https:\/\/www.rtamichigan.org\/app\/uploads\/2025\/04\/AAATA-Aride-Lift-1536x1024.jpg 1536w, https:\/\/www.rtamichigan.org\/app\/uploads\/2025\/04\/AAATA-Aride-Lift-18x12.jpg 18w, https:\/\/www.rtamichigan.org\/app\/uploads\/2025\/04\/AAATA-Aride-Lift.jpg 2000w\" sizes=\"auto, (max-width: 1024px) 100vw, 1024px\" \/><\/figure>\n<\/div>\n\n\n\n<div class=\"wp-block-column is-layout-flow wp-block-column-is-layout-flow\" style=\"flex-basis:66.66%\">\n<h2 class=\"wp-block-heading\">\u00bfC\u00f3mo se distribuyen los fondos?&nbsp;<\/h2>\n\n\n\n<p>Los proveedores de transporte p\u00fablico, las entidades gubernamentales y las organizaciones sin fines de lucro solicitan financiaci\u00f3n a la RTA. Los proyectos deben ajustarse a los requisitos de solicitud y las prioridades identificadas en el Plan M4A o el Plan Coordinado de Transporte de Servicios Humanos. La financiaci\u00f3n se distribuye mediante un proceso competitivo de subvenciones basado en diversos factores, como el proyecto propuesto por el solicitante y su adecuaci\u00f3n a los objetivos y prioridades del programa.&nbsp;<\/p>\n<\/div>\n<\/div>\n\n\n\n<div class=\"wp-block-columns is-layout-flex wp-container-core-columns-is-layout-9d6595d7 wp-block-columns-is-layout-flex\">\n<div class=\"wp-block-column is-layout-flow wp-block-column-is-layout-flow\">\n<h2 class=\"wp-block-heading\">Recursos de financiaci\u00f3n<\/h2>\n\n\n\n<p>Existen numerosos recursos y herramientas disponibles para ayudar a los solicitantes y beneficiarios de subvenciones. Estos ayudan a los solicitantes a comprender los requisitos del programa 5310 y a elaborar propuestas de subvenci\u00f3n s\u00f3lidas para abordar eficazmente las necesidades de movilidad de las personas mayores y las personas con discapacidad.&nbsp;<\/p>\n\n\n\n<ul class=\"wp-block-list\">\n<li><strong>Asistencia t\u00e9cnica de RTA:<\/strong> La RTA brindar\u00e1 asistencia t\u00e9cnica a los solicitantes que buscan financiaci\u00f3n a trav\u00e9s del programa 5310. Esta asistencia puede incluir apoyo del personal de la RTA o acceso a recursos como seminarios web. Para nuestras solicitudes de 2025, la RTA organiz\u00f3 dos seminarios web y dos horas de consulta.&nbsp;<\/li>\n\n\n\n<li><strong>Sitio web del TLC:<\/strong> El sitio web de la FTA ofrece abundante informaci\u00f3n sobre el programa 5310, incluyendo las directrices del programa, las fechas l\u00edmite de solicitud y los criterios de elegibilidad. Tambi\u00e9n incluye recursos sobre el proceso de solicitud de subvenciones.&nbsp;<\/li>\n\n\n\n<li><strong>Centro Nacional de Transporte para Personas Mayores y Discapacitadas (NADTC)<\/strong>El NADTC proporciona asistencia t\u00e9cnica, capacitaci\u00f3n y recursos para apoyar los servicios de transporte para personas mayores y personas con discapacidad. El centro ofrece diversos recursos sobre temas como la gesti\u00f3n de la movilidad, el transporte accesible y el desarrollo de alianzas.&nbsp;<\/li>\n\n\n\n<li><strong>Centro Nacional para la Gesti\u00f3n de la Movilidad (NCMM):<\/strong> El NCMM proporciona asistencia t\u00e9cnica y recursos para apoyar el desarrollo y la implementaci\u00f3n de programas de gesti\u00f3n de la movilidad. Estos programas buscan mejorar el acceso al transporte para todas las personas, incluidas las personas mayores y las personas con discapacidad.<\/li>\n<\/ul>\n<\/div>\n<\/div>","protected":false},"excerpt":{"rendered":"<p>The Mobility 4 All (M4A) Program is an RTA initiative to improve mobility for seniors, people with disabilities, and individuals with limited income. Based on the M4A Plan, the RTA [&hellip;]<\/p>","protected":false},"author":1,"featured_media":1997,"parent":78,"menu_order":4,"comment_status":"closed","ping_status":"closed","template":"","meta":{"_acf_changed":false,"inline_featured_image":false,"footnotes":""},"class_list":["post-152","page","type-page","status-publish","has-post-thumbnail","hentry"],"acf":[],"yoast_head":"<!-- This site is optimized with the Yoast SEO plugin v24.9 - https:\/\/yoast.com\/wordpress\/plugins\/seo\/ -->\n<title>M4A Grants - RTA of Southeast Michigan<\/title>\n<meta name=\"robots\" content=\"index, follow, max-snippet:-1, max-image-preview:large, max-video-preview:-1\" \/>\n<link rel=\"canonical\" href=\"https:\/\/www.rtamichigan.org\/es\/planning-policy-programs\/m4a-grants\/\" \/>\n<meta property=\"og:locale\" content=\"es_MX\" \/>\n<meta property=\"og:type\" content=\"article\" \/>\n<meta property=\"og:title\" content=\"M4A Grants - RTA of Southeast Michigan\" \/>\n<meta property=\"og:description\" content=\"The Mobility 4 All (M4A) Program is an RTA initiative to improve mobility for seniors, people with disabilities, and individuals with limited income. Based on the M4A Plan, the RTA [&hellip;]\" \/>\n<meta property=\"og:url\" content=\"https:\/\/www.rtamichigan.org\/es\/planning-policy-programs\/m4a-grants\/\" \/>\n<meta property=\"og:site_name\" content=\"RTA of Southeast Michigan\" \/>\n<meta property=\"article:publisher\" content=\"https:\/\/www.facebook.com\/rtamichigan\/\" \/>\n<meta property=\"article:modified_time\" content=\"2025-10-21T19:54:22+00:00\" \/>\n<meta property=\"og:image\" content=\"https:\/\/www.rtamichigan.org\/app\/uploads\/2025\/06\/QLINEStreetcarDay2022-13-scaled-e1752764928417.jpg\" \/>\n\t<meta property=\"og:image:width\" content=\"2398\" \/>\n\t<meta property=\"og:image:height\" content=\"388\" \/>\n\t<meta property=\"og:image:type\" content=\"image\/jpeg\" \/>\n<meta name=\"twitter:card\" content=\"summary_large_image\" \/>\n<meta name=\"twitter:site\" content=\"@rtamichigan\" \/>\n<meta name=\"twitter:label1\" content=\"Est. reading time\" \/>\n\t<meta name=\"twitter:data1\" content=\"3 minutes\" \/>\n<script type=\"application\/ld+json\" class=\"yoast-schema-graph\">{\"@context\":\"https:\/\/schema.org\",\"@graph\":[{\"@type\":\"WebPage\",\"@id\":\"https:\/\/www.rtamichigan.org\/planning-policy-programs\/m4a-grants\",\"url\":\"https:\/\/www.rtamichigan.org\/planning-policy-programs\/m4a-grants\",\"name\":\"M4A Grants - RTA of Southeast Michigan\",\"isPartOf\":{\"@id\":\"https:\/\/www.rtamichigan.org\/#website\"},\"primaryImageOfPage\":{\"@id\":\"https:\/\/www.rtamichigan.org\/planning-policy-programs\/m4a-grants#primaryimage\"},\"image\":{\"@id\":\"https:\/\/www.rtamichigan.org\/planning-policy-programs\/m4a-grants#primaryimage\"},\"thumbnailUrl\":\"https:\/\/www.rtamichigan.org\/app\/uploads\/2025\/06\/QLINEStreetcarDay2022-13-scaled-e1752764928417.jpg\",\"datePublished\":\"2025-04-17T19:49:35+00:00\",\"dateModified\":\"2025-10-21T19:54:22+00:00\",\"breadcrumb\":{\"@id\":\"https:\/\/www.rtamichigan.org\/planning-policy-programs\/m4a-grants#breadcrumb\"},\"inLanguage\":\"es-MX\",\"potentialAction\":[{\"@type\":\"ReadAction\",\"target\":[\"https:\/\/www.rtamichigan.org\/planning-policy-programs\/m4a-grants\"]}]},{\"@type\":\"ImageObject\",\"inLanguage\":\"es-MX\",\"@id\":\"https:\/\/www.rtamichigan.org\/planning-policy-programs\/m4a-grants#primaryimage\",\"url\":\"https:\/\/www.rtamichigan.org\/app\/uploads\/2025\/06\/QLINEStreetcarDay2022-13-scaled-e1752764928417.jpg\",\"contentUrl\":\"https:\/\/www.rtamichigan.org\/app\/uploads\/2025\/06\/QLINEStreetcarDay2022-13-scaled-e1752764928417.jpg\",\"width\":2398,\"height\":388,\"caption\":\"A bus full of people on a QLINE street car\"},{\"@type\":\"BreadcrumbList\",\"@id\":\"https:\/\/www.rtamichigan.org\/planning-policy-programs\/m4a-grants#breadcrumb\",\"itemListElement\":[{\"@type\":\"ListItem\",\"position\":1,\"name\":\"Home\",\"item\":\"https:\/\/www.rtamichigan.org\/\"},{\"@type\":\"ListItem\",\"position\":2,\"name\":\"Planning, Policy &amp; Programs\",\"item\":\"http:\/\/www.rtamichigan.org\/planning-policy-programs\"},{\"@type\":\"ListItem\",\"position\":3,\"name\":\"M4A Grants\"}]},{\"@type\":\"WebSite\",\"@id\":\"https:\/\/www.rtamichigan.org\/#website\",\"url\":\"https:\/\/www.rtamichigan.org\/\",\"name\":\"RTA of Southeast Michigan\",\"description\":\"Get on Board!\",\"potentialAction\":[{\"@type\":\"SearchAction\",\"target\":{\"@type\":\"EntryPoint\",\"urlTemplate\":\"https:\/\/www.rtamichigan.org\/?s={search_term_string}\"},\"query-input\":{\"@type\":\"PropertyValueSpecification\",\"valueRequired\":true,\"valueName\":\"search_term_string\"}}],\"inLanguage\":\"es-MX\"}]}<\/script>\n<!-- \/ Yoast SEO plugin. -->","yoast_head_json":{"title":"M4A Grants - RTA of Southeast Michigan","robots":{"index":"index","follow":"follow","max-snippet":"max-snippet:-1","max-image-preview":"max-image-preview:large","max-video-preview":"max-video-preview:-1"},"canonical":"https:\/\/www.rtamichigan.org\/es\/planning-policy-programs\/m4a-grants\/","og_locale":"es_MX","og_type":"article","og_title":"M4A Grants - RTA of Southeast Michigan","og_description":"The Mobility 4 All (M4A) Program is an RTA initiative to improve mobility for seniors, people with disabilities, and individuals with limited income. Based on the M4A Plan, the RTA [&hellip;]","og_url":"https:\/\/www.rtamichigan.org\/es\/planning-policy-programs\/m4a-grants\/","og_site_name":"RTA of Southeast Michigan","article_publisher":"https:\/\/www.facebook.com\/rtamichigan\/","article_modified_time":"2025-10-21T19:54:22+00:00","og_image":[{"width":2398,"height":388,"url":"https:\/\/www.rtamichigan.org\/app\/uploads\/2025\/06\/QLINEStreetcarDay2022-13-scaled-e1752764928417.jpg","type":"image\/jpeg"}],"twitter_card":"summary_large_image","twitter_site":"@rtamichigan","twitter_misc":{"Est. reading time":"3 minutes"},"schema":{"@context":"https:\/\/schema.org","@graph":[{"@type":"WebPage","@id":"https:\/\/www.rtamichigan.org\/planning-policy-programs\/m4a-grants","url":"https:\/\/www.rtamichigan.org\/planning-policy-programs\/m4a-grants","name":"M4A Grants - RTA of Southeast Michigan","isPartOf":{"@id":"https:\/\/www.rtamichigan.org\/#website"},"primaryImageOfPage":{"@id":"https:\/\/www.rtamichigan.org\/planning-policy-programs\/m4a-grants#primaryimage"},"image":{"@id":"https:\/\/www.rtamichigan.org\/planning-policy-programs\/m4a-grants#primaryimage"},"thumbnailUrl":"https:\/\/www.rtamichigan.org\/app\/uploads\/2025\/06\/QLINEStreetcarDay2022-13-scaled-e1752764928417.jpg","datePublished":"2025-04-17T19:49:35+00:00","dateModified":"2025-10-21T19:54:22+00:00","breadcrumb":{"@id":"https:\/\/www.rtamichigan.org\/planning-policy-programs\/m4a-grants#breadcrumb"},"inLanguage":"es-MX","potentialAction":[{"@type":"ReadAction","target":["https:\/\/www.rtamichigan.org\/planning-policy-programs\/m4a-grants"]}]},{"@type":"ImageObject","inLanguage":"es-MX","@id":"https:\/\/www.rtamichigan.org\/planning-policy-programs\/m4a-grants#primaryimage","url":"https:\/\/www.rtamichigan.org\/app\/uploads\/2025\/06\/QLINEStreetcarDay2022-13-scaled-e1752764928417.jpg","contentUrl":"https:\/\/www.rtamichigan.org\/app\/uploads\/2025\/06\/QLINEStreetcarDay2022-13-scaled-e1752764928417.jpg","width":2398,"height":388,"caption":"A bus full of people on a QLINE street car"},{"@type":"BreadcrumbList","@id":"https:\/\/www.rtamichigan.org\/planning-policy-programs\/m4a-grants#breadcrumb","itemListElement":[{"@type":"ListItem","position":1,"name":"Home","item":"https:\/\/www.rtamichigan.org\/"},{"@type":"ListItem","position":2,"name":"Planning, Policy &amp; Programs","item":"http:\/\/www.rtamichigan.org\/planning-policy-programs"},{"@type":"ListItem","position":3,"name":"M4A Grants"}]},{"@type":"WebSite","@id":"https:\/\/www.rtamichigan.org\/#website","url":"https:\/\/www.rtamichigan.org\/","name":"RTA del sureste de Michigan","description":"\u00a1Sube a bordo!","potentialAction":[{"@type":"SearchAction","target":{"@type":"EntryPoint","urlTemplate":"https:\/\/www.rtamichigan.org\/?s={search_term_string}"},"query-input":{"@type":"PropertyValueSpecification","valueRequired":true,"valueName":"search_term_string"}}],"inLanguage":"es-MX"}]}},"publishpress_future_action":{"enabled":false,"date":"2026-04-28 09:56:56","action":"change-status","newStatus":"draft","terms":[],"taxonomy":"","extraData":[]},"publishpress_future_workflow_manual_trigger":{"enabledWorkflows":[]},"_links":{"self":[{"href":"https:\/\/www.rtamichigan.org\/es\/wp-json\/wp\/v2\/pages\/152","targetHints":{"allow":["GET"]}}],"collection":[{"href":"https:\/\/www.rtamichigan.org\/es\/wp-json\/wp\/v2\/pages"}],"about":[{"href":"https:\/\/www.rtamichigan.org\/es\/wp-json\/wp\/v2\/types\/page"}],"author":[{"embeddable":true,"href":"https:\/\/www.rtamichigan.org\/es\/wp-json\/wp\/v2\/users\/1"}],"replies":[{"embeddable":true,"href":"https:\/\/www.rtamichigan.org\/es\/wp-json\/wp\/v2\/comments?post=152"}],"version-history":[{"count":34,"href":"https:\/\/www.rtamichigan.org\/es\/wp-json\/wp\/v2\/pages\/152\/revisions"}],"predecessor-version":[{"id":2890,"href":"https:\/\/www.rtamichigan.org\/es\/wp-json\/wp\/v2\/pages\/152\/revisions\/2890"}],"up":[{"embeddable":true,"href":"https:\/\/www.rtamichigan.org\/es\/wp-json\/wp\/v2\/pages\/78"}],"wp:featuredmedia":[{"embeddable":true,"href":"https:\/\/www.rtamichigan.org\/es\/wp-json\/wp\/v2\/media\/1997"}],"wp:attachment":[{"href":"https:\/\/www.rtamichigan.org\/es\/wp-json\/wp\/v2\/media?parent=152"}],"curies":[{"name":"gracias","href":"https:\/\/api.w.org\/{rel}","templated":true}]}}