{"id":150,"date":"2025-04-17T14:49:23","date_gmt":"2025-04-17T19:49:23","guid":{"rendered":"https:\/\/www.rtamichigan.org\/?page_id=150"},"modified":"2025-07-21T17:43:42","modified_gmt":"2025-07-21T22:43:42","slug":"rta-mobility-wallet","status":"publish","type":"page","link":"https:\/\/www.rtamichigan.org\/es\/planning-policy-programs\/rta-mobility-wallet","title":{"rendered":"Monedero de movilidad"},"content":{"rendered":"<p><strong>Una billetera m\u00f3vil es un sistema integrado de pago de transporte p\u00fablico que permite a los usuarios almacenar y gestionar pagos, como boletos y tarifas, en un solo lugar. Esta tecnolog\u00eda est\u00e1 ganando popularidad a nivel mundial, y el sureste de Michigan se une a la vanguardia, primero con un programa piloto de alcance limitado que prueba una forma m\u00e1s sencilla de pagar el transporte p\u00fablico.<\/strong><\/p>\n\n\n\n<p>El programa piloto de billetera de movilidad de la RTA conecta con diversas opciones de transporte p\u00fablico. Esto incluye DDOT, SMART, QLINE, People Mover, MoGo y al menos una empresa de patinetes el\u00e9ctricos, adem\u00e1s de una opci\u00f3n para TheRide. El programa piloto de billetera de movilidad tambi\u00e9n explora maneras de limitar las tarifas entre proveedores y programas de subsidios. Esta limitaci\u00f3n de tarifas podr\u00eda ahorrar dinero a los pasajeros y hacer el transporte p\u00fablico m\u00e1s accesible.<\/p>\n\n\n\n<hr class=\"wp-block-separator has-alpha-channel-opacity\"\/>\n\n\n\n<h2 class=\"wp-block-heading\">C\u00f3mo funcionan las billeteras de movilidad<\/h2>\n\n\n\n<div class=\"wp-block-columns is-layout-flex wp-container-core-columns-is-layout-9d6595d7 wp-block-columns-is-layout-flex\">\n<div class=\"wp-block-column is-layout-flow wp-block-column-is-layout-flow\">\n<p>La RTA se ha asociado con United Way del Sureste de Michigan para ofrecer a un peque\u00f1o grupo de usuarios de prueba una aplicaci\u00f3n piloto y un mecanismo de pago de tarifas. Este es el primer paso hacia una mayor integraci\u00f3n de billeteras de movilidad en el Sureste de Michigan.&nbsp;<\/p>\n\n\n\n<ul class=\"wp-block-list\">\n<li>Utilice una cuenta digital proporcionada por RTA. Inicie sesi\u00f3n para comenzar.&nbsp;<\/li>\n\n\n\n<li>Vea y compare las opciones de transporte.&nbsp;<\/li>\n\n\n\n<li>Paga desde la app o tarjeta f\u00edsica con retiros automatizados procesados en el sistema y conectados a instituciones financieras.&nbsp;<\/li>\n<\/ul>\n<\/div>\n\n\n\n<div class=\"wp-block-column is-layout-flow wp-block-column-is-layout-flow\">\n<p>Este m\u00e9todo de pago \u00fanico cubre a varios proveedores, eliminando las tarifas de transferencia. Un desarrollo futuro podr\u00eda incluir un l\u00edmite de tarifas para las personas elegibles.<\/p>\n\n\n\n<ul class=\"wp-block-list\">\n<li>Una planificaci\u00f3n optimizada y accesible apoya a todos los pasajeros desde el primer viaje.&nbsp;<\/li>\n\n\n\n<li>El pago f\u00e1cil de tarifas reduce la necesidad de tener m\u00faltiples boletos o m\u00e9todos de pago.&nbsp;<\/li>\n<\/ul>\n\n\n\n<p>Planificaci\u00f3n de servicios receptiva y eficiente, luego de analizar los datos de Mobility Wallet para buscar mejoras.<\/p>\n<\/div>\n<\/div>\n\n\n\n<h2 class=\"wp-block-heading\">C\u00f3mo ayuda<\/h2>\n\n\n\n<div class=\"wp-block-columns is-layout-flex wp-container-core-columns-is-layout-9d6595d7 wp-block-columns-is-layout-flex\">\n<div class=\"wp-block-column is-layout-flow wp-block-column-is-layout-flow\">\n<h2 class=\"wp-block-heading\">24%<\/h2>\n\n\n\n<p>de los hogares de Detroit no tienen acceso a un veh\u00edculo.<\/p>\n<\/div>\n\n\n\n<div class=\"wp-block-column is-layout-flow wp-block-column-is-layout-flow\">\n<h2 class=\"wp-block-heading\">$10,000<\/h2>\n\n\n\n<p>\u00bfCu\u00e1l es el ingreso medio de los usuarios del transporte p\u00fablico?<\/p>\n<\/div>\n\n\n\n<div class=\"wp-block-column is-layout-flow wp-block-column-is-layout-flow\">\n<h2 class=\"wp-block-heading\">30%<\/h2>\n\n\n\n<p>de los trabajadores de Detroit dependen del transporte p\u00fablico<\/p>\n<\/div>\n<\/div>\n\n\n\n<p>El Programa Piloto de Billetera de Movilidad mejora la movilidad personal y el acceso de los residentes de Michigan. El programa ayuda principalmente a quienes utilizan dos o m\u00e1s rutas de autob\u00fas, tren o servicio de transporte compartido en un solo viaje.&nbsp;<\/p>\n\n\n\n<hr class=\"wp-block-separator has-alpha-channel-opacity\"\/>\n\n\n\n<h2 class=\"wp-block-heading\">Historia<\/h2>\n\n\n\n<p>El Departamento de Transporte de Michigan (MDOT) nombr\u00f3 a la RTA como una de las empresas beneficiarias de un programa piloto de billeteras de movilidad. Ecolane y Feonix\u2013Mobility Rising tambi\u00e9n obtuvieron fondos para desarrollar soluciones de billeteras de movilidad. La soluci\u00f3n de la RTA es \u00fanica, con un enfoque gradual y centrado en el usuario que aborda la variedad de opciones de movilidad y tecnolog\u00edas tarifarias. <\/p>\n\n\n\n<hr class=\"wp-block-separator has-alpha-channel-opacity\"\/>\n\n\n\n<h2 class=\"wp-block-heading\">Apoyo comunitario<\/h2>\n\n\n\n<p>El Desaf\u00edo de la Cartera de Movilidad de Michigan es una iniciativa conjunta del Departamento de Transporte de Michigan (MDOT) y la Oficina de Movilidad y Electrificaci\u00f3n Futuras (OFME). Participan el Departamento de Trabajo y Oportunidades Econ\u00f3micas de Michigan y el Grupo de Trabajo contra la Pobreza de Michigan.<\/p>\n\n\n<div class=\"wp-block-image\">\n<figure class=\"aligncenter size-large\"><img loading=\"lazy\" decoding=\"async\" width=\"1024\" height=\"139\" src=\"https:\/\/www.rtamichigan.org\/app\/uploads\/2025\/06\/Screenshot-2025-06-05-at-1.38.48\u202fPM-1024x139.png\" alt=\"\" class=\"wp-image-1342\" srcset=\"https:\/\/www.rtamichigan.org\/app\/uploads\/2025\/06\/Screenshot-2025-06-05-at-1.38.48\u202fPM-1024x139.png 1024w, https:\/\/www.rtamichigan.org\/app\/uploads\/2025\/06\/Screenshot-2025-06-05-at-1.38.48\u202fPM-300x41.png 300w, https:\/\/www.rtamichigan.org\/app\/uploads\/2025\/06\/Screenshot-2025-06-05-at-1.38.48\u202fPM-768x105.png 768w, https:\/\/www.rtamichigan.org\/app\/uploads\/2025\/06\/Screenshot-2025-06-05-at-1.38.48\u202fPM-18x2.png 18w, https:\/\/www.rtamichigan.org\/app\/uploads\/2025\/06\/Screenshot-2025-06-05-at-1.38.48\u202fPM.png 1058w\" sizes=\"auto, (max-width: 1024px) 100vw, 1024px\" \/><\/figure>\n<\/div>\n\n\n<h4 class=\"wp-block-heading\">El Proyecto Monedero de Movilidad est\u00e1 dirigido por la RTA con la ayuda de nuestros socios de confianza.<\/h4>\n\n\n<div class=\"wp-block-image\">\n<figure class=\"aligncenter size-large\"><img loading=\"lazy\" decoding=\"async\" width=\"1024\" height=\"558\" src=\"https:\/\/www.rtamichigan.org\/app\/uploads\/2025\/06\/Screenshot-2025-06-05-at-1.36.53\u202fPM-1024x558.png\" alt=\"\" class=\"wp-image-1340\" srcset=\"https:\/\/www.rtamichigan.org\/app\/uploads\/2025\/06\/Screenshot-2025-06-05-at-1.36.53\u202fPM-1024x558.png 1024w, https:\/\/www.rtamichigan.org\/app\/uploads\/2025\/06\/Screenshot-2025-06-05-at-1.36.53\u202fPM-300x164.png 300w, https:\/\/www.rtamichigan.org\/app\/uploads\/2025\/06\/Screenshot-2025-06-05-at-1.36.53\u202fPM-768x419.png 768w, https:\/\/www.rtamichigan.org\/app\/uploads\/2025\/06\/Screenshot-2025-06-05-at-1.36.53\u202fPM-18x10.png 18w, https:\/\/www.rtamichigan.org\/app\/uploads\/2025\/06\/Screenshot-2025-06-05-at-1.36.53\u202fPM.png 1249w\" sizes=\"auto, (max-width: 1024px) 100vw, 1024px\" \/><\/figure>\n<\/div>","protected":false},"excerpt":{"rendered":"<p>A mobility wallet is an integrated transit payment system for users to store and manage payments, like tickets and fares, in one place. This technology is gaining popularity worldwide, and [&hellip;]<\/p>","protected":false},"author":1,"featured_media":1997,"parent":78,"menu_order":5,"comment_status":"closed","ping_status":"closed","template":"","meta":{"_acf_changed":false,"inline_featured_image":false,"footnotes":""},"class_list":["post-150","page","type-page","status-publish","has-post-thumbnail","hentry"],"acf":[],"yoast_head":"<!-- This site is optimized with the Yoast SEO plugin v24.9 - https:\/\/yoast.com\/wordpress\/plugins\/seo\/ -->\n<title>Mobility Wallet - RTA of Southeast Michigan<\/title>\n<meta name=\"robots\" content=\"index, follow, max-snippet:-1, max-image-preview:large, max-video-preview:-1\" \/>\n<link rel=\"canonical\" href=\"http:\/\/www.rtamichigan.org\/es\/planning-policy-programs\/rta-mobility-wallet\/\" \/>\n<meta property=\"og:locale\" content=\"es_MX\" \/>\n<meta property=\"og:type\" content=\"article\" \/>\n<meta property=\"og:title\" content=\"Mobility Wallet - RTA of Southeast Michigan\" \/>\n<meta property=\"og:description\" content=\"A mobility wallet is an integrated transit payment system for users to store and manage payments, like tickets and fares, in one place. This technology is gaining popularity worldwide, and [&hellip;]\" \/>\n<meta property=\"og:url\" content=\"http:\/\/www.rtamichigan.org\/es\/planning-policy-programs\/rta-mobility-wallet\/\" \/>\n<meta property=\"og:site_name\" content=\"RTA of Southeast Michigan\" \/>\n<meta property=\"article:publisher\" content=\"https:\/\/www.facebook.com\/rtamichigan\/\" \/>\n<meta property=\"article:modified_time\" content=\"2025-07-21T22:43:42+00:00\" \/>\n<meta property=\"og:image\" content=\"http:\/\/www.rtamichigan.org\/app\/uploads\/2025\/06\/QLINEStreetcarDay2022-13-scaled-e1752764928417.jpg\" \/>\n\t<meta property=\"og:image:width\" content=\"2398\" \/>\n\t<meta property=\"og:image:height\" content=\"388\" \/>\n\t<meta property=\"og:image:type\" content=\"image\/jpeg\" \/>\n<meta name=\"twitter:card\" content=\"summary_large_image\" \/>\n<meta name=\"twitter:site\" content=\"@rtamichigan\" \/>\n<meta name=\"twitter:label1\" content=\"Est. reading time\" \/>\n\t<meta name=\"twitter:data1\" content=\"3 minutes\" \/>\n<script type=\"application\/ld+json\" class=\"yoast-schema-graph\">{\"@context\":\"https:\/\/schema.org\",\"@graph\":[{\"@type\":\"WebPage\",\"@id\":\"http:\/\/www.rtamichigan.org\/planning-policy-programs\/rta-mobility-wallet\",\"url\":\"http:\/\/www.rtamichigan.org\/planning-policy-programs\/rta-mobility-wallet\",\"name\":\"Mobility Wallet - RTA of Southeast Michigan\",\"isPartOf\":{\"@id\":\"https:\/\/www.rtamichigan.org\/#website\"},\"primaryImageOfPage\":{\"@id\":\"http:\/\/www.rtamichigan.org\/planning-policy-programs\/rta-mobility-wallet#primaryimage\"},\"image\":{\"@id\":\"http:\/\/www.rtamichigan.org\/planning-policy-programs\/rta-mobility-wallet#primaryimage\"},\"thumbnailUrl\":\"https:\/\/www.rtamichigan.org\/app\/uploads\/2025\/06\/QLINEStreetcarDay2022-13-scaled-e1752764928417.jpg\",\"datePublished\":\"2025-04-17T19:49:23+00:00\",\"dateModified\":\"2025-07-21T22:43:42+00:00\",\"breadcrumb\":{\"@id\":\"http:\/\/www.rtamichigan.org\/planning-policy-programs\/rta-mobility-wallet#breadcrumb\"},\"inLanguage\":\"es-MX\",\"potentialAction\":[{\"@type\":\"ReadAction\",\"target\":[\"http:\/\/www.rtamichigan.org\/planning-policy-programs\/rta-mobility-wallet\"]}]},{\"@type\":\"ImageObject\",\"inLanguage\":\"es-MX\",\"@id\":\"http:\/\/www.rtamichigan.org\/planning-policy-programs\/rta-mobility-wallet#primaryimage\",\"url\":\"https:\/\/www.rtamichigan.org\/app\/uploads\/2025\/06\/QLINEStreetcarDay2022-13-scaled-e1752764928417.jpg\",\"contentUrl\":\"https:\/\/www.rtamichigan.org\/app\/uploads\/2025\/06\/QLINEStreetcarDay2022-13-scaled-e1752764928417.jpg\",\"width\":2398,\"height\":388,\"caption\":\"A bus full of people on a QLINE street car\"},{\"@type\":\"BreadcrumbList\",\"@id\":\"http:\/\/www.rtamichigan.org\/planning-policy-programs\/rta-mobility-wallet#breadcrumb\",\"itemListElement\":[{\"@type\":\"ListItem\",\"position\":1,\"name\":\"Home\",\"item\":\"https:\/\/www.rtamichigan.org\/\"},{\"@type\":\"ListItem\",\"position\":2,\"name\":\"Planning, Policy &amp; Programs\",\"item\":\"http:\/\/www.rtamichigan.org\/planning-policy-programs\"},{\"@type\":\"ListItem\",\"position\":3,\"name\":\"Mobility Wallet\"}]},{\"@type\":\"WebSite\",\"@id\":\"https:\/\/www.rtamichigan.org\/#website\",\"url\":\"https:\/\/www.rtamichigan.org\/\",\"name\":\"RTA of Southeast Michigan\",\"description\":\"Get on Board!\",\"potentialAction\":[{\"@type\":\"SearchAction\",\"target\":{\"@type\":\"EntryPoint\",\"urlTemplate\":\"https:\/\/www.rtamichigan.org\/?s={search_term_string}\"},\"query-input\":{\"@type\":\"PropertyValueSpecification\",\"valueRequired\":true,\"valueName\":\"search_term_string\"}}],\"inLanguage\":\"es-MX\"}]}<\/script>\n<!-- \/ Yoast SEO plugin. -->","yoast_head_json":{"title":"Mobility Wallet - RTA of Southeast Michigan","robots":{"index":"index","follow":"follow","max-snippet":"max-snippet:-1","max-image-preview":"max-image-preview:large","max-video-preview":"max-video-preview:-1"},"canonical":"http:\/\/www.rtamichigan.org\/es\/planning-policy-programs\/rta-mobility-wallet\/","og_locale":"es_MX","og_type":"article","og_title":"Mobility Wallet - RTA of Southeast Michigan","og_description":"A mobility wallet is an integrated transit payment system for users to store and manage payments, like tickets and fares, in one place. This technology is gaining popularity worldwide, and [&hellip;]","og_url":"http:\/\/www.rtamichigan.org\/es\/planning-policy-programs\/rta-mobility-wallet\/","og_site_name":"RTA of Southeast Michigan","article_publisher":"https:\/\/www.facebook.com\/rtamichigan\/","article_modified_time":"2025-07-21T22:43:42+00:00","og_image":[{"width":2398,"height":388,"url":"http:\/\/www.rtamichigan.org\/app\/uploads\/2025\/06\/QLINEStreetcarDay2022-13-scaled-e1752764928417.jpg","type":"image\/jpeg"}],"twitter_card":"summary_large_image","twitter_site":"@rtamichigan","twitter_misc":{"Est. reading time":"3 minutes"},"schema":{"@context":"https:\/\/schema.org","@graph":[{"@type":"WebPage","@id":"http:\/\/www.rtamichigan.org\/planning-policy-programs\/rta-mobility-wallet","url":"http:\/\/www.rtamichigan.org\/planning-policy-programs\/rta-mobility-wallet","name":"Mobility Wallet - RTA of Southeast Michigan","isPartOf":{"@id":"https:\/\/www.rtamichigan.org\/#website"},"primaryImageOfPage":{"@id":"http:\/\/www.rtamichigan.org\/planning-policy-programs\/rta-mobility-wallet#primaryimage"},"image":{"@id":"http:\/\/www.rtamichigan.org\/planning-policy-programs\/rta-mobility-wallet#primaryimage"},"thumbnailUrl":"https:\/\/www.rtamichigan.org\/app\/uploads\/2025\/06\/QLINEStreetcarDay2022-13-scaled-e1752764928417.jpg","datePublished":"2025-04-17T19:49:23+00:00","dateModified":"2025-07-21T22:43:42+00:00","breadcrumb":{"@id":"http:\/\/www.rtamichigan.org\/planning-policy-programs\/rta-mobility-wallet#breadcrumb"},"inLanguage":"es-MX","potentialAction":[{"@type":"ReadAction","target":["http:\/\/www.rtamichigan.org\/planning-policy-programs\/rta-mobility-wallet"]}]},{"@type":"ImageObject","inLanguage":"es-MX","@id":"http:\/\/www.rtamichigan.org\/planning-policy-programs\/rta-mobility-wallet#primaryimage","url":"https:\/\/www.rtamichigan.org\/app\/uploads\/2025\/06\/QLINEStreetcarDay2022-13-scaled-e1752764928417.jpg","contentUrl":"https:\/\/www.rtamichigan.org\/app\/uploads\/2025\/06\/QLINEStreetcarDay2022-13-scaled-e1752764928417.jpg","width":2398,"height":388,"caption":"A bus full of people on a QLINE street car"},{"@type":"BreadcrumbList","@id":"http:\/\/www.rtamichigan.org\/planning-policy-programs\/rta-mobility-wallet#breadcrumb","itemListElement":[{"@type":"ListItem","position":1,"name":"Home","item":"https:\/\/www.rtamichigan.org\/"},{"@type":"ListItem","position":2,"name":"Planning, Policy &amp; Programs","item":"http:\/\/www.rtamichigan.org\/planning-policy-programs"},{"@type":"ListItem","position":3,"name":"Mobility Wallet"}]},{"@type":"WebSite","@id":"https:\/\/www.rtamichigan.org\/#website","url":"https:\/\/www.rtamichigan.org\/","name":"RTA del sureste de Michigan","description":"\u00a1Sube a bordo!","potentialAction":[{"@type":"SearchAction","target":{"@type":"EntryPoint","urlTemplate":"https:\/\/www.rtamichigan.org\/?s={search_term_string}"},"query-input":{"@type":"PropertyValueSpecification","valueRequired":true,"valueName":"search_term_string"}}],"inLanguage":"es-MX"}]}},"publishpress_future_action":{"enabled":false,"date":"2026-04-28 11:47:29","action":"change-status","newStatus":"draft","terms":[],"taxonomy":"","extraData":[]},"publishpress_future_workflow_manual_trigger":{"enabledWorkflows":[]},"_links":{"self":[{"href":"https:\/\/www.rtamichigan.org\/es\/wp-json\/wp\/v2\/pages\/150","targetHints":{"allow":["GET"]}}],"collection":[{"href":"https:\/\/www.rtamichigan.org\/es\/wp-json\/wp\/v2\/pages"}],"about":[{"href":"https:\/\/www.rtamichigan.org\/es\/wp-json\/wp\/v2\/types\/page"}],"author":[{"embeddable":true,"href":"https:\/\/www.rtamichigan.org\/es\/wp-json\/wp\/v2\/users\/1"}],"replies":[{"embeddable":true,"href":"https:\/\/www.rtamichigan.org\/es\/wp-json\/wp\/v2\/comments?post=150"}],"version-history":[{"count":21,"href":"https:\/\/www.rtamichigan.org\/es\/wp-json\/wp\/v2\/pages\/150\/revisions"}],"predecessor-version":[{"id":2317,"href":"https:\/\/www.rtamichigan.org\/es\/wp-json\/wp\/v2\/pages\/150\/revisions\/2317"}],"up":[{"embeddable":true,"href":"https:\/\/www.rtamichigan.org\/es\/wp-json\/wp\/v2\/pages\/78"}],"wp:featuredmedia":[{"embeddable":true,"href":"https:\/\/www.rtamichigan.org\/es\/wp-json\/wp\/v2\/media\/1997"}],"wp:attachment":[{"href":"https:\/\/www.rtamichigan.org\/es\/wp-json\/wp\/v2\/media?parent=150"}],"curies":[{"name":"gracias","href":"https:\/\/api.w.org\/{rel}","templated":true}]}}