{"id":144,"date":"2025-04-17T14:45:32","date_gmt":"2025-04-17T19:45:32","guid":{"rendered":"https:\/\/www.rtamichigan.org\/?page_id=144"},"modified":"2026-02-20T16:39:27","modified_gmt":"2026-02-20T21:39:27","slug":"mobility-4-all-m4a","status":"publish","type":"page","link":"https:\/\/www.rtamichigan.org\/es\/planning-policy-programs\/mobility-4-all-m4a","title":{"rendered":"Movilidad para todos (M4A)"},"content":{"rendered":"<div class=\"wp-block-media-text is-stacked-on-mobile\"><figure class=\"wp-block-media-text__media\"><img loading=\"lazy\" decoding=\"async\" width=\"1024\" height=\"740\" src=\"https:\/\/www.rtamichigan.org\/app\/uploads\/2025\/04\/RTA-Logo_Dark-BG-15-1-e1736546667513-1024x740.png\" alt=\"\" class=\"wp-image-293 size-full\" srcset=\"https:\/\/www.rtamichigan.org\/app\/uploads\/2025\/04\/RTA-Logo_Dark-BG-15-1-e1736546667513-1024x740.png 1024w, https:\/\/www.rtamichigan.org\/app\/uploads\/2025\/04\/RTA-Logo_Dark-BG-15-1-e1736546667513-300x217.png 300w, https:\/\/www.rtamichigan.org\/app\/uploads\/2025\/04\/RTA-Logo_Dark-BG-15-1-e1736546667513-768x555.png 768w, https:\/\/www.rtamichigan.org\/app\/uploads\/2025\/04\/RTA-Logo_Dark-BG-15-1-e1736546667513-18x12.png 18w, https:\/\/www.rtamichigan.org\/app\/uploads\/2025\/04\/RTA-Logo_Dark-BG-15-1-e1736546667513.png 1300w\" sizes=\"auto, (max-width: 1024px) 100vw, 1024px\" \/><\/figure><div class=\"wp-block-media-text__content\">\n<p>El programa Movilidad para Todos (M4A) es una iniciativa regional de la RTA para mejorar el transporte p\u00fablico, con especial atenci\u00f3n a las personas con discapacidad, los adultos mayores y las personas con ingresos limitados. Este programa busca garantizar que todas las personas, independientemente de sus capacidades o ingresos, tengan acceso a servicios de transporte seguros, confiables y asequibles para llegar a sus destinos en la regi\u00f3n de los cuatro condados.<br><br><em>La regi\u00f3n de cuatro condados incluye los condados de Oakland, Macomb, Washtenaw y Wayne, incluida la ciudad de Detroit.<\/em><\/p>\n\n\n\n\n    \n\n    \n\n\n<a\n  href=\"#chstp\"\n  target=\"_self\"  class=\"button button--default\"\n  \n>\n        Plan de Movilidad para Todos\n    <\/a>\n<\/div><\/div>\n\n\n\n<hr class=\"wp-block-separator has-alpha-channel-opacity\"\/>\n\n\n\n<p><\/p>\n\n\n\n<h2 class=\"wp-block-heading has-text-align-center\">M4A nos ayuda a todos nosotros y a nuestra comunidad&nbsp;<\/h2>\n\n\n\n<p class=\"has-text-align-center\">El transporte es m\u00e1s que un simple medio de transporte: es una puerta de entrada a oportunidades. Para muchos en nuestra regi\u00f3n, el acceso a un transporte confiable significa participar en actividades sociales, asistir a citas m\u00e9dicas o encontrar empleo. M4A se centra en tres grupos de personas con necesidades que otros servicios de transporte podr\u00edan no atender:<\/p>\n\n\n\n<div class=\"wp-block-columns is-layout-flex wp-container-core-columns-is-layout-9d6595d7 wp-block-columns-is-layout-flex\">\n<div class=\"wp-block-column is-layout-flow wp-block-column-is-layout-flow\">\n<h4 class=\"wp-block-heading\"><strong>Personas con discapacidad<\/strong><\/h4>\n\n\n\n<p>Asista a reuniones p\u00fablicas, reuniones de comit\u00e9s o eventos para compartir sus necesidades y sugerencias. \u00a1Participe con la RTA en nuestras encuestas!<\/p>\n<\/div>\n\n\n\n<div class=\"wp-block-column is-layout-flow wp-block-column-is-layout-flow\">\n<h4 class=\"wp-block-heading has-text-align-left\"><strong>Adultos mayores <\/strong><\/h4>\n\n\n\n<p>M4A permite a las personas mayores mantener su independencia y permanecer conectadas con sus comunidades a trav\u00e9s del transporte p\u00fablico accesible.<\/p>\n<\/div>\n\n\n\n<div class=\"wp-block-column is-layout-flow wp-block-column-is-layout-flow\">\n<h4 class=\"wp-block-heading\"><strong>Ingresos limitados <\/strong><\/h4>\n\n\n\n<p>M4A promueve soluciones de transporte asequibles que reducen las barreras financieras a la movilidad.<\/p>\n<\/div>\n<\/div>\n\n\n\n<p class=\"has-text-align-center\"><\/p>\n\n\n                            \n                        \n                        \n        \n    \n\n<div class=\"cta cta--default card__animated-link\">\n    <div class=\"cta__content-wrapper\">\n        <div class=\"cta__content\">\n              \n<h2 class=\"h2\">\n      Mi viaje2 \n  <\/h2>\n                    <div class=\"cta__text\"><p>MyRide2 es el servicio de asistencia para la navegaci\u00f3n en transporte p\u00fablico de la regi\u00f3n. \u00bfNecesita ayuda para encontrar transporte o aprender a subir y pagar? MyRide2 est\u00e1 a una llamada o un clic de distancia. Programas como MyRide2 cuentan con el apoyo de M4A.<\/p>\n<\/div>\n                              <div class=\"button-group\">\n            \n\n\n<a\n  href=\"\/es\/how-to-ride\/trip-planning-assistance-myride2\/\"\n    class=\"button button--ghost-dark\"\n  \n>\n        Leer m\u00e1s\n    <\/a>\n          <\/div>\n                  <\/div>\n      <\/div>\n<\/div>\n\n\n<div style=\"height:25px\" aria-hidden=\"true\" class=\"wp-block-spacer\"><\/div>\n\n\n\n<h2 class=\"wp-block-heading has-text-align-center\" id=\"chstp\">Plan de Movilidad para Todos 2025<\/h2>\n\n\n\n<p>El Plan Movilidad para Todos 2025 (M4A) identifica oportunidades para abordar los problemas de transporte regional y satisfacer mejor las necesidades de los pasajeros, permitiendo que las personas viajen al trabajo, a citas m\u00e9dicas y a otras actividades diarias.<br><br>Las oportunidades identificadas en el Plan Movilidad para Todos ayudar\u00e1n a guiar el Plan Coordinado de Transporte de Servicios Humanos (CHSTP) de la RTA durante los pr\u00f3ximos cinco a\u00f1os al priorizar la financiaci\u00f3n y la implementaci\u00f3n de proyectos de transporte en todo el sudeste de Michigan.<\/p>\n\n\n\n\n    \n\n    \n\n\n<a\n  href=\"https:\/\/www.rtamichigan.org\/es\/app\/uploads\/2026\/01\/RTA-M4A-CHSTP_FinalPlan_12052025_clean_508.pdf\/\"\n  target=\"_blank\"  class=\"button button--default\"\n  \n>\n        Plan de Movilidad para Todos\n    <\/a>\n\n\n\n<div class=\"wp-block-columns is-layout-flex wp-container-core-columns-is-layout-9d6595d7 wp-block-columns-is-layout-flex\">\n<div class=\"wp-block-column is-layout-flow wp-block-column-is-layout-flow\">\n<h4 class=\"wp-block-heading\"><strong>Documentos t\u00e9cnicos<\/strong><\/h4>\n\n\n\n<ul class=\"wp-block-list\">\n<li><a href=\"https:\/\/www.rtamichigan.org\/es\/app\/uploads\/2026\/01\/RTA-M4A-Executive-Summary_12152025_ADA.pdf\/\">Resumen ejecutivo 2025<\/a><\/li>\n\n\n\n<li><a href=\"\/es\/app\/uploads\/2025\/06\/Appendix-B-Service-Inventory.pdf\/\" target=\"_blank\" rel=\"noreferrer noopener\">Ap\u00e9ndice A: Materiales del TWG<\/a><\/li>\n\n\n\n<li><a href=\"\/es\/app\/uploads\/2025\/06\/Appendix-B-Service-Inventory.pdf\/\" target=\"_blank\" rel=\"noreferrer noopener\">Ap\u00e9ndice B: Memor\u00e1ndum sobre las condiciones existentes<\/a><\/li>\n\n\n\n<li><a href=\"https:\/\/www.rtamichigan.org\/es\/app\/uploads\/2026\/01\/AppC_Funding-Overview-Tech-Memo_508_10102025-1.pdf\/\">Ap\u00e9ndice C: Memor\u00e1ndum de resumen de financiaci\u00f3n<\/a><\/li>\n\n\n\n<li><a href=\"https:\/\/www.rtamichigan.org\/es\/app\/uploads\/2026\/01\/AppD_User-Overview-Technical-Memo_508_10092025-1.pdf\/\">Ap\u00e9ndice D: Memo de descripci\u00f3n general del usuario<\/a><\/li>\n\n\n\n<li><a href=\"https:\/\/www.rtamichigan.org\/es\/app\/uploads\/2026\/01\/AppE1_Fall-Engagement-Summary-Memo_12302025_PF-acc.pdf\/\" target=\"_blank\" rel=\"noreferrer noopener\">Ap\u00e9ndice E1: Memorando de compromiso de oto\u00f1o de 2025<\/a><\/li>\n\n\n\n<li><a href=\"https:\/\/www.rtamichigan.org\/es\/app\/uploads\/2026\/01\/AppE2_M4A-Engagement-Summary-Memo-Summer_12152025_ADA1344.pdf\/\" target=\"_blank\" rel=\"noreferrer noopener\">Ap\u00e9ndice E2: Memorando de compromiso del verano de 2025<\/a><\/li>\n<\/ul>\n<\/div>\n\n\n\n<div class=\"wp-block-column is-layout-flow wp-block-column-is-layout-flow\">\n<h4 class=\"wp-block-heading\">Plan de Gesti\u00f3n del Programa M4A<\/h4>\n\n\n\n<p>El plan de gesti\u00f3n del programa Movilidad para Todos describe el enfoque de la RTA para financiar las futuras necesidades de transporte y garantizar la integraci\u00f3n y coordinaci\u00f3n entre diversos modos y proveedores de transporte. Este documento describe un enfoque regional para la gesti\u00f3n del programa de la Secci\u00f3n 5310 en el sureste de Michigan.<\/p>\n\n\n\n\n    \n\n    \n\n\n<a\n  href=\"https:\/\/www.rtamichigan.org\/es\/app\/uploads\/2026\/01\/RTA-M4A-Program-Management-Plan-PMP.pdf\/\"\n  target=\"_blank\"  class=\"button button--default\"\n  \n>\n        Plan de Gesti\u00f3n del Programa M4A\n    <\/a>\n<\/div>\n<\/div>\n\n\n\n<hr class=\"wp-block-separator has-alpha-channel-opacity\"\/>\n\n\n\n<h2 class=\"wp-block-heading has-text-align-center\">Acerca de Mobility 4 All<\/h2>\n\n\n\n<p>La RTA y sus socios regionales mantienen el plan Movilidad para Todos (M4A). Este plan coordina nuestros recursos, energ\u00eda y estrategias para facilitar el acceso al transporte a adultos mayores, personas con discapacidad y personas de bajos ingresos.<\/p>\n\n\n\n<p>El M4A cumple con los requisitos establecidos por la Administraci\u00f3n Federal de Tr\u00e1nsito (FTA) para un Plan Coordinado de Transporte de Servicios Humanos (CHSTP) y garantiza que la regi\u00f3n tenga acceso a los fondos federales y estatales disponibles. El Plan M4A es necesario para la financiaci\u00f3n federal del programa de Transporte para Personas Mayores y Personas con Discapacidad (FTA, Secci\u00f3n 5310). Los objetivos y estrategias del Plan M4A se utilizan para determinar la selecci\u00f3n y financiaci\u00f3n de proyectos bajo el Programa de Financiamiento M4A.<br><br>El programa Mobility 4 All ofrece oportunidades de financiamiento para agencias locales, organizaciones sin fines de lucro y proveedores de transporte que se alinean con los objetivos del programa para mejorar los servicios existentes, aumentar la conectividad de los servicios de tr\u00e1nsito, simplificar el uso del tr\u00e1nsito y hacer crecer el tr\u00e1nsito de atenci\u00f3n m\u00e9dica mientras se preparan recursos para el futuro.<\/p>\n\n\n\n<div class=\"wp-block-columns is-layout-flex wp-container-core-columns-is-layout-9d6595d7 wp-block-columns-is-layout-flex\">\n<div class=\"wp-block-column is-layout-flow wp-block-column-is-layout-flow\">\n\n    \n\n    \n\n\n<a\n  href=\"\/es\/planning-policy-programs\/m4a-grants\/\"\n  target=\"_self\"  class=\"button button--default\"\n  \n>\n        Financiaci\u00f3n de Movilidad para Todos\n    <\/a>\n<\/div>\n\n\n\n<div class=\"wp-block-column is-layout-flow wp-block-column-is-layout-flow\">\n\n    \n\n    \n\n\n<a\n  href=\"https:\/\/www.rtamichigan.org\/es\/planning-policy-programs\/m4a-grants\/\"\n  target=\"_self\"  class=\"button button--default\"\n  \n>\n        Subvenciones M4A\n    <\/a>\n<\/div>\n\n\n\n<div class=\"wp-block-column is-layout-flow wp-block-column-is-layout-flow\">\n\n    \n\n    \n\n\n<a\n  href=\"https:\/\/www.rtamichigan.org\/es\/app\/uploads\/2025\/09\/M4A_NOA_Revised_09262025.pdf\/\"\n  target=\"_blank\"  class=\"button button--default\"\n  \n>\n        Adjudicatarios de la Secci\u00f3n 5310\n    <\/a>\n<\/div>\n<\/div>\n\n\n\n<hr class=\"wp-block-separator has-alpha-channel-opacity\"\/>\n\n\n\n<div class=\"wp-block-columns is-layout-flex wp-container-core-columns-is-layout-9d6595d7 wp-block-columns-is-layout-flex\">\n<div class=\"wp-block-column is-layout-flow wp-block-column-is-layout-flow\">\n<h2 class=\"wp-block-heading has-text-align-left\">C\u00f3mo impacta M4A a nuestra regi\u00f3n<\/h2>\n\n\n\n<ol class=\"wp-block-list\">\n<li>Desarrolla alianzas para infraestructura f\u00edsica de apoyo<\/li>\n\n\n\n<li>Aumenta la movilidad local y regional<\/li>\n\n\n\n<li>Mejora la coordinaci\u00f3n entre proveedores<\/li>\n\n\n\n<li>Aumenta el conocimiento de los servicios existentes<\/li>\n\n\n\n<li>Agiliza la financiaci\u00f3n y la presentaci\u00f3n de informes<\/li>\n<\/ol>\n<\/div>\n\n\n\n<div class=\"wp-block-column is-layout-flow wp-block-column-is-layout-flow\"><div class=\"wp-block-image\">\n<figure class=\"aligncenter size-full is-resized\"><img loading=\"lazy\" decoding=\"async\" width=\"2000\" height=\"1333\" src=\"https:\/\/www.rtamichigan.org\/app\/uploads\/2025\/04\/AAATA-Aride-Lift.jpg\" alt=\"Someone in a wheelchair making their way onto a bus\" class=\"wp-image-307\" style=\"width:525px\" srcset=\"https:\/\/www.rtamichigan.org\/app\/uploads\/2025\/04\/AAATA-Aride-Lift.jpg 2000w, https:\/\/www.rtamichigan.org\/app\/uploads\/2025\/04\/AAATA-Aride-Lift-300x200.jpg 300w, https:\/\/www.rtamichigan.org\/app\/uploads\/2025\/04\/AAATA-Aride-Lift-1024x682.jpg 1024w, https:\/\/www.rtamichigan.org\/app\/uploads\/2025\/04\/AAATA-Aride-Lift-768x512.jpg 768w, https:\/\/www.rtamichigan.org\/app\/uploads\/2025\/04\/AAATA-Aride-Lift-1536x1024.jpg 1536w, https:\/\/www.rtamichigan.org\/app\/uploads\/2025\/04\/AAATA-Aride-Lift-18x12.jpg 18w\" sizes=\"auto, (max-width: 2000px) 100vw, 2000px\" \/><\/figure>\n<\/div><\/div>\n<\/div>\n\n\n\n<div class=\"wp-block-columns is-layout-flex wp-container-core-columns-is-layout-9d6595d7 wp-block-columns-is-layout-flex\">\n<div class=\"wp-block-column is-layout-flow wp-block-column-is-layout-flow\">\n<figure class=\"wp-block-image size-full is-resized\"><img loading=\"lazy\" decoding=\"async\" width=\"1882\" height=\"2560\" src=\"https:\/\/www.rtamichigan.org\/app\/uploads\/2025\/10\/IMG_8565-2-scaled-e1761078965343.jpeg\" alt=\"\" class=\"wp-image-2895\" style=\"width:499px;height:auto\" srcset=\"https:\/\/www.rtamichigan.org\/app\/uploads\/2025\/10\/IMG_8565-2-scaled-e1761078965343.jpeg 1882w, https:\/\/www.rtamichigan.org\/app\/uploads\/2025\/10\/IMG_8565-2-scaled-e1761078965343-221x300.jpeg 221w, https:\/\/www.rtamichigan.org\/app\/uploads\/2025\/10\/IMG_8565-2-scaled-e1761078965343-753x1024.jpeg 753w, https:\/\/www.rtamichigan.org\/app\/uploads\/2025\/10\/IMG_8565-2-scaled-e1761078965343-768x1045.jpeg 768w, https:\/\/www.rtamichigan.org\/app\/uploads\/2025\/10\/IMG_8565-2-scaled-e1761078965343-1129x1536.jpeg 1129w, https:\/\/www.rtamichigan.org\/app\/uploads\/2025\/10\/IMG_8565-2-scaled-e1761078965343-1506x2048.jpeg 1506w, https:\/\/www.rtamichigan.org\/app\/uploads\/2025\/10\/IMG_8565-2-scaled-e1761078965343-9x12.jpeg 9w\" sizes=\"auto, (max-width: 1882px) 100vw, 1882px\" \/><\/figure>\n<\/div>\n\n\n\n<div class=\"wp-block-column is-layout-flow wp-block-column-is-layout-flow\">\n<h2 class=\"wp-block-heading has-text-align-left\">\u00bfC\u00f3mo puedo participar?<\/h2>\n\n\n\n<h4 class=\"wp-block-heading\"><strong>Aporte de la comunidad <\/strong><\/h4>\n\n\n\n<p>Asistir a reuniones p\u00fablicas, reuniones de comit\u00e9s o compromisos para <a href=\"#draftplan\">Comparte tus necesidades y sugerencias<\/a>. Interact\u00fae con la RTA en nuestras encuestas.<\/p>\n\n\n\n<h4 class=\"wp-block-heading has-text-align-left\"><strong>Asociaciones <\/strong><\/h4>\n\n\n\n<p class=\"has-text-align-left\">Las organizaciones pueden colaborar con el programa para prestar servicios o participar en proyectos piloto. <a href=\"https:\/\/www.rtamichigan.org\/es\/contact-us\/\">Cont\u00e1ctanos para m\u00e1s informaci\u00f3n<\/a>.<\/p>\n\n\n\n<h4 class=\"wp-block-heading\"><strong>Defensa <\/strong><\/h4>\n\n\n\n<p class=\"has-text-align-left\"><a href=\"https:\/\/www.rtamichigan.org\/es\/planning-policy-programs\/policy-research\/\">Concientizar<\/a> sobre la importancia del transporte accesible y apoyar las iniciativas del programa.<\/p>\n\n\n\n<h4 class=\"wp-block-heading\">Utilice el transporte p\u00fablico<\/h4>\n\n\n\n<p>Aprender <a href=\"https:\/\/www.rtamichigan.org\/es\/how-to-ride\/\">C\u00f3mo montar<\/a> \u00a1Y sube a bordo!<\/p>\n<\/div>\n<\/div>\n\n\n\n<hr class=\"wp-block-separator has-alpha-channel-opacity\"\/>\n\n\n\n<h3 class=\"wp-block-heading has-text-align-left\">Planes archivados<\/h3>\n\n\n\n<p><a href=\"https:\/\/www.rtamichigan.org\/es\/app\/uploads\/2025\/06\/OnHand-draft-final-report-12.03.20-CLEAN.pdf\/\" target=\"_blank\" rel=\"noreferrer noopener\">OnHand: Ampliaci\u00f3n del acceso al transporte en el sureste de Michigan<\/a> (2020)<\/p>\n\n\n\n<ol class=\"wp-block-list\">\n<li><a href=\"https:\/\/www.rtamichigan.org\/es\/app\/uploads\/2025\/06\/Appendix-B-Service-Inventory.pdf\/\" target=\"_blank\" rel=\"noreferrer noopener\">Ap\u00e9ndice A: An\u00e1lisis de mercado<\/a><\/li>\n\n\n\n<li><a href=\"https:\/\/www.rtamichigan.org\/es\/app\/uploads\/2025\/06\/Appendix-B-Service-Inventory.pdf\/\" target=\"_blank\" rel=\"noreferrer noopener\">Ap\u00e9ndice B: Inventario de servicios<\/a><\/li>\n\n\n\n<li><a href=\"https:\/\/www.rtamichigan.org\/es\/app\/uploads\/2025\/06\/Appendix-C-Funding-Inventory-Tech-Memo.pdf\/\" target=\"_blank\" rel=\"noreferrer noopener\">Ap\u00e9ndice C: An\u00e1lisis del financiamiento del transporte p\u00fablico<\/a>&nbsp;<\/li>\n\n\n\n<li><a href=\"https:\/\/www.rtamichigan.org\/es\/app\/uploads\/2025\/06\/Appendix-D-RTA-of-EM-Strategy-Booklet.pdf\/\" target=\"_blank\" rel=\"noreferrer noopener\">Ap\u00e9ndice D: Estrategias recomendadas<\/a>&nbsp;<\/li>\n\n\n\n<li><a href=\"https:\/\/www.rtamichigan.org\/es\/app\/uploads\/2025\/06\/Appendix-E-Stakeholder-and-Survey-Materials.pdf\/\" target=\"_blank\" rel=\"noreferrer noopener\">Ap\u00e9ndice E: Ap\u00e9ndice de materiales de la encuesta y de las partes interesadas<\/a><\/li>\n\n\n\n<li><a href=\"https:\/\/www.rtamichigan.org\/es\/app\/uploads\/2025\/06\/Appendix-F-TWG-Mtg-Materials.pdf\/\" target=\"_blank\" rel=\"noreferrer noopener\">Ap\u00e9ndice F: Materiales de la reuni\u00f3n del grupo de trabajo t\u00e9cnico<\/a><\/li>\n<\/ol>","protected":false},"excerpt":{"rendered":"<p>M4A nos ayuda a todos y a nuestra comunidad. El transporte es m\u00e1s que un simple medio de transporte: es una puerta de entrada a oportunidades. Para muchos en nuestra regi\u00f3n, el acceso a un transporte confiable [\u2026]<\/p>","protected":false},"author":1,"featured_media":1997,"parent":78,"menu_order":2,"comment_status":"closed","ping_status":"closed","template":"","meta":{"_acf_changed":false,"inline_featured_image":false,"footnotes":""},"class_list":["post-144","page","type-page","status-publish","has-post-thumbnail","hentry"],"acf":[],"yoast_head":"<!-- This site is optimized with the Yoast SEO plugin v24.9 - https:\/\/yoast.com\/wordpress\/plugins\/seo\/ -->\n<title>Mobility 4 All (M4A) - RTA of Southeast Michigan<\/title>\n<meta name=\"robots\" content=\"index, follow, max-snippet:-1, max-image-preview:large, max-video-preview:-1\" \/>\n<link rel=\"canonical\" href=\"https:\/\/www.rtamichigan.org\/es\/planning-policy-programs\/mobility-4-all-m4a\/\" \/>\n<meta property=\"og:locale\" content=\"es_MX\" \/>\n<meta property=\"og:type\" content=\"article\" \/>\n<meta property=\"og:title\" content=\"Mobility 4 All (M4A) - RTA of Southeast Michigan\" \/>\n<meta property=\"og:description\" content=\"M4A Helps All of Us and Our Community&nbsp; Transportation is more than just a way to get around\u2014it&#8217;s a gateway to opportunity. For many in our region, access to reliable [&hellip;]\" \/>\n<meta property=\"og:url\" content=\"https:\/\/www.rtamichigan.org\/es\/planning-policy-programs\/mobility-4-all-m4a\/\" \/>\n<meta property=\"og:site_name\" content=\"RTA of Southeast Michigan\" \/>\n<meta property=\"article:publisher\" content=\"https:\/\/www.facebook.com\/rtamichigan\/\" \/>\n<meta property=\"article:modified_time\" content=\"2026-02-20T21:39:27+00:00\" \/>\n<meta property=\"og:image\" content=\"https:\/\/www.rtamichigan.org\/app\/uploads\/2025\/06\/QLINEStreetcarDay2022-13-scaled-e1752764928417.jpg\" \/>\n\t<meta property=\"og:image:width\" content=\"2398\" \/>\n\t<meta property=\"og:image:height\" content=\"388\" \/>\n\t<meta property=\"og:image:type\" content=\"image\/jpeg\" \/>\n<meta name=\"twitter:card\" content=\"summary_large_image\" \/>\n<meta name=\"twitter:site\" content=\"@rtamichigan\" \/>\n<meta name=\"twitter:label1\" content=\"Est. reading time\" \/>\n\t<meta name=\"twitter:data1\" content=\"4 minutes\" \/>\n<script type=\"application\/ld+json\" class=\"yoast-schema-graph\">{\"@context\":\"https:\/\/schema.org\",\"@graph\":[{\"@type\":\"WebPage\",\"@id\":\"https:\/\/www.rtamichigan.org\/planning-policy-programs\/mobility-4-all-m4a\",\"url\":\"https:\/\/www.rtamichigan.org\/planning-policy-programs\/mobility-4-all-m4a\",\"name\":\"Mobility 4 All (M4A) - RTA of Southeast Michigan\",\"isPartOf\":{\"@id\":\"https:\/\/www.rtamichigan.org\/#website\"},\"primaryImageOfPage\":{\"@id\":\"https:\/\/www.rtamichigan.org\/planning-policy-programs\/mobility-4-all-m4a#primaryimage\"},\"image\":{\"@id\":\"https:\/\/www.rtamichigan.org\/planning-policy-programs\/mobility-4-all-m4a#primaryimage\"},\"thumbnailUrl\":\"https:\/\/www.rtamichigan.org\/app\/uploads\/2025\/06\/QLINEStreetcarDay2022-13-scaled-e1752764928417.jpg\",\"datePublished\":\"2025-04-17T19:45:32+00:00\",\"dateModified\":\"2026-02-20T21:39:27+00:00\",\"breadcrumb\":{\"@id\":\"https:\/\/www.rtamichigan.org\/planning-policy-programs\/mobility-4-all-m4a#breadcrumb\"},\"inLanguage\":\"es-MX\",\"potentialAction\":[{\"@type\":\"ReadAction\",\"target\":[\"https:\/\/www.rtamichigan.org\/planning-policy-programs\/mobility-4-all-m4a\"]}]},{\"@type\":\"ImageObject\",\"inLanguage\":\"es-MX\",\"@id\":\"https:\/\/www.rtamichigan.org\/planning-policy-programs\/mobility-4-all-m4a#primaryimage\",\"url\":\"https:\/\/www.rtamichigan.org\/app\/uploads\/2025\/06\/QLINEStreetcarDay2022-13-scaled-e1752764928417.jpg\",\"contentUrl\":\"https:\/\/www.rtamichigan.org\/app\/uploads\/2025\/06\/QLINEStreetcarDay2022-13-scaled-e1752764928417.jpg\",\"width\":2398,\"height\":388,\"caption\":\"A bus full of people on a QLINE street car\"},{\"@type\":\"BreadcrumbList\",\"@id\":\"https:\/\/www.rtamichigan.org\/planning-policy-programs\/mobility-4-all-m4a#breadcrumb\",\"itemListElement\":[{\"@type\":\"ListItem\",\"position\":1,\"name\":\"Home\",\"item\":\"https:\/\/www.rtamichigan.org\/\"},{\"@type\":\"ListItem\",\"position\":2,\"name\":\"Planning, Policy &amp; Programs\",\"item\":\"http:\/\/www.rtamichigan.org\/planning-policy-programs\"},{\"@type\":\"ListItem\",\"position\":3,\"name\":\"Mobility 4 All (M4A)\"}]},{\"@type\":\"WebSite\",\"@id\":\"https:\/\/www.rtamichigan.org\/#website\",\"url\":\"https:\/\/www.rtamichigan.org\/\",\"name\":\"RTA of Southeast Michigan\",\"description\":\"Get on Board!\",\"potentialAction\":[{\"@type\":\"SearchAction\",\"target\":{\"@type\":\"EntryPoint\",\"urlTemplate\":\"https:\/\/www.rtamichigan.org\/?s={search_term_string}\"},\"query-input\":{\"@type\":\"PropertyValueSpecification\",\"valueRequired\":true,\"valueName\":\"search_term_string\"}}],\"inLanguage\":\"es-MX\"}]}<\/script>\n<!-- \/ Yoast SEO plugin. -->","yoast_head_json":{"title":"Movilidad para todos (M4A) - RTA del sureste de Michigan","robots":{"index":"index","follow":"follow","max-snippet":"max-snippet:-1","max-image-preview":"max-image-preview:large","max-video-preview":"max-video-preview:-1"},"canonical":"https:\/\/www.rtamichigan.org\/es\/planning-policy-programs\/mobility-4-all-m4a\/","og_locale":"es_MX","og_type":"article","og_title":"Mobility 4 All (M4A) - RTA of Southeast Michigan","og_description":"M4A Helps All of Us and Our Community&nbsp; Transportation is more than just a way to get around\u2014it&#8217;s a gateway to opportunity. For many in our region, access to reliable [&hellip;]","og_url":"https:\/\/www.rtamichigan.org\/es\/planning-policy-programs\/mobility-4-all-m4a\/","og_site_name":"RTA of Southeast Michigan","article_publisher":"https:\/\/www.facebook.com\/rtamichigan\/","article_modified_time":"2026-02-20T21:39:27+00:00","og_image":[{"width":2398,"height":388,"url":"https:\/\/www.rtamichigan.org\/app\/uploads\/2025\/06\/QLINEStreetcarDay2022-13-scaled-e1752764928417.jpg","type":"image\/jpeg"}],"twitter_card":"summary_large_image","twitter_site":"@rtamichigan","twitter_misc":{"Est. reading time":"4 minutes"},"schema":{"@context":"https:\/\/schema.org","@graph":[{"@type":"WebPage","@id":"https:\/\/www.rtamichigan.org\/planning-policy-programs\/mobility-4-all-m4a","url":"https:\/\/www.rtamichigan.org\/planning-policy-programs\/mobility-4-all-m4a","name":"Movilidad para todos (M4A) - RTA del sureste de Michigan","isPartOf":{"@id":"https:\/\/www.rtamichigan.org\/#website"},"primaryImageOfPage":{"@id":"https:\/\/www.rtamichigan.org\/planning-policy-programs\/mobility-4-all-m4a#primaryimage"},"image":{"@id":"https:\/\/www.rtamichigan.org\/planning-policy-programs\/mobility-4-all-m4a#primaryimage"},"thumbnailUrl":"https:\/\/www.rtamichigan.org\/app\/uploads\/2025\/06\/QLINEStreetcarDay2022-13-scaled-e1752764928417.jpg","datePublished":"2025-04-17T19:45:32+00:00","dateModified":"2026-02-20T21:39:27+00:00","breadcrumb":{"@id":"https:\/\/www.rtamichigan.org\/planning-policy-programs\/mobility-4-all-m4a#breadcrumb"},"inLanguage":"es-MX","potentialAction":[{"@type":"ReadAction","target":["https:\/\/www.rtamichigan.org\/planning-policy-programs\/mobility-4-all-m4a"]}]},{"@type":"ImageObject","inLanguage":"es-MX","@id":"https:\/\/www.rtamichigan.org\/planning-policy-programs\/mobility-4-all-m4a#primaryimage","url":"https:\/\/www.rtamichigan.org\/app\/uploads\/2025\/06\/QLINEStreetcarDay2022-13-scaled-e1752764928417.jpg","contentUrl":"https:\/\/www.rtamichigan.org\/app\/uploads\/2025\/06\/QLINEStreetcarDay2022-13-scaled-e1752764928417.jpg","width":2398,"height":388,"caption":"A bus full of people on a QLINE street car"},{"@type":"BreadcrumbList","@id":"https:\/\/www.rtamichigan.org\/planning-policy-programs\/mobility-4-all-m4a#breadcrumb","itemListElement":[{"@type":"ListItem","position":1,"name":"Home","item":"https:\/\/www.rtamichigan.org\/"},{"@type":"ListItem","position":2,"name":"Planning, Policy &amp; Programs","item":"http:\/\/www.rtamichigan.org\/planning-policy-programs"},{"@type":"ListItem","position":3,"name":"Mobility 4 All (M4A)"}]},{"@type":"WebSite","@id":"https:\/\/www.rtamichigan.org\/#website","url":"https:\/\/www.rtamichigan.org\/","name":"RTA del sureste de Michigan","description":"\u00a1Sube a bordo!","potentialAction":[{"@type":"SearchAction","target":{"@type":"EntryPoint","urlTemplate":"https:\/\/www.rtamichigan.org\/?s={search_term_string}"},"query-input":{"@type":"PropertyValueSpecification","valueRequired":true,"valueName":"search_term_string"}}],"inLanguage":"es-MX"}]}},"publishpress_future_action":{"enabled":false,"date":"2026-04-28 08:23:41","action":"change-status","newStatus":"draft","terms":[],"taxonomy":"","extraData":[]},"publishpress_future_workflow_manual_trigger":{"enabledWorkflows":[]},"_links":{"self":[{"href":"https:\/\/www.rtamichigan.org\/es\/wp-json\/wp\/v2\/pages\/144","targetHints":{"allow":["GET"]}}],"collection":[{"href":"https:\/\/www.rtamichigan.org\/es\/wp-json\/wp\/v2\/pages"}],"about":[{"href":"https:\/\/www.rtamichigan.org\/es\/wp-json\/wp\/v2\/types\/page"}],"author":[{"embeddable":true,"href":"https:\/\/www.rtamichigan.org\/es\/wp-json\/wp\/v2\/users\/1"}],"replies":[{"embeddable":true,"href":"https:\/\/www.rtamichigan.org\/es\/wp-json\/wp\/v2\/comments?post=144"}],"version-history":[{"count":78,"href":"https:\/\/www.rtamichigan.org\/es\/wp-json\/wp\/v2\/pages\/144\/revisions"}],"predecessor-version":[{"id":3589,"href":"https:\/\/www.rtamichigan.org\/es\/wp-json\/wp\/v2\/pages\/144\/revisions\/3589"}],"up":[{"embeddable":true,"href":"https:\/\/www.rtamichigan.org\/es\/wp-json\/wp\/v2\/pages\/78"}],"wp:featuredmedia":[{"embeddable":true,"href":"https:\/\/www.rtamichigan.org\/es\/wp-json\/wp\/v2\/media\/1997"}],"wp:attachment":[{"href":"https:\/\/www.rtamichigan.org\/es\/wp-json\/wp\/v2\/media?parent=144"}],"curies":[{"name":"gracias","href":"https:\/\/api.w.org\/{rel}","templated":true}]}}