{"id":140,"date":"2025-04-17T14:43:54","date_gmt":"2025-04-17T19:43:54","guid":{"rendered":"https:\/\/www.rtamichigan.org\/?page_id=140"},"modified":"2025-07-21T17:39:29","modified_gmt":"2025-07-21T22:39:29","slug":"accessibility-services","status":"publish","type":"page","link":"https:\/\/www.rtamichigan.org\/es\/how-to-ride\/accessibility-services","title":{"rendered":"Servicios de accesibilidad"},"content":{"rendered":"<p>Nuestro sistema de transporte ofrece opciones para personas mayores y personas con discapacidad, pero puede resultar intimidante. Todos los servicios de ruta fija son accesibles y cumplen con los requisitos de la Ley de Estadounidenses con Discapacidades (ADA). Las rutas fijas son servicios con horarios y rutas establecidos, frecuentes, con servicio el mismo d\u00eda y sin necesidad de reserva. Adem\u00e1s de las rutas fijas, tambi\u00e9n existen servicios a demanda y paratr\u00e1nsito. Muchos de estos servicios requieren reserva previa. Suelen ofrecerse tarifas con descuento para personas mayores y personas con discapacidad que cumplen los requisitos.<\/p>\n\n\n\n<hr class=\"wp-block-separator has-alpha-channel-opacity\"\/>\n\n\n\n<div class=\"wp-block-media-text is-stacked-on-mobile\"><figure class=\"wp-block-media-text__media\"><img loading=\"lazy\" decoding=\"async\" width=\"510\" height=\"337\" src=\"https:\/\/www.rtamichigan.org\/app\/uploads\/2025\/06\/Screenshot-2025-06-05-at-1.52.58\u202fPM.png\" alt=\"\" class=\"wp-image-1352 size-full\" srcset=\"https:\/\/www.rtamichigan.org\/app\/uploads\/2025\/06\/Screenshot-2025-06-05-at-1.52.58\u202fPM.png 510w, https:\/\/www.rtamichigan.org\/app\/uploads\/2025\/06\/Screenshot-2025-06-05-at-1.52.58\u202fPM-300x198.png 300w, https:\/\/www.rtamichigan.org\/app\/uploads\/2025\/06\/Screenshot-2025-06-05-at-1.52.58\u202fPM-18x12.png 18w\" sizes=\"auto, (max-width: 510px) 100vw, 510px\" \/><\/figure><div class=\"wp-block-media-text__content\">\n<p><\/p>\n\n\n\n<h2 class=\"wp-block-heading\">Asistencia de viaje MyRide2<\/h2>\n\n\n\n<p>Los gestores de movilidad de MyRide2 le ayudan a coordinar los servicios necesarios para llegar a su destino durante todo su viaje. \u00bfNecesita ayuda para encontrar transporte o aprender a subir y pagar? Llame gratis al 855-myride2 (697-4332) si tiene alguna pregunta o para solicitar un viaje. Nuestros gestores de movilidad capacitados ofrecen este servicio de lunes a viernes, de 8:00 a. m. a 4:00 p. m.<\/p>\n\n\n\n\n    \n\n    \n\n\n<a\n  href=\"\/es\/how-to-ride\/trip-planning-assistance-myride2\/\"\n  target=\"_self\"  class=\"button button--default\"\n  \n>\n        Mi viaje2\n    <\/a>\n\n\n\n<p><\/p>\n<\/div><\/div>\n\n\n\n<hr class=\"wp-block-separator has-alpha-channel-opacity\"\/>\n\n\n\n<h2 class=\"wp-block-heading\">Funciones de accesibilidad<\/h2>\n\n\n\n<div class=\"wp-block-columns is-layout-flex wp-container-core-columns-is-layout-9d6595d7 wp-block-columns-is-layout-flex\">\n<div class=\"wp-block-column is-layout-flow wp-block-column-is-layout-flow\">\n<h4 class=\"wp-block-heading\">Ciego o con baja visi\u00f3n<\/h4>\n\n\n\n<ul class=\"wp-block-list\">\n<li>Las baldosas texturizadas indican el borde de la plataforma.<\/li>\n\n\n\n<li>Disponemos de carteles en braille y con letras en relieve.<\/li>\n\n\n\n<li>Anuncios de audio para llegadas y salidas mientras viaja en rutas fijas TheRide, DDOT y SMART.<\/li>\n\n\n\n<li>Se permiten animales de servicio en todas las rutas fijas y servicios de paratr\u00e1nsito.<\/li>\n<\/ul>\n\n\n\n<p><\/p>\n\n\n\n<p><\/p>\n\n\n\n<h4 class=\"wp-block-heading\">Deterioro cognitivo<\/h4>\n\n\n\n<ul class=\"wp-block-list\">\n<li>Los gestores de movilidad y formaci\u00f3n de conductores responden a tus preguntas.<\/li>\n\n\n\n<li>Los materiales del rider utilizan un lenguaje sencillo para mayor claridad.<\/li>\n\n\n\n<li>Mientras viaja, los conductores siempre est\u00e1n aqu\u00ed para ayudar.<\/li>\n<\/ul>\n<\/div>\n\n\n\n<div class=\"wp-block-column is-layout-flow wp-block-column-is-layout-flow\">\n<h4 class=\"wp-block-heading\">Sordo o con dificultades auditivas<\/h4>\n\n\n\n<ul class=\"wp-block-list\">\n<li>Las pantallas digitales a lo largo de QLINE, People Mover y los centros de tr\u00e1nsito muestran los tiempos de llegada previstos.<\/li>\n\n\n\n<li>La se\u00f1alizaci\u00f3n en los servicios de ruta fija muestra las pr\u00f3ximas estaciones.<\/li>\n<\/ul>\n\n\n\n<p><\/p>\n\n\n\n<p><\/p>\n\n\n\n<h4 class=\"wp-block-heading\">Movilidad limitada<\/h4>\n\n\n\n<ul class=\"wp-block-list\">\n<li>Los servicios de ruta fija incluyen asientos prioritarios para pasajeros con movilidad limitada, as\u00ed como espacio para dispositivos de movilidad.<\/li>\n\n\n\n<li>Los servicios de ruta fija est\u00e1n equipados con rampas de embarque, elevadores el\u00e9ctricos o son autobuses de piso bajo \u201carrodillados\u201d, seg\u00fan el proveedor y el servicio.<\/li>\n\n\n\n<li>Adaptive MoGo ofrece triciclos reclinados, triciclos de carga verticales, triciclos de mano, bicicletas t\u00e1ndem, triciclos t\u00e1ndem, cuadriciclos uno al lado del otro y una bicicleta de caja.<\/li>\n<\/ul>\n<\/div>\n<\/div>\n\n\n\n<hr class=\"wp-block-separator has-alpha-channel-opacity\"\/>\n\n\n\n<h2 class=\"wp-block-heading\">Proveedores de transporte p\u00fablico<\/h2>\n\n\n\n<p>Los tres principales proveedores de transporte p\u00fablico tambi\u00e9n ofrecen servicios de transporte exclusivos para personas mayores y con discapacidad dentro de sus \u00e1reas de servicio. Los usuarios deben completar una solicitud para viajar.<\/p>\n\n\n\n<figure class=\"wp-block-table\"><table class=\"has-fixed-layout\"><tbody><tr><td><strong>TheRide\u2014AAATA <\/strong><br>(734) 973-1611<br><br><a href=\"https:\/\/www.theride.org\/services\/ride-eligibility\">A-Ride<br><\/a><a href=\"https:\/\/www.theride.org\/services\/accessible-senior-service\">Otros servicios&nbsp;<\/a><\/td><td><strong>Departamento de Transporte de los Estados Unidos<\/strong> <br>(313) 933-1300&nbsp;<br><br><a href=\"https:\/\/detroitmi.gov\/departments\/detroit-department-transportation\/detroit-paratransit\">DDOT ahora<\/a><\/td><td><strong>ELEGANTE<\/strong> <br>(866) 962-5515<br><br><a href=\"https:\/\/www.smartbus.org\/Services\/ADA-Service\">Paratr\u00e1nsito ADA<br><\/a><a href=\"https:\/\/www.smartbus.org\/Services\/Services-By-Community\">Tr\u00e1nsito comunitario<br><\/a><a href=\"https:\/\/www.smartbus.org\/Services\/Connector\">Conector SMART<\/a><\/td><\/tr><\/tbody><\/table><\/figure>\n\n\n\n<p>Hay tarifas reducidas disponibles para personas mayores y personas con discapacidad que cumplan los requisitos. Para solicitarlas, contacte con un proveedor de servicios de viaje.<\/p>\n\n\n\n<div class=\"wp-block-columns is-layout-flex wp-container-core-columns-is-layout-9d6595d7 wp-block-columns-is-layout-flex\">\n<div class=\"wp-block-column is-layout-flow wp-block-column-is-layout-flow\">\n<figure class=\"wp-block-embed aligncenter is-type-video is-provider-youtube wp-block-embed-youtube wp-embed-aspect-16-9 wp-has-aspect-ratio\"><div class=\"wp-block-embed__wrapper\">\n<iframe loading=\"lazy\" title=\"Telesilla de autob\u00fas conector\" width=\"500\" height=\"281\" src=\"https:\/\/www.youtube.com\/embed\/eKuUKm5O13Y?feature=oembed\" frameborder=\"0\" allow=\"accelerometer; autoplay; clipboard-write; encrypted-media; gyroscope; picture-in-picture; web-share\" referrerpolicy=\"strict-origin-when-cross-origin\" allowfullscreen><\/iframe>\n<\/div><\/figure>\n<\/div>\n<\/div>\n\n\n\n<hr class=\"wp-block-separator has-alpha-channel-opacity\"\/>\n\n\n\n<h2 class=\"wp-block-heading\">Movilidad para todos<\/h2>\n\n\n\n<p>Movilidad para Todos (M4A) es una iniciativa de la RTA para mejorar el transporte p\u00fablico para adultos mayores, personas con discapacidad y personas de bajos ingresos. M4A promueve el acceso a un transporte seguro, confiable y asequible en los condados de Oakland, Macomb, Washtenaw y Wayne, incluyendo la ciudad de Detroit.<\/p>\n\n\n\n<h6 class=\"wp-block-heading\"><\/h6>\n\n\n\n\n    \n\n    \n\n\n<a\n  href=\"\/es\/planning-policy-programs\/mobility-4-all-m4a\/\"\n  target=\"_blank\"  class=\"button button--default\"\n  \n>\n        Movilidad para todos\n    <\/a>","protected":false},"excerpt":{"rendered":"<p>Our transportation system offers options for seniors and people with disabilities, but this system can be intimidating. All fixed-route services are accessible and meet the Americans with Disabilities Act (ADA) [&hellip;]<\/p>","protected":false},"author":1,"featured_media":1615,"parent":77,"menu_order":0,"comment_status":"closed","ping_status":"closed","template":"","meta":{"_acf_changed":false,"inline_featured_image":false,"footnotes":""},"class_list":["post-140","page","type-page","status-publish","has-post-thumbnail","hentry"],"acf":[],"yoast_head":"<!-- This site is optimized with the Yoast SEO plugin v24.9 - https:\/\/yoast.com\/wordpress\/plugins\/seo\/ -->\n<title>Accessibility Services - RTA of Southeast Michigan<\/title>\n<meta name=\"robots\" content=\"index, follow, max-snippet:-1, max-image-preview:large, max-video-preview:-1\" \/>\n<link rel=\"canonical\" href=\"https:\/\/www.rtamichigan.org\/es\/how-to-ride\/accessibility-services\/\" \/>\n<meta property=\"og:locale\" content=\"es_MX\" \/>\n<meta property=\"og:type\" content=\"article\" \/>\n<meta property=\"og:title\" content=\"Accessibility Services - RTA of Southeast Michigan\" \/>\n<meta property=\"og:description\" content=\"Our transportation system offers options for seniors and people with disabilities, but this system can be intimidating. All fixed-route services are accessible and meet the Americans with Disabilities Act (ADA) [&hellip;]\" \/>\n<meta property=\"og:url\" content=\"https:\/\/www.rtamichigan.org\/es\/how-to-ride\/accessibility-services\/\" \/>\n<meta property=\"og:site_name\" content=\"RTA of Southeast Michigan\" \/>\n<meta property=\"article:publisher\" content=\"https:\/\/www.facebook.com\/rtamichigan\/\" \/>\n<meta property=\"article:modified_time\" content=\"2025-07-21T22:39:29+00:00\" \/>\n<meta property=\"og:image\" content=\"http:\/\/www.rtamichigan.org\/app\/uploads\/2025\/06\/people_walking.png\" \/>\n\t<meta property=\"og:image:width\" content=\"1964\" \/>\n\t<meta property=\"og:image:height\" content=\"485\" \/>\n\t<meta property=\"og:image:type\" content=\"image\/png\" \/>\n<meta name=\"twitter:card\" content=\"summary_large_image\" \/>\n<meta name=\"twitter:site\" content=\"@rtamichigan\" \/>\n<meta name=\"twitter:label1\" content=\"Est. reading time\" \/>\n\t<meta name=\"twitter:data1\" content=\"3 minutes\" \/>\n<script type=\"application\/ld+json\" class=\"yoast-schema-graph\">{\"@context\":\"https:\/\/schema.org\",\"@graph\":[{\"@type\":\"WebPage\",\"@id\":\"https:\/\/www.rtamichigan.org\/how-to-ride\/accessibility-services\",\"url\":\"https:\/\/www.rtamichigan.org\/how-to-ride\/accessibility-services\",\"name\":\"Accessibility Services - RTA of Southeast Michigan\",\"isPartOf\":{\"@id\":\"https:\/\/www.rtamichigan.org\/#website\"},\"primaryImageOfPage\":{\"@id\":\"https:\/\/www.rtamichigan.org\/how-to-ride\/accessibility-services#primaryimage\"},\"image\":{\"@id\":\"https:\/\/www.rtamichigan.org\/how-to-ride\/accessibility-services#primaryimage\"},\"thumbnailUrl\":\"https:\/\/www.rtamichigan.org\/app\/uploads\/2025\/06\/people_walking.png\",\"datePublished\":\"2025-04-17T19:43:54+00:00\",\"dateModified\":\"2025-07-21T22:39:29+00:00\",\"breadcrumb\":{\"@id\":\"https:\/\/www.rtamichigan.org\/how-to-ride\/accessibility-services#breadcrumb\"},\"inLanguage\":\"es-MX\",\"potentialAction\":[{\"@type\":\"ReadAction\",\"target\":[\"https:\/\/www.rtamichigan.org\/how-to-ride\/accessibility-services\"]}]},{\"@type\":\"ImageObject\",\"inLanguage\":\"es-MX\",\"@id\":\"https:\/\/www.rtamichigan.org\/how-to-ride\/accessibility-services#primaryimage\",\"url\":\"https:\/\/www.rtamichigan.org\/app\/uploads\/2025\/06\/people_walking.png\",\"contentUrl\":\"https:\/\/www.rtamichigan.org\/app\/uploads\/2025\/06\/people_walking.png\",\"width\":1964,\"height\":485,\"caption\":\"people walking next to the bus at a bus station\"},{\"@type\":\"BreadcrumbList\",\"@id\":\"https:\/\/www.rtamichigan.org\/how-to-ride\/accessibility-services#breadcrumb\",\"itemListElement\":[{\"@type\":\"ListItem\",\"position\":1,\"name\":\"Home\",\"item\":\"https:\/\/www.rtamichigan.org\/\"},{\"@type\":\"ListItem\",\"position\":2,\"name\":\"How to Ride\",\"item\":\"https:\/\/www.rtamichigan.org\/how-to-ride\"},{\"@type\":\"ListItem\",\"position\":3,\"name\":\"Accessibility Services\"}]},{\"@type\":\"WebSite\",\"@id\":\"https:\/\/www.rtamichigan.org\/#website\",\"url\":\"https:\/\/www.rtamichigan.org\/\",\"name\":\"RTA of Southeast Michigan\",\"description\":\"Get on Board!\",\"potentialAction\":[{\"@type\":\"SearchAction\",\"target\":{\"@type\":\"EntryPoint\",\"urlTemplate\":\"https:\/\/www.rtamichigan.org\/?s={search_term_string}\"},\"query-input\":{\"@type\":\"PropertyValueSpecification\",\"valueRequired\":true,\"valueName\":\"search_term_string\"}}],\"inLanguage\":\"es-MX\"}]}<\/script>\n<!-- \/ Yoast SEO plugin. -->","yoast_head_json":{"title":"Accessibility Services - RTA of Southeast Michigan","robots":{"index":"index","follow":"follow","max-snippet":"max-snippet:-1","max-image-preview":"max-image-preview:large","max-video-preview":"max-video-preview:-1"},"canonical":"https:\/\/www.rtamichigan.org\/es\/how-to-ride\/accessibility-services\/","og_locale":"es_MX","og_type":"article","og_title":"Accessibility Services - RTA of Southeast Michigan","og_description":"Our transportation system offers options for seniors and people with disabilities, but this system can be intimidating. All fixed-route services are accessible and meet the Americans with Disabilities Act (ADA) [&hellip;]","og_url":"https:\/\/www.rtamichigan.org\/es\/how-to-ride\/accessibility-services\/","og_site_name":"RTA of Southeast Michigan","article_publisher":"https:\/\/www.facebook.com\/rtamichigan\/","article_modified_time":"2025-07-21T22:39:29+00:00","og_image":[{"width":1964,"height":485,"url":"http:\/\/www.rtamichigan.org\/app\/uploads\/2025\/06\/people_walking.png","type":"image\/png"}],"twitter_card":"summary_large_image","twitter_site":"@rtamichigan","twitter_misc":{"Est. reading time":"3 minutes"},"schema":{"@context":"https:\/\/schema.org","@graph":[{"@type":"WebPage","@id":"https:\/\/www.rtamichigan.org\/how-to-ride\/accessibility-services","url":"https:\/\/www.rtamichigan.org\/how-to-ride\/accessibility-services","name":"Accessibility Services - RTA of Southeast Michigan","isPartOf":{"@id":"https:\/\/www.rtamichigan.org\/#website"},"primaryImageOfPage":{"@id":"https:\/\/www.rtamichigan.org\/how-to-ride\/accessibility-services#primaryimage"},"image":{"@id":"https:\/\/www.rtamichigan.org\/how-to-ride\/accessibility-services#primaryimage"},"thumbnailUrl":"https:\/\/www.rtamichigan.org\/app\/uploads\/2025\/06\/people_walking.png","datePublished":"2025-04-17T19:43:54+00:00","dateModified":"2025-07-21T22:39:29+00:00","breadcrumb":{"@id":"https:\/\/www.rtamichigan.org\/how-to-ride\/accessibility-services#breadcrumb"},"inLanguage":"es-MX","potentialAction":[{"@type":"ReadAction","target":["https:\/\/www.rtamichigan.org\/how-to-ride\/accessibility-services"]}]},{"@type":"ImageObject","inLanguage":"es-MX","@id":"https:\/\/www.rtamichigan.org\/how-to-ride\/accessibility-services#primaryimage","url":"https:\/\/www.rtamichigan.org\/app\/uploads\/2025\/06\/people_walking.png","contentUrl":"https:\/\/www.rtamichigan.org\/app\/uploads\/2025\/06\/people_walking.png","width":1964,"height":485,"caption":"people walking next to the bus at a bus station"},{"@type":"BreadcrumbList","@id":"https:\/\/www.rtamichigan.org\/how-to-ride\/accessibility-services#breadcrumb","itemListElement":[{"@type":"ListItem","position":1,"name":"Home","item":"https:\/\/www.rtamichigan.org\/"},{"@type":"ListItem","position":2,"name":"How to Ride","item":"https:\/\/www.rtamichigan.org\/how-to-ride"},{"@type":"ListItem","position":3,"name":"Accessibility Services"}]},{"@type":"WebSite","@id":"https:\/\/www.rtamichigan.org\/#website","url":"https:\/\/www.rtamichigan.org\/","name":"RTA del sureste de Michigan","description":"\u00a1Sube a bordo!","potentialAction":[{"@type":"SearchAction","target":{"@type":"EntryPoint","urlTemplate":"https:\/\/www.rtamichigan.org\/?s={search_term_string}"},"query-input":{"@type":"PropertyValueSpecification","valueRequired":true,"valueName":"search_term_string"}}],"inLanguage":"es-MX"}]}},"publishpress_future_action":{"enabled":false,"date":"2026-04-06 23:37:15","action":"change-status","newStatus":"draft","terms":[],"taxonomy":"","extraData":[]},"publishpress_future_workflow_manual_trigger":{"enabledWorkflows":[]},"_links":{"self":[{"href":"https:\/\/www.rtamichigan.org\/es\/wp-json\/wp\/v2\/pages\/140","targetHints":{"allow":["GET"]}}],"collection":[{"href":"https:\/\/www.rtamichigan.org\/es\/wp-json\/wp\/v2\/pages"}],"about":[{"href":"https:\/\/www.rtamichigan.org\/es\/wp-json\/wp\/v2\/types\/page"}],"author":[{"embeddable":true,"href":"https:\/\/www.rtamichigan.org\/es\/wp-json\/wp\/v2\/users\/1"}],"replies":[{"embeddable":true,"href":"https:\/\/www.rtamichigan.org\/es\/wp-json\/wp\/v2\/comments?post=140"}],"version-history":[{"count":27,"href":"https:\/\/www.rtamichigan.org\/es\/wp-json\/wp\/v2\/pages\/140\/revisions"}],"predecessor-version":[{"id":2312,"href":"https:\/\/www.rtamichigan.org\/es\/wp-json\/wp\/v2\/pages\/140\/revisions\/2312"}],"up":[{"embeddable":true,"href":"https:\/\/www.rtamichigan.org\/es\/wp-json\/wp\/v2\/pages\/77"}],"wp:featuredmedia":[{"embeddable":true,"href":"https:\/\/www.rtamichigan.org\/es\/wp-json\/wp\/v2\/media\/1615"}],"wp:attachment":[{"href":"https:\/\/www.rtamichigan.org\/es\/wp-json\/wp\/v2\/media?parent=140"}],"curies":[{"name":"gracias","href":"https:\/\/api.w.org\/{rel}","templated":true}]}}