{"id":136,"date":"2025-04-17T14:44:14","date_gmt":"2025-04-17T19:44:14","guid":{"rendered":"https:\/\/www.rtamichigan.org\/?page_id=136"},"modified":"2025-07-21T17:38:17","modified_gmt":"2025-07-21T22:38:17","slug":"why-choose-public-transit","status":"publish","type":"page","link":"https:\/\/www.rtamichigan.org\/es\/how-to-ride\/why-choose-public-transit","title":{"rendered":"\u00bfPor qu\u00e9 elegir el transporte p\u00fablico?"},"content":{"rendered":"<div class=\"wp-block-columns is-layout-flex wp-container-core-columns-is-layout-9d6595d7 wp-block-columns-is-layout-flex\">\n<div class=\"wp-block-column is-layout-flow wp-block-column-is-layout-flow\">\n<p>El transporte p\u00fablico suele ser la mejor manera de desplazarse. Ya sea para ir al trabajo, asistir a un evento o viajar con la familia, el transporte p\u00fablico ofrece ventajas \u00fanicas en comparaci\u00f3n con el coche: seguridad, ahorro y simplicidad. Al usar el transporte p\u00fablico, no solo te beneficias a ti mismo, sino que tambi\u00e9n inviertes en tu comunidad.<\/p>\n<\/div>\n<\/div>\n\n\n\n<div class=\"wp-block-columns is-layout-flex wp-container-core-columns-is-layout-9d6595d7 wp-block-columns-is-layout-flex\">\n<div class=\"wp-block-column is-layout-flow wp-block-column-is-layout-flow\">\n<figure class=\"wp-block-image size-full\"><img loading=\"lazy\" decoding=\"async\" width=\"510\" height=\"337\" src=\"https:\/\/www.rtamichigan.org\/app\/uploads\/2025\/06\/busride2.jpg\" alt=\"\" class=\"wp-image-1463\" srcset=\"https:\/\/www.rtamichigan.org\/app\/uploads\/2025\/06\/busride2.jpg 510w, https:\/\/www.rtamichigan.org\/app\/uploads\/2025\/06\/busride2-300x198.jpg 300w, https:\/\/www.rtamichigan.org\/app\/uploads\/2025\/06\/busride2-18x12.jpg 18w\" sizes=\"auto, (max-width: 510px) 100vw, 510px\" \/><\/figure>\n<\/div>\n\n\n\n<div class=\"wp-block-column is-layout-flow wp-block-column-is-layout-flow\">\n<h2 class=\"wp-block-heading\">Beneficios para los pasajeros<\/h2>\n\n\n\n<h3 class=\"wp-block-heading\">Asequibilidad de viajes<\/h3>\n\n\n\n<p>Usa el transporte p\u00fablico y ahorra dinero; as\u00ed de simple. La mayor\u00eda de las opciones de transporte en el sureste de Michigan ofrecen viajes por $2 o menos. Esto significa que puedes explorar la regi\u00f3n por el precio de medio gal\u00f3n de gasolina, sin mencionar el costo del estacionamiento o el mantenimiento del veh\u00edculo. Muchas agencias de transporte ofrecen tarifas con descuento para personas mayores, afiliados a ciertos programas gubernamentales y viajeros frecuentes.<\/p>\n\n\n\n<h3 class=\"wp-block-heading\">&nbsp;<\/h3>\n<\/div>\n<\/div>\n\n\n\n<h2 class=\"wp-block-heading\"><\/h2>\n\n\n\n<div class=\"wp-block-columns is-layout-flex wp-container-core-columns-is-layout-9d6595d7 wp-block-columns-is-layout-flex\">\n<div class=\"wp-block-column is-layout-flow wp-block-column-is-layout-flow\">\n<h3 class=\"wp-block-heading\">Flexibilidad, comodidad y seguridad<\/h3>\n\n\n\n<p>Rel\u00e1jese y disfrute de la vista. Descanse. O p\u00f3ngase al d\u00eda con el \u00faltimo programa, o trabaje, con las numerosas opciones que ofrecen wifi. Deje que los profesionales conduzcan, ofreci\u00e9ndole un viaje m\u00e1s seguro y c\u00f3modo.<\/p>\n<\/div>\n\n\n\n<div class=\"wp-block-column is-layout-flow wp-block-column-is-layout-flow\">\n<h3 class=\"wp-block-heading\">Comunidad de apoyo<\/h3>\n\n\n\n<p>Muchas personas disfrutan del sentido de comunidad que sienten al viajar en transporte p\u00fablico. Ya sean conductores, usuarios frecuentes o personas nuevas, disfrutan de las interacciones que tienen en el transporte p\u00fablico. El transporte p\u00fablico conecta a personas de diferentes barrios y or\u00edgenes que de otra manera no interactuar\u00edan.<\/p>\n<\/div>\n<\/div>\n\n\n\n<hr class=\"wp-block-separator has-alpha-channel-opacity\"\/>\n\n\n\n<div class=\"wp-block-columns is-layout-flex wp-container-core-columns-is-layout-9d6595d7 wp-block-columns-is-layout-flex\">\n<div class=\"wp-block-column is-layout-flow wp-block-column-is-layout-flow\">\n<h2 class=\"wp-block-heading\">Beneficios para las comunidades<\/h2>\n\n\n\n<h3 class=\"wp-block-heading\">Congesti\u00f3n reducida<\/h3>\n\n\n\n<p>El transporte p\u00fablico reduce los viajes en veh\u00edculos con un solo ocupante, lo que reduce tanto la congesti\u00f3n vehicular como las emisiones de gases de efecto invernadero por pasajero y milla. Varias opciones de transporte p\u00fablico utilizan un derecho de paso exclusivo, lo que permite a los usuarios evitar las filas de veh\u00edculos. Los autobuses concurridos implican menos veh\u00edculos en la carretera y menos tr\u00e1fico para todos, ya sea en coche o en autob\u00fas.<\/p>\n\n\n\n<h3 class=\"wp-block-heading\">Vibraci\u00f3n econ\u00f3mica<\/h3>\n\n\n\n<p>Cada d\u00f3lar gastado en transporte p\u00fablico se destina directamente a su comunidad y al sistema de transporte. El transporte p\u00fablico es parte de cualquier comunidad pr\u00f3spera, y la infraestructura de transporte embellece las zonas. Esto beneficia el valor de las propiedades y los negocios. El transporte p\u00fablico ofrece a sus residentes la mejor oportunidad de prosperar.<\/p>\n<\/div>\n\n\n\n<div class=\"wp-block-column is-layout-flow wp-block-column-is-layout-flow\">\n<figure class=\"wp-block-image size-full\"><img loading=\"lazy\" decoding=\"async\" width=\"2560\" height=\"1920\" src=\"https:\/\/www.rtamichigan.org\/app\/uploads\/2025\/07\/jacob-mcgowin-yKMHsb5GKa8-unsplash-edited-scaled.jpg\" alt=\"A crosswalk sign indicating that people may walk\" class=\"wp-image-2194\" srcset=\"https:\/\/www.rtamichigan.org\/app\/uploads\/2025\/07\/jacob-mcgowin-yKMHsb5GKa8-unsplash-edited-scaled.jpg 2560w, https:\/\/www.rtamichigan.org\/app\/uploads\/2025\/07\/jacob-mcgowin-yKMHsb5GKa8-unsplash-edited-300x225.jpg 300w\" sizes=\"auto, (max-width: 2560px) 100vw, 2560px\" \/><\/figure>\n<\/div>\n<\/div>\n\n\n\n<h2 class=\"wp-block-heading\"><\/h2>","protected":false},"excerpt":{"rendered":"<p>El transporte p\u00fablico suele ser la mejor manera de desplazarse. Ya sea para ir al trabajo, asistir a un evento o viajar con la familia, el transporte p\u00fablico ofrece ventajas \u00fanicas en comparaci\u00f3n con el coche [\u2026]<\/p>","protected":false},"author":1,"featured_media":1615,"parent":77,"menu_order":0,"comment_status":"closed","ping_status":"closed","template":"","meta":{"_acf_changed":false,"inline_featured_image":false,"footnotes":""},"class_list":["post-136","page","type-page","status-publish","has-post-thumbnail","hentry"],"acf":[],"yoast_head":"<!-- This site is optimized with the Yoast SEO plugin v24.9 - https:\/\/yoast.com\/wordpress\/plugins\/seo\/ -->\n<title>Why Choose Public Transit - RTA of Southeast Michigan<\/title>\n<meta name=\"robots\" content=\"index, follow, max-snippet:-1, max-image-preview:large, max-video-preview:-1\" \/>\n<link rel=\"canonical\" href=\"https:\/\/www.rtamichigan.org\/es\/how-to-ride\/why-choose-public-transit\/\" \/>\n<meta property=\"og:locale\" content=\"es_MX\" \/>\n<meta property=\"og:type\" content=\"article\" \/>\n<meta property=\"og:title\" content=\"Why Choose Public Transit - RTA of Southeast Michigan\" \/>\n<meta property=\"og:description\" content=\"Transit is often the best way to get from place to place. Whether you&#8217;re commuting, attending an event, or traveling with family, transit offers unique benefits over taking a car [&hellip;]\" \/>\n<meta property=\"og:url\" content=\"https:\/\/www.rtamichigan.org\/es\/how-to-ride\/why-choose-public-transit\/\" \/>\n<meta property=\"og:site_name\" content=\"RTA of Southeast Michigan\" \/>\n<meta property=\"article:publisher\" content=\"https:\/\/www.facebook.com\/rtamichigan\/\" \/>\n<meta property=\"article:modified_time\" content=\"2025-07-21T22:38:17+00:00\" \/>\n<meta property=\"og:image\" content=\"http:\/\/www.rtamichigan.org\/app\/uploads\/2025\/06\/people_walking.png\" \/>\n\t<meta property=\"og:image:width\" content=\"1964\" \/>\n\t<meta property=\"og:image:height\" content=\"485\" \/>\n\t<meta property=\"og:image:type\" content=\"image\/png\" \/>\n<meta name=\"twitter:card\" content=\"summary_large_image\" \/>\n<meta name=\"twitter:site\" content=\"@rtamichigan\" \/>\n<meta name=\"twitter:label1\" content=\"Est. reading time\" \/>\n\t<meta name=\"twitter:data1\" content=\"2 minutes\" \/>\n<script type=\"application\/ld+json\" class=\"yoast-schema-graph\">{\"@context\":\"https:\/\/schema.org\",\"@graph\":[{\"@type\":\"WebPage\",\"@id\":\"https:\/\/www.rtamichigan.org\/how-to-ride\/why-choose-public-transit\",\"url\":\"https:\/\/www.rtamichigan.org\/how-to-ride\/why-choose-public-transit\",\"name\":\"Why Choose Public Transit - RTA of Southeast Michigan\",\"isPartOf\":{\"@id\":\"https:\/\/www.rtamichigan.org\/#website\"},\"primaryImageOfPage\":{\"@id\":\"https:\/\/www.rtamichigan.org\/how-to-ride\/why-choose-public-transit#primaryimage\"},\"image\":{\"@id\":\"https:\/\/www.rtamichigan.org\/how-to-ride\/why-choose-public-transit#primaryimage\"},\"thumbnailUrl\":\"https:\/\/www.rtamichigan.org\/app\/uploads\/2025\/06\/people_walking.png\",\"datePublished\":\"2025-04-17T19:44:14+00:00\",\"dateModified\":\"2025-07-21T22:38:17+00:00\",\"breadcrumb\":{\"@id\":\"https:\/\/www.rtamichigan.org\/how-to-ride\/why-choose-public-transit#breadcrumb\"},\"inLanguage\":\"es-MX\",\"potentialAction\":[{\"@type\":\"ReadAction\",\"target\":[\"https:\/\/www.rtamichigan.org\/how-to-ride\/why-choose-public-transit\"]}]},{\"@type\":\"ImageObject\",\"inLanguage\":\"es-MX\",\"@id\":\"https:\/\/www.rtamichigan.org\/how-to-ride\/why-choose-public-transit#primaryimage\",\"url\":\"https:\/\/www.rtamichigan.org\/app\/uploads\/2025\/06\/people_walking.png\",\"contentUrl\":\"https:\/\/www.rtamichigan.org\/app\/uploads\/2025\/06\/people_walking.png\",\"width\":1964,\"height\":485,\"caption\":\"people walking next to the bus at a bus station\"},{\"@type\":\"BreadcrumbList\",\"@id\":\"https:\/\/www.rtamichigan.org\/how-to-ride\/why-choose-public-transit#breadcrumb\",\"itemListElement\":[{\"@type\":\"ListItem\",\"position\":1,\"name\":\"Home\",\"item\":\"https:\/\/www.rtamichigan.org\/\"},{\"@type\":\"ListItem\",\"position\":2,\"name\":\"How to Ride\",\"item\":\"https:\/\/www.rtamichigan.org\/how-to-ride\"},{\"@type\":\"ListItem\",\"position\":3,\"name\":\"Why Choose Public Transit\"}]},{\"@type\":\"WebSite\",\"@id\":\"https:\/\/www.rtamichigan.org\/#website\",\"url\":\"https:\/\/www.rtamichigan.org\/\",\"name\":\"RTA of Southeast Michigan\",\"description\":\"Get on Board!\",\"potentialAction\":[{\"@type\":\"SearchAction\",\"target\":{\"@type\":\"EntryPoint\",\"urlTemplate\":\"https:\/\/www.rtamichigan.org\/?s={search_term_string}\"},\"query-input\":{\"@type\":\"PropertyValueSpecification\",\"valueRequired\":true,\"valueName\":\"search_term_string\"}}],\"inLanguage\":\"es-MX\"}]}<\/script>\n<!-- \/ Yoast SEO plugin. -->","yoast_head_json":{"title":"\u00bfPor qu\u00e9 elegir el transporte p\u00fablico? - RTA del sureste de Michigan","robots":{"index":"index","follow":"follow","max-snippet":"max-snippet:-1","max-image-preview":"max-image-preview:large","max-video-preview":"max-video-preview:-1"},"canonical":"https:\/\/www.rtamichigan.org\/es\/how-to-ride\/why-choose-public-transit\/","og_locale":"es_MX","og_type":"article","og_title":"Why Choose Public Transit - RTA of Southeast Michigan","og_description":"Transit is often the best way to get from place to place. Whether you&#8217;re commuting, attending an event, or traveling with family, transit offers unique benefits over taking a car [&hellip;]","og_url":"https:\/\/www.rtamichigan.org\/es\/how-to-ride\/why-choose-public-transit\/","og_site_name":"RTA of Southeast Michigan","article_publisher":"https:\/\/www.facebook.com\/rtamichigan\/","article_modified_time":"2025-07-21T22:38:17+00:00","og_image":[{"width":1964,"height":485,"url":"http:\/\/www.rtamichigan.org\/app\/uploads\/2025\/06\/people_walking.png","type":"image\/png"}],"twitter_card":"summary_large_image","twitter_site":"@rtamichigan","twitter_misc":{"Est. reading time":"2 minutes"},"schema":{"@context":"https:\/\/schema.org","@graph":[{"@type":"WebPage","@id":"https:\/\/www.rtamichigan.org\/how-to-ride\/why-choose-public-transit","url":"https:\/\/www.rtamichigan.org\/how-to-ride\/why-choose-public-transit","name":"\u00bfPor qu\u00e9 elegir el transporte p\u00fablico? - RTA del sureste de Michigan","isPartOf":{"@id":"https:\/\/www.rtamichigan.org\/#website"},"primaryImageOfPage":{"@id":"https:\/\/www.rtamichigan.org\/how-to-ride\/why-choose-public-transit#primaryimage"},"image":{"@id":"https:\/\/www.rtamichigan.org\/how-to-ride\/why-choose-public-transit#primaryimage"},"thumbnailUrl":"https:\/\/www.rtamichigan.org\/app\/uploads\/2025\/06\/people_walking.png","datePublished":"2025-04-17T19:44:14+00:00","dateModified":"2025-07-21T22:38:17+00:00","breadcrumb":{"@id":"https:\/\/www.rtamichigan.org\/how-to-ride\/why-choose-public-transit#breadcrumb"},"inLanguage":"es-MX","potentialAction":[{"@type":"ReadAction","target":["https:\/\/www.rtamichigan.org\/how-to-ride\/why-choose-public-transit"]}]},{"@type":"ImageObject","inLanguage":"es-MX","@id":"https:\/\/www.rtamichigan.org\/how-to-ride\/why-choose-public-transit#primaryimage","url":"https:\/\/www.rtamichigan.org\/app\/uploads\/2025\/06\/people_walking.png","contentUrl":"https:\/\/www.rtamichigan.org\/app\/uploads\/2025\/06\/people_walking.png","width":1964,"height":485,"caption":"people walking next to the bus at a bus station"},{"@type":"BreadcrumbList","@id":"https:\/\/www.rtamichigan.org\/how-to-ride\/why-choose-public-transit#breadcrumb","itemListElement":[{"@type":"ListItem","position":1,"name":"Home","item":"https:\/\/www.rtamichigan.org\/"},{"@type":"ListItem","position":2,"name":"How to Ride","item":"https:\/\/www.rtamichigan.org\/how-to-ride"},{"@type":"ListItem","position":3,"name":"Why Choose Public Transit"}]},{"@type":"WebSite","@id":"https:\/\/www.rtamichigan.org\/#website","url":"https:\/\/www.rtamichigan.org\/","name":"RTA del sureste de Michigan","description":"\u00a1Sube a bordo!","potentialAction":[{"@type":"SearchAction","target":{"@type":"EntryPoint","urlTemplate":"https:\/\/www.rtamichigan.org\/?s={search_term_string}"},"query-input":{"@type":"PropertyValueSpecification","valueRequired":true,"valueName":"search_term_string"}}],"inLanguage":"es-MX"}]}},"publishpress_future_action":{"enabled":false,"date":"2026-04-14 06:28:36","action":"change-status","newStatus":"draft","terms":[],"taxonomy":"","extraData":[]},"publishpress_future_workflow_manual_trigger":{"enabledWorkflows":[]},"_links":{"self":[{"href":"https:\/\/www.rtamichigan.org\/es\/wp-json\/wp\/v2\/pages\/136","targetHints":{"allow":["GET"]}}],"collection":[{"href":"https:\/\/www.rtamichigan.org\/es\/wp-json\/wp\/v2\/pages"}],"about":[{"href":"https:\/\/www.rtamichigan.org\/es\/wp-json\/wp\/v2\/types\/page"}],"author":[{"embeddable":true,"href":"https:\/\/www.rtamichigan.org\/es\/wp-json\/wp\/v2\/users\/1"}],"replies":[{"embeddable":true,"href":"https:\/\/www.rtamichigan.org\/es\/wp-json\/wp\/v2\/comments?post=136"}],"version-history":[{"count":23,"href":"https:\/\/www.rtamichigan.org\/es\/wp-json\/wp\/v2\/pages\/136\/revisions"}],"predecessor-version":[{"id":2311,"href":"https:\/\/www.rtamichigan.org\/es\/wp-json\/wp\/v2\/pages\/136\/revisions\/2311"}],"up":[{"embeddable":true,"href":"https:\/\/www.rtamichigan.org\/es\/wp-json\/wp\/v2\/pages\/77"}],"wp:featuredmedia":[{"embeddable":true,"href":"https:\/\/www.rtamichigan.org\/es\/wp-json\/wp\/v2\/media\/1615"}],"wp:attachment":[{"href":"https:\/\/www.rtamichigan.org\/es\/wp-json\/wp\/v2\/media?parent=136"}],"curies":[{"name":"gracias","href":"https:\/\/api.w.org\/{rel}","templated":true}]}}